{"id":382,"date":"2026-01-16T12:56:55","date_gmt":"2026-01-16T12:56:55","guid":{"rendered":"https:\/\/versus.zimogufabrika24.lv\/?page_id=382"},"modified":"2026-03-11T18:41:38","modified_gmt":"2026-03-11T18:41:38","slug":"vietnes-noteikumi","status":"publish","type":"page","link":"https:\/\/zimogufabrika24.lv\/en\/vietnes-noteikumi\/","title":{"rendered":"Vietnes noteikumi"},"content":{"rendered":"<div data-elementor-type=\"wp-page\" data-elementor-id=\"382\" class=\"elementor elementor-382\" data-elementor-post-type=\"page\">\n\t\t\t\t<div data-particle_enable=\"false\" data-particle-mobile-disabled=\"false\" class=\"elementor-element elementor-element-ba88253 e-flex e-con-boxed e-con e-parent\" data-id=\"ba88253\" data-element_type=\"container\" data-e-type=\"container\">\n\t\t\t\t\t<div class=\"e-con-inner\">\n\t\t\t\t<div class=\"elementor-element elementor-element-e9166ba elementor-widget elementor-widget-heading\" data-id=\"e9166ba\" data-element_type=\"widget\" data-e-type=\"widget\" data-widget_type=\"heading.default\">\n\t\t\t\t\t<h1 class=\"elementor-heading-title elementor-size-default\">Vietnes noteikumi<\/h1>\t\t\t\t<\/div>\n\t\t\t\t\t<\/div>\n\t\t\t\t<\/div>\n\t\t<div data-particle_enable=\"false\" data-particle-mobile-disabled=\"false\" class=\"elementor-element elementor-element-cf908ff e-flex e-con-boxed e-con e-parent\" data-id=\"cf908ff\" data-element_type=\"container\" data-e-type=\"container\">\n\t\t\t\t\t<div class=\"e-con-inner\">\n\t\t\t\t<div class=\"elementor-element elementor-element-825335d elementor-widget elementor-widget-text-editor\" data-id=\"825335d\" data-element_type=\"widget\" data-e-type=\"widget\" data-widget_type=\"text-editor.default\">\n\t\t\t\t\t\t\t\t\t<p class=\"p1\"><b>SIA Z\u012aMOGU FABRIKA<br \/><\/b>Re\u0123.nr.: 40203679204<span class=\"s1\"><br \/><\/span>Juridisk\u0101 adrese: Saukaj\u0101\u0146i, Rites pag., J\u0113kabpils nov., LV-5228<span class=\"s1\"><br \/><\/span>Banka: AS Swedbank<span class=\"s1\"><br \/><\/span>Konts: LV43HABA0551063015390<span class=\"s1\"><br \/><\/span>T\u0101lr. nr.: 23236322<br \/>Paldies!<span class=\"s1\"><br \/><\/span>E-pasts: info@zimogufabrika24.lv<\/p><p><strong>1. Visp\u0101r\u012bgie noteikumi<br \/><\/strong>1.1. \u0160ie noteikumi nosaka pre\u010du ieg\u0101des k\u0101rt\u012bbu interneta veikal\u0101\u00a0<b>zimogufabrika24.lv<\/b>, kuru p\u0101rvalda\u00a0<b>SIA Z\u012aMOGU FABRIKA<\/b>\u00a0(turpm\u0101k \u2013 P\u0101rdev\u0113js).<span class=\"s1\"><br \/><\/span>1.2. Veicot pas\u016bt\u012bjumu, klients apliecina, ka ir iepazinies ar \u0161iem noteikumiem un tiem piekr\u012bt.<span class=\"s1\"><br \/><\/span>1.3. Noteikumi ir sp\u0113k\u0101 visiem klientiem neatkar\u012bgi no pas\u016bt\u012bjuma veida un apmaksas metodes.<\/p><p class=\"p1\"><b>2. Preces un cenas<br \/><\/b><span style=\"font-size: 1rem;\">2.1. Interneta veikal\u0101 tiek tirgoti z\u012bmogi, datuma z\u012bmogi, numeratori, personaliz\u0113tas teksta pl\u0101ksn\u012btes, tintes spilventi\u0146i un citas ar z\u012bmogo\u0161anu saist\u012btas preces.<br \/><\/span><span style=\"font-size: 1rem;\">2.2. Visas cenas nor\u0101d\u012btas\u00a0<\/span><b style=\"font-size: 1rem;\">eiro ar PVN<\/b><span style=\"font-size: 1rem;\">.<br \/><\/span><span style=\"font-size: 1rem;\">2.3. P\u0101rdev\u0113js patur ties\u012bbas main\u012bt pre\u010du cenas bez iepriek\u0161\u0113ja br\u012bdin\u0101juma.<br \/><\/span><span style=\"font-size: 1rem;\">2.4. Personaliz\u0113tajiem z\u012bmogiem gala cena tiek r\u0113\u0137in\u0101ta p\u0113c izv\u0113l\u0113t\u0101 izm\u0113ra, mode\u013ca un teksta pl\u0101ksnes specifik\u0101cijas.<\/span><\/p><p class=\"p1\"><b>3. Pas\u016bt\u012bjuma veik\u0161ana<br \/><\/b>3.1. Pas\u016bt\u012bjumu var veikt interneta veikal\u0101, e-past\u0101 vai t\u0101lru\u0146a sarun\u0101.<span class=\"s1\"><br \/><\/span>3.2. Klients ir atbild\u012bgs par sniegto datu precizit\u0101ti (uz\u0146\u0113muma rekviz\u012bti, nosaukums, adrese, z\u012bmoga teksts u.c.).<span class=\"s1\"><br \/><\/span>3.3. P\u0101rdev\u0113js nekav\u0113joties inform\u0113 klientu, ja pas\u016bt\u012bjums nav izpild\u0101ms tehnisku iemeslu d\u0113\u013c.<span class=\"s1\"><br \/><\/span>3.4. Personaliz\u0113tie z\u012bmogi ra\u017eo\u0161an\u0101 tiek nodoti\u00a0<b>tikai p\u0113c apmaksas<\/b>.<\/p><p class=\"p1\"><b>4. Apmaksa<br \/><\/b>4.1. Apmaksu iesp\u0113jams veikt:<\/p><ul class=\"ul1\"><li class=\"li1\">ar maks\u0101jumu karti tie\u0161saist\u0113,<\/li><li class=\"li1\">ar nor\u0113\u0137inu konta p\u0101rskait\u012bjumu,<\/li><li class=\"li1\">ar r\u0113\u0137inu juridisk\u0101m person\u0101m.<span class=\"s1\"><br \/><\/span>4.2. Maks\u0101juma sa\u0146\u0113m\u0113js:\u00a0<b>SIA Z\u012aMOGU FABRIKA<\/b>, Re\u0123.nr.: 40203679204.<span class=\"s1\"><br \/><\/span>4.3. Ja apmaksa netiek sa\u0146emta 3 dienu laik\u0101, pas\u016bt\u012bjums var tikt anul\u0113ts.<\/li><\/ul><p class=\"p1\"><b>5. Pas\u016bt\u012bjuma izpilde un ra\u017eo\u0161anas termi\u0146i<br \/><\/b>5.1. Standarta z\u012bmogi tiek izgatavoti\u00a0<b>1\u201324 stundu laik\u0101<\/b>\u00a0p\u0113c apmaksas sa\u0146em\u0161anas.<span class=\"s1\"><br \/><\/span>5.2. Sare\u017e\u0123\u012bt\u0101ki z\u012bmogi, logotipu z\u012bmogi vai \u012bpa\u0161i izm\u0113ri var pras\u012bt l\u012bdz\u00a0<b>2\u20133 darba dien\u0101m<\/b>.<span class=\"s1\"><br \/><\/span>5.3. P\u0101rdev\u0113js patur ties\u012bbas main\u012bt termi\u0146u, inform\u0113jot klientu.<span class=\"s1\"><br \/><\/span>5.4. Ja pas\u016bt\u012bjums j\u0101veic steidzami, klients to saska\u0146o iepriek\u0161.<\/p><p class=\"p1\"><b>6. Pieg\u0101de un sa\u0146em\u0161ana<br \/><\/b>6.1. Preces iesp\u0113jams sa\u0146emt:<\/p><ul class=\"ul1\"><li class=\"li1\">ar\u00a0<b>Omniva<\/b>\u00a0pakom\u0101tu,<\/li><li class=\"li1\">ar Omniva kurjera pieg\u0101di,<\/li><li class=\"li1\">kl\u0101tien\u0113.<span class=\"s1\"><br \/><\/span>6.2. Pieg\u0101des cena nor\u0101d\u012bta pas\u016bt\u012bjuma noform\u0113\u0161anas br\u012bd\u012b.<span class=\"s1\"><br \/><\/span>6.3. Pieg\u0101des laiks parasti ir 1\u20132 darba dienas p\u0113c izgatavo\u0161anas.<span class=\"s1\"><br \/><\/span>6.4. P\u0101rdev\u0113js neatbild par kav\u0113jumiem, kas radu\u0161ies kurjera pakalpojuma sniedz\u0113ja vainas d\u0113\u013c.<\/li><\/ul><p class=\"p1\"><b>7. Atteikuma ties\u012bbas un atgrie\u0161ana<\/b><\/p><p class=\"p1\">7.1.\u00a0<b>Personaliz\u0113t\u0101m prec\u0113m (z\u012bmogi ar tekstu, logotipu, datumiem)<\/b>\u00a0nav piem\u0113rojamas atteikuma ties\u012bbas saska\u0146\u0101 ar Pat\u0113r\u0113t\u0101ju ties\u012bbu aizsardz\u012bbas likuma 22. pantu.<span class=\"s1\"><br \/><\/span>7.2. Klients var atgriezt preces tikai tad, ja:<\/p><ul class=\"ul1\"><li class=\"li1\">z\u012bmogs sa\u0146emts boj\u0101ts,<\/li><li class=\"li1\">ir ra\u017eo\u0161anas defekts,<\/li><li class=\"li1\">pieg\u0101d\u0101ta nepareiza prece.<span class=\"s1\"><br \/><\/span>7.3. Atgrie\u0161anas gad\u012bjum\u0101 P\u0101rdev\u0113js nodro\u0161ina preces apmai\u0146u vai naudas atmaksu.<span class=\"s1\"><br \/><\/span>7.4. Klientam defekti j\u0101pnzi\u0146o 14 dienu laik\u0101 p\u0113c preces sa\u0146em\u0161anas.<\/li><\/ul><p class=\"p1\"><b>8. Z\u012bmoga makets un k\u013c\u016bdas<br \/><\/b>8.1. Klients ir piln\u012bb\u0101 atbild\u012bgs par maketam nor\u0101d\u012bt\u0101 teksta, datu un rekviz\u012btu pareiz\u012bbu.<span class=\"s1\"><br \/><\/span>8.2. Ja k\u013c\u016bda maket\u0101 radusies klienta sniegto datu d\u0113\u013c, prece netiek p\u0101rtais\u012bta bez maksas.<span class=\"s1\"><br \/><\/span>8.3. Ja k\u013c\u016bda radusies P\u0101rdev\u0113ja vainas d\u0113\u013c, prece tiek\u00a0<b>bez maksas p\u0101rtais\u012bta<\/b>.<\/p><p class=\"p1\"><b>9. Garantija<br \/><\/b>9.1. Visi z\u012bmogi tiek izgatavoti no starptautiski atz\u012bt\u0101m, kvalitat\u012bv\u0101m sagatav\u0113m (Colop, Trodat u.c.).<\/p><p class=\"p1\">9.2. Garantija attiecas uz:<\/p><ul class=\"ul1\"><li class=\"li1\">meh\u0101nisk\u0101m deta\u013c\u0101m,<\/li><li class=\"li1\">tintes spilventi\u0146a pareizu darb\u012bbu,<\/li><li class=\"li1\">r\u0101mja konstrukciju.<span class=\"s1\"><br \/><\/span>9.3. Garantija neattiecas uz dab\u012bgu nodilumu vai nepareizu lieto\u0161anu.<\/li><\/ul><p class=\"p1\"><b>10. Datu apstr\u0101de<br \/><\/b>10.1. P\u0101rdev\u0113js apstr\u0101d\u0101 klienta datus tikai pas\u016bt\u012bjuma apstr\u0101dei un pieg\u0101dei.<span class=\"s1\"><br \/><\/span>10.2. Dati netiek nodoti tre\u0161aj\u0101m person\u0101m, iz\u0146emot pieg\u0101des nodro\u0161in\u0101\u0161anai.<span class=\"s1\"><br \/><\/span>10.3. P\u0101rdev\u0113js iev\u0113ro Visp\u0101r\u012bgo datu aizsardz\u012bbas regulu (GDPR).<\/p><p class=\"p1\"><b>11. Str\u012bdu risin\u0101\u0161ana<br \/><\/b>11.1. Str\u012bdi starp klientu un P\u0101rdev\u0113ju tiek risin\u0101ti sarunu ce\u013c\u0101.<span class=\"s1\"><br \/><\/span>11.2. Ja vieno\u0161an\u0101s netiek pan\u0101kta, str\u012bds tiek risin\u0101ts Latvijas Republikas likumdo\u0161an\u0101 noteiktaj\u0101 k\u0101rt\u012bb\u0101.<\/p><p class=\"p1\">\u00a0<\/p>\t\t\t\t\t\t\t\t<\/div>\n\t\t\t\t\t<\/div>\n\t\t\t\t<\/div>\n\t\t\t\t<\/div>","protected":false},"excerpt":{"rendered":"<p>Vietnes noteikumi SIA Z\u012aMOGU FABRIKARe\u0123.nr.: 40203679204Juridisk\u0101 adrese: Saukaj\u0101\u0146i, Rites pag., J\u0113kabpils nov., LV-5228Banka: AS SwedbankKonts: LV43HABA0551063015390T\u0101lr. nr.: 23236322Paldies!E-pasts: info@zimogufabrika24.lv 1. [&hellip;]<\/p>\n","protected":false},"author":1,"featured_media":0,"parent":0,"menu_order":0,"comment_status":"closed","ping_status":"closed","template":"","meta":{"_acf_changed":false,"site-sidebar-layout":"default","site-content-layout":"","ast-site-content-layout":"default","site-content-style":"default","site-sidebar-style":"default","ast-global-header-display":"","ast-banner-title-visibility":"","ast-main-header-display":"","ast-hfb-above-header-display":"","ast-hfb-below-header-display":"","ast-hfb-mobile-header-display":"","site-post-title":"disabled","ast-breadcrumbs-content":"","ast-featured-img":"","footer-sml-layout":"","ast-disable-related-posts":"","theme-transparent-header-meta":"","adv-header-id-meta":"","stick-header-meta":"","header-above-stick-meta":"","header-main-stick-meta":"","header-below-stick-meta":"","astra-migrate-meta-layouts":"default","ast-page-background-enabled":"default","ast-page-background-meta":{"desktop":{"background-color":"var(--ast-global-color-5)","background-image":"","background-repeat":"repeat","background-position":"center center","background-size":"auto","background-attachment":"scroll","background-type":"","background-media":"","overlay-type":"","overlay-color":"","overlay-opacity":"","overlay-gradient":""},"tablet":{"background-color":"","background-image":"","background-repeat":"repeat","background-position":"center center","background-size":"auto","background-attachment":"scroll","background-type":"","background-media":"","overlay-type":"","overlay-color":"","overlay-opacity":"","overlay-gradient":""},"mobile":{"background-color":"","background-image":"","background-repeat":"repeat","background-position":"center center","background-size":"auto","background-attachment":"scroll","background-type":"","background-media":"","overlay-type":"","overlay-color":"","overlay-opacity":"","overlay-gradient":""}},"ast-content-background-meta":{"desktop":{"background-color":"var(--ast-global-color-4)","background-image":"","background-repeat":"repeat","background-position":"center center","background-size":"auto","background-attachment":"scroll","background-type":"","background-media":"","overlay-type":"","overlay-color":"","overlay-opacity":"","overlay-gradient":""},"tablet":{"background-color":"var(--ast-global-color-4)","background-image":"","background-repeat":"repeat","background-position":"center center","background-size":"auto","background-attachment":"scroll","background-type":"","background-media":"","overlay-type":"","overlay-color":"","overlay-opacity":"","overlay-gradient":""},"mobile":{"background-color":"var(--ast-global-color-4)","background-image":"","background-repeat":"repeat","background-position":"center center","background-size":"auto","background-attachment":"scroll","background-type":"","background-media":"","overlay-type":"","overlay-color":"","overlay-opacity":"","overlay-gradient":""}},"footnotes":""},"class_list":["post-382","page","type-page","status-publish","hentry"],"acf":[],"yoast_head":"<!-- This site is optimized with the Yoast SEO Premium plugin v27.2 (Yoast SEO v27.2) - https:\/\/yoast.com\/product\/yoast-seo-premium-wordpress\/ -->\n<title>Vietnes noteikumi - ZimoguFabrika24.lv<\/title>\n<meta name=\"robots\" content=\"index, follow, max-snippet:-1, max-image-preview:large, max-video-preview:-1\" \/>\n<link rel=\"canonical\" href=\"https:\/\/zimogufabrika24.lv\/en\/vietnes-noteikumi\/\" \/>\n<meta property=\"og:locale\" content=\"en_US\" \/>\n<meta property=\"og:type\" content=\"article\" \/>\n<meta property=\"og:title\" content=\"Vietnes noteikumi\" \/>\n<meta property=\"og:description\" content=\"Vietnes noteikumi SIA Z\u012aMOGU FABRIKARe\u0123.nr.: 40203679204Juridisk\u0101 adrese: Saukaj\u0101\u0146i, Rites pag., J\u0113kabpils nov., LV-5228Banka: AS SwedbankKonts: LV43HABA0551063015390T\u0101lr. nr.: 23236322Paldies!E-pasts: info@zimogufabrika24.lv 1. [&hellip;]\" \/>\n<meta property=\"og:url\" content=\"https:\/\/zimogufabrika24.lv\/en\/vietnes-noteikumi\/\" \/>\n<meta property=\"og:site_name\" content=\"ZimoguFabrika24.lv\" \/>\n<meta property=\"article:modified_time\" content=\"2026-03-11T18:41:38+00:00\" \/>\n<meta name=\"twitter:card\" content=\"summary_large_image\" \/>\n<meta name=\"twitter:label1\" content=\"Est. reading time\" \/>\n\t<meta name=\"twitter:data1\" content=\"3 minutes\" \/>\n<script type=\"application\/ld+json\" class=\"yoast-schema-graph\">{\"@context\":\"https:\/\/schema.org\",\"@graph\":[{\"@type\":\"WebPage\",\"@id\":\"https:\/\/zimogufabrika24.lv\/vietnes-noteikumi\/\",\"url\":\"https:\/\/zimogufabrika24.lv\/vietnes-noteikumi\/\",\"name\":\"Vietnes noteikumi - ZimoguFabrika24.lv\",\"isPartOf\":{\"@id\":\"https:\/\/zimogufabrika24.lv\/#website\"},\"datePublished\":\"2026-01-16T12:56:55+00:00\",\"dateModified\":\"2026-03-11T18:41:38+00:00\",\"breadcrumb\":{\"@id\":\"https:\/\/zimogufabrika24.lv\/vietnes-noteikumi\/#breadcrumb\"},\"inLanguage\":\"en-US\",\"potentialAction\":[{\"@type\":\"ReadAction\",\"target\":[\"https:\/\/zimogufabrika24.lv\/vietnes-noteikumi\/\"]}]},{\"@type\":\"BreadcrumbList\",\"@id\":\"https:\/\/zimogufabrika24.lv\/vietnes-noteikumi\/#breadcrumb\",\"itemListElement\":[{\"@type\":\"ListItem\",\"position\":1,\"name\":\"Home\",\"item\":\"https:\/\/zimogufabrika24.lv\/\"},{\"@type\":\"ListItem\",\"position\":2,\"name\":\"Vietnes noteikumi\"}]},{\"@type\":\"WebSite\",\"@id\":\"https:\/\/zimogufabrika24.lv\/#website\",\"url\":\"https:\/\/zimogufabrika24.lv\/\",\"name\":\"ZimoguFabrika24\",\"description\":\"\",\"publisher\":{\"@id\":\"https:\/\/zimogufabrika24.lv\/#organization\"},\"potentialAction\":[{\"@type\":\"SearchAction\",\"target\":{\"@type\":\"EntryPoint\",\"urlTemplate\":\"https:\/\/zimogufabrika24.lv\/?s={search_term_string}\"},\"query-input\":{\"@type\":\"PropertyValueSpecification\",\"valueRequired\":true,\"valueName\":\"search_term_string\"}}],\"inLanguage\":\"en-US\"},{\"@type\":\"Organization\",\"@id\":\"https:\/\/zimogufabrika24.lv\/#organization\",\"name\":\"SIA Z\u012aMOGU FABRIKA\",\"url\":\"https:\/\/zimogufabrika24.lv\/\",\"logo\":{\"@type\":\"ImageObject\",\"inLanguage\":\"en-US\",\"@id\":\"https:\/\/zimogufabrika24.lv\/#\/schema\/logo\/image\/\",\"url\":\"https:\/\/zimogufabrika24.lv\/wp-content\/uploads\/2026\/01\/Zimogu_Fabrika_logo@3.png\",\"contentUrl\":\"https:\/\/zimogufabrika24.lv\/wp-content\/uploads\/2026\/01\/Zimogu_Fabrika_logo@3.png\",\"width\":900,\"height\":738,\"caption\":\"SIA Z\u012aMOGU FABRIKA\"},\"image\":{\"@id\":\"https:\/\/zimogufabrika24.lv\/#\/schema\/logo\/image\/\"}}]}<\/script>\n<!-- \/ Yoast SEO Premium plugin. -->","yoast_head_json":{"title":"Vietnes noteikumi - ZimoguFabrika24.lv","robots":{"index":"index","follow":"follow","max-snippet":"max-snippet:-1","max-image-preview":"max-image-preview:large","max-video-preview":"max-video-preview:-1"},"canonical":"https:\/\/zimogufabrika24.lv\/en\/vietnes-noteikumi\/","og_locale":"en_US","og_type":"article","og_title":"Vietnes noteikumi","og_description":"Vietnes noteikumi SIA Z\u012aMOGU FABRIKARe\u0123.nr.: 40203679204Juridisk\u0101 adrese: Saukaj\u0101\u0146i, Rites pag., J\u0113kabpils nov., LV-5228Banka: AS SwedbankKonts: LV43HABA0551063015390T\u0101lr. nr.: 23236322Paldies!E-pasts: info@zimogufabrika24.lv 1. [&hellip;]","og_url":"https:\/\/zimogufabrika24.lv\/en\/vietnes-noteikumi\/","og_site_name":"ZimoguFabrika24.lv","article_modified_time":"2026-03-11T18:41:38+00:00","twitter_card":"summary_large_image","twitter_misc":{"Est. reading time":"3 minutes"},"schema":{"@context":"https:\/\/schema.org","@graph":[{"@type":"WebPage","@id":"https:\/\/zimogufabrika24.lv\/vietnes-noteikumi\/","url":"https:\/\/zimogufabrika24.lv\/vietnes-noteikumi\/","name":"Vietnes noteikumi - ZimoguFabrika24.lv","isPartOf":{"@id":"https:\/\/zimogufabrika24.lv\/#website"},"datePublished":"2026-01-16T12:56:55+00:00","dateModified":"2026-03-11T18:41:38+00:00","breadcrumb":{"@id":"https:\/\/zimogufabrika24.lv\/vietnes-noteikumi\/#breadcrumb"},"inLanguage":"en-US","potentialAction":[{"@type":"ReadAction","target":["https:\/\/zimogufabrika24.lv\/vietnes-noteikumi\/"]}]},{"@type":"BreadcrumbList","@id":"https:\/\/zimogufabrika24.lv\/vietnes-noteikumi\/#breadcrumb","itemListElement":[{"@type":"ListItem","position":1,"name":"Home","item":"https:\/\/zimogufabrika24.lv\/"},{"@type":"ListItem","position":2,"name":"Vietnes noteikumi"}]},{"@type":"WebSite","@id":"https:\/\/zimogufabrika24.lv\/#website","url":"https:\/\/zimogufabrika24.lv\/","name":"ZimoguFabrika24","description":"","publisher":{"@id":"https:\/\/zimogufabrika24.lv\/#organization"},"potentialAction":[{"@type":"SearchAction","target":{"@type":"EntryPoint","urlTemplate":"https:\/\/zimogufabrika24.lv\/?s={search_term_string}"},"query-input":{"@type":"PropertyValueSpecification","valueRequired":true,"valueName":"search_term_string"}}],"inLanguage":"en-US"},{"@type":"Organization","@id":"https:\/\/zimogufabrika24.lv\/#organization","name":"SIA Z\u012aMOGU FABRIKA","url":"https:\/\/zimogufabrika24.lv\/","logo":{"@type":"ImageObject","inLanguage":"en-US","@id":"https:\/\/zimogufabrika24.lv\/#\/schema\/logo\/image\/","url":"https:\/\/zimogufabrika24.lv\/wp-content\/uploads\/2026\/01\/Zimogu_Fabrika_logo@3.png","contentUrl":"https:\/\/zimogufabrika24.lv\/wp-content\/uploads\/2026\/01\/Zimogu_Fabrika_logo@3.png","width":900,"height":738,"caption":"SIA Z\u012aMOGU FABRIKA"},"image":{"@id":"https:\/\/zimogufabrika24.lv\/#\/schema\/logo\/image\/"}}]}},"_links":{"self":[{"href":"https:\/\/zimogufabrika24.lv\/en\/wp-json\/wp\/v2\/pages\/382","targetHints":{"allow":["GET"]}}],"collection":[{"href":"https:\/\/zimogufabrika24.lv\/en\/wp-json\/wp\/v2\/pages"}],"about":[{"href":"https:\/\/zimogufabrika24.lv\/en\/wp-json\/wp\/v2\/types\/page"}],"author":[{"embeddable":true,"href":"https:\/\/zimogufabrika24.lv\/en\/wp-json\/wp\/v2\/users\/1"}],"replies":[{"embeddable":true,"href":"https:\/\/zimogufabrika24.lv\/en\/wp-json\/wp\/v2\/comments?post=382"}],"version-history":[{"count":0,"href":"https:\/\/zimogufabrika24.lv\/en\/wp-json\/wp\/v2\/pages\/382\/revisions"}],"wp:attachment":[{"href":"https:\/\/zimogufabrika24.lv\/en\/wp-json\/wp\/v2\/media?parent=382"}],"curies":[{"name":"wp","href":"https:\/\/api.w.org\/{rel}","templated":true}]}}