{"id":402,"date":"2026-01-16T13:28:26","date_gmt":"2026-01-16T13:28:26","guid":{"rendered":"https:\/\/versus.zimogufabrika24.lv\/?page_id=402"},"modified":"2026-03-11T19:15:58","modified_gmt":"2026-03-11T19:15:58","slug":"privatuma-politika","status":"publish","type":"page","link":"https:\/\/zimogufabrika24.lv\/en\/privatuma-politika\/","title":{"rendered":"Priv\u0101tuma politika"},"content":{"rendered":"<div data-elementor-type=\"wp-page\" data-elementor-id=\"402\" class=\"elementor elementor-402\" data-elementor-post-type=\"page\">\n\t\t\t\t<div data-particle_enable=\"false\" data-particle-mobile-disabled=\"false\" class=\"elementor-element elementor-element-d92ac0e e-flex e-con-boxed e-con e-parent\" data-id=\"d92ac0e\" data-element_type=\"container\" data-e-type=\"container\">\n\t\t\t\t\t<div class=\"e-con-inner\">\n\t\t\t\t<div class=\"elementor-element elementor-element-2b84477 elementor-widget elementor-widget-heading\" data-id=\"2b84477\" data-element_type=\"widget\" data-e-type=\"widget\" data-widget_type=\"heading.default\">\n\t\t\t\t\t<h1 class=\"elementor-heading-title elementor-size-default\">Priv\u0101tuma politika<\/h1>\t\t\t\t<\/div>\n\t\t\t\t\t<\/div>\n\t\t\t\t<\/div>\n\t\t<div data-particle_enable=\"false\" data-particle-mobile-disabled=\"false\" class=\"elementor-element elementor-element-cf908ff e-flex e-con-boxed e-con e-parent\" data-id=\"cf908ff\" data-element_type=\"container\" data-e-type=\"container\">\n\t\t\t\t\t<div class=\"e-con-inner\">\n\t\t\t\t<div class=\"elementor-element elementor-element-825335d elementor-widget elementor-widget-text-editor\" data-id=\"825335d\" data-element_type=\"widget\" data-e-type=\"widget\" data-widget_type=\"text-editor.default\">\n\t\t\t\t\t\t\t\t\t<p class=\"p1\">Sp\u0113k\u0101 no: 2025. gada 13. novembra<\/p><p class=\"p1\"><strong>1. Visp\u0101r\u012bg\u0101 inform\u0101cija<br \/><\/strong>1.1. \u0160\u012b Priv\u0101tuma politika skaidro, k\u0101 SIA Z\u012aMOGU FABRIKA (Re\u0123. Nr. 40203679204, juridisk\u0101 adrese: Saukaj\u0101\u0146i, Rites pag., J\u0113kabpils nov., LV-5228; turpm\u0101k \u2013 Uz\u0146\u0113mums, m\u0113s, m\u016bs, m\u016bsu) apstr\u0101d\u0101 fizisko personu personas datus.<br \/>1.2. Personas datu apstr\u0101de notiek saska\u0146\u0101 ar:<br \/>\u2022Eiropas Parlamenta un Padomes Regulu (ES) 2016\/679 (Visp\u0101r\u012bg\u0101 datu aizsardz\u012bbas regula \u2013 GDPR)<br \/>\u2022Latvijas Republikas normat\u012bvajiem aktiem.<br \/>1.3. Izmantojot m\u016bsu m\u0101jaslapu vai veicot pas\u016bt\u012bjumu, j\u016bs apliecin\u0101t, ka esat iepazinies ar \u0161o Priv\u0101tuma politiku.<br \/><br \/><strong>2. K\u0101du inform\u0101ciju m\u0113s apstr\u0101d\u0101jam<\/strong><br \/>Atkar\u012bb\u0101 no sadarb\u012bbas veida m\u0113s varam apstr\u0101d\u0101t \u0161\u0101dus personas datus.<br \/><span style=\"font-style: inherit; font-weight: inherit;\">2.1. Pas\u016bt\u012bjuma dati<br \/><\/span>\u2022v\u0101rds, uzv\u0101rds vai uz\u0146\u0113muma nosaukums<br \/>\u2022telefona numurs<br \/>\u2022e-pasta adrese<br \/>\u2022pieg\u0101des adrese<br \/>\u2022r\u0113\u0137ina rekviz\u012bti<br \/>\u2022pas\u016bt\u012bjuma saturs (piem\u0113ram, z\u012bmoga teksts, logotips u.c.)<br \/>2.2. M\u0101jaslapas izmanto\u0161anas dati<br \/>\u2022IP adrese<br \/>\u2022s\u012bkdat\u0146u dati<br \/>\u2022inform\u0101cija par p\u0101rl\u016bkprogrammu un ier\u012bci<br \/>\u2022lapas apmekl\u0113juma statistika<br \/>2.3. Komunik\u0101cijas dati<br \/>\u2022e-pasta sarakste<br \/>\u2022zi\u0146as kontaktform\u0101s<br \/>\u2022telefona sarunu fakts (bez ierakst\u012b\u0161anas)<\/p><p class=\"p1\"><strong>3. Personas datu apstr\u0101des nol\u016bki<br \/><\/strong>Personas dati tiek izmantoti \u0161\u0101diem nol\u016bkiem.<br \/>3.1. Pas\u016bt\u012bjuma izpilde<br \/>\u2022pre\u010du izgatavo\u0161ana un pieg\u0101de<br \/>\u2022r\u0113\u0137inu sagatavo\u0161ana<br \/>\u2022klienta inform\u0113\u0161ana par pas\u016bt\u012bjuma statusu<br \/>3.2. Maks\u0101jumu apstr\u0101de<br \/>Pas\u016bt\u012bjuma apmaksas nodro\u0161in\u0101\u0161anai tiek izmantoti maks\u0101jumu pakalpojumu sniedz\u0113ji.<br \/>Maks\u0101jumu apstr\u0101di nodro\u0161ina maks\u0101jumu platforma https:\/\/makecommerce.lv\/, t\u0101p\u0113c m\u016bsu uz\u0146\u0113mums maks\u0101jumu izpildei nepiecie\u0161amos personas datus nodod platformas \u012bpa\u0161niekam Maksekeskus AS.<br \/>3.3. Klientu apkalpo\u0161ana<br \/>\u2022atbild\u0113\u0161ana uz jaut\u0101jumiem<br \/>\u2022klientu atbalsts<br \/>\u2022garantijas un atgrie\u0161anas gad\u012bjumu apstr\u0101de<br \/>3.4. Juridisko pien\u0101kumu izpilde<br \/>\u2022gr\u0101matved\u012bbas uzskaite<br \/>\u2022nodok\u013cu pras\u012bbu izpilde<br \/>\u2022str\u012bdu risin\u0101\u0161ana<br \/>3.5. M\u0101jaslapas darb\u012bba un uzlabo\u0161ana<br \/>\u2022sist\u0113mas uztur\u0113\u0161ana<br \/>\u2022dro\u0161\u012bbas nodro\u0161in\u0101\u0161ana<br \/>\u2022statistikas anal\u012bze<br \/>\u2022lietot\u0101ju pieredzes uzlabo\u0161ana<\/p><p class=\"p1\"><strong>4. Datu glab\u0101\u0161anas termi\u0146i<br \/><\/strong>Personas dati tiek glab\u0101ti tikai tik ilgi, cik nepiecie\u0161ams attiec\u012bg\u0101 nol\u016bka sasnieg\u0161anai.<br \/>\u2022gr\u0101matved\u012bbas dokumenti \u2013 5 gadus (saska\u0146\u0101 ar normat\u012bvajiem aktiem)<br \/>\u2022pas\u016bt\u012bjumu inform\u0101cija \u2013 l\u012bdz 3 gadiem p\u0113c sadarb\u012bbas beig\u0101m<br \/>\u2022klientu sarakste \u2013 l\u012bdz 2 gadiem<br \/>\u2022s\u012bkdat\u0146u dati \u2013 atbilsto\u0161i p\u0101rl\u016bkprogrammas iestat\u012bjumiem.<\/p><p class=\"p1\"><strong>5. Personas datu nodo\u0161ana tre\u0161aj\u0101m person\u0101m<br \/><\/strong>Personas dati var tikt nodoti tre\u0161aj\u0101m person\u0101m tikai t\u0101d\u0101 apjom\u0101, k\u0101ds nepiecie\u0161ams pakalpojuma nodro\u0161in\u0101\u0161anai.<br \/>5.1. Pieg\u0101des pakalpojumu sniedz\u0113jiem<br \/>\u2022Omniva<br \/>\u2022DPD<br \/>\u2022kurjeru pakalpojumu sniedz\u0113ji<br \/>5.2. Maks\u0101jumu pakalpojumu sniedz\u0113jiem<br \/>Maks\u0101jumu apstr\u0101di nodro\u0161ina maks\u0101jumu platforma MakeCommerce.<br \/>Maks\u0101jumu apstr\u0101di nodro\u0161ina maks\u0101jumu platforma https:\/\/makecommerce.lv\/, t\u0101p\u0113c m\u016bsu uz\u0146\u0113mums maks\u0101jumu izpildei nepiecie\u0161amos personas datus nodod platformas \u012bpa\u0161niekam Maksekeskus AS.<br \/>5.3. Licenc\u0113tam gr\u0101matved\u012bbas pakalpojumu sniedz\u0113jam.<br \/>5.4. IT pakalpojumu nodro\u0161in\u0101\u0161anai<br \/>\u2022m\u0101jaslapas uztur\u0113t\u0101jiem<br \/>\u2022hostinga pakalpojumu sniedz\u0113jiem<br \/>\u2022tehnisk\u0101 atbalsta nodro\u0161in\u0101t\u0101jiem.<br \/>Visi pakalpojumu sniedz\u0113ji apstr\u0101d\u0101 personas datus saska\u0146\u0101 ar GDPR pras\u012bb\u0101m.<\/p><p class=\"p1\"><strong>6. J\u016bsu ties\u012bbas<br \/><\/strong>Saska\u0146\u0101 ar GDPR jums ir \u0161\u0101das ties\u012bbas:<br \/>\u2022piepras\u012bt inform\u0101ciju par saviem personas datiem<br \/>\u2022piepras\u012bt datu labo\u0161anu<br \/>\u2022piepras\u012bt datu dz\u0113\u0161anu<br \/>\u2022ierobe\u017eot datu apstr\u0101di<br \/>\u2022iebilst pret datu apstr\u0101di<br \/>\u2022piepras\u012bt datu p\u0101rnesam\u012bbu<br \/>\u2022atsaukt piekri\u0161anu datu apstr\u0101dei.<br \/>Lai izmantotu savas ties\u012bbas, rakstiet uz: info@zimogufabrika24.lv<\/p><p class=\"p1\"><strong>7. Datu dro\u0161\u012bba<br \/><\/strong>Uz\u0146\u0113mums veic tehniskus un organizatoriskus pas\u0101kumus, lai:<br \/>\u2022aizsarg\u0101tu datus pret nesankcion\u0113tu piek\u013cuvi<br \/>\u2022nov\u0113rstu datu zudumu vai izpau\u0161anu<br \/>\u2022nodro\u0161in\u0101tu datu dro\u0161u glab\u0101\u0161anu.<br \/>Piek\u013cuve personas datiem tiek pie\u0161\u0137irta tikai pilnvarot\u0101m person\u0101m.<\/p><p class=\"p1\"><strong>8. S\u012bkdatnes (Cookies)<br \/><\/strong>M\u0101jaslapa izmanto s\u012bkdatnes, lai:<br \/>\u2022nodro\u0161in\u0101tu m\u0101jaslapas tehnisko darb\u012bbu<br \/>\u2022saglab\u0101tu lietot\u0101ja iestat\u012bjumus<br \/>\u2022analiz\u0113tu lapas lietojumu<br \/>\u2022uzlabotu lietot\u0101ju pieredzi.<br \/>S\u012bkdat\u0146u izmanto\u0161anu lietot\u0101js var kontrol\u0113t sav\u0101 p\u0101rl\u016bkprogramm\u0101.<\/p><p class=\"p1\"><strong>9. B\u0113rnu personas dati<br \/><\/strong>M\u016bsu pakalpojumi nav paredz\u0113ti person\u0101m, kas jaun\u0101kas par 18 gadiem.<br \/>M\u0113s apzin\u0101ti neapstr\u0101d\u0101jam nepilngad\u012bgo personas datus.<\/p><p class=\"p1\"><strong>10. Str\u012bdu risin\u0101\u0161ana<br \/><\/strong>Ja rodas str\u012bds par personas datu apstr\u0101di:<br \/>1.vispirms sazinieties ar mums: info@zimogufabrika24.lv<br \/>2.ja risin\u0101jums netiek pan\u0101kts, var v\u0113rsties Datu valsts inspekcij\u0101 vai ties\u0101.<\/p><p class=\"p1\"><strong>11. Kontaktinform\u0101cija<br \/><\/strong>SIA Z\u012aMOGU FABRIKA<br \/>Re\u0123. Nr.: 40203679204<br \/>T\u0101lrunis: 23236322<br \/>E-pasts: info@zimogufabrika24.lv<br \/>Adrese: Saukaj\u0101\u0146i, Rites pag., J\u0113kabpils nov., LV-5228<\/p><p class=\"p1\"><strong>12. Priv\u0101tuma politikas izmai\u0146as<br \/><\/strong>Uz\u0146\u0113mums patur ties\u012bbas jebkur\u0101 laik\u0101 veikt izmai\u0146as \u0161aj\u0101 Priv\u0101tuma politik\u0101.<br \/>Aktu\u0101l\u0101 versija vienm\u0113r ir pieejama m\u0101jaslap\u0101.<\/p>\t\t\t\t\t\t\t\t<\/div>\n\t\t\t\t\t<\/div>\n\t\t\t\t<\/div>\n\t\t\t\t<\/div>","protected":false},"excerpt":{"rendered":"<p>Priv\u0101tuma politika Sp\u0113k\u0101 no: 2025. gada 13. novembra 1. Visp\u0101r\u012bg\u0101 inform\u0101cija1.1. \u0160\u012b Priv\u0101tuma politika skaidro, k\u0101 SIA Z\u012aMOGU FABRIKA (Re\u0123. [&hellip;]<\/p>\n","protected":false},"author":1,"featured_media":0,"parent":0,"menu_order":0,"comment_status":"closed","ping_status":"closed","template":"","meta":{"_acf_changed":false,"site-sidebar-layout":"default","site-content-layout":"","ast-site-content-layout":"default","site-content-style":"default","site-sidebar-style":"default","ast-global-header-display":"","ast-banner-title-visibility":"","ast-main-header-display":"","ast-hfb-above-header-display":"","ast-hfb-below-header-display":"","ast-hfb-mobile-header-display":"","site-post-title":"disabled","ast-breadcrumbs-content":"","ast-featured-img":"","footer-sml-layout":"","ast-disable-related-posts":"","theme-transparent-header-meta":"","adv-header-id-meta":"","stick-header-meta":"","header-above-stick-meta":"","header-main-stick-meta":"","header-below-stick-meta":"","astra-migrate-meta-layouts":"default","ast-page-background-enabled":"default","ast-page-background-meta":{"desktop":{"background-color":"var(--ast-global-color-5)","background-image":"","background-repeat":"repeat","background-position":"center center","background-size":"auto","background-attachment":"scroll","background-type":"","background-media":"","overlay-type":"","overlay-color":"","overlay-opacity":"","overlay-gradient":""},"tablet":{"background-color":"","background-image":"","background-repeat":"repeat","background-position":"center center","background-size":"auto","background-attachment":"scroll","background-type":"","background-media":"","overlay-type":"","overlay-color":"","overlay-opacity":"","overlay-gradient":""},"mobile":{"background-color":"","background-image":"","background-repeat":"repeat","background-position":"center center","background-size":"auto","background-attachment":"scroll","background-type":"","background-media":"","overlay-type":"","overlay-color":"","overlay-opacity":"","overlay-gradient":""}},"ast-content-background-meta":{"desktop":{"background-color":"var(--ast-global-color-4)","background-image":"","background-repeat":"repeat","background-position":"center center","background-size":"auto","background-attachment":"scroll","background-type":"","background-media":"","overlay-type":"","overlay-color":"","overlay-opacity":"","overlay-gradient":""},"tablet":{"background-color":"var(--ast-global-color-4)","background-image":"","background-repeat":"repeat","background-position":"center center","background-size":"auto","background-attachment":"scroll","background-type":"","background-media":"","overlay-type":"","overlay-color":"","overlay-opacity":"","overlay-gradient":""},"mobile":{"background-color":"var(--ast-global-color-4)","background-image":"","background-repeat":"repeat","background-position":"center center","background-size":"auto","background-attachment":"scroll","background-type":"","background-media":"","overlay-type":"","overlay-color":"","overlay-opacity":"","overlay-gradient":""}},"footnotes":""},"class_list":["post-402","page","type-page","status-publish","hentry"],"acf":[],"yoast_head":"<!-- This site is optimized with the Yoast SEO Premium plugin v27.2 (Yoast SEO v27.2) - https:\/\/yoast.com\/product\/yoast-seo-premium-wordpress\/ -->\n<title>Priv\u0101tuma politika - ZimoguFabrika24.lv<\/title>\n<meta name=\"robots\" content=\"index, follow, max-snippet:-1, max-image-preview:large, max-video-preview:-1\" \/>\n<link rel=\"canonical\" href=\"https:\/\/zimogufabrika24.lv\/en\/privatuma-politika\/\" \/>\n<meta property=\"og:locale\" content=\"en_US\" \/>\n<meta property=\"og:type\" content=\"article\" \/>\n<meta property=\"og:title\" content=\"Priv\u0101tuma politika\" \/>\n<meta property=\"og:description\" content=\"Priv\u0101tuma politika Sp\u0113k\u0101 no: 2025. gada 13. novembra 1. Visp\u0101r\u012bg\u0101 inform\u0101cija1.1. \u0160\u012b Priv\u0101tuma politika skaidro, k\u0101 SIA Z\u012aMOGU FABRIKA (Re\u0123. [&hellip;]\" \/>\n<meta property=\"og:url\" content=\"https:\/\/zimogufabrika24.lv\/en\/privatuma-politika\/\" \/>\n<meta property=\"og:site_name\" content=\"ZimoguFabrika24.lv\" \/>\n<meta property=\"article:modified_time\" content=\"2026-03-11T19:15:58+00:00\" \/>\n<meta name=\"twitter:card\" content=\"summary_large_image\" \/>\n<meta name=\"twitter:label1\" content=\"Est. reading time\" \/>\n\t<meta name=\"twitter:data1\" content=\"4 minutes\" \/>\n<script type=\"application\/ld+json\" class=\"yoast-schema-graph\">{\"@context\":\"https:\/\/schema.org\",\"@graph\":[{\"@type\":\"WebPage\",\"@id\":\"https:\/\/zimogufabrika24.lv\/privatuma-politika\/\",\"url\":\"https:\/\/zimogufabrika24.lv\/privatuma-politika\/\",\"name\":\"Priv\u0101tuma politika - ZimoguFabrika24.lv\",\"isPartOf\":{\"@id\":\"https:\/\/zimogufabrika24.lv\/#website\"},\"datePublished\":\"2026-01-16T13:28:26+00:00\",\"dateModified\":\"2026-03-11T19:15:58+00:00\",\"breadcrumb\":{\"@id\":\"https:\/\/zimogufabrika24.lv\/privatuma-politika\/#breadcrumb\"},\"inLanguage\":\"en-US\",\"potentialAction\":[{\"@type\":\"ReadAction\",\"target\":[\"https:\/\/zimogufabrika24.lv\/privatuma-politika\/\"]}]},{\"@type\":\"BreadcrumbList\",\"@id\":\"https:\/\/zimogufabrika24.lv\/privatuma-politika\/#breadcrumb\",\"itemListElement\":[{\"@type\":\"ListItem\",\"position\":1,\"name\":\"Home\",\"item\":\"https:\/\/zimogufabrika24.lv\/\"},{\"@type\":\"ListItem\",\"position\":2,\"name\":\"Priv\u0101tuma politika\"}]},{\"@type\":\"WebSite\",\"@id\":\"https:\/\/zimogufabrika24.lv\/#website\",\"url\":\"https:\/\/zimogufabrika24.lv\/\",\"name\":\"ZimoguFabrika24\",\"description\":\"\",\"publisher\":{\"@id\":\"https:\/\/zimogufabrika24.lv\/#organization\"},\"potentialAction\":[{\"@type\":\"SearchAction\",\"target\":{\"@type\":\"EntryPoint\",\"urlTemplate\":\"https:\/\/zimogufabrika24.lv\/?s={search_term_string}\"},\"query-input\":{\"@type\":\"PropertyValueSpecification\",\"valueRequired\":true,\"valueName\":\"search_term_string\"}}],\"inLanguage\":\"en-US\"},{\"@type\":\"Organization\",\"@id\":\"https:\/\/zimogufabrika24.lv\/#organization\",\"name\":\"SIA Z\u012aMOGU FABRIKA\",\"url\":\"https:\/\/zimogufabrika24.lv\/\",\"logo\":{\"@type\":\"ImageObject\",\"inLanguage\":\"en-US\",\"@id\":\"https:\/\/zimogufabrika24.lv\/#\/schema\/logo\/image\/\",\"url\":\"https:\/\/zimogufabrika24.lv\/wp-content\/uploads\/2026\/01\/Zimogu_Fabrika_logo@3.png\",\"contentUrl\":\"https:\/\/zimogufabrika24.lv\/wp-content\/uploads\/2026\/01\/Zimogu_Fabrika_logo@3.png\",\"width\":900,\"height\":738,\"caption\":\"SIA Z\u012aMOGU FABRIKA\"},\"image\":{\"@id\":\"https:\/\/zimogufabrika24.lv\/#\/schema\/logo\/image\/\"}}]}<\/script>\n<!-- \/ Yoast SEO Premium plugin. -->","yoast_head_json":{"title":"Priv\u0101tuma politika - ZimoguFabrika24.lv","robots":{"index":"index","follow":"follow","max-snippet":"max-snippet:-1","max-image-preview":"max-image-preview:large","max-video-preview":"max-video-preview:-1"},"canonical":"https:\/\/zimogufabrika24.lv\/en\/privatuma-politika\/","og_locale":"en_US","og_type":"article","og_title":"Priv\u0101tuma politika","og_description":"Priv\u0101tuma politika Sp\u0113k\u0101 no: 2025. gada 13. novembra 1. Visp\u0101r\u012bg\u0101 inform\u0101cija1.1. \u0160\u012b Priv\u0101tuma politika skaidro, k\u0101 SIA Z\u012aMOGU FABRIKA (Re\u0123. [&hellip;]","og_url":"https:\/\/zimogufabrika24.lv\/en\/privatuma-politika\/","og_site_name":"ZimoguFabrika24.lv","article_modified_time":"2026-03-11T19:15:58+00:00","twitter_card":"summary_large_image","twitter_misc":{"Est. reading time":"4 minutes"},"schema":{"@context":"https:\/\/schema.org","@graph":[{"@type":"WebPage","@id":"https:\/\/zimogufabrika24.lv\/privatuma-politika\/","url":"https:\/\/zimogufabrika24.lv\/privatuma-politika\/","name":"Priv\u0101tuma politika - ZimoguFabrika24.lv","isPartOf":{"@id":"https:\/\/zimogufabrika24.lv\/#website"},"datePublished":"2026-01-16T13:28:26+00:00","dateModified":"2026-03-11T19:15:58+00:00","breadcrumb":{"@id":"https:\/\/zimogufabrika24.lv\/privatuma-politika\/#breadcrumb"},"inLanguage":"en-US","potentialAction":[{"@type":"ReadAction","target":["https:\/\/zimogufabrika24.lv\/privatuma-politika\/"]}]},{"@type":"BreadcrumbList","@id":"https:\/\/zimogufabrika24.lv\/privatuma-politika\/#breadcrumb","itemListElement":[{"@type":"ListItem","position":1,"name":"Home","item":"https:\/\/zimogufabrika24.lv\/"},{"@type":"ListItem","position":2,"name":"Priv\u0101tuma politika"}]},{"@type":"WebSite","@id":"https:\/\/zimogufabrika24.lv\/#website","url":"https:\/\/zimogufabrika24.lv\/","name":"ZimoguFabrika24","description":"","publisher":{"@id":"https:\/\/zimogufabrika24.lv\/#organization"},"potentialAction":[{"@type":"SearchAction","target":{"@type":"EntryPoint","urlTemplate":"https:\/\/zimogufabrika24.lv\/?s={search_term_string}"},"query-input":{"@type":"PropertyValueSpecification","valueRequired":true,"valueName":"search_term_string"}}],"inLanguage":"en-US"},{"@type":"Organization","@id":"https:\/\/zimogufabrika24.lv\/#organization","name":"SIA Z\u012aMOGU FABRIKA","url":"https:\/\/zimogufabrika24.lv\/","logo":{"@type":"ImageObject","inLanguage":"en-US","@id":"https:\/\/zimogufabrika24.lv\/#\/schema\/logo\/image\/","url":"https:\/\/zimogufabrika24.lv\/wp-content\/uploads\/2026\/01\/Zimogu_Fabrika_logo@3.png","contentUrl":"https:\/\/zimogufabrika24.lv\/wp-content\/uploads\/2026\/01\/Zimogu_Fabrika_logo@3.png","width":900,"height":738,"caption":"SIA Z\u012aMOGU FABRIKA"},"image":{"@id":"https:\/\/zimogufabrika24.lv\/#\/schema\/logo\/image\/"}}]}},"_links":{"self":[{"href":"https:\/\/zimogufabrika24.lv\/en\/wp-json\/wp\/v2\/pages\/402","targetHints":{"allow":["GET"]}}],"collection":[{"href":"https:\/\/zimogufabrika24.lv\/en\/wp-json\/wp\/v2\/pages"}],"about":[{"href":"https:\/\/zimogufabrika24.lv\/en\/wp-json\/wp\/v2\/types\/page"}],"author":[{"embeddable":true,"href":"https:\/\/zimogufabrika24.lv\/en\/wp-json\/wp\/v2\/users\/1"}],"replies":[{"embeddable":true,"href":"https:\/\/zimogufabrika24.lv\/en\/wp-json\/wp\/v2\/comments?post=402"}],"version-history":[{"count":0,"href":"https:\/\/zimogufabrika24.lv\/en\/wp-json\/wp\/v2\/pages\/402\/revisions"}],"wp:attachment":[{"href":"https:\/\/zimogufabrika24.lv\/en\/wp-json\/wp\/v2\/media?parent=402"}],"curies":[{"name":"wp","href":"https:\/\/api.w.org\/{rel}","templated":true}]}}