{"id":1740,"date":"2026-03-10T10:56:09","date_gmt":"2026-03-10T10:56:09","guid":{"rendered":"https:\/\/zimogufabrika24.lv\/?post_type=product&#038;p=1740"},"modified":"2026-04-15T10:32:51","modified_gmt":"2026-04-15T10:32:51","slug":"automatiskais-zimogs-colop-printer-10-25x8-mm","status":"publish","type":"product","link":"https:\/\/zimogufabrika24.lv\/en\/veikals\/zimogi\/amatu-zimogi\/automatiskais-zimogs-colop-printer-10-25x8-mm\/","title":{"rendered":"Autom\u0101tiskais z\u012bmogs Colop Printer 10 (25&#215;8 mm)"},"content":{"rendered":"<p data-start=\"1030\" data-end=\"1345\"><strong data-start=\"1030\" data-end=\"1071\">Autom\u0101tiskais z\u012bmogs Colop Printer 10<\/strong> ir praktisks un kvalitat\u012bvs risin\u0101jums dokumentu mar\u0137\u0113\u0161anai un person\u012bg\u0101s inform\u0101cijas nor\u0101d\u012b\u0161anai. \u0160is kompaktais <strong data-start=\"1187\" data-end=\"1203\">v\u0101rda z\u012bmogs<\/strong> nodro\u0161ina prec\u012bzu un skaidru nospiedumu ar izm\u0113ru <strong data-start=\"1254\" data-end=\"1265\">25&#215;8 mm<\/strong>, kas ir optim\u0101ls v\u0101rda, uzv\u0101rda, amata vai citas \u012bsas inform\u0101cijas att\u0113lo\u0161anai.<\/p>\n<p data-start=\"1347\" data-end=\"1696\">Z\u012bmogs \u013cauj izveidot l\u012bdz <strong data-start=\"1373\" data-end=\"1392\">3 teksta rind\u0101m<\/strong>, t\u0101d\u0113\u013c tas ir ide\u0101li piem\u0113rots darbinieku v\u0101rdu z\u012bmogiem, nelielai kontaktinform\u0101cijai vai uz\u0146\u0113muma datiem. Pateicoties <strong data-start=\"1513\" data-end=\"1577\">autom\u0101tiskajam meh\u0101nismam un ieb\u016bv\u0113tajam tintes spilventi\u0146am<\/strong>, z\u012bmogs vienm\u0113r ir gatavs lieto\u0161anai un nodro\u0161ina vienm\u0113r\u012bgu nospiedumu bez tintes spilventi\u0146a izmanto\u0161anas atsevi\u0161\u0137i.<\/p>\n<p data-start=\"1698\" data-end=\"1917\"><strong data-start=\"1698\" data-end=\"1739\">Colop Printer 10 autom\u0101tiskais z\u012bmogs<\/strong> izce\u013cas ar ergonomisku dizainu un iztur\u012bgu konstrukciju, kas paredz\u0113ta bie\u017eai lieto\u0161anai biroj\u0101. Kompaktie izm\u0113ri \u013cauj to \u0113rti novietot uz darba galda vai izmantot mobil\u0101 darb\u0101.<\/p>\n<p data-start=\"1919\" data-end=\"2038\">Ja nepiecie\u0161ams uzticams <strong data-start=\"1944\" data-end=\"1972\">v\u0101rda z\u012bmogs dokumentiem<\/strong>, \u0161is modelis ir viens no popul\u0101r\u0101kajiem risin\u0101jumiem biroja vid\u0113.<\/p>\n<h1 data-section-id=\"1kjat2a\" data-start=\"620\" data-end=\"644\">Galven\u0101s priek\u0161roc\u012bbas<\/h1>\n<ul data-start=\"646\" data-end=\"991\">\n<li data-section-id=\"1dh8swc\" data-start=\"646\" data-end=\"696\">\n<p data-start=\"648\" data-end=\"696\">Kompakts un ergonomisks <strong data-start=\"672\" data-end=\"696\">autom\u0101tiskais z\u012bmogs<\/strong><\/p>\n<\/li>\n<li data-section-id=\"ujls55\" data-start=\"697\" data-end=\"742\">\n<p data-start=\"699\" data-end=\"742\">Maksim\u0101lais nospieduma izm\u0113rs <strong data-start=\"729\" data-end=\"742\">25 \u00d7 8 mm<\/strong><\/p>\n<\/li>\n<li data-section-id=\"1e2b2sa\" data-start=\"743\" data-end=\"801\">\n<p data-start=\"745\" data-end=\"801\">Personaliz\u0113jams <strong data-start=\"761\" data-end=\"801\">v\u0101rda z\u012bmogs ar l\u012bdz 3 teksta rind\u0101m<\/strong><\/p>\n<\/li>\n<li data-section-id=\"1wo39s3\" data-start=\"802\" data-end=\"864\">\n<p data-start=\"804\" data-end=\"864\">Ieb\u016bv\u0113ts tintes spilventi\u0146\u0161 t\u012bram un vienm\u0113r\u012bgam nospiedumam<\/p>\n<\/li>\n<li data-section-id=\"1flicba\" data-start=\"865\" data-end=\"904\">\n<p data-start=\"867\" data-end=\"904\">\u0100tra un \u0113rta lieto\u0161ana ikdienas darb\u0101<\/p>\n<\/li>\n<li data-section-id=\"183tclg\" data-start=\"905\" data-end=\"949\">\n<p data-start=\"907\" data-end=\"949\">Piem\u0113rots birojiem, uz\u0146\u0113mumiem un iest\u0101d\u0113m<\/p>\n<\/li>\n<li data-section-id=\"lebksi\" data-start=\"950\" data-end=\"991\">\n<p data-start=\"952\" data-end=\"991\">Iztur\u012bgs meh\u0101nisms ilgsto\u0161ai lieto\u0161anai<\/p>\n<\/li>\n<\/ul>\n<table>\n<thead>\n<tr>\n<th>Parametrs<\/th>\n<th>Specifik\u0101cija<\/th>\n<\/tr>\n<\/thead>\n<tbody>\n<tr>\n<td>Produkta tips<\/td>\n<td>Autom\u0101tiskais z\u012bmogs<\/td>\n<\/tr>\n<tr>\n<td>Modelis<\/td>\n<td>Colop Printer 10<\/td>\n<\/tr>\n<tr>\n<td>Nospieduma izm\u0113rs<\/td>\n<td>25 \u00d7 8 mm<\/td>\n<\/tr>\n<tr>\n<td>Teksta rindas<\/td>\n<td>L\u012bdz 3<\/td>\n<\/tr>\n<tr>\n<td>Tintes spilventi\u0146\u0161<\/td>\n<td>Ieb\u016bv\u0113ts<\/td>\n<\/tr>\n<tr>\n<td>Nospieduma forma<\/td>\n<td>Taisnst\u016brveida<\/td>\n<\/tr>\n<tr>\n<td>Korpusa materi\u0101ls<\/td>\n<td>Plastmasa<\/td>\n<\/tr>\n<tr>\n<td>Pielietojums<\/td>\n<td>Birojs, uz\u0146\u0113mumi, iest\u0101des<\/td>\n<\/tr>\n<\/tbody>\n<\/table>\n<h1 data-section-id=\"jo2i4r\" data-start=\"2402\" data-end=\"2424\">Pielietojuma piem\u0113ri<\/h1>\n<p data-start=\"2426\" data-end=\"2466\">\u0160o <strong data-start=\"2429\" data-end=\"2451\">autom\u0101tisko z\u012bmogu<\/strong> bie\u017ei izmanto:<\/p>\n<ul data-start=\"2468\" data-end=\"2669\">\n<li data-section-id=\"846oxb\" data-start=\"2468\" data-end=\"2497\">\n<p data-start=\"2470\" data-end=\"2497\">darbinieku <strong data-start=\"2481\" data-end=\"2497\">v\u0101rda z\u012bmogs<\/strong><\/p>\n<\/li>\n<li data-section-id=\"1cyn6yr\" data-start=\"2498\" data-end=\"2522\">\n<p data-start=\"2500\" data-end=\"2522\">amata nosaukuma z\u012bmogs<\/p>\n<\/li>\n<li data-section-id=\"16oftju\" data-start=\"2523\" data-end=\"2557\">\n<p data-start=\"2525\" data-end=\"2557\">dokumentu apstiprin\u0101\u0161anas z\u012bmogs<\/p>\n<\/li>\n<li data-section-id=\"108is92\" data-start=\"2558\" data-end=\"2586\">\n<p data-start=\"2560\" data-end=\"2586\">uzv\u0101rda z\u012bmogs dokumentiem<\/p>\n<\/li>\n<li data-section-id=\"1gcmuxk\" data-start=\"2587\" data-end=\"2624\">\n<p data-start=\"2589\" data-end=\"2624\">nelielas kontaktinform\u0101cijas z\u012bmogs<\/p>\n<\/li>\n<li data-section-id=\"i5syd3\" data-start=\"2625\" data-end=\"2669\">\n<p data-start=\"2627\" data-end=\"2669\">uz\u0146\u0113muma darbinieku identifik\u0101cijas z\u012bmogi<\/p>\n<\/li>\n<\/ul>","protected":false},"excerpt":{"rendered":"<p><strong data-start=\"260\" data-end=\"301\">Autom\u0101tiskais z\u012bmogs Colop Printer 10<\/strong> ir kompakts un uzticams <strong data-start=\"326\" data-end=\"342\">v\u0101rda z\u012bmogs<\/strong>, kas paredz\u0113ts ikdienas dokumentu mar\u0137\u0113\u0161anai biroj\u0101 un uz\u0146\u0113mumos. Nospieduma izm\u0113rs <strong data-start=\"427\" data-end=\"438\">25&#215;8 mm<\/strong> \u013cauj izvietot l\u012bdz <strong data-start=\"458\" data-end=\"477\">3 teksta rind\u0101m<\/strong>, nodro\u0161inot skaidru un profesion\u0101lu rezult\u0101tu. Ieb\u016bv\u0113tais tintes spilventi\u0146\u0161 garant\u0113 \u0101tru un \u0113rtu lieto\u0161anu bez papildus sagatavo\u0161anas.<\/p>","protected":false},"featured_media":1736,"template":"","meta":{"_acf_changed":false,"site-sidebar-layout":"default","site-content-layout":"","ast-site-content-layout":"default","site-content-style":"default","site-sidebar-style":"default","ast-global-header-display":"","ast-banner-title-visibility":"","ast-main-header-display":"","ast-hfb-above-header-display":"","ast-hfb-below-header-display":"","ast-hfb-mobile-header-display":"","site-post-title":"","ast-breadcrumbs-content":"","ast-featured-img":"","footer-sml-layout":"","ast-disable-related-posts":"","theme-transparent-header-meta":"default","adv-header-id-meta":"","stick-header-meta":"default","header-above-stick-meta":"","header-main-stick-meta":"","header-below-stick-meta":"","astra-migrate-meta-layouts":"set","ast-page-background-enabled":"default","ast-page-background-meta":{"desktop":{"background-color":"var(--ast-global-color-5)","background-image":"","background-repeat":"repeat","background-position":"center center","background-size":"auto","background-attachment":"scroll","background-type":"","background-media":"","overlay-type":"","overlay-color":"","overlay-opacity":"","overlay-gradient":""},"tablet":{"background-color":"","background-image":"","background-repeat":"repeat","background-position":"center center","background-size":"auto","background-attachment":"scroll","background-type":"","background-media":"","overlay-type":"","overlay-color":"","overlay-opacity":"","overlay-gradient":""},"mobile":{"background-color":"","background-image":"","background-repeat":"repeat","background-position":"center center","background-size":"auto","background-attachment":"scroll","background-type":"","background-media":"","overlay-type":"","overlay-color":"","overlay-opacity":"","overlay-gradient":""}},"ast-content-background-meta":{"desktop":{"background-color":"var(--ast-global-color-4)","background-image":"","background-repeat":"repeat","background-position":"center center","background-size":"auto","background-attachment":"scroll","background-type":"","background-media":"","overlay-type":"","overlay-color":"","overlay-opacity":"","overlay-gradient":""},"tablet":{"background-color":"var(--ast-global-color-4)","background-image":"","background-repeat":"repeat","background-position":"center center","background-size":"auto","background-attachment":"scroll","background-type":"","background-media":"","overlay-type":"","overlay-color":"","overlay-opacity":"","overlay-gradient":""},"mobile":{"background-color":"var(--ast-global-color-4)","background-image":"","background-repeat":"repeat","background-position":"center center","background-size":"auto","background-attachment":"scroll","background-type":"","background-media":"","overlay-type":"","overlay-color":"","overlay-opacity":"","overlay-gradient":""}}},"product_brand":[65],"product_cat":[47,48,20,50,72,54,44,46,37,21,36,68,58,45],"product_tag":[],"class_list":{"0":"post-1740","1":"product","2":"type-product","3":"status-publish","4":"has-post-thumbnail","6":"product_brand-colop","7":"product_cat-amatu-zimogi","8":"product_cat-arstu-zimogi","9":"product_cat-biroja-zimogi","10":"product_cat-gramatvezu-zimogi","11":"product_cat-juristu-zimogi","12":"product_cat-lojalitates-karsu-zimogi","13":"product_cat-pasakumu-zimogi","14":"product_cat-skolu-zimogi","15":"product_cat-taisnstura-zimogi","16":"product_cat-teksta-zimogi","17":"product_cat-top-10-zimogi","18":"product_cat-uznemumu-zimogi","19":"product_cat-zimogi","20":"product_cat-zimogi-berniem","21":"desktop-align-left","22":"tablet-align-left","23":"mobile-align-left","24":"ast-product-gallery-layout-horizontal-slider","25":"ast-product-gallery-with-no-image","26":"ast-product-tabs-layout-horizontal","28":"first","29":"instock","30":"shipping-taxable","31":"purchasable","32":"product-type-simple"},"acf":[],"yoast_head":"<!-- This site is optimized with the Yoast SEO Premium plugin v27.2 (Yoast SEO v27.2) - https:\/\/yoast.com\/product\/yoast-seo-premium-wordpress\/ -->\n<title>Autom\u0101tiskais z\u012bmogs Colop Printer 10<\/title>\n<meta name=\"robots\" content=\"index, follow, max-snippet:-1, max-image-preview:large, max-video-preview:-1\" \/>\n<link rel=\"canonical\" href=\"https:\/\/zimogufabrika24.lv\/en\/veikals\/zimogi\/amatu-zimogi\/automatiskais-zimogs-colop-printer-10-25x8-mm\/\" \/>\n<meta property=\"og:locale\" content=\"en_US\" \/>\n<meta property=\"og:type\" content=\"article\" \/>\n<meta property=\"og:title\" content=\"Autom\u0101tiskais z\u012bmogs Colop Printer 10 (25x8 mm)\" \/>\n<meta property=\"og:description\" content=\"Autom\u0101tiskais z\u012bmogs Colop Printer 10 ir kompakts un uzticams v\u0101rda z\u012bmogs, kas paredz\u0113ts ikdienas dokumentu mar\u0137\u0113\u0161anai biroj\u0101 un uz\u0146\u0113mumos. Nospieduma izm\u0113rs 25x8 mm \u013cauj izvietot l\u012bdz 3 teksta rind\u0101m, nodro\u0161inot skaidru un profesion\u0101lu rezult\u0101tu. Ieb\u016bv\u0113tais tintes spilventi\u0146\u0161 garant\u0113 \u0101tru un \u0113rtu lieto\u0161anu bez papildus sagatavo\u0161anas.\" \/>\n<meta property=\"og:url\" content=\"https:\/\/zimogufabrika24.lv\/en\/veikals\/zimogi\/amatu-zimogi\/automatiskais-zimogs-colop-printer-10-25x8-mm\/\" \/>\n<meta property=\"og:site_name\" content=\"ZimoguFabrika24.lv\" \/>\n<meta property=\"article:modified_time\" content=\"2026-04-15T10:32:51+00:00\" \/>\n<meta property=\"og:image\" content=\"https:\/\/zimogufabrika24.lv\/wp-content\/uploads\/2026\/03\/colop-printer-c-10.webp\" \/>\n\t<meta property=\"og:image:width\" content=\"1000\" \/>\n\t<meta property=\"og:image:height\" content=\"1000\" \/>\n\t<meta property=\"og:image:type\" content=\"image\/webp\" \/>\n<meta name=\"twitter:card\" content=\"summary_large_image\" \/>\n<meta name=\"twitter:label1\" content=\"Price\" \/>\n\t<meta name=\"twitter:data1\" content=\"9.00&nbsp;&euro;\" \/>\n\t<meta name=\"twitter:label2\" content=\"Availability\" \/>\n\t<meta name=\"twitter:data2\" content=\"In stock\" \/>\n<script type=\"application\/ld+json\" class=\"yoast-schema-graph\">{\"@context\":\"https:\/\/schema.org\",\"@graph\":[{\"@type\":\"WebPage\",\"@id\":\"https:\/\/zimogufabrika24.lv\/veikals\/zimogi\/amatu-zimogi\/automatiskais-zimogs-colop-printer-10-25x8-mm\/\",\"url\":\"https:\/\/zimogufabrika24.lv\/veikals\/zimogi\/amatu-zimogi\/automatiskais-zimogs-colop-printer-10-25x8-mm\/\",\"name\":\"Autom\u0101tiskais z\u012bmogs Colop Printer 10\",\"isPartOf\":{\"@id\":\"https:\/\/zimogufabrika24.lv\/#website\"},\"primaryImageOfPage\":{\"@id\":\"https:\/\/zimogufabrika24.lv\/veikals\/zimogi\/amatu-zimogi\/automatiskais-zimogs-colop-printer-10-25x8-mm\/#primaryimage\"},\"image\":{\"@id\":\"https:\/\/zimogufabrika24.lv\/veikals\/zimogi\/amatu-zimogi\/automatiskais-zimogs-colop-printer-10-25x8-mm\/#primaryimage\"},\"thumbnailUrl\":\"https:\/\/zimogufabrika24.lv\/wp-content\/uploads\/2026\/03\/colop-printer-c-10.webp\",\"datePublished\":\"2026-03-10T10:56:09+00:00\",\"dateModified\":\"2026-04-15T10:32:51+00:00\",\"breadcrumb\":{\"@id\":\"https:\/\/zimogufabrika24.lv\/veikals\/zimogi\/amatu-zimogi\/automatiskais-zimogs-colop-printer-10-25x8-mm\/#breadcrumb\"},\"inLanguage\":\"en-US\",\"potentialAction\":[{\"@type\":\"ReadAction\",\"target\":[\"https:\/\/zimogufabrika24.lv\/veikals\/zimogi\/amatu-zimogi\/automatiskais-zimogs-colop-printer-10-25x8-mm\/\"]}]},{\"@type\":\"ImageObject\",\"inLanguage\":\"en-US\",\"@id\":\"https:\/\/zimogufabrika24.lv\/veikals\/zimogi\/amatu-zimogi\/automatiskais-zimogs-colop-printer-10-25x8-mm\/#primaryimage\",\"url\":\"https:\/\/zimogufabrika24.lv\/wp-content\/uploads\/2026\/03\/colop-printer-c-10.webp\",\"contentUrl\":\"https:\/\/zimogufabrika24.lv\/wp-content\/uploads\/2026\/03\/colop-printer-c-10.webp\",\"width\":1000,\"height\":1000,\"caption\":\"Colop Printer 10 z\u012bmogs ar nospieduma izm\u0113ru 25\u00d78 mm\"},{\"@type\":\"BreadcrumbList\",\"@id\":\"https:\/\/zimogufabrika24.lv\/veikals\/zimogi\/amatu-zimogi\/automatiskais-zimogs-colop-printer-10-25x8-mm\/#breadcrumb\",\"itemListElement\":[{\"@type\":\"ListItem\",\"position\":1,\"name\":\"Home\",\"item\":\"https:\/\/zimogufabrika24.lv\/\"},{\"@type\":\"ListItem\",\"position\":2,\"name\":\"VEIKALS\",\"item\":\"https:\/\/zimogufabrika24.lv\/veikals\/\"},{\"@type\":\"ListItem\",\"position\":3,\"name\":\"Autom\u0101tiskais z\u012bmogs Colop Printer 10 (25&#215;8 mm)\"}]},{\"@type\":\"WebSite\",\"@id\":\"https:\/\/zimogufabrika24.lv\/#website\",\"url\":\"https:\/\/zimogufabrika24.lv\/\",\"name\":\"ZimoguFabrika24\",\"description\":\"\",\"publisher\":{\"@id\":\"https:\/\/zimogufabrika24.lv\/#organization\"},\"potentialAction\":[{\"@type\":\"SearchAction\",\"target\":{\"@type\":\"EntryPoint\",\"urlTemplate\":\"https:\/\/zimogufabrika24.lv\/?s={search_term_string}\"},\"query-input\":{\"@type\":\"PropertyValueSpecification\",\"valueRequired\":true,\"valueName\":\"search_term_string\"}}],\"inLanguage\":\"en-US\"},{\"@type\":\"Organization\",\"@id\":\"https:\/\/zimogufabrika24.lv\/#organization\",\"name\":\"SIA Z\u012aMOGU FABRIKA\",\"url\":\"https:\/\/zimogufabrika24.lv\/\",\"logo\":{\"@type\":\"ImageObject\",\"inLanguage\":\"en-US\",\"@id\":\"https:\/\/zimogufabrika24.lv\/#\/schema\/logo\/image\/\",\"url\":\"https:\/\/zimogufabrika24.lv\/wp-content\/uploads\/2026\/01\/Zimogu_Fabrika_logo@3.png\",\"contentUrl\":\"https:\/\/zimogufabrika24.lv\/wp-content\/uploads\/2026\/01\/Zimogu_Fabrika_logo@3.png\",\"width\":900,\"height\":738,\"caption\":\"SIA Z\u012aMOGU FABRIKA\"},\"image\":{\"@id\":\"https:\/\/zimogufabrika24.lv\/#\/schema\/logo\/image\/\"}}]}<\/script>\n<meta property=\"product:brand\" content=\"Colop\" \/>\n<meta property=\"product:price:amount\" content=\"9.00\" \/>\n<meta property=\"product:price:currency\" content=\"EUR\" \/>\n<meta property=\"og:availability\" content=\"instock\" \/>\n<meta property=\"product:availability\" content=\"instock\" \/>\n<meta property=\"product:condition\" content=\"new\" \/>\n<!-- \/ Yoast SEO Premium plugin. -->","yoast_head_json":{"title":"Autom\u0101tiskais z\u012bmogs Colop Printer 10","robots":{"index":"index","follow":"follow","max-snippet":"max-snippet:-1","max-image-preview":"max-image-preview:large","max-video-preview":"max-video-preview:-1"},"canonical":"https:\/\/zimogufabrika24.lv\/en\/veikals\/zimogi\/amatu-zimogi\/automatiskais-zimogs-colop-printer-10-25x8-mm\/","og_locale":"en_US","og_type":"article","og_title":"Autom\u0101tiskais z\u012bmogs Colop Printer 10 (25x8 mm)","og_description":"Autom\u0101tiskais z\u012bmogs Colop Printer 10 ir kompakts un uzticams v\u0101rda z\u012bmogs, kas paredz\u0113ts ikdienas dokumentu mar\u0137\u0113\u0161anai biroj\u0101 un uz\u0146\u0113mumos. Nospieduma izm\u0113rs 25x8 mm \u013cauj izvietot l\u012bdz 3 teksta rind\u0101m, nodro\u0161inot skaidru un profesion\u0101lu rezult\u0101tu. Ieb\u016bv\u0113tais tintes spilventi\u0146\u0161 garant\u0113 \u0101tru un \u0113rtu lieto\u0161anu bez papildus sagatavo\u0161anas.","og_url":"https:\/\/zimogufabrika24.lv\/en\/veikals\/zimogi\/amatu-zimogi\/automatiskais-zimogs-colop-printer-10-25x8-mm\/","og_site_name":"ZimoguFabrika24.lv","article_modified_time":"2026-04-15T10:32:51+00:00","og_image":[{"width":1000,"height":1000,"url":"https:\/\/zimogufabrika24.lv\/wp-content\/uploads\/2026\/03\/colop-printer-c-10.webp","type":"image\/webp"}],"twitter_card":"summary_large_image","twitter_misc":{"Price":"9.00&nbsp;&euro;","Availability":"In stock"},"schema":{"@context":"https:\/\/schema.org","@graph":[{"@type":"WebPage","@id":"https:\/\/zimogufabrika24.lv\/veikals\/zimogi\/amatu-zimogi\/automatiskais-zimogs-colop-printer-10-25x8-mm\/","url":"https:\/\/zimogufabrika24.lv\/veikals\/zimogi\/amatu-zimogi\/automatiskais-zimogs-colop-printer-10-25x8-mm\/","name":"Autom\u0101tiskais z\u012bmogs Colop Printer 10","isPartOf":{"@id":"https:\/\/zimogufabrika24.lv\/#website"},"primaryImageOfPage":{"@id":"https:\/\/zimogufabrika24.lv\/veikals\/zimogi\/amatu-zimogi\/automatiskais-zimogs-colop-printer-10-25x8-mm\/#primaryimage"},"image":{"@id":"https:\/\/zimogufabrika24.lv\/veikals\/zimogi\/amatu-zimogi\/automatiskais-zimogs-colop-printer-10-25x8-mm\/#primaryimage"},"thumbnailUrl":"https:\/\/zimogufabrika24.lv\/wp-content\/uploads\/2026\/03\/colop-printer-c-10.webp","datePublished":"2026-03-10T10:56:09+00:00","dateModified":"2026-04-15T10:32:51+00:00","breadcrumb":{"@id":"https:\/\/zimogufabrika24.lv\/veikals\/zimogi\/amatu-zimogi\/automatiskais-zimogs-colop-printer-10-25x8-mm\/#breadcrumb"},"inLanguage":"en-US","potentialAction":[{"@type":"ReadAction","target":["https:\/\/zimogufabrika24.lv\/veikals\/zimogi\/amatu-zimogi\/automatiskais-zimogs-colop-printer-10-25x8-mm\/"]}]},{"@type":"ImageObject","inLanguage":"en-US","@id":"https:\/\/zimogufabrika24.lv\/veikals\/zimogi\/amatu-zimogi\/automatiskais-zimogs-colop-printer-10-25x8-mm\/#primaryimage","url":"https:\/\/zimogufabrika24.lv\/wp-content\/uploads\/2026\/03\/colop-printer-c-10.webp","contentUrl":"https:\/\/zimogufabrika24.lv\/wp-content\/uploads\/2026\/03\/colop-printer-c-10.webp","width":1000,"height":1000,"caption":"Colop Printer 10 z\u012bmogs ar nospieduma izm\u0113ru 25\u00d78 mm"},{"@type":"BreadcrumbList","@id":"https:\/\/zimogufabrika24.lv\/veikals\/zimogi\/amatu-zimogi\/automatiskais-zimogs-colop-printer-10-25x8-mm\/#breadcrumb","itemListElement":[{"@type":"ListItem","position":1,"name":"Home","item":"https:\/\/zimogufabrika24.lv\/"},{"@type":"ListItem","position":2,"name":"VEIKALS","item":"https:\/\/zimogufabrika24.lv\/veikals\/"},{"@type":"ListItem","position":3,"name":"Autom\u0101tiskais z\u012bmogs Colop Printer 10 (25&#215;8 mm)"}]},{"@type":"WebSite","@id":"https:\/\/zimogufabrika24.lv\/#website","url":"https:\/\/zimogufabrika24.lv\/","name":"ZimoguFabrika24","description":"","publisher":{"@id":"https:\/\/zimogufabrika24.lv\/#organization"},"potentialAction":[{"@type":"SearchAction","target":{"@type":"EntryPoint","urlTemplate":"https:\/\/zimogufabrika24.lv\/?s={search_term_string}"},"query-input":{"@type":"PropertyValueSpecification","valueRequired":true,"valueName":"search_term_string"}}],"inLanguage":"en-US"},{"@type":"Organization","@id":"https:\/\/zimogufabrika24.lv\/#organization","name":"SIA Z\u012aMOGU FABRIKA","url":"https:\/\/zimogufabrika24.lv\/","logo":{"@type":"ImageObject","inLanguage":"en-US","@id":"https:\/\/zimogufabrika24.lv\/#\/schema\/logo\/image\/","url":"https:\/\/zimogufabrika24.lv\/wp-content\/uploads\/2026\/01\/Zimogu_Fabrika_logo@3.png","contentUrl":"https:\/\/zimogufabrika24.lv\/wp-content\/uploads\/2026\/01\/Zimogu_Fabrika_logo@3.png","width":900,"height":738,"caption":"SIA Z\u012aMOGU FABRIKA"},"image":{"@id":"https:\/\/zimogufabrika24.lv\/#\/schema\/logo\/image\/"}}]},"product_brand":"Colop","product_price_amount":"9.00","product_price_currency":"EUR","og_availability":"instock","product_availability":"instock","product_condition":"new"},"_links":{"self":[{"href":"https:\/\/zimogufabrika24.lv\/en\/wp-json\/wp\/v2\/product\/1740","targetHints":{"allow":["GET"]}}],"collection":[{"href":"https:\/\/zimogufabrika24.lv\/en\/wp-json\/wp\/v2\/product"}],"about":[{"href":"https:\/\/zimogufabrika24.lv\/en\/wp-json\/wp\/v2\/types\/product"}],"version-history":[{"count":0,"href":"https:\/\/zimogufabrika24.lv\/en\/wp-json\/wp\/v2\/product\/1740\/revisions"}],"wp:featuredmedia":[{"embeddable":true,"href":"https:\/\/zimogufabrika24.lv\/en\/wp-json\/wp\/v2\/media\/1736"}],"wp:attachment":[{"href":"https:\/\/zimogufabrika24.lv\/en\/wp-json\/wp\/v2\/media?parent=1740"}],"wp:term":[{"taxonomy":"product_brand","embeddable":true,"href":"https:\/\/zimogufabrika24.lv\/en\/wp-json\/wp\/v2\/product_brand?post=1740"},{"taxonomy":"product_cat","embeddable":true,"href":"https:\/\/zimogufabrika24.lv\/en\/wp-json\/wp\/v2\/product_cat?post=1740"},{"taxonomy":"product_tag","embeddable":true,"href":"https:\/\/zimogufabrika24.lv\/en\/wp-json\/wp\/v2\/product_tag?post=1740"}],"curies":[{"name":"wp","href":"https:\/\/api.w.org\/{rel}","templated":true}]}}