{"id":1741,"date":"2026-03-10T12:30:24","date_gmt":"2026-03-10T12:30:24","guid":{"rendered":"https:\/\/zimogufabrika24.lv\/?post_type=product&#038;p=1741"},"modified":"2026-03-11T10:16:47","modified_gmt":"2026-03-11T10:16:47","slug":"automatiskais-zimogs-colop-printer-20-36x12-mm","status":"publish","type":"product","link":"https:\/\/zimogufabrika24.lv\/en\/veikals\/zimogi\/biroja-zimogi\/automatiskais-zimogs-colop-printer-20-36x12-mm\/","title":{"rendered":"Autom\u0101tiskais z\u012bmogs Colop Printer 20 (36\u00d712 mm)"},"content":{"rendered":"<p data-start=\"1070\" data-end=\"1402\"><strong data-start=\"1070\" data-end=\"1111\">Autom\u0101tiskais z\u012bmogs Colop Printer 20<\/strong> ir praktisks un kvalitat\u012bvs <strong data-start=\"1140\" data-end=\"1157\">teksta z\u012bmogs<\/strong>, kas paredz\u0113ts ikdienas lieto\u0161anai birojos, uz\u0146\u0113mumos un iest\u0101d\u0113s. Kompaktais korpuss un ergonomiskais dizains nodro\u0161ina \u0113rtu lieto\u0161anu, savuk\u0101rt integr\u0113tais kr\u0101sas spilventi\u0146\u0161 \u013cauj ieg\u016bt vienm\u0113r\u012bgu un prec\u012bzu nospiedumu katr\u0101 lieto\u0161anas reiz\u0113.<\/p>\n<p data-start=\"1404\" data-end=\"1753\">\u0160\u012b <strong data-start=\"1407\" data-end=\"1429\">autom\u0101tisk\u0101 z\u012bmoga<\/strong> nospieduma izm\u0113rs ir <strong data-start=\"1451\" data-end=\"1463\">36\u00d712 mm<\/strong>, kas \u013cauj izvietot l\u012bdz <strong data-start=\"1488\" data-end=\"1507\">4 teksta rind\u0101m<\/strong>. Tas ir pietiekami, lai uz z\u012bmoga iek\u013cautu uz\u0146\u0113muma nosaukumu, re\u0123istr\u0101cijas numuru, kontaktinform\u0101ciju vai citus svar\u012bgus rekviz\u012btus. T\u0101p\u0113c tas bie\u017ei tiek izmantots k\u0101 <strong data-start=\"1677\" data-end=\"1696\">uz\u0146\u0113muma z\u012bmogs<\/strong>, dokumentu apz\u012bm\u0113\u0161anai vai administrat\u012bvaj\u0101m vajadz\u012bb\u0101m.<\/p>\n<p data-start=\"1755\" data-end=\"2041\"><strong data-start=\"1755\" data-end=\"1775\">Colop Printer 20<\/strong> izce\u013cas ar augstu iztur\u012bbu, kvalitat\u012bvu meh\u0101nismu un ilgu kalpo\u0161anas laiku. Tas ir ide\u0101ls risin\u0101jums tiem, kuri mekl\u0113 uzticamu un profesion\u0101lu <strong data-start=\"1919\" data-end=\"1936\">teksta z\u012bmogu<\/strong>, kas pal\u012bdz pa\u0101trin\u0101t dokumentu apstr\u0101di un nodro\u0161ina skaidru z\u012bmoga nospiedumu uz da\u017e\u0101diem dokumentiem.<\/p>\n<h2 data-section-id=\"1gj2ajh\" data-start=\"606\" data-end=\"629\">Galven\u0101s \u012bpa\u0161\u012bbas<\/h2>\n<ul data-start=\"631\" data-end=\"1011\">\n<li data-section-id=\"1j7rqyq\" data-start=\"631\" data-end=\"678\">\n<p data-start=\"633\" data-end=\"678\">Kompakts un iztur\u012bgs <strong data-start=\"654\" data-end=\"678\">autom\u0101tiskais z\u012bmogs<\/strong><\/p>\n<\/li>\n<li data-section-id=\"1t3c3to\" data-start=\"679\" data-end=\"710\">\n<p data-start=\"681\" data-end=\"710\">Modelis: <strong data-start=\"690\" data-end=\"710\">Colop Printer 20<\/strong><\/p>\n<\/li>\n<li data-section-id=\"1v5w0os\" data-start=\"711\" data-end=\"746\">\n<p data-start=\"713\" data-end=\"746\">Nospieduma izm\u0113rs: <strong data-start=\"732\" data-end=\"746\">36 \u00d7 12 mm<\/strong><\/p>\n<\/li>\n<li data-section-id=\"oalo6c\" data-start=\"747\" data-end=\"773\">\n<p data-start=\"749\" data-end=\"773\">L\u012bdz <strong data-start=\"754\" data-end=\"773\">4 teksta rind\u0101m<\/strong><\/p>\n<\/li>\n<li data-section-id=\"7162tc\" data-start=\"774\" data-end=\"808\">\n<p data-start=\"776\" data-end=\"808\">Skaidrs un vienm\u0113r\u012bgs nospiedums<\/p>\n<\/li>\n<li data-section-id=\"1yu47di\" data-start=\"809\" data-end=\"865\">\n<p data-start=\"811\" data-end=\"865\">Piem\u0113rots k\u0101 <strong data-start=\"824\" data-end=\"843\">uz\u0146\u0113muma z\u012bmogs<\/strong> vai <strong data-start=\"848\" data-end=\"865\">teksta z\u012bmogs<\/strong><\/p>\n<\/li>\n<li data-section-id=\"1pk9pub\" data-start=\"866\" data-end=\"931\">\n<p data-start=\"868\" data-end=\"931\">Ide\u0101li piem\u0113rots birojiem, gr\u0101matved\u012bbai un dokumentu apstr\u0101dei<\/p>\n<\/li>\n<li data-section-id=\"qwl88o\" data-start=\"932\" data-end=\"984\">\n<p data-start=\"934\" data-end=\"984\">Ilgm\u016b\u017e\u012bgs meh\u0101nisms ar ieb\u016bv\u0113tu kr\u0101sas spilventi\u0146u<\/p>\n<\/li>\n<li data-section-id=\"1bpftv5\" data-start=\"985\" data-end=\"1011\">\n<p data-start=\"987\" data-end=\"1011\">Viegla un \u0101tra lieto\u0161ana<\/p>\n<\/li>\n<\/ul>\n<table>\n<thead>\n<tr>\n<th>Parametrs<\/th>\n<th>V\u0113rt\u012bba<\/th>\n<\/tr>\n<\/thead>\n<tbody>\n<tr>\n<td>Produkta tips<\/td>\n<td>Autom\u0101tiskais z\u012bmogs<\/td>\n<\/tr>\n<tr>\n<td>Modelis<\/td>\n<td>Colop Printer 20<\/td>\n<\/tr>\n<tr>\n<td>Nospieduma izm\u0113rs<\/td>\n<td>36 \u00d7 12 mm<\/td>\n<\/tr>\n<tr>\n<td>Maksim\u0101lais teksta rindu skaits<\/td>\n<td>4<\/td>\n<\/tr>\n<tr>\n<td>Z\u012bmoga tips<\/td>\n<td>Teksta z\u012bmogs<\/td>\n<\/tr>\n<tr>\n<td>Meh\u0101nisms<\/td>\n<td>Autom\u0101tisks ar kr\u0101sas spilventi\u0146u<\/td>\n<\/tr>\n<tr>\n<td>Pielietojums<\/td>\n<td>Uz\u0146\u0113muma z\u012bmogs, biroja z\u012bmogs<\/td>\n<\/tr>\n<tr>\n<td>Korpusa materi\u0101ls<\/td>\n<td>Plastmasa<\/td>\n<\/tr>\n<tr>\n<td>Ra\u017eot\u0101js<\/td>\n<td>Colop<\/td>\n<\/tr>\n<\/tbody>\n<\/table>\n<h2 data-section-id=\"1o7g8i8\" data-start=\"2459\" data-end=\"2485\">Pielietojuma piem\u0113ri<\/h2>\n<ul data-start=\"2487\" data-end=\"2728\">\n<li data-section-id=\"lm452\" data-start=\"2526\" data-end=\"2557\">\n<p data-start=\"2528\" data-end=\"2557\">Biroja dokumentu apz\u012bm\u0113\u0161ana<\/p>\n<\/li>\n<li data-section-id=\"1uq8obz\" data-start=\"2558\" data-end=\"2595\">\n<p data-start=\"2560\" data-end=\"2595\">Gr\u0101matved\u012bbas dokumentu mar\u0137\u0113\u0161ana<\/p>\n<\/li>\n<li data-section-id=\"1egfo90\" data-start=\"2596\" data-end=\"2641\">\n<p data-start=\"2598\" data-end=\"2641\">Kontaktinform\u0101cijas z\u012bmogs uz dokumentiem<\/p>\n<\/li>\n<li data-section-id=\"fppjv3\" data-start=\"2642\" data-end=\"2687\">\n<p data-start=\"2644\" data-end=\"2687\">Noliktavas vai administr\u0101cijas vajadz\u012bb\u0101m<\/p>\n<\/li>\n<li data-section-id=\"ltstu\" data-start=\"2688\" data-end=\"2728\">\n<p data-start=\"2690\" data-end=\"2728\">Pasta un s\u016bt\u012bjumu dokumentu apstr\u0101de<\/p>\n<\/li>\n<\/ul>","protected":false},"excerpt":{"rendered":"<p><strong data-start=\"188\" data-end=\"229\">Autom\u0101tiskais z\u012bmogs Colop Printer 20<\/strong> ir kompakts un uzticams <strong data-start=\"254\" data-end=\"271\">teksta z\u012bmogs<\/strong>, kas lieliski piem\u0113rots uz\u0146\u0113mumiem, birojiem un individu\u0101lai lieto\u0161anai. Nospieduma izm\u0113rs <strong data-start=\"363\" data-end=\"375\">36\u00d712 mm<\/strong> \u013cauj izvietot l\u012bdz <strong data-start=\"395\" data-end=\"414\">4 teksta rind\u0101m<\/strong>, padarot to ide\u0101li piem\u0113rotu k\u0101 <strong data-start=\"447\" data-end=\"466\">uz\u0146\u0113muma z\u012bmogu<\/strong>, rekviz\u012btu z\u012bmogu vai kontaktinform\u0101cijas z\u012bmogu. Iztur\u012bg\u0101 konstrukcija nodro\u0161ina t\u012bru, prec\u012bzu nospiedumu un ilgu kalpo\u0161anas laiku.<\/p>","protected":false},"featured_media":1742,"template":"","meta":{"_acf_changed":false,"site-sidebar-layout":"default","site-content-layout":"","ast-site-content-layout":"default","site-content-style":"default","site-sidebar-style":"default","ast-global-header-display":"","ast-banner-title-visibility":"","ast-main-header-display":"","ast-hfb-above-header-display":"","ast-hfb-below-header-display":"","ast-hfb-mobile-header-display":"","site-post-title":"","ast-breadcrumbs-content":"","ast-featured-img":"","footer-sml-layout":"","ast-disable-related-posts":"","theme-transparent-header-meta":"default","adv-header-id-meta":"","stick-header-meta":"default","header-above-stick-meta":"","header-main-stick-meta":"","header-below-stick-meta":"","astra-migrate-meta-layouts":"set","ast-page-background-enabled":"default","ast-page-background-meta":{"desktop":{"background-color":"var(--ast-global-color-5)","background-image":"","background-repeat":"repeat","background-position":"center center","background-size":"auto","background-attachment":"scroll","background-type":"","background-media":"","overlay-type":"","overlay-color":"","overlay-opacity":"","overlay-gradient":""},"tablet":{"background-color":"","background-image":"","background-repeat":"repeat","background-position":"center center","background-size":"auto","background-attachment":"scroll","background-type":"","background-media":"","overlay-type":"","overlay-color":"","overlay-opacity":"","overlay-gradient":""},"mobile":{"background-color":"","background-image":"","background-repeat":"repeat","background-position":"center center","background-size":"auto","background-attachment":"scroll","background-type":"","background-media":"","overlay-type":"","overlay-color":"","overlay-opacity":"","overlay-gradient":""}},"ast-content-background-meta":{"desktop":{"background-color":"var(--ast-global-color-4)","background-image":"","background-repeat":"repeat","background-position":"center center","background-size":"auto","background-attachment":"scroll","background-type":"","background-media":"","overlay-type":"","overlay-color":"","overlay-opacity":"","overlay-gradient":""},"tablet":{"background-color":"var(--ast-global-color-4)","background-image":"","background-repeat":"repeat","background-position":"center center","background-size":"auto","background-attachment":"scroll","background-type":"","background-media":"","overlay-type":"","overlay-color":"","overlay-opacity":"","overlay-gradient":""},"mobile":{"background-color":"var(--ast-global-color-4)","background-image":"","background-repeat":"repeat","background-position":"center center","background-size":"auto","background-attachment":"scroll","background-type":"","background-media":"","overlay-type":"","overlay-color":"","overlay-opacity":"","overlay-gradient":""}}},"product_brand":[65],"product_cat":[20,37,21,36,68,58],"product_tag":[],"class_list":{"0":"post-1741","1":"product","2":"type-product","3":"status-publish","4":"has-post-thumbnail","6":"product_brand-colop","7":"product_cat-biroja-zimogi","8":"product_cat-taisnstura-zimogi","9":"product_cat-teksta-zimogi","10":"product_cat-top-10-zimogi","11":"product_cat-uznemumu-zimogi","12":"product_cat-zimogi","13":"desktop-align-left","14":"tablet-align-left","15":"mobile-align-left","16":"ast-product-gallery-layout-horizontal-slider","17":"ast-product-gallery-with-no-image","18":"ast-product-tabs-layout-horizontal","20":"first","21":"instock","22":"shipping-taxable","23":"purchasable","24":"product-type-simple"},"acf":[],"yoast_head":"<!-- This site is optimized with the Yoast SEO Premium plugin v27.2 (Yoast SEO v27.2) - https:\/\/yoast.com\/product\/yoast-seo-premium-wordpress\/ -->\n<title>Autom\u0101tiskais z\u012bmogs Colop Printer 20<\/title>\n<meta name=\"robots\" content=\"index, follow, max-snippet:-1, max-image-preview:large, max-video-preview:-1\" \/>\n<link rel=\"canonical\" href=\"https:\/\/zimogufabrika24.lv\/en\/veikals\/zimogi\/biroja-zimogi\/automatiskais-zimogs-colop-printer-20-36x12-mm\/\" \/>\n<meta property=\"og:locale\" content=\"en_US\" \/>\n<meta property=\"og:type\" content=\"article\" \/>\n<meta property=\"og:title\" content=\"Autom\u0101tiskais z\u012bmogs Colop Printer 20 (36\u00d712 mm)\" \/>\n<meta property=\"og:description\" content=\"Autom\u0101tiskais z\u012bmogs Colop Printer 20 ir kompakts un uzticams teksta z\u012bmogs, kas lieliski piem\u0113rots uz\u0146\u0113mumiem, birojiem un individu\u0101lai lieto\u0161anai. Nospieduma izm\u0113rs 36\u00d712 mm \u013cauj izvietot l\u012bdz 4 teksta rind\u0101m, padarot to ide\u0101li piem\u0113rotu k\u0101 uz\u0146\u0113muma z\u012bmogu, rekviz\u012btu z\u012bmogu vai kontaktinform\u0101cijas z\u012bmogu. Iztur\u012bg\u0101 konstrukcija nodro\u0161ina t\u012bru, prec\u012bzu nospiedumu un ilgu kalpo\u0161anas laiku.\" \/>\n<meta property=\"og:url\" content=\"https:\/\/zimogufabrika24.lv\/en\/veikals\/zimogi\/biroja-zimogi\/automatiskais-zimogs-colop-printer-20-36x12-mm\/\" \/>\n<meta property=\"og:site_name\" content=\"ZimoguFabrika24.lv\" \/>\n<meta property=\"article:modified_time\" content=\"2026-03-11T10:16:47+00:00\" \/>\n<meta property=\"og:image\" content=\"https:\/\/zimogufabrika24.lv\/wp-content\/uploads\/2026\/03\/colop-printer-c-20.webp\" \/>\n\t<meta property=\"og:image:width\" content=\"1000\" \/>\n\t<meta property=\"og:image:height\" content=\"1000\" \/>\n\t<meta property=\"og:image:type\" content=\"image\/webp\" \/>\n<meta name=\"twitter:card\" content=\"summary_large_image\" \/>\n<meta name=\"twitter:label1\" content=\"Price\" \/>\n\t<meta name=\"twitter:data1\" content=\"11.80&nbsp;&euro;\" \/>\n\t<meta name=\"twitter:label2\" content=\"Availability\" \/>\n\t<meta name=\"twitter:data2\" content=\"In stock\" \/>\n<script type=\"application\/ld+json\" class=\"yoast-schema-graph\">{\"@context\":\"https:\/\/schema.org\",\"@graph\":[{\"@type\":\"WebPage\",\"@id\":\"https:\/\/zimogufabrika24.lv\/veikals\/zimogi\/biroja-zimogi\/automatiskais-zimogs-colop-printer-20-36x12-mm\/\",\"url\":\"https:\/\/zimogufabrika24.lv\/veikals\/zimogi\/biroja-zimogi\/automatiskais-zimogs-colop-printer-20-36x12-mm\/\",\"name\":\"Autom\u0101tiskais z\u012bmogs Colop Printer 20\",\"isPartOf\":{\"@id\":\"https:\/\/zimogufabrika24.lv\/#website\"},\"primaryImageOfPage\":{\"@id\":\"https:\/\/zimogufabrika24.lv\/veikals\/zimogi\/biroja-zimogi\/automatiskais-zimogs-colop-printer-20-36x12-mm\/#primaryimage\"},\"image\":{\"@id\":\"https:\/\/zimogufabrika24.lv\/veikals\/zimogi\/biroja-zimogi\/automatiskais-zimogs-colop-printer-20-36x12-mm\/#primaryimage\"},\"thumbnailUrl\":\"https:\/\/zimogufabrika24.lv\/wp-content\/uploads\/2026\/03\/colop-printer-c-20.webp\",\"datePublished\":\"2026-03-10T12:30:24+00:00\",\"dateModified\":\"2026-03-11T10:16:47+00:00\",\"breadcrumb\":{\"@id\":\"https:\/\/zimogufabrika24.lv\/veikals\/zimogi\/biroja-zimogi\/automatiskais-zimogs-colop-printer-20-36x12-mm\/#breadcrumb\"},\"inLanguage\":\"en-US\",\"potentialAction\":[{\"@type\":\"ReadAction\",\"target\":[\"https:\/\/zimogufabrika24.lv\/veikals\/zimogi\/biroja-zimogi\/automatiskais-zimogs-colop-printer-20-36x12-mm\/\"]}]},{\"@type\":\"ImageObject\",\"inLanguage\":\"en-US\",\"@id\":\"https:\/\/zimogufabrika24.lv\/veikals\/zimogi\/biroja-zimogi\/automatiskais-zimogs-colop-printer-20-36x12-mm\/#primaryimage\",\"url\":\"https:\/\/zimogufabrika24.lv\/wp-content\/uploads\/2026\/03\/colop-printer-c-20.webp\",\"contentUrl\":\"https:\/\/zimogufabrika24.lv\/wp-content\/uploads\/2026\/03\/colop-printer-c-20.webp\",\"width\":1000,\"height\":1000,\"caption\":\"Colop Printer 20 z\u012bmogs ar nospieduma izm\u0113ru 36\u00d712 mm\"},{\"@type\":\"BreadcrumbList\",\"@id\":\"https:\/\/zimogufabrika24.lv\/veikals\/zimogi\/biroja-zimogi\/automatiskais-zimogs-colop-printer-20-36x12-mm\/#breadcrumb\",\"itemListElement\":[{\"@type\":\"ListItem\",\"position\":1,\"name\":\"Home\",\"item\":\"https:\/\/zimogufabrika24.lv\/\"},{\"@type\":\"ListItem\",\"position\":2,\"name\":\"VEIKALS\",\"item\":\"https:\/\/zimogufabrika24.lv\/veikals\/\"},{\"@type\":\"ListItem\",\"position\":3,\"name\":\"Autom\u0101tiskais z\u012bmogs Colop Printer 20 (36\u00d712 mm)\"}]},{\"@type\":\"WebSite\",\"@id\":\"https:\/\/zimogufabrika24.lv\/#website\",\"url\":\"https:\/\/zimogufabrika24.lv\/\",\"name\":\"ZimoguFabrika24\",\"description\":\"\",\"publisher\":{\"@id\":\"https:\/\/zimogufabrika24.lv\/#organization\"},\"potentialAction\":[{\"@type\":\"SearchAction\",\"target\":{\"@type\":\"EntryPoint\",\"urlTemplate\":\"https:\/\/zimogufabrika24.lv\/?s={search_term_string}\"},\"query-input\":{\"@type\":\"PropertyValueSpecification\",\"valueRequired\":true,\"valueName\":\"search_term_string\"}}],\"inLanguage\":\"en-US\"},{\"@type\":\"Organization\",\"@id\":\"https:\/\/zimogufabrika24.lv\/#organization\",\"name\":\"SIA Z\u012aMOGU FABRIKA\",\"url\":\"https:\/\/zimogufabrika24.lv\/\",\"logo\":{\"@type\":\"ImageObject\",\"inLanguage\":\"en-US\",\"@id\":\"https:\/\/zimogufabrika24.lv\/#\/schema\/logo\/image\/\",\"url\":\"https:\/\/zimogufabrika24.lv\/wp-content\/uploads\/2026\/01\/Zimogu_Fabrika_logo@3.png\",\"contentUrl\":\"https:\/\/zimogufabrika24.lv\/wp-content\/uploads\/2026\/01\/Zimogu_Fabrika_logo@3.png\",\"width\":900,\"height\":738,\"caption\":\"SIA Z\u012aMOGU FABRIKA\"},\"image\":{\"@id\":\"https:\/\/zimogufabrika24.lv\/#\/schema\/logo\/image\/\"}}]}<\/script>\n<meta property=\"product:brand\" content=\"Colop\" \/>\n<meta property=\"product:price:amount\" content=\"11.80\" \/>\n<meta property=\"product:price:currency\" content=\"EUR\" \/>\n<meta property=\"og:availability\" content=\"instock\" \/>\n<meta property=\"product:availability\" content=\"instock\" \/>\n<meta property=\"product:condition\" content=\"new\" \/>\n<!-- \/ Yoast SEO Premium plugin. -->","yoast_head_json":{"title":"Autom\u0101tiskais z\u012bmogs Colop Printer 20","robots":{"index":"index","follow":"follow","max-snippet":"max-snippet:-1","max-image-preview":"max-image-preview:large","max-video-preview":"max-video-preview:-1"},"canonical":"https:\/\/zimogufabrika24.lv\/en\/veikals\/zimogi\/biroja-zimogi\/automatiskais-zimogs-colop-printer-20-36x12-mm\/","og_locale":"en_US","og_type":"article","og_title":"Autom\u0101tiskais z\u012bmogs Colop Printer 20 (36\u00d712 mm)","og_description":"Autom\u0101tiskais z\u012bmogs Colop Printer 20 ir kompakts un uzticams teksta z\u012bmogs, kas lieliski piem\u0113rots uz\u0146\u0113mumiem, birojiem un individu\u0101lai lieto\u0161anai. Nospieduma izm\u0113rs 36\u00d712 mm \u013cauj izvietot l\u012bdz 4 teksta rind\u0101m, padarot to ide\u0101li piem\u0113rotu k\u0101 uz\u0146\u0113muma z\u012bmogu, rekviz\u012btu z\u012bmogu vai kontaktinform\u0101cijas z\u012bmogu. Iztur\u012bg\u0101 konstrukcija nodro\u0161ina t\u012bru, prec\u012bzu nospiedumu un ilgu kalpo\u0161anas laiku.","og_url":"https:\/\/zimogufabrika24.lv\/en\/veikals\/zimogi\/biroja-zimogi\/automatiskais-zimogs-colop-printer-20-36x12-mm\/","og_site_name":"ZimoguFabrika24.lv","article_modified_time":"2026-03-11T10:16:47+00:00","og_image":[{"width":1000,"height":1000,"url":"https:\/\/zimogufabrika24.lv\/wp-content\/uploads\/2026\/03\/colop-printer-c-20.webp","type":"image\/webp"}],"twitter_card":"summary_large_image","twitter_misc":{"Price":"11.80&nbsp;&euro;","Availability":"In stock"},"schema":{"@context":"https:\/\/schema.org","@graph":[{"@type":"WebPage","@id":"https:\/\/zimogufabrika24.lv\/veikals\/zimogi\/biroja-zimogi\/automatiskais-zimogs-colop-printer-20-36x12-mm\/","url":"https:\/\/zimogufabrika24.lv\/veikals\/zimogi\/biroja-zimogi\/automatiskais-zimogs-colop-printer-20-36x12-mm\/","name":"Autom\u0101tiskais z\u012bmogs Colop Printer 20","isPartOf":{"@id":"https:\/\/zimogufabrika24.lv\/#website"},"primaryImageOfPage":{"@id":"https:\/\/zimogufabrika24.lv\/veikals\/zimogi\/biroja-zimogi\/automatiskais-zimogs-colop-printer-20-36x12-mm\/#primaryimage"},"image":{"@id":"https:\/\/zimogufabrika24.lv\/veikals\/zimogi\/biroja-zimogi\/automatiskais-zimogs-colop-printer-20-36x12-mm\/#primaryimage"},"thumbnailUrl":"https:\/\/zimogufabrika24.lv\/wp-content\/uploads\/2026\/03\/colop-printer-c-20.webp","datePublished":"2026-03-10T12:30:24+00:00","dateModified":"2026-03-11T10:16:47+00:00","breadcrumb":{"@id":"https:\/\/zimogufabrika24.lv\/veikals\/zimogi\/biroja-zimogi\/automatiskais-zimogs-colop-printer-20-36x12-mm\/#breadcrumb"},"inLanguage":"en-US","potentialAction":[{"@type":"ReadAction","target":["https:\/\/zimogufabrika24.lv\/veikals\/zimogi\/biroja-zimogi\/automatiskais-zimogs-colop-printer-20-36x12-mm\/"]}]},{"@type":"ImageObject","inLanguage":"en-US","@id":"https:\/\/zimogufabrika24.lv\/veikals\/zimogi\/biroja-zimogi\/automatiskais-zimogs-colop-printer-20-36x12-mm\/#primaryimage","url":"https:\/\/zimogufabrika24.lv\/wp-content\/uploads\/2026\/03\/colop-printer-c-20.webp","contentUrl":"https:\/\/zimogufabrika24.lv\/wp-content\/uploads\/2026\/03\/colop-printer-c-20.webp","width":1000,"height":1000,"caption":"Colop Printer 20 z\u012bmogs ar nospieduma izm\u0113ru 36\u00d712 mm"},{"@type":"BreadcrumbList","@id":"https:\/\/zimogufabrika24.lv\/veikals\/zimogi\/biroja-zimogi\/automatiskais-zimogs-colop-printer-20-36x12-mm\/#breadcrumb","itemListElement":[{"@type":"ListItem","position":1,"name":"Home","item":"https:\/\/zimogufabrika24.lv\/"},{"@type":"ListItem","position":2,"name":"VEIKALS","item":"https:\/\/zimogufabrika24.lv\/veikals\/"},{"@type":"ListItem","position":3,"name":"Autom\u0101tiskais z\u012bmogs Colop Printer 20 (36\u00d712 mm)"}]},{"@type":"WebSite","@id":"https:\/\/zimogufabrika24.lv\/#website","url":"https:\/\/zimogufabrika24.lv\/","name":"ZimoguFabrika24","description":"","publisher":{"@id":"https:\/\/zimogufabrika24.lv\/#organization"},"potentialAction":[{"@type":"SearchAction","target":{"@type":"EntryPoint","urlTemplate":"https:\/\/zimogufabrika24.lv\/?s={search_term_string}"},"query-input":{"@type":"PropertyValueSpecification","valueRequired":true,"valueName":"search_term_string"}}],"inLanguage":"en-US"},{"@type":"Organization","@id":"https:\/\/zimogufabrika24.lv\/#organization","name":"SIA Z\u012aMOGU FABRIKA","url":"https:\/\/zimogufabrika24.lv\/","logo":{"@type":"ImageObject","inLanguage":"en-US","@id":"https:\/\/zimogufabrika24.lv\/#\/schema\/logo\/image\/","url":"https:\/\/zimogufabrika24.lv\/wp-content\/uploads\/2026\/01\/Zimogu_Fabrika_logo@3.png","contentUrl":"https:\/\/zimogufabrika24.lv\/wp-content\/uploads\/2026\/01\/Zimogu_Fabrika_logo@3.png","width":900,"height":738,"caption":"SIA Z\u012aMOGU FABRIKA"},"image":{"@id":"https:\/\/zimogufabrika24.lv\/#\/schema\/logo\/image\/"}}]},"product_brand":"Colop","product_price_amount":"11.80","product_price_currency":"EUR","og_availability":"instock","product_availability":"instock","product_condition":"new"},"_links":{"self":[{"href":"https:\/\/zimogufabrika24.lv\/en\/wp-json\/wp\/v2\/product\/1741","targetHints":{"allow":["GET"]}}],"collection":[{"href":"https:\/\/zimogufabrika24.lv\/en\/wp-json\/wp\/v2\/product"}],"about":[{"href":"https:\/\/zimogufabrika24.lv\/en\/wp-json\/wp\/v2\/types\/product"}],"version-history":[{"count":0,"href":"https:\/\/zimogufabrika24.lv\/en\/wp-json\/wp\/v2\/product\/1741\/revisions"}],"wp:featuredmedia":[{"embeddable":true,"href":"https:\/\/zimogufabrika24.lv\/en\/wp-json\/wp\/v2\/media\/1742"}],"wp:attachment":[{"href":"https:\/\/zimogufabrika24.lv\/en\/wp-json\/wp\/v2\/media?parent=1741"}],"wp:term":[{"taxonomy":"product_brand","embeddable":true,"href":"https:\/\/zimogufabrika24.lv\/en\/wp-json\/wp\/v2\/product_brand?post=1741"},{"taxonomy":"product_cat","embeddable":true,"href":"https:\/\/zimogufabrika24.lv\/en\/wp-json\/wp\/v2\/product_cat?post=1741"},{"taxonomy":"product_tag","embeddable":true,"href":"https:\/\/zimogufabrika24.lv\/en\/wp-json\/wp\/v2\/product_tag?post=1741"}],"curies":[{"name":"wp","href":"https:\/\/api.w.org\/{rel}","templated":true}]}}