{"id":1972,"date":"2026-03-11T11:46:16","date_gmt":"2026-03-11T11:46:16","guid":{"rendered":"https:\/\/zimogufabrika24.lv\/?post_type=product&#038;p=1972"},"modified":"2026-03-11T13:00:36","modified_gmt":"2026-03-11T13:00:36","slug":"automatiskais-zimogs-colop-printer-40-57x21-mm","status":"publish","type":"product","link":"https:\/\/zimogufabrika24.lv\/en\/veikals\/zimogi\/banku-zimogi\/automatiskais-zimogs-colop-printer-40-57x21-mm\/","title":{"rendered":"Autom\u0101tiskais z\u012bmogs Colop Printer 40 (57\u00d721 mm)"},"content":{"rendered":"<p data-start=\"1067\" data-end=\"1376\">Autom\u0101tiskais z\u012bmogs <strong data-start=\"1088\" data-end=\"1108\">Colop Printer 40<\/strong> ir uzticams un praktisks risin\u0101jums uz\u0146\u0113mumiem, kuriem nepiecie\u0161ams kvalitat\u012bvs <strong data-start=\"1189\" data-end=\"1206\">biroja z\u012bmogs<\/strong> dokumentu apstr\u0101dei. \u0160is <strong data-start=\"1232\" data-end=\"1257\">pa\u0161kr\u0101sojo\u0161ais z\u012bmogs<\/strong> nodro\u0161ina skaidru, vienm\u0113r\u012bgu un profesion\u0101lu nospiedumu, kas piem\u0113rots ikdienas darbam biroj\u0101, noliktav\u0101 vai iest\u0101d\u0113.<\/p>\n<p data-start=\"1378\" data-end=\"1739\">57\u00d721 mm nospieduma laukums \u013cauj izvietot l\u012bdz <strong data-start=\"1425\" data-end=\"1444\">7 teksta rind\u0101m<\/strong>, t\u0101p\u0113c tas ir ide\u0101li piem\u0113rots k\u0101 <strong data-start=\"1479\" data-end=\"1499\">rekviz\u012btu z\u012bmogs<\/strong> ar uz\u0146\u0113muma nosaukumu, adresi, re\u0123istr\u0101cijas numuru, t\u0101lru\u0146a numuru vai citu svar\u012bgu inform\u0101ciju. Pateicoties kompaktajai un ergonomiskajai konstrukcijai, z\u012bmogs ir \u0113rti lietojams un nodro\u0161ina prec\u012bzu nospieduma novietojumu uz dokumentiem.<\/p>\n<p data-start=\"1741\" data-end=\"1981\">Colop Printer 40 ir apr\u012bkots ar <strong data-start=\"1773\" data-end=\"1805\">nomain\u0101mu tintes spilventi\u0146u<\/strong>, kas nodro\u0161ina ilgm\u016b\u017e\u012bgu un ekonomisku lieto\u0161anu. Tas ir <strong data-start=\"1863\" data-end=\"1890\">standarta z\u012bmogs firm\u0101m<\/strong>, kas v\u0113las profesion\u0101lu, uzticamu un ilgtermi\u0146\u0101 praktisku risin\u0101jumu dokumentu mar\u0137\u0113\u0161anai.<\/p>\n<h2 data-section-id=\"1gj2ajh\" data-start=\"615\" data-end=\"638\">Galven\u0101s \u012bpa\u0161\u012bbas<\/h2>\n<ul data-start=\"640\" data-end=\"1008\">\n<li data-section-id=\"wjmjxu\" data-start=\"640\" data-end=\"703\">\n<p data-start=\"642\" data-end=\"703\">Autom\u0101tiskais <strong data-start=\"656\" data-end=\"681\">pa\u0161kr\u0101sojo\u0161ais z\u012bmogs<\/strong> ikdienas lieto\u0161anai<\/p>\n<\/li>\n<li data-section-id=\"1wgey3f\" data-start=\"704\" data-end=\"741\">\n<p data-start=\"706\" data-end=\"741\">Nospieduma izm\u0113rs: <strong data-start=\"725\" data-end=\"739\">57 \u00d7 21 mm<\/strong><\/p>\n<\/li>\n<li data-section-id=\"ica7vr\" data-start=\"742\" data-end=\"770\">\n<p data-start=\"744\" data-end=\"770\">L\u012bdz <strong data-start=\"749\" data-end=\"768\">7 teksta rind\u0101m<\/strong><\/p>\n<\/li>\n<li data-section-id=\"ik5keu\" data-start=\"771\" data-end=\"831\">\n<p data-start=\"773\" data-end=\"831\">Skaidrs un vienm\u0113r\u012bgs nospiedums uz da\u017e\u0101diem dokumentiem<\/p>\n<\/li>\n<li data-section-id=\"1neqzo3\" data-start=\"832\" data-end=\"889\">\n<p data-start=\"834\" data-end=\"889\"><strong data-start=\"834\" data-end=\"866\">Nomain\u0101ms tintes spilventi\u0146\u0161<\/strong> ilgsto\u0161ai lieto\u0161anai<\/p>\n<\/li>\n<li data-section-id=\"jxe9dv\" data-start=\"890\" data-end=\"946\">\n<p data-start=\"892\" data-end=\"946\">Ergonomisks korpuss \u0113rtai un prec\u012bzai pozicion\u0113\u0161anai<\/p>\n<\/li>\n<li data-section-id=\"p18gs9\" data-start=\"947\" data-end=\"1008\">\n<p data-start=\"949\" data-end=\"1008\">Piem\u0113rots k\u0101 <strong data-start=\"962\" data-end=\"981\">uz\u0146\u0113muma z\u012bmogs<\/strong> vai <strong data-start=\"986\" data-end=\"1006\">rekviz\u012btu z\u012bmogs<\/strong><\/p>\n<\/li>\n<\/ul>\n<table>\n<thead>\n<tr>\n<th>Parametrs<\/th>\n<th>V\u0113rt\u012bba<\/th>\n<\/tr>\n<\/thead>\n<tbody>\n<tr>\n<td>Z\u012bmoga tips<\/td>\n<td>Autom\u0101tiskais<\/td>\n<\/tr>\n<tr>\n<td>Modelis<\/td>\n<td>Colop Printer 40<\/td>\n<\/tr>\n<tr>\n<td>Nospieduma izm\u0113rs<\/td>\n<td>57 \u00d7 21 mm<\/td>\n<\/tr>\n<tr>\n<td>Teksta rindas<\/td>\n<td>l\u012bdz 7<\/td>\n<\/tr>\n<tr>\n<td>Forma<\/td>\n<td>taisnst\u016bra<\/td>\n<\/tr>\n<tr>\n<td>Meh\u0101nisms<\/td>\n<td>pa\u0161kr\u0101sojo\u0161ais<\/td>\n<\/tr>\n<tr>\n<td>Tintes spilventi\u0146\u0161<\/td>\n<td>nomain\u0101ms<\/td>\n<\/tr>\n<\/tbody>\n<\/table>\n<h2 data-section-id=\"1o7g8i8\" data-start=\"2272\" data-end=\"2298\">Pielietojuma piem\u0113ri<\/h2>\n<p data-start=\"2300\" data-end=\"2364\">Autom\u0101tiskais <strong data-start=\"2314\" data-end=\"2333\">uz\u0146\u0113muma z\u012bmogs<\/strong> Colop Printer 40 ir piem\u0113rots:<\/p>\n<ul data-start=\"2366\" data-end=\"2556\">\n<li data-section-id=\"1vbi24t\" data-start=\"2366\" data-end=\"2396\">\n<p data-start=\"2368\" data-end=\"2396\">uz\u0146\u0113muma rekviz\u012btu z\u012bmogam<\/p>\n<\/li>\n<li data-section-id=\"11rxr03\" data-start=\"2397\" data-end=\"2419\">\n<p data-start=\"2399\" data-end=\"2419\">biroja dokumentiem<\/p>\n<\/li>\n<li data-section-id=\"11rxr03\" data-start=\"2397\" data-end=\"2419\">\n<p data-start=\"2399\" data-end=\"2419\">lietved\u012bbas darb\u012bb\u0101m<\/p>\n<\/li>\n<li data-section-id=\"1s77kje\" data-start=\"2420\" data-end=\"2444\">\n<p data-start=\"2422\" data-end=\"2444\">r\u0113\u0137iniem un l\u012bgumiem<\/p>\n<\/li>\n<li data-section-id=\"r5lafx\" data-start=\"2445\" data-end=\"2483\">\n<p data-start=\"2447\" data-end=\"2483\">pieg\u0101des dokumentiem un pavadz\u012bm\u0113m<\/p>\n<\/li>\n<li data-section-id=\"a5gv9b\" data-start=\"2484\" data-end=\"2518\">\n<p data-start=\"2486\" data-end=\"2518\">administrat\u012bvajiem dokumentiem<\/p>\n<\/li>\n<li data-section-id=\"3m36ur\" data-start=\"2519\" data-end=\"2556\">\n<p data-start=\"2521\" data-end=\"2556\">skol\u0101m, iest\u0101d\u0113m un organiz\u0101cij\u0101m<\/p>\n<\/li>\n<\/ul>","protected":false},"excerpt":{"rendered":"<p>Autom\u0101tiskais z\u012bmogs <strong data-start=\"212\" data-end=\"232\">Colop Printer 40<\/strong> ar 57\u00d721 mm nospieduma laukumu ir praktisks un iztur\u012bgs <strong data-start=\"289\" data-end=\"306\">biroja z\u012bmogs<\/strong> uz\u0146\u0113mumiem un iest\u0101d\u0113m. Taj\u0101 iesp\u0113jams izvietot l\u012bdz <strong data-start=\"360\" data-end=\"379\">7 teksta rind\u0101m<\/strong>, t\u0101p\u0113c tas ir ide\u0101li piem\u0113rots uz\u0146\u0113muma rekviz\u012btiem, adresei un kontaktinform\u0101cijai. \u0160is <strong data-start=\"469\" data-end=\"494\">pa\u0161kr\u0101sojo\u0161ais z\u012bmogs<\/strong> nodro\u0161ina skaidru nospiedumu, ir apr\u012bkots ar nomain\u0101mu tintes spilventi\u0146u un paredz\u0113ts \u0113rtai ikdienas lieto\u0161anai.<\/p>","protected":false},"featured_media":1973,"template":"","meta":{"_acf_changed":false,"site-sidebar-layout":"default","site-content-layout":"","ast-site-content-layout":"default","site-content-style":"default","site-sidebar-style":"default","ast-global-header-display":"","ast-banner-title-visibility":"","ast-main-header-display":"","ast-hfb-above-header-display":"","ast-hfb-below-header-display":"","ast-hfb-mobile-header-display":"","site-post-title":"","ast-breadcrumbs-content":"","ast-featured-img":"","footer-sml-layout":"","ast-disable-related-posts":"","theme-transparent-header-meta":"default","adv-header-id-meta":"","stick-header-meta":"default","header-above-stick-meta":"","header-main-stick-meta":"","header-below-stick-meta":"","astra-migrate-meta-layouts":"set","ast-page-background-enabled":"default","ast-page-background-meta":{"desktop":{"background-color":"var(--ast-global-color-5)","background-image":"","background-repeat":"repeat","background-position":"center center","background-size":"auto","background-attachment":"scroll","background-type":"","background-media":"","overlay-type":"","overlay-color":"","overlay-opacity":"","overlay-gradient":""},"tablet":{"background-color":"","background-image":"","background-repeat":"repeat","background-position":"center center","background-size":"auto","background-attachment":"scroll","background-type":"","background-media":"","overlay-type":"","overlay-color":"","overlay-opacity":"","overlay-gradient":""},"mobile":{"background-color":"","background-image":"","background-repeat":"repeat","background-position":"center center","background-size":"auto","background-attachment":"scroll","background-type":"","background-media":"","overlay-type":"","overlay-color":"","overlay-opacity":"","overlay-gradient":""}},"ast-content-background-meta":{"desktop":{"background-color":"var(--ast-global-color-4)","background-image":"","background-repeat":"repeat","background-position":"center center","background-size":"auto","background-attachment":"scroll","background-type":"","background-media":"","overlay-type":"","overlay-color":"","overlay-opacity":"","overlay-gradient":""},"tablet":{"background-color":"var(--ast-global-color-4)","background-image":"","background-repeat":"repeat","background-position":"center center","background-size":"auto","background-attachment":"scroll","background-type":"","background-media":"","overlay-type":"","overlay-color":"","overlay-opacity":"","overlay-gradient":""},"mobile":{"background-color":"var(--ast-global-color-4)","background-image":"","background-repeat":"repeat","background-position":"center center","background-size":"auto","background-attachment":"scroll","background-type":"","background-media":"","overlay-type":"","overlay-color":"","overlay-opacity":"","overlay-gradient":""}}},"product_brand":[65],"product_cat":[49,20,53,70,46,37,21,36,68,58,55],"product_tag":[],"class_list":{"0":"post-1972","1":"product","2":"type-product","3":"status-publish","4":"has-post-thumbnail","6":"product_brand-colop","7":"product_cat-banku-zimogi","8":"product_cat-biroja-zimogi","9":"product_cat-paraksta-zimogi","10":"product_cat-rekvizitu-zimogi","11":"product_cat-skolu-zimogi","12":"product_cat-taisnstura-zimogi","13":"product_cat-teksta-zimogi","14":"product_cat-top-10-zimogi","15":"product_cat-uznemumu-zimogi","16":"product_cat-zimogi","17":"product_cat-zimogi-ar-logotipu","18":"desktop-align-left","19":"tablet-align-left","20":"mobile-align-left","21":"ast-product-gallery-layout-horizontal-slider","22":"ast-product-gallery-with-no-image","23":"ast-product-tabs-layout-horizontal","25":"first","26":"instock","27":"shipping-taxable","28":"purchasable","29":"product-type-simple"},"acf":[],"yoast_head":"<!-- This site is optimized with the Yoast SEO Premium plugin v27.2 (Yoast SEO v27.2) - https:\/\/yoast.com\/product\/yoast-seo-premium-wordpress\/ -->\n<title>Autom\u0101tiskais z\u012bmogs Colop Printer 40<\/title>\n<meta name=\"robots\" content=\"index, follow, max-snippet:-1, max-image-preview:large, max-video-preview:-1\" \/>\n<link rel=\"canonical\" href=\"https:\/\/zimogufabrika24.lv\/en\/veikals\/zimogi\/banku-zimogi\/automatiskais-zimogs-colop-printer-40-57x21-mm\/\" \/>\n<meta property=\"og:locale\" content=\"en_US\" \/>\n<meta property=\"og:type\" content=\"article\" \/>\n<meta property=\"og:title\" content=\"Autom\u0101tiskais z\u012bmogs Colop Printer 40 (57\u00d721 mm)\" \/>\n<meta property=\"og:description\" content=\"Autom\u0101tiskais z\u012bmogs Colop Printer 40 ar 57\u00d721 mm nospieduma laukumu ir praktisks un iztur\u012bgs biroja z\u012bmogs uz\u0146\u0113mumiem un iest\u0101d\u0113m. Taj\u0101 iesp\u0113jams izvietot l\u012bdz 7 teksta rind\u0101m, t\u0101p\u0113c tas ir ide\u0101li piem\u0113rots uz\u0146\u0113muma rekviz\u012btiem, adresei un kontaktinform\u0101cijai. \u0160is pa\u0161kr\u0101sojo\u0161ais z\u012bmogs nodro\u0161ina skaidru nospiedumu, ir apr\u012bkots ar nomain\u0101mu tintes spilventi\u0146u un paredz\u0113ts \u0113rtai ikdienas lieto\u0161anai.\" \/>\n<meta property=\"og:url\" content=\"https:\/\/zimogufabrika24.lv\/en\/veikals\/zimogi\/banku-zimogi\/automatiskais-zimogs-colop-printer-40-57x21-mm\/\" \/>\n<meta property=\"og:site_name\" content=\"ZimoguFabrika24.lv\" \/>\n<meta property=\"article:modified_time\" content=\"2026-03-11T13:00:36+00:00\" \/>\n<meta property=\"og:image\" content=\"https:\/\/zimogufabrika24.lv\/wp-content\/uploads\/2026\/03\/colop-printer-c-40.webp\" \/>\n\t<meta property=\"og:image:width\" content=\"1000\" \/>\n\t<meta property=\"og:image:height\" content=\"1000\" \/>\n\t<meta property=\"og:image:type\" content=\"image\/webp\" \/>\n<meta name=\"twitter:card\" content=\"summary_large_image\" \/>\n<meta name=\"twitter:label1\" content=\"Price\" \/>\n\t<meta name=\"twitter:data1\" content=\"17.50&nbsp;&euro;\" \/>\n\t<meta name=\"twitter:label2\" content=\"Availability\" \/>\n\t<meta name=\"twitter:data2\" content=\"In stock\" \/>\n<script type=\"application\/ld+json\" class=\"yoast-schema-graph\">{\"@context\":\"https:\/\/schema.org\",\"@graph\":[{\"@type\":\"WebPage\",\"@id\":\"https:\/\/zimogufabrika24.lv\/veikals\/zimogi\/banku-zimogi\/automatiskais-zimogs-colop-printer-40-57x21-mm\/\",\"url\":\"https:\/\/zimogufabrika24.lv\/veikals\/zimogi\/banku-zimogi\/automatiskais-zimogs-colop-printer-40-57x21-mm\/\",\"name\":\"Autom\u0101tiskais z\u012bmogs Colop Printer 40\",\"isPartOf\":{\"@id\":\"https:\/\/zimogufabrika24.lv\/#website\"},\"primaryImageOfPage\":{\"@id\":\"https:\/\/zimogufabrika24.lv\/veikals\/zimogi\/banku-zimogi\/automatiskais-zimogs-colop-printer-40-57x21-mm\/#primaryimage\"},\"image\":{\"@id\":\"https:\/\/zimogufabrika24.lv\/veikals\/zimogi\/banku-zimogi\/automatiskais-zimogs-colop-printer-40-57x21-mm\/#primaryimage\"},\"thumbnailUrl\":\"https:\/\/zimogufabrika24.lv\/wp-content\/uploads\/2026\/03\/colop-printer-c-40.webp\",\"datePublished\":\"2026-03-11T11:46:16+00:00\",\"dateModified\":\"2026-03-11T13:00:36+00:00\",\"breadcrumb\":{\"@id\":\"https:\/\/zimogufabrika24.lv\/veikals\/zimogi\/banku-zimogi\/automatiskais-zimogs-colop-printer-40-57x21-mm\/#breadcrumb\"},\"inLanguage\":\"en-US\",\"potentialAction\":[{\"@type\":\"ReadAction\",\"target\":[\"https:\/\/zimogufabrika24.lv\/veikals\/zimogi\/banku-zimogi\/automatiskais-zimogs-colop-printer-40-57x21-mm\/\"]}]},{\"@type\":\"ImageObject\",\"inLanguage\":\"en-US\",\"@id\":\"https:\/\/zimogufabrika24.lv\/veikals\/zimogi\/banku-zimogi\/automatiskais-zimogs-colop-printer-40-57x21-mm\/#primaryimage\",\"url\":\"https:\/\/zimogufabrika24.lv\/wp-content\/uploads\/2026\/03\/colop-printer-c-40.webp\",\"contentUrl\":\"https:\/\/zimogufabrika24.lv\/wp-content\/uploads\/2026\/03\/colop-printer-c-40.webp\",\"width\":1000,\"height\":1000,\"caption\":\"Colop Printer 40 z\u012bmogs ar nospieduma izm\u0113ru 57\u00d721 mm\"},{\"@type\":\"BreadcrumbList\",\"@id\":\"https:\/\/zimogufabrika24.lv\/veikals\/zimogi\/banku-zimogi\/automatiskais-zimogs-colop-printer-40-57x21-mm\/#breadcrumb\",\"itemListElement\":[{\"@type\":\"ListItem\",\"position\":1,\"name\":\"Home\",\"item\":\"https:\/\/zimogufabrika24.lv\/\"},{\"@type\":\"ListItem\",\"position\":2,\"name\":\"VEIKALS\",\"item\":\"https:\/\/zimogufabrika24.lv\/veikals\/\"},{\"@type\":\"ListItem\",\"position\":3,\"name\":\"Autom\u0101tiskais z\u012bmogs Colop Printer 40 (57\u00d721 mm)\"}]},{\"@type\":\"WebSite\",\"@id\":\"https:\/\/zimogufabrika24.lv\/#website\",\"url\":\"https:\/\/zimogufabrika24.lv\/\",\"name\":\"ZimoguFabrika24\",\"description\":\"\",\"publisher\":{\"@id\":\"https:\/\/zimogufabrika24.lv\/#organization\"},\"potentialAction\":[{\"@type\":\"SearchAction\",\"target\":{\"@type\":\"EntryPoint\",\"urlTemplate\":\"https:\/\/zimogufabrika24.lv\/?s={search_term_string}\"},\"query-input\":{\"@type\":\"PropertyValueSpecification\",\"valueRequired\":true,\"valueName\":\"search_term_string\"}}],\"inLanguage\":\"en-US\"},{\"@type\":\"Organization\",\"@id\":\"https:\/\/zimogufabrika24.lv\/#organization\",\"name\":\"SIA Z\u012aMOGU FABRIKA\",\"url\":\"https:\/\/zimogufabrika24.lv\/\",\"logo\":{\"@type\":\"ImageObject\",\"inLanguage\":\"en-US\",\"@id\":\"https:\/\/zimogufabrika24.lv\/#\/schema\/logo\/image\/\",\"url\":\"https:\/\/zimogufabrika24.lv\/wp-content\/uploads\/2026\/01\/Zimogu_Fabrika_logo@3.png\",\"contentUrl\":\"https:\/\/zimogufabrika24.lv\/wp-content\/uploads\/2026\/01\/Zimogu_Fabrika_logo@3.png\",\"width\":900,\"height\":738,\"caption\":\"SIA Z\u012aMOGU FABRIKA\"},\"image\":{\"@id\":\"https:\/\/zimogufabrika24.lv\/#\/schema\/logo\/image\/\"}}]}<\/script>\n<meta property=\"product:brand\" content=\"Colop\" \/>\n<meta property=\"product:price:amount\" content=\"17.50\" \/>\n<meta property=\"product:price:currency\" content=\"EUR\" \/>\n<meta property=\"og:availability\" content=\"instock\" \/>\n<meta property=\"product:availability\" content=\"instock\" \/>\n<meta property=\"product:condition\" content=\"new\" \/>\n<!-- \/ Yoast SEO Premium plugin. -->","yoast_head_json":{"title":"Autom\u0101tiskais z\u012bmogs Colop Printer 40","robots":{"index":"index","follow":"follow","max-snippet":"max-snippet:-1","max-image-preview":"max-image-preview:large","max-video-preview":"max-video-preview:-1"},"canonical":"https:\/\/zimogufabrika24.lv\/en\/veikals\/zimogi\/banku-zimogi\/automatiskais-zimogs-colop-printer-40-57x21-mm\/","og_locale":"en_US","og_type":"article","og_title":"Autom\u0101tiskais z\u012bmogs Colop Printer 40 (57\u00d721 mm)","og_description":"Autom\u0101tiskais z\u012bmogs Colop Printer 40 ar 57\u00d721 mm nospieduma laukumu ir praktisks un iztur\u012bgs biroja z\u012bmogs uz\u0146\u0113mumiem un iest\u0101d\u0113m. Taj\u0101 iesp\u0113jams izvietot l\u012bdz 7 teksta rind\u0101m, t\u0101p\u0113c tas ir ide\u0101li piem\u0113rots uz\u0146\u0113muma rekviz\u012btiem, adresei un kontaktinform\u0101cijai. \u0160is pa\u0161kr\u0101sojo\u0161ais z\u012bmogs nodro\u0161ina skaidru nospiedumu, ir apr\u012bkots ar nomain\u0101mu tintes spilventi\u0146u un paredz\u0113ts \u0113rtai ikdienas lieto\u0161anai.","og_url":"https:\/\/zimogufabrika24.lv\/en\/veikals\/zimogi\/banku-zimogi\/automatiskais-zimogs-colop-printer-40-57x21-mm\/","og_site_name":"ZimoguFabrika24.lv","article_modified_time":"2026-03-11T13:00:36+00:00","og_image":[{"width":1000,"height":1000,"url":"https:\/\/zimogufabrika24.lv\/wp-content\/uploads\/2026\/03\/colop-printer-c-40.webp","type":"image\/webp"}],"twitter_card":"summary_large_image","twitter_misc":{"Price":"17.50&nbsp;&euro;","Availability":"In stock"},"schema":{"@context":"https:\/\/schema.org","@graph":[{"@type":"WebPage","@id":"https:\/\/zimogufabrika24.lv\/veikals\/zimogi\/banku-zimogi\/automatiskais-zimogs-colop-printer-40-57x21-mm\/","url":"https:\/\/zimogufabrika24.lv\/veikals\/zimogi\/banku-zimogi\/automatiskais-zimogs-colop-printer-40-57x21-mm\/","name":"Autom\u0101tiskais z\u012bmogs Colop Printer 40","isPartOf":{"@id":"https:\/\/zimogufabrika24.lv\/#website"},"primaryImageOfPage":{"@id":"https:\/\/zimogufabrika24.lv\/veikals\/zimogi\/banku-zimogi\/automatiskais-zimogs-colop-printer-40-57x21-mm\/#primaryimage"},"image":{"@id":"https:\/\/zimogufabrika24.lv\/veikals\/zimogi\/banku-zimogi\/automatiskais-zimogs-colop-printer-40-57x21-mm\/#primaryimage"},"thumbnailUrl":"https:\/\/zimogufabrika24.lv\/wp-content\/uploads\/2026\/03\/colop-printer-c-40.webp","datePublished":"2026-03-11T11:46:16+00:00","dateModified":"2026-03-11T13:00:36+00:00","breadcrumb":{"@id":"https:\/\/zimogufabrika24.lv\/veikals\/zimogi\/banku-zimogi\/automatiskais-zimogs-colop-printer-40-57x21-mm\/#breadcrumb"},"inLanguage":"en-US","potentialAction":[{"@type":"ReadAction","target":["https:\/\/zimogufabrika24.lv\/veikals\/zimogi\/banku-zimogi\/automatiskais-zimogs-colop-printer-40-57x21-mm\/"]}]},{"@type":"ImageObject","inLanguage":"en-US","@id":"https:\/\/zimogufabrika24.lv\/veikals\/zimogi\/banku-zimogi\/automatiskais-zimogs-colop-printer-40-57x21-mm\/#primaryimage","url":"https:\/\/zimogufabrika24.lv\/wp-content\/uploads\/2026\/03\/colop-printer-c-40.webp","contentUrl":"https:\/\/zimogufabrika24.lv\/wp-content\/uploads\/2026\/03\/colop-printer-c-40.webp","width":1000,"height":1000,"caption":"Colop Printer 40 z\u012bmogs ar nospieduma izm\u0113ru 57\u00d721 mm"},{"@type":"BreadcrumbList","@id":"https:\/\/zimogufabrika24.lv\/veikals\/zimogi\/banku-zimogi\/automatiskais-zimogs-colop-printer-40-57x21-mm\/#breadcrumb","itemListElement":[{"@type":"ListItem","position":1,"name":"Home","item":"https:\/\/zimogufabrika24.lv\/"},{"@type":"ListItem","position":2,"name":"VEIKALS","item":"https:\/\/zimogufabrika24.lv\/veikals\/"},{"@type":"ListItem","position":3,"name":"Autom\u0101tiskais z\u012bmogs Colop Printer 40 (57\u00d721 mm)"}]},{"@type":"WebSite","@id":"https:\/\/zimogufabrika24.lv\/#website","url":"https:\/\/zimogufabrika24.lv\/","name":"ZimoguFabrika24","description":"","publisher":{"@id":"https:\/\/zimogufabrika24.lv\/#organization"},"potentialAction":[{"@type":"SearchAction","target":{"@type":"EntryPoint","urlTemplate":"https:\/\/zimogufabrika24.lv\/?s={search_term_string}"},"query-input":{"@type":"PropertyValueSpecification","valueRequired":true,"valueName":"search_term_string"}}],"inLanguage":"en-US"},{"@type":"Organization","@id":"https:\/\/zimogufabrika24.lv\/#organization","name":"SIA Z\u012aMOGU FABRIKA","url":"https:\/\/zimogufabrika24.lv\/","logo":{"@type":"ImageObject","inLanguage":"en-US","@id":"https:\/\/zimogufabrika24.lv\/#\/schema\/logo\/image\/","url":"https:\/\/zimogufabrika24.lv\/wp-content\/uploads\/2026\/01\/Zimogu_Fabrika_logo@3.png","contentUrl":"https:\/\/zimogufabrika24.lv\/wp-content\/uploads\/2026\/01\/Zimogu_Fabrika_logo@3.png","width":900,"height":738,"caption":"SIA Z\u012aMOGU FABRIKA"},"image":{"@id":"https:\/\/zimogufabrika24.lv\/#\/schema\/logo\/image\/"}}]},"product_brand":"Colop","product_price_amount":"17.50","product_price_currency":"EUR","og_availability":"instock","product_availability":"instock","product_condition":"new"},"_links":{"self":[{"href":"https:\/\/zimogufabrika24.lv\/en\/wp-json\/wp\/v2\/product\/1972","targetHints":{"allow":["GET"]}}],"collection":[{"href":"https:\/\/zimogufabrika24.lv\/en\/wp-json\/wp\/v2\/product"}],"about":[{"href":"https:\/\/zimogufabrika24.lv\/en\/wp-json\/wp\/v2\/types\/product"}],"version-history":[{"count":0,"href":"https:\/\/zimogufabrika24.lv\/en\/wp-json\/wp\/v2\/product\/1972\/revisions"}],"wp:featuredmedia":[{"embeddable":true,"href":"https:\/\/zimogufabrika24.lv\/en\/wp-json\/wp\/v2\/media\/1973"}],"wp:attachment":[{"href":"https:\/\/zimogufabrika24.lv\/en\/wp-json\/wp\/v2\/media?parent=1972"}],"wp:term":[{"taxonomy":"product_brand","embeddable":true,"href":"https:\/\/zimogufabrika24.lv\/en\/wp-json\/wp\/v2\/product_brand?post=1972"},{"taxonomy":"product_cat","embeddable":true,"href":"https:\/\/zimogufabrika24.lv\/en\/wp-json\/wp\/v2\/product_cat?post=1972"},{"taxonomy":"product_tag","embeddable":true,"href":"https:\/\/zimogufabrika24.lv\/en\/wp-json\/wp\/v2\/product_tag?post=1972"}],"curies":[{"name":"wp","href":"https:\/\/api.w.org\/{rel}","templated":true}]}}