{"id":1986,"date":"2026-03-11T12:59:04","date_gmt":"2026-03-11T12:59:04","guid":{"rendered":"https:\/\/zimogufabrika24.lv\/?post_type=product&#038;p=1986"},"modified":"2026-03-11T12:59:05","modified_gmt":"2026-03-11T12:59:05","slug":"automatiskais-zimogs-colop-printer-50-67x28-mm","status":"publish","type":"product","link":"https:\/\/zimogufabrika24.lv\/en\/veikals\/zimogi\/advokatu-un-notaru-zimogi\/automatiskais-zimogs-colop-printer-50-67x28-mm\/","title":{"rendered":"Autom\u0101tiskais z\u012bmogs Colop Printer 50 (67\u00d728 mm)"},"content":{"rendered":"<p data-start=\"1074\" data-end=\"1407\">Autom\u0101tiskais z\u012bmogs <strong data-start=\"1095\" data-end=\"1115\">Colop Printer 50<\/strong> ir ietilp\u012bgs un profesion\u0101ls risin\u0101jums uz\u0146\u0113mumiem, kuriem nepiecie\u0161ams liel\u0101ks <strong data-start=\"1196\" data-end=\"1213\">biroja z\u012bmogs<\/strong> ar pla\u0161u inform\u0101cijas izvieto\u0161anas iesp\u0113ju. \u0160is <strong data-start=\"1262\" data-end=\"1287\">pa\u0161kr\u0101sojo\u0161ais z\u012bmogs<\/strong> nodro\u0161ina prec\u012bzu, vienm\u0113r\u012bgu un skaidru nospiedumu, kas ir b\u016btiski dokumentu noform\u0113\u0161anai un administrat\u012bvajam darbam.<\/p>\n<p data-start=\"1409\" data-end=\"1747\">67\u00d728 mm nospieduma laukums \u013cauj izvietot l\u012bdz <strong data-start=\"1456\" data-end=\"1475\">9 teksta rind\u0101m<\/strong>, t\u0101p\u0113c tas ir \u012bpa\u0161i piem\u0113rots k\u0101 <strong data-start=\"1509\" data-end=\"1529\">rekviz\u012btu z\u012bmogs<\/strong> ar uz\u0146\u0113muma nosaukumu, adresi, re\u0123istr\u0101cijas numuru, t\u0101lru\u0146a numuru, e-pastu vai citu svar\u012bgu inform\u0101ciju. Liel\u0101 virsma \u013cauj izveidot ar\u012b <strong data-start=\"1668\" data-end=\"1700\">z\u012bmogu ar tekstu un logotipu<\/strong>, kas pie\u0161\u0137ir dokumentiem profesion\u0101lu izskatu.<\/p>\n<p data-start=\"1749\" data-end=\"2053\">Ergonomiskais meh\u0101nisms nodro\u0161ina \u0113rtu lieto\u0161anu, bet <strong data-start=\"1803\" data-end=\"1837\">nomain\u0101mais tintes spilventi\u0146\u0161<\/strong> garant\u0113 ilgsto\u0161u un ekonomisku ekspluat\u0101ciju. Colop Printer 50 ir uzticams <strong data-start=\"1913\" data-end=\"1932\">uz\u0146\u0113muma z\u012bmogs<\/strong> un <strong data-start=\"1936\" data-end=\"1963\">standarta z\u012bmogs firm\u0101m<\/strong>, kas ikdien\u0101 apstr\u0101d\u0101 lielu dokumentu apjomu un v\u0113las kvalitat\u012bvu un iztur\u012bgu risin\u0101jumu.<\/p>\n<h2 data-section-id=\"1gj2ajh\" data-start=\"613\" data-end=\"636\">Galven\u0101s \u012bpa\u0161\u012bbas<\/h2>\n<ul data-start=\"638\" data-end=\"1015\">\n<li data-section-id=\"my96no\" data-start=\"638\" data-end=\"706\">\n<p data-start=\"640\" data-end=\"706\">Autom\u0101tiskais <strong data-start=\"654\" data-end=\"679\">pa\u0161kr\u0101sojo\u0161ais z\u012bmogs<\/strong> profesion\u0101lai lieto\u0161anai<\/p>\n<\/li>\n<li data-section-id=\"qb10cx\" data-start=\"707\" data-end=\"744\">\n<p data-start=\"709\" data-end=\"744\">Nospieduma izm\u0113rs: <strong data-start=\"728\" data-end=\"742\">67 \u00d7 28 mm<\/strong><\/p>\n<\/li>\n<li data-section-id=\"olrotl\" data-start=\"745\" data-end=\"773\">\n<p data-start=\"747\" data-end=\"773\">L\u012bdz <strong data-start=\"752\" data-end=\"771\">9 teksta rind\u0101m<\/strong><\/p>\n<\/li>\n<li data-section-id=\"vcu0uo\" data-start=\"774\" data-end=\"812\">\n<p data-start=\"776\" data-end=\"812\">Piem\u0113rots <strong data-start=\"786\" data-end=\"810\">tekstam un logotipam<\/strong><\/p>\n<\/li>\n<li data-section-id=\"6pjsnd\" data-start=\"813\" data-end=\"864\">\n<p data-start=\"815\" data-end=\"864\">Skaidrs un vienm\u0113r\u012bgs nospiedums uz dokumentiem<\/p>\n<\/li>\n<li data-section-id=\"1neqzo3\" data-start=\"865\" data-end=\"922\">\n<p data-start=\"867\" data-end=\"922\"><strong data-start=\"867\" data-end=\"899\">Nomain\u0101ms tintes spilventi\u0146\u0161<\/strong> ilgsto\u0161ai lieto\u0161anai<\/p>\n<\/li>\n<li data-section-id=\"1t35ycu\" data-start=\"923\" data-end=\"958\">\n<p data-start=\"925\" data-end=\"958\">Ergonomisks un iztur\u012bgs korpuss<\/p>\n<\/li>\n<li data-section-id=\"1h2vspj\" data-start=\"959\" data-end=\"1015\">\n<p data-start=\"961\" data-end=\"1015\">Ide\u0101ls k\u0101 <strong data-start=\"971\" data-end=\"990\">uz\u0146\u0113muma z\u012bmogs<\/strong> vai <strong data-start=\"995\" data-end=\"1015\">rekviz\u012btu z\u012bmogs<\/strong><\/p>\n<\/li>\n<\/ul>\n<table>\n<thead>\n<tr>\n<th>Parametrs<\/th>\n<th>V\u0113rt\u012bba<\/th>\n<\/tr>\n<\/thead>\n<tbody>\n<tr>\n<td>Z\u012bmoga tips<\/td>\n<td>Autom\u0101tiskais<\/td>\n<\/tr>\n<tr>\n<td>Modelis<\/td>\n<td>Colop Printer 50<\/td>\n<\/tr>\n<tr>\n<td>Nospieduma izm\u0113rs<\/td>\n<td>67 \u00d7 28 mm<\/td>\n<\/tr>\n<tr>\n<td>Teksta rindas<\/td>\n<td>l\u012bdz 9<\/td>\n<\/tr>\n<tr>\n<td>Forma<\/td>\n<td>taisnst\u016bra<\/td>\n<\/tr>\n<tr>\n<td>Meh\u0101nisms<\/td>\n<td>pa\u0161kr\u0101sojo\u0161ais<\/td>\n<\/tr>\n<tr>\n<td>Tintes spilventi\u0146\u0161<\/td>\n<td>nomain\u0101ms<\/td>\n<\/tr>\n<\/tbody>\n<\/table>\n<h2 data-section-id=\"1o7g8i8\" data-start=\"2344\" data-end=\"2370\">Pielietojuma piem\u0113ri<\/h2>\n<p data-start=\"2372\" data-end=\"2436\">Autom\u0101tiskais <strong data-start=\"2386\" data-end=\"2405\">uz\u0146\u0113muma z\u012bmogs<\/strong> Colop Printer 50 ir piem\u0113rots:<\/p>\n<ul data-start=\"2438\" data-end=\"2672\">\n<li data-section-id=\"1vbi24t\" data-start=\"2438\" data-end=\"2468\">\n<p data-start=\"2440\" data-end=\"2468\">uz\u0146\u0113muma rekviz\u012btu z\u012bmogam<\/p>\n<\/li>\n<li data-section-id=\"lh0dpm\" data-start=\"2469\" data-end=\"2499\">\n<p data-start=\"2471\" data-end=\"2499\">dokumentu apstr\u0101dei biroj\u0101<\/p>\n<\/li>\n<li data-section-id=\"1s77kje\" data-start=\"2500\" data-end=\"2524\">\n<p data-start=\"2502\" data-end=\"2524\">r\u0113\u0137iniem un l\u012bgumiem<\/p>\n<\/li>\n<li data-section-id=\"p3gu59\" data-start=\"2525\" data-end=\"2563\">\n<p data-start=\"2527\" data-end=\"2563\">pavadz\u012bm\u0113m un pieg\u0101des dokumentiem<\/p>\n<\/li>\n<li data-section-id=\"a5gv9b\" data-start=\"2564\" data-end=\"2598\">\n<p data-start=\"2566\" data-end=\"2598\">administrat\u012bvajiem dokumentiem<\/p>\n<\/li>\n<li data-section-id=\"1nlh377\" data-start=\"2599\" data-end=\"2636\">\n<p data-start=\"2601\" data-end=\"2636\">organiz\u0101cij\u0101m, skol\u0101m un iest\u0101d\u0113m<\/p>\n<\/li>\n<li data-section-id=\"1redvdv\" data-start=\"2637\" data-end=\"2672\">\n<p data-start=\"2639\" data-end=\"2672\"><strong data-start=\"2639\" data-end=\"2672\">z\u012bmogam ar tekstu un logotipu<\/strong><\/p>\n<\/li>\n<\/ul>","protected":false},"excerpt":{"rendered":"<p>Autom\u0101tiskais z\u012bmogs <strong data-start=\"215\" data-end=\"235\">Colop Printer 50<\/strong> ar 67\u00d728 mm nospieduma laukumu ir ietilp\u012bgs un praktisks <strong data-start=\"293\" data-end=\"310\">biroja z\u012bmogs<\/strong>, kas \u013cauj izvietot l\u012bdz <strong data-start=\"335\" data-end=\"354\">9 teksta rind\u0101m<\/strong>. Tas ir piem\u0113rots uz\u0146\u0113muma rekviz\u012btiem, kontaktinform\u0101cijai vai <strong data-start=\"419\" data-end=\"452\">z\u012bmogam ar tekstu un logotipu<\/strong>. \u0160is <strong data-start=\"458\" data-end=\"483\">pa\u0161kr\u0101sojo\u0161ais z\u012bmogs<\/strong> nodro\u0161ina skaidru nospiedumu, ir iztur\u012bgs un ide\u0101li piem\u0113rots k\u0101 <strong data-start=\"549\" data-end=\"576\">standarta z\u012bmogs firm\u0101m<\/strong> ikdienas dokumentu apstr\u0101dei.<\/p>","protected":false},"featured_media":1979,"template":"","meta":{"_acf_changed":false,"site-sidebar-layout":"default","site-content-layout":"","ast-site-content-layout":"default","site-content-style":"default","site-sidebar-style":"default","ast-global-header-display":"","ast-banner-title-visibility":"","ast-main-header-display":"","ast-hfb-above-header-display":"","ast-hfb-below-header-display":"","ast-hfb-mobile-header-display":"","site-post-title":"","ast-breadcrumbs-content":"","ast-featured-img":"","footer-sml-layout":"","ast-disable-related-posts":"","theme-transparent-header-meta":"default","adv-header-id-meta":"","stick-header-meta":"default","header-above-stick-meta":"","header-main-stick-meta":"","header-below-stick-meta":"","astra-migrate-meta-layouts":"set","ast-page-background-enabled":"default","ast-page-background-meta":{"desktop":{"background-color":"var(--ast-global-color-5)","background-image":"","background-repeat":"repeat","background-position":"center center","background-size":"auto","background-attachment":"scroll","background-type":"","background-media":"","overlay-type":"","overlay-color":"","overlay-opacity":"","overlay-gradient":""},"tablet":{"background-color":"","background-image":"","background-repeat":"repeat","background-position":"center center","background-size":"auto","background-attachment":"scroll","background-type":"","background-media":"","overlay-type":"","overlay-color":"","overlay-opacity":"","overlay-gradient":""},"mobile":{"background-color":"","background-image":"","background-repeat":"repeat","background-position":"center center","background-size":"auto","background-attachment":"scroll","background-type":"","background-media":"","overlay-type":"","overlay-color":"","overlay-opacity":"","overlay-gradient":""}},"ast-content-background-meta":{"desktop":{"background-color":"var(--ast-global-color-4)","background-image":"","background-repeat":"repeat","background-position":"center center","background-size":"auto","background-attachment":"scroll","background-type":"","background-media":"","overlay-type":"","overlay-color":"","overlay-opacity":"","overlay-gradient":""},"tablet":{"background-color":"var(--ast-global-color-4)","background-image":"","background-repeat":"repeat","background-position":"center center","background-size":"auto","background-attachment":"scroll","background-type":"","background-media":"","overlay-type":"","overlay-color":"","overlay-opacity":"","overlay-gradient":""},"mobile":{"background-color":"var(--ast-global-color-4)","background-image":"","background-repeat":"repeat","background-position":"center center","background-size":"auto","background-attachment":"scroll","background-type":"","background-media":"","overlay-type":"","overlay-color":"","overlay-opacity":"","overlay-gradient":""}}},"product_brand":[65],"product_cat":[51,20,50,53,70,46,37,21,36,68,58,55],"product_tag":[],"class_list":{"0":"post-1986","1":"product","2":"type-product","3":"status-publish","4":"has-post-thumbnail","6":"product_brand-colop","7":"product_cat-advokatu-un-notaru-zimogi","8":"product_cat-biroja-zimogi","9":"product_cat-gramatvezu-zimogi","10":"product_cat-paraksta-zimogi","11":"product_cat-rekvizitu-zimogi","12":"product_cat-skolu-zimogi","13":"product_cat-taisnstura-zimogi","14":"product_cat-teksta-zimogi","15":"product_cat-top-10-zimogi","16":"product_cat-uznemumu-zimogi","17":"product_cat-zimogi","18":"product_cat-zimogi-ar-logotipu","19":"desktop-align-left","20":"tablet-align-left","21":"mobile-align-left","22":"ast-product-gallery-layout-horizontal-slider","23":"ast-product-gallery-with-no-image","24":"ast-product-tabs-layout-horizontal","26":"first","27":"instock","28":"shipping-taxable","29":"purchasable","30":"product-type-simple"},"acf":[],"yoast_head":"<!-- This site is optimized with the Yoast SEO Premium plugin v27.2 (Yoast SEO v27.2) - https:\/\/yoast.com\/product\/yoast-seo-premium-wordpress\/ -->\n<title>Autom\u0101tiskais z\u012bmogs Colop Printer 50<\/title>\n<meta name=\"robots\" content=\"index, follow, max-snippet:-1, max-image-preview:large, max-video-preview:-1\" \/>\n<link rel=\"canonical\" href=\"https:\/\/zimogufabrika24.lv\/en\/veikals\/zimogi\/advokatu-un-notaru-zimogi\/automatiskais-zimogs-colop-printer-50-67x28-mm\/\" \/>\n<meta property=\"og:locale\" content=\"en_US\" \/>\n<meta property=\"og:type\" content=\"article\" \/>\n<meta property=\"og:title\" content=\"Autom\u0101tiskais z\u012bmogs Colop Printer 50 (67\u00d728 mm)\" \/>\n<meta property=\"og:description\" content=\"Autom\u0101tiskais z\u012bmogs Colop Printer 50 ar 67\u00d728 mm nospieduma laukumu ir ietilp\u012bgs un praktisks biroja z\u012bmogs, kas \u013cauj izvietot l\u012bdz 9 teksta rind\u0101m. Tas ir piem\u0113rots uz\u0146\u0113muma rekviz\u012btiem, kontaktinform\u0101cijai vai z\u012bmogam ar tekstu un logotipu. \u0160is pa\u0161kr\u0101sojo\u0161ais z\u012bmogs nodro\u0161ina skaidru nospiedumu, ir iztur\u012bgs un ide\u0101li piem\u0113rots k\u0101 standarta z\u012bmogs firm\u0101m ikdienas dokumentu apstr\u0101dei.\" \/>\n<meta property=\"og:url\" content=\"https:\/\/zimogufabrika24.lv\/en\/veikals\/zimogi\/advokatu-un-notaru-zimogi\/automatiskais-zimogs-colop-printer-50-67x28-mm\/\" \/>\n<meta property=\"og:site_name\" content=\"ZimoguFabrika24.lv\" \/>\n<meta property=\"article:modified_time\" content=\"2026-03-11T12:59:05+00:00\" \/>\n<meta property=\"og:image\" content=\"https:\/\/zimogufabrika24.lv\/wp-content\/uploads\/2026\/03\/colop-printer-c-50.webp\" \/>\n\t<meta property=\"og:image:width\" content=\"1000\" \/>\n\t<meta property=\"og:image:height\" content=\"1000\" \/>\n\t<meta property=\"og:image:type\" content=\"image\/webp\" \/>\n<meta name=\"twitter:card\" content=\"summary_large_image\" \/>\n<meta name=\"twitter:label1\" content=\"Price\" \/>\n\t<meta name=\"twitter:data1\" content=\"22.00&nbsp;&euro;\" \/>\n\t<meta name=\"twitter:label2\" content=\"Availability\" \/>\n\t<meta name=\"twitter:data2\" content=\"In stock\" \/>\n<script type=\"application\/ld+json\" class=\"yoast-schema-graph\">{\"@context\":\"https:\/\/schema.org\",\"@graph\":[{\"@type\":\"WebPage\",\"@id\":\"https:\/\/zimogufabrika24.lv\/veikals\/zimogi\/advokatu-un-notaru-zimogi\/automatiskais-zimogs-colop-printer-50-67x28-mm\/\",\"url\":\"https:\/\/zimogufabrika24.lv\/veikals\/zimogi\/advokatu-un-notaru-zimogi\/automatiskais-zimogs-colop-printer-50-67x28-mm\/\",\"name\":\"Autom\u0101tiskais z\u012bmogs Colop Printer 50\",\"isPartOf\":{\"@id\":\"https:\/\/zimogufabrika24.lv\/#website\"},\"primaryImageOfPage\":{\"@id\":\"https:\/\/zimogufabrika24.lv\/veikals\/zimogi\/advokatu-un-notaru-zimogi\/automatiskais-zimogs-colop-printer-50-67x28-mm\/#primaryimage\"},\"image\":{\"@id\":\"https:\/\/zimogufabrika24.lv\/veikals\/zimogi\/advokatu-un-notaru-zimogi\/automatiskais-zimogs-colop-printer-50-67x28-mm\/#primaryimage\"},\"thumbnailUrl\":\"https:\/\/zimogufabrika24.lv\/wp-content\/uploads\/2026\/03\/colop-printer-c-50.webp\",\"datePublished\":\"2026-03-11T12:59:04+00:00\",\"dateModified\":\"2026-03-11T12:59:05+00:00\",\"breadcrumb\":{\"@id\":\"https:\/\/zimogufabrika24.lv\/veikals\/zimogi\/advokatu-un-notaru-zimogi\/automatiskais-zimogs-colop-printer-50-67x28-mm\/#breadcrumb\"},\"inLanguage\":\"en-US\",\"potentialAction\":[{\"@type\":\"ReadAction\",\"target\":[\"https:\/\/zimogufabrika24.lv\/veikals\/zimogi\/advokatu-un-notaru-zimogi\/automatiskais-zimogs-colop-printer-50-67x28-mm\/\"]}]},{\"@type\":\"ImageObject\",\"inLanguage\":\"en-US\",\"@id\":\"https:\/\/zimogufabrika24.lv\/veikals\/zimogi\/advokatu-un-notaru-zimogi\/automatiskais-zimogs-colop-printer-50-67x28-mm\/#primaryimage\",\"url\":\"https:\/\/zimogufabrika24.lv\/wp-content\/uploads\/2026\/03\/colop-printer-c-50.webp\",\"contentUrl\":\"https:\/\/zimogufabrika24.lv\/wp-content\/uploads\/2026\/03\/colop-printer-c-50.webp\",\"width\":1000,\"height\":1000,\"caption\":\"Colop Printer 50 z\u012bmogs ar nospieduma izm\u0113ru 67\u00d728 mm\"},{\"@type\":\"BreadcrumbList\",\"@id\":\"https:\/\/zimogufabrika24.lv\/veikals\/zimogi\/advokatu-un-notaru-zimogi\/automatiskais-zimogs-colop-printer-50-67x28-mm\/#breadcrumb\",\"itemListElement\":[{\"@type\":\"ListItem\",\"position\":1,\"name\":\"Home\",\"item\":\"https:\/\/zimogufabrika24.lv\/\"},{\"@type\":\"ListItem\",\"position\":2,\"name\":\"VEIKALS\",\"item\":\"https:\/\/zimogufabrika24.lv\/veikals\/\"},{\"@type\":\"ListItem\",\"position\":3,\"name\":\"Autom\u0101tiskais z\u012bmogs Colop Printer 50 (67\u00d728 mm)\"}]},{\"@type\":\"WebSite\",\"@id\":\"https:\/\/zimogufabrika24.lv\/#website\",\"url\":\"https:\/\/zimogufabrika24.lv\/\",\"name\":\"ZimoguFabrika24\",\"description\":\"\",\"publisher\":{\"@id\":\"https:\/\/zimogufabrika24.lv\/#organization\"},\"potentialAction\":[{\"@type\":\"SearchAction\",\"target\":{\"@type\":\"EntryPoint\",\"urlTemplate\":\"https:\/\/zimogufabrika24.lv\/?s={search_term_string}\"},\"query-input\":{\"@type\":\"PropertyValueSpecification\",\"valueRequired\":true,\"valueName\":\"search_term_string\"}}],\"inLanguage\":\"en-US\"},{\"@type\":\"Organization\",\"@id\":\"https:\/\/zimogufabrika24.lv\/#organization\",\"name\":\"SIA Z\u012aMOGU FABRIKA\",\"url\":\"https:\/\/zimogufabrika24.lv\/\",\"logo\":{\"@type\":\"ImageObject\",\"inLanguage\":\"en-US\",\"@id\":\"https:\/\/zimogufabrika24.lv\/#\/schema\/logo\/image\/\",\"url\":\"https:\/\/zimogufabrika24.lv\/wp-content\/uploads\/2026\/01\/Zimogu_Fabrika_logo@3.png\",\"contentUrl\":\"https:\/\/zimogufabrika24.lv\/wp-content\/uploads\/2026\/01\/Zimogu_Fabrika_logo@3.png\",\"width\":900,\"height\":738,\"caption\":\"SIA Z\u012aMOGU FABRIKA\"},\"image\":{\"@id\":\"https:\/\/zimogufabrika24.lv\/#\/schema\/logo\/image\/\"}}]}<\/script>\n<meta property=\"product:brand\" content=\"Colop\" \/>\n<meta property=\"product:price:amount\" content=\"22.00\" \/>\n<meta property=\"product:price:currency\" content=\"EUR\" \/>\n<meta property=\"og:availability\" content=\"instock\" \/>\n<meta property=\"product:availability\" content=\"instock\" \/>\n<meta property=\"product:condition\" content=\"new\" \/>\n<!-- \/ Yoast SEO Premium plugin. -->","yoast_head_json":{"title":"Autom\u0101tiskais z\u012bmogs Colop Printer 50","robots":{"index":"index","follow":"follow","max-snippet":"max-snippet:-1","max-image-preview":"max-image-preview:large","max-video-preview":"max-video-preview:-1"},"canonical":"https:\/\/zimogufabrika24.lv\/en\/veikals\/zimogi\/advokatu-un-notaru-zimogi\/automatiskais-zimogs-colop-printer-50-67x28-mm\/","og_locale":"en_US","og_type":"article","og_title":"Autom\u0101tiskais z\u012bmogs Colop Printer 50 (67\u00d728 mm)","og_description":"Autom\u0101tiskais z\u012bmogs Colop Printer 50 ar 67\u00d728 mm nospieduma laukumu ir ietilp\u012bgs un praktisks biroja z\u012bmogs, kas \u013cauj izvietot l\u012bdz 9 teksta rind\u0101m. Tas ir piem\u0113rots uz\u0146\u0113muma rekviz\u012btiem, kontaktinform\u0101cijai vai z\u012bmogam ar tekstu un logotipu. \u0160is pa\u0161kr\u0101sojo\u0161ais z\u012bmogs nodro\u0161ina skaidru nospiedumu, ir iztur\u012bgs un ide\u0101li piem\u0113rots k\u0101 standarta z\u012bmogs firm\u0101m ikdienas dokumentu apstr\u0101dei.","og_url":"https:\/\/zimogufabrika24.lv\/en\/veikals\/zimogi\/advokatu-un-notaru-zimogi\/automatiskais-zimogs-colop-printer-50-67x28-mm\/","og_site_name":"ZimoguFabrika24.lv","article_modified_time":"2026-03-11T12:59:05+00:00","og_image":[{"width":1000,"height":1000,"url":"https:\/\/zimogufabrika24.lv\/wp-content\/uploads\/2026\/03\/colop-printer-c-50.webp","type":"image\/webp"}],"twitter_card":"summary_large_image","twitter_misc":{"Price":"22.00&nbsp;&euro;","Availability":"In stock"},"schema":{"@context":"https:\/\/schema.org","@graph":[{"@type":"WebPage","@id":"https:\/\/zimogufabrika24.lv\/veikals\/zimogi\/advokatu-un-notaru-zimogi\/automatiskais-zimogs-colop-printer-50-67x28-mm\/","url":"https:\/\/zimogufabrika24.lv\/veikals\/zimogi\/advokatu-un-notaru-zimogi\/automatiskais-zimogs-colop-printer-50-67x28-mm\/","name":"Autom\u0101tiskais z\u012bmogs Colop Printer 50","isPartOf":{"@id":"https:\/\/zimogufabrika24.lv\/#website"},"primaryImageOfPage":{"@id":"https:\/\/zimogufabrika24.lv\/veikals\/zimogi\/advokatu-un-notaru-zimogi\/automatiskais-zimogs-colop-printer-50-67x28-mm\/#primaryimage"},"image":{"@id":"https:\/\/zimogufabrika24.lv\/veikals\/zimogi\/advokatu-un-notaru-zimogi\/automatiskais-zimogs-colop-printer-50-67x28-mm\/#primaryimage"},"thumbnailUrl":"https:\/\/zimogufabrika24.lv\/wp-content\/uploads\/2026\/03\/colop-printer-c-50.webp","datePublished":"2026-03-11T12:59:04+00:00","dateModified":"2026-03-11T12:59:05+00:00","breadcrumb":{"@id":"https:\/\/zimogufabrika24.lv\/veikals\/zimogi\/advokatu-un-notaru-zimogi\/automatiskais-zimogs-colop-printer-50-67x28-mm\/#breadcrumb"},"inLanguage":"en-US","potentialAction":[{"@type":"ReadAction","target":["https:\/\/zimogufabrika24.lv\/veikals\/zimogi\/advokatu-un-notaru-zimogi\/automatiskais-zimogs-colop-printer-50-67x28-mm\/"]}]},{"@type":"ImageObject","inLanguage":"en-US","@id":"https:\/\/zimogufabrika24.lv\/veikals\/zimogi\/advokatu-un-notaru-zimogi\/automatiskais-zimogs-colop-printer-50-67x28-mm\/#primaryimage","url":"https:\/\/zimogufabrika24.lv\/wp-content\/uploads\/2026\/03\/colop-printer-c-50.webp","contentUrl":"https:\/\/zimogufabrika24.lv\/wp-content\/uploads\/2026\/03\/colop-printer-c-50.webp","width":1000,"height":1000,"caption":"Colop Printer 50 z\u012bmogs ar nospieduma izm\u0113ru 67\u00d728 mm"},{"@type":"BreadcrumbList","@id":"https:\/\/zimogufabrika24.lv\/veikals\/zimogi\/advokatu-un-notaru-zimogi\/automatiskais-zimogs-colop-printer-50-67x28-mm\/#breadcrumb","itemListElement":[{"@type":"ListItem","position":1,"name":"Home","item":"https:\/\/zimogufabrika24.lv\/"},{"@type":"ListItem","position":2,"name":"VEIKALS","item":"https:\/\/zimogufabrika24.lv\/veikals\/"},{"@type":"ListItem","position":3,"name":"Autom\u0101tiskais z\u012bmogs Colop Printer 50 (67\u00d728 mm)"}]},{"@type":"WebSite","@id":"https:\/\/zimogufabrika24.lv\/#website","url":"https:\/\/zimogufabrika24.lv\/","name":"ZimoguFabrika24","description":"","publisher":{"@id":"https:\/\/zimogufabrika24.lv\/#organization"},"potentialAction":[{"@type":"SearchAction","target":{"@type":"EntryPoint","urlTemplate":"https:\/\/zimogufabrika24.lv\/?s={search_term_string}"},"query-input":{"@type":"PropertyValueSpecification","valueRequired":true,"valueName":"search_term_string"}}],"inLanguage":"en-US"},{"@type":"Organization","@id":"https:\/\/zimogufabrika24.lv\/#organization","name":"SIA Z\u012aMOGU FABRIKA","url":"https:\/\/zimogufabrika24.lv\/","logo":{"@type":"ImageObject","inLanguage":"en-US","@id":"https:\/\/zimogufabrika24.lv\/#\/schema\/logo\/image\/","url":"https:\/\/zimogufabrika24.lv\/wp-content\/uploads\/2026\/01\/Zimogu_Fabrika_logo@3.png","contentUrl":"https:\/\/zimogufabrika24.lv\/wp-content\/uploads\/2026\/01\/Zimogu_Fabrika_logo@3.png","width":900,"height":738,"caption":"SIA Z\u012aMOGU FABRIKA"},"image":{"@id":"https:\/\/zimogufabrika24.lv\/#\/schema\/logo\/image\/"}}]},"product_brand":"Colop","product_price_amount":"22.00","product_price_currency":"EUR","og_availability":"instock","product_availability":"instock","product_condition":"new"},"_links":{"self":[{"href":"https:\/\/zimogufabrika24.lv\/en\/wp-json\/wp\/v2\/product\/1986","targetHints":{"allow":["GET"]}}],"collection":[{"href":"https:\/\/zimogufabrika24.lv\/en\/wp-json\/wp\/v2\/product"}],"about":[{"href":"https:\/\/zimogufabrika24.lv\/en\/wp-json\/wp\/v2\/types\/product"}],"version-history":[{"count":0,"href":"https:\/\/zimogufabrika24.lv\/en\/wp-json\/wp\/v2\/product\/1986\/revisions"}],"wp:featuredmedia":[{"embeddable":true,"href":"https:\/\/zimogufabrika24.lv\/en\/wp-json\/wp\/v2\/media\/1979"}],"wp:attachment":[{"href":"https:\/\/zimogufabrika24.lv\/en\/wp-json\/wp\/v2\/media?parent=1986"}],"wp:term":[{"taxonomy":"product_brand","embeddable":true,"href":"https:\/\/zimogufabrika24.lv\/en\/wp-json\/wp\/v2\/product_brand?post=1986"},{"taxonomy":"product_cat","embeddable":true,"href":"https:\/\/zimogufabrika24.lv\/en\/wp-json\/wp\/v2\/product_cat?post=1986"},{"taxonomy":"product_tag","embeddable":true,"href":"https:\/\/zimogufabrika24.lv\/en\/wp-json\/wp\/v2\/product_tag?post=1986"}],"curies":[{"name":"wp","href":"https:\/\/api.w.org\/{rel}","templated":true}]}}