{"id":2190,"date":"2026-03-18T12:49:01","date_gmt":"2026-03-18T12:49:01","guid":{"rendered":"https:\/\/zimogufabrika24.lv\/?post_type=product&#038;p=2190"},"modified":"2026-03-18T12:49:02","modified_gmt":"2026-03-18T12:49:02","slug":"automatiskais-zimogs-colop-printer-r40-o38-mm","status":"publish","type":"product","link":"https:\/\/zimogufabrika24.lv\/en\/veikals\/zimogi\/round-stamps\/automatiskais-zimogs-colop-printer-r40-o38-mm\/","title":{"rendered":"Autom\u0101tiskais z\u012bmogs Colop Printer R40 (\u00d838 mm)"},"content":{"rendered":"<p data-start=\"1065\" data-end=\"1363\">Autom\u0101tiskais z\u012bmogs <strong data-start=\"1086\" data-end=\"1107\">Colop Printer R40<\/strong> ir praktisks un vizu\u0101li pievilc\u012bgs risin\u0101jums uz\u0146\u0113mumiem, kuriem nepiecie\u0161ams apa\u013cas formas <strong data-start=\"1200\" data-end=\"1217\">biroja z\u012bmogs<\/strong>. \u0160is <strong data-start=\"1223\" data-end=\"1248\">pa\u0161kr\u0101sojo\u0161ais z\u012bmogs<\/strong> nodro\u0161ina vienm\u0113r\u012bgu tintes sadal\u012bjumu un skaidru nospiedumu, kas ir b\u016btiski profesion\u0101lai dokumentu noform\u0113\u0161anai.<\/p>\n<p data-start=\"1365\" data-end=\"1653\">38 mm diametra nospieduma laukums \u013cauj \u0113rti izvietot tekstu apl\u012b, padarot to \u012bpa\u0161i piem\u0113rotu <strong data-start=\"1458\" data-end=\"1478\">uz\u0146\u0113muma z\u012bmogam<\/strong> vai <strong data-start=\"1483\" data-end=\"1516\">z\u012bmogam ar tekstu un logotipu<\/strong>. Tas ir lielisks risin\u0101jums uz\u0146\u0113muma nosaukuma, rekviz\u012btu, strukt\u016brvien\u012bbas vai cita svar\u012bga teksta att\u0113lo\u0161anai vizu\u0101li sak\u0101rtot\u0101 form\u0101.<\/p>\n<p data-start=\"1655\" data-end=\"1966\">Ergonomiskais meh\u0101nisms nodro\u0161ina \u0113rtu lieto\u0161anu, savuk\u0101rt <strong data-start=\"1714\" data-end=\"1748\">nomain\u0101mais tintes spilventi\u0146\u0161<\/strong> \u013cauj z\u012bmogu izmantot ilgtermi\u0146\u0101 bez kvalit\u0101tes zuduma. Colop Printer R40 ir uzticams un funkcion\u0101ls <strong data-start=\"1849\" data-end=\"1876\">standarta z\u012bmogs firm\u0101m<\/strong>, kas v\u0113las kvalitat\u012bvu, iztur\u012bgu un profesion\u0101lu risin\u0101jumu ikdienas dokumentu apstr\u0101dei.<\/p>\n<ul>\n<li data-section-id=\"1jxkg7t\" data-start=\"622\" data-end=\"665\">\n<p data-start=\"624\" data-end=\"665\">Autom\u0101tiskais <strong data-start=\"638\" data-end=\"663\">pa\u0161kr\u0101sojo\u0161ais z\u012bmogs<\/strong><\/p>\n<\/li>\n<li data-section-id=\"4v901n\" data-start=\"666\" data-end=\"700\">\n<p data-start=\"668\" data-end=\"700\">Nospieduma diametrs: <strong data-start=\"689\" data-end=\"698\">38 mm<\/strong><\/p>\n<\/li>\n<li data-section-id=\"16qdujr\" data-start=\"701\" data-end=\"760\">\n<p data-start=\"703\" data-end=\"760\">Apa\u013ca forma \u2013 ide\u0101li piem\u0113rota <strong data-start=\"734\" data-end=\"758\">tekstam un logotipam<\/strong><\/p>\n<\/li>\n<li data-section-id=\"1m1tark\" data-start=\"761\" data-end=\"797\">\n<p data-start=\"763\" data-end=\"797\">Skaidrs un vienm\u0113r\u012bgs nospiedums<\/p>\n<\/li>\n<li data-section-id=\"1neqzo3\" data-start=\"798\" data-end=\"855\">\n<p data-start=\"800\" data-end=\"855\"><strong data-start=\"800\" data-end=\"832\">Nomain\u0101ms tintes spilventi\u0146\u0161<\/strong> ilgsto\u0161ai lieto\u0161anai<\/p>\n<\/li>\n<li data-section-id=\"1t35ycu\" data-start=\"856\" data-end=\"891\">\n<p data-start=\"858\" data-end=\"891\">Ergonomisks un iztur\u012bgs korpuss<\/p>\n<\/li>\n<li data-section-id=\"1ix6lg2\" data-start=\"892\" data-end=\"949\">\n<p data-start=\"894\" data-end=\"949\">Piem\u0113rots k\u0101 <strong data-start=\"907\" data-end=\"926\">uz\u0146\u0113muma z\u012bmogs<\/strong> un <strong data-start=\"930\" data-end=\"947\">biroja z\u012bmogs<\/strong><\/p>\n<\/li>\n<li data-section-id=\"1hsq0k7\" data-start=\"950\" data-end=\"1006\">\n<p data-start=\"952\" data-end=\"1006\">Profesion\u0101ls risin\u0101jums k\u0101 <strong data-start=\"979\" data-end=\"1006\">standarta z\u012bmogs firm\u0101m<\/strong><\/p>\n<\/li>\n<\/ul>\n<table>\n<thead>\n<tr>\n<th>Parametrs<\/th>\n<th>V\u0113rt\u012bba<\/th>\n<\/tr>\n<\/thead>\n<tbody>\n<tr>\n<td>Z\u012bmoga tips<\/td>\n<td>Autom\u0101tiskais<\/td>\n<\/tr>\n<tr>\n<td>Modelis<\/td>\n<td>Colop Printer R40<\/td>\n<\/tr>\n<tr>\n<td>Nospieduma forma<\/td>\n<td>Apa\u013ca<\/td>\n<\/tr>\n<tr>\n<td>Nospieduma izm\u0113rs<\/td>\n<td>\u00d8 38 mm<\/td>\n<\/tr>\n<tr>\n<td>Meh\u0101nisms<\/td>\n<td>pa\u0161kr\u0101sojo\u0161ais<\/td>\n<\/tr>\n<tr>\n<td>Tintes spilventi\u0146\u0161<\/td>\n<td>nomain\u0101ms<\/td>\n<\/tr>\n<\/tbody>\n<\/table>\n<p data-start=\"2262\" data-end=\"2327\">Autom\u0101tiskais <strong data-start=\"2276\" data-end=\"2295\">uz\u0146\u0113muma z\u012bmogs<\/strong> Colop Printer R40 ir piem\u0113rots:<\/p>\n<ul data-start=\"2329\" data-end=\"2535\">\n<li data-section-id=\"aomw4q\" data-start=\"2329\" data-end=\"2365\">\n<p data-start=\"2331\" data-end=\"2365\">uz\u0146\u0113muma z\u012bmoga izveidei ar logo<\/p>\n<\/li>\n<li data-section-id=\"1iji0xz\" data-start=\"2366\" data-end=\"2395\">\n<p data-start=\"2368\" data-end=\"2395\">dokumentu apstiprin\u0101\u0161anai<\/p>\n<\/li>\n<li data-section-id=\"11rxr03\" data-start=\"2396\" data-end=\"2418\">\n<p data-start=\"2398\" data-end=\"2418\">biroja dokumentiem<\/p>\n<\/li>\n<li data-section-id=\"coi4vo\" data-start=\"2419\" data-end=\"2459\">\n<p data-start=\"2421\" data-end=\"2459\">l\u012bgumiem un ofici\u0101lai korespondencei<\/p>\n<\/li>\n<li data-section-id=\"1nlh377\" data-start=\"2460\" data-end=\"2497\">\n<p data-start=\"2462\" data-end=\"2497\">organiz\u0101cij\u0101m, skol\u0101m un iest\u0101d\u0113m<\/p>\n<\/li>\n<li data-section-id=\"4534z\" data-start=\"2498\" data-end=\"2535\">\n<p data-start=\"2500\" data-end=\"2535\"><strong data-start=\"2500\" data-end=\"2533\">z\u012bmogam ar tekstu un logotipu<\/strong><\/p>\n<\/li>\n<\/ul>","protected":false},"excerpt":{"rendered":"<p>Autom\u0101tiskais z\u012bmogs <strong data-start=\"219\" data-end=\"240\">Colop Printer R40<\/strong> ar 38 mm diametra nospiedumu ir kvalitat\u012bvs un praktisks <strong data-start=\"298\" data-end=\"315\">biroja z\u012bmogs<\/strong> uz\u0146\u0113mumiem un iest\u0101d\u0113m. Apa\u013c\u0101 forma ir ide\u0101li piem\u0113rota <strong data-start=\"372\" data-end=\"405\">z\u012bmogam ar tekstu un logotipu<\/strong>, nodro\u0161inot profesion\u0101lu dokumentu noform\u0113jumu. \u0160is <strong data-start=\"458\" data-end=\"483\">pa\u0161kr\u0101sojo\u0161ais z\u012bmogs<\/strong> nodro\u0161ina skaidru nospiedumu, ir iztur\u012bgs un piem\u0113rots k\u0101 <strong data-start=\"542\" data-end=\"569\">standarta z\u012bmogs firm\u0101m<\/strong> ikdienas lieto\u0161anai.<\/p>","protected":false},"featured_media":1981,"template":"","meta":{"_acf_changed":false,"site-sidebar-layout":"default","site-content-layout":"","ast-site-content-layout":"default","site-content-style":"default","site-sidebar-style":"default","ast-global-header-display":"","ast-banner-title-visibility":"","ast-main-header-display":"","ast-hfb-above-header-display":"","ast-hfb-below-header-display":"","ast-hfb-mobile-header-display":"","site-post-title":"","ast-breadcrumbs-content":"","ast-featured-img":"","footer-sml-layout":"","ast-disable-related-posts":"","theme-transparent-header-meta":"default","adv-header-id-meta":"","stick-header-meta":"default","header-above-stick-meta":"","header-main-stick-meta":"","header-below-stick-meta":"","astra-migrate-meta-layouts":"set","ast-page-background-enabled":"default","ast-page-background-meta":{"desktop":{"background-color":"var(--ast-global-color-5)","background-image":"","background-repeat":"repeat","background-position":"center center","background-size":"auto","background-attachment":"scroll","background-type":"","background-media":"","overlay-type":"","overlay-color":"","overlay-opacity":"","overlay-gradient":""},"tablet":{"background-color":"","background-image":"","background-repeat":"repeat","background-position":"center center","background-size":"auto","background-attachment":"scroll","background-type":"","background-media":"","overlay-type":"","overlay-color":"","overlay-opacity":"","overlay-gradient":""},"mobile":{"background-color":"","background-image":"","background-repeat":"repeat","background-position":"center center","background-size":"auto","background-attachment":"scroll","background-type":"","background-media":"","overlay-type":"","overlay-color":"","overlay-opacity":"","overlay-gradient":""}},"ast-content-background-meta":{"desktop":{"background-color":"var(--ast-global-color-4)","background-image":"","background-repeat":"repeat","background-position":"center center","background-size":"auto","background-attachment":"scroll","background-type":"","background-media":"","overlay-type":"","overlay-color":"","overlay-opacity":"","overlay-gradient":""},"tablet":{"background-color":"var(--ast-global-color-4)","background-image":"","background-repeat":"repeat","background-position":"center center","background-size":"auto","background-attachment":"scroll","background-type":"","background-media":"","overlay-type":"","overlay-color":"","overlay-opacity":"","overlay-gradient":""},"mobile":{"background-color":"var(--ast-global-color-4)","background-image":"","background-repeat":"repeat","background-position":"center center","background-size":"auto","background-attachment":"scroll","background-type":"","background-media":"","overlay-type":"","overlay-color":"","overlay-opacity":"","overlay-gradient":""}}},"product_brand":[65],"product_cat":[25,20,36,68,58,55],"product_tag":[],"class_list":{"0":"post-2190","1":"product","2":"type-product","3":"status-publish","4":"has-post-thumbnail","6":"product_brand-colop","7":"product_cat-round-stamps","8":"product_cat-biroja-zimogi","9":"product_cat-top-10-zimogi","10":"product_cat-uznemumu-zimogi","11":"product_cat-zimogi","12":"product_cat-zimogi-ar-logotipu","13":"desktop-align-left","14":"tablet-align-left","15":"mobile-align-left","16":"ast-product-gallery-layout-horizontal-slider","17":"ast-product-gallery-with-no-image","18":"ast-product-tabs-layout-horizontal","20":"first","21":"instock","22":"shipping-taxable","23":"purchasable","24":"product-type-simple"},"acf":[],"yoast_head":"<!-- This site is optimized with the Yoast SEO Premium plugin v27.2 (Yoast SEO v27.2) - https:\/\/yoast.com\/product\/yoast-seo-premium-wordpress\/ -->\n<title>Autom\u0101tiskais z\u012bmogs Colop Printer R40<\/title>\n<meta name=\"robots\" content=\"index, follow, max-snippet:-1, max-image-preview:large, max-video-preview:-1\" \/>\n<link rel=\"canonical\" href=\"https:\/\/zimogufabrika24.lv\/en\/veikals\/zimogi\/round-stamps\/automatiskais-zimogs-colop-printer-r40-o38-mm\/\" \/>\n<meta property=\"og:locale\" content=\"en_US\" \/>\n<meta property=\"og:type\" content=\"article\" \/>\n<meta property=\"og:title\" content=\"Autom\u0101tiskais z\u012bmogs Colop Printer R40 (\u00d838 mm)\" \/>\n<meta property=\"og:description\" content=\"Autom\u0101tiskais z\u012bmogs Colop Printer R40 ar 38 mm diametra nospiedumu ir kvalitat\u012bvs un praktisks biroja z\u012bmogs uz\u0146\u0113mumiem un iest\u0101d\u0113m. Apa\u013c\u0101 forma ir ide\u0101li piem\u0113rota z\u012bmogam ar tekstu un logotipu, nodro\u0161inot profesion\u0101lu dokumentu noform\u0113jumu. \u0160is pa\u0161kr\u0101sojo\u0161ais z\u012bmogs nodro\u0161ina skaidru nospiedumu, ir iztur\u012bgs un piem\u0113rots k\u0101 standarta z\u012bmogs firm\u0101m ikdienas lieto\u0161anai.\" \/>\n<meta property=\"og:url\" content=\"https:\/\/zimogufabrika24.lv\/en\/veikals\/zimogi\/round-stamps\/automatiskais-zimogs-colop-printer-r40-o38-mm\/\" \/>\n<meta property=\"og:site_name\" content=\"ZimoguFabrika24.lv\" \/>\n<meta property=\"article:modified_time\" content=\"2026-03-18T12:49:02+00:00\" \/>\n<meta property=\"og:image\" content=\"https:\/\/zimogufabrika24.lv\/wp-content\/uploads\/2026\/03\/colop-printer-r40.webp\" \/>\n\t<meta property=\"og:image:width\" content=\"1000\" \/>\n\t<meta property=\"og:image:height\" content=\"1000\" \/>\n\t<meta property=\"og:image:type\" content=\"image\/webp\" \/>\n<meta name=\"twitter:card\" content=\"summary_large_image\" \/>\n<meta name=\"twitter:label1\" content=\"Price\" \/>\n\t<meta name=\"twitter:data1\" content=\"25.70&nbsp;&euro;\" \/>\n\t<meta name=\"twitter:label2\" content=\"Availability\" \/>\n\t<meta name=\"twitter:data2\" content=\"In stock\" \/>\n<script type=\"application\/ld+json\" class=\"yoast-schema-graph\">{\"@context\":\"https:\/\/schema.org\",\"@graph\":[{\"@type\":\"WebPage\",\"@id\":\"https:\/\/zimogufabrika24.lv\/veikals\/zimogi\/round-stamps\/automatiskais-zimogs-colop-printer-r40-o38-mm\/\",\"url\":\"https:\/\/zimogufabrika24.lv\/veikals\/zimogi\/round-stamps\/automatiskais-zimogs-colop-printer-r40-o38-mm\/\",\"name\":\"Autom\u0101tiskais z\u012bmogs Colop Printer R40\",\"isPartOf\":{\"@id\":\"https:\/\/zimogufabrika24.lv\/#website\"},\"primaryImageOfPage\":{\"@id\":\"https:\/\/zimogufabrika24.lv\/veikals\/zimogi\/round-stamps\/automatiskais-zimogs-colop-printer-r40-o38-mm\/#primaryimage\"},\"image\":{\"@id\":\"https:\/\/zimogufabrika24.lv\/veikals\/zimogi\/round-stamps\/automatiskais-zimogs-colop-printer-r40-o38-mm\/#primaryimage\"},\"thumbnailUrl\":\"https:\/\/zimogufabrika24.lv\/wp-content\/uploads\/2026\/03\/colop-printer-r40.webp\",\"datePublished\":\"2026-03-18T12:49:01+00:00\",\"dateModified\":\"2026-03-18T12:49:02+00:00\",\"breadcrumb\":{\"@id\":\"https:\/\/zimogufabrika24.lv\/veikals\/zimogi\/round-stamps\/automatiskais-zimogs-colop-printer-r40-o38-mm\/#breadcrumb\"},\"inLanguage\":\"en-US\",\"potentialAction\":[{\"@type\":\"ReadAction\",\"target\":[\"https:\/\/zimogufabrika24.lv\/veikals\/zimogi\/round-stamps\/automatiskais-zimogs-colop-printer-r40-o38-mm\/\"]}]},{\"@type\":\"ImageObject\",\"inLanguage\":\"en-US\",\"@id\":\"https:\/\/zimogufabrika24.lv\/veikals\/zimogi\/round-stamps\/automatiskais-zimogs-colop-printer-r40-o38-mm\/#primaryimage\",\"url\":\"https:\/\/zimogufabrika24.lv\/wp-content\/uploads\/2026\/03\/colop-printer-r40.webp\",\"contentUrl\":\"https:\/\/zimogufabrika24.lv\/wp-content\/uploads\/2026\/03\/colop-printer-r40.webp\",\"width\":1000,\"height\":1000,\"caption\":\"Colop Printer R40 z\u012bmogs ar nospieduma izm\u0113ru 38 mm diametr\u0101\"},{\"@type\":\"BreadcrumbList\",\"@id\":\"https:\/\/zimogufabrika24.lv\/veikals\/zimogi\/round-stamps\/automatiskais-zimogs-colop-printer-r40-o38-mm\/#breadcrumb\",\"itemListElement\":[{\"@type\":\"ListItem\",\"position\":1,\"name\":\"Home\",\"item\":\"https:\/\/zimogufabrika24.lv\/\"},{\"@type\":\"ListItem\",\"position\":2,\"name\":\"VEIKALS\",\"item\":\"https:\/\/zimogufabrika24.lv\/veikals\/\"},{\"@type\":\"ListItem\",\"position\":3,\"name\":\"Autom\u0101tiskais z\u012bmogs Colop Printer R40 (\u00d838 mm)\"}]},{\"@type\":\"WebSite\",\"@id\":\"https:\/\/zimogufabrika24.lv\/#website\",\"url\":\"https:\/\/zimogufabrika24.lv\/\",\"name\":\"ZimoguFabrika24\",\"description\":\"\",\"publisher\":{\"@id\":\"https:\/\/zimogufabrika24.lv\/#organization\"},\"potentialAction\":[{\"@type\":\"SearchAction\",\"target\":{\"@type\":\"EntryPoint\",\"urlTemplate\":\"https:\/\/zimogufabrika24.lv\/?s={search_term_string}\"},\"query-input\":{\"@type\":\"PropertyValueSpecification\",\"valueRequired\":true,\"valueName\":\"search_term_string\"}}],\"inLanguage\":\"en-US\"},{\"@type\":\"Organization\",\"@id\":\"https:\/\/zimogufabrika24.lv\/#organization\",\"name\":\"SIA Z\u012aMOGU FABRIKA\",\"url\":\"https:\/\/zimogufabrika24.lv\/\",\"logo\":{\"@type\":\"ImageObject\",\"inLanguage\":\"en-US\",\"@id\":\"https:\/\/zimogufabrika24.lv\/#\/schema\/logo\/image\/\",\"url\":\"https:\/\/zimogufabrika24.lv\/wp-content\/uploads\/2026\/01\/Zimogu_Fabrika_logo@3.png\",\"contentUrl\":\"https:\/\/zimogufabrika24.lv\/wp-content\/uploads\/2026\/01\/Zimogu_Fabrika_logo@3.png\",\"width\":900,\"height\":738,\"caption\":\"SIA Z\u012aMOGU FABRIKA\"},\"image\":{\"@id\":\"https:\/\/zimogufabrika24.lv\/#\/schema\/logo\/image\/\"}}]}<\/script>\n<meta property=\"product:brand\" content=\"Colop\" \/>\n<meta property=\"product:price:amount\" content=\"25.70\" \/>\n<meta property=\"product:price:currency\" content=\"EUR\" \/>\n<meta property=\"og:availability\" content=\"instock\" \/>\n<meta property=\"product:availability\" content=\"instock\" \/>\n<meta property=\"product:condition\" content=\"new\" \/>\n<!-- \/ Yoast SEO Premium plugin. -->","yoast_head_json":{"title":"Autom\u0101tiskais z\u012bmogs Colop Printer R40","robots":{"index":"index","follow":"follow","max-snippet":"max-snippet:-1","max-image-preview":"max-image-preview:large","max-video-preview":"max-video-preview:-1"},"canonical":"https:\/\/zimogufabrika24.lv\/en\/veikals\/zimogi\/round-stamps\/automatiskais-zimogs-colop-printer-r40-o38-mm\/","og_locale":"en_US","og_type":"article","og_title":"Autom\u0101tiskais z\u012bmogs Colop Printer R40 (\u00d838 mm)","og_description":"Autom\u0101tiskais z\u012bmogs Colop Printer R40 ar 38 mm diametra nospiedumu ir kvalitat\u012bvs un praktisks biroja z\u012bmogs uz\u0146\u0113mumiem un iest\u0101d\u0113m. Apa\u013c\u0101 forma ir ide\u0101li piem\u0113rota z\u012bmogam ar tekstu un logotipu, nodro\u0161inot profesion\u0101lu dokumentu noform\u0113jumu. \u0160is pa\u0161kr\u0101sojo\u0161ais z\u012bmogs nodro\u0161ina skaidru nospiedumu, ir iztur\u012bgs un piem\u0113rots k\u0101 standarta z\u012bmogs firm\u0101m ikdienas lieto\u0161anai.","og_url":"https:\/\/zimogufabrika24.lv\/en\/veikals\/zimogi\/round-stamps\/automatiskais-zimogs-colop-printer-r40-o38-mm\/","og_site_name":"ZimoguFabrika24.lv","article_modified_time":"2026-03-18T12:49:02+00:00","og_image":[{"width":1000,"height":1000,"url":"https:\/\/zimogufabrika24.lv\/wp-content\/uploads\/2026\/03\/colop-printer-r40.webp","type":"image\/webp"}],"twitter_card":"summary_large_image","twitter_misc":{"Price":"25.70&nbsp;&euro;","Availability":"In stock"},"schema":{"@context":"https:\/\/schema.org","@graph":[{"@type":"WebPage","@id":"https:\/\/zimogufabrika24.lv\/veikals\/zimogi\/round-stamps\/automatiskais-zimogs-colop-printer-r40-o38-mm\/","url":"https:\/\/zimogufabrika24.lv\/veikals\/zimogi\/round-stamps\/automatiskais-zimogs-colop-printer-r40-o38-mm\/","name":"Autom\u0101tiskais z\u012bmogs Colop Printer R40","isPartOf":{"@id":"https:\/\/zimogufabrika24.lv\/#website"},"primaryImageOfPage":{"@id":"https:\/\/zimogufabrika24.lv\/veikals\/zimogi\/round-stamps\/automatiskais-zimogs-colop-printer-r40-o38-mm\/#primaryimage"},"image":{"@id":"https:\/\/zimogufabrika24.lv\/veikals\/zimogi\/round-stamps\/automatiskais-zimogs-colop-printer-r40-o38-mm\/#primaryimage"},"thumbnailUrl":"https:\/\/zimogufabrika24.lv\/wp-content\/uploads\/2026\/03\/colop-printer-r40.webp","datePublished":"2026-03-18T12:49:01+00:00","dateModified":"2026-03-18T12:49:02+00:00","breadcrumb":{"@id":"https:\/\/zimogufabrika24.lv\/veikals\/zimogi\/round-stamps\/automatiskais-zimogs-colop-printer-r40-o38-mm\/#breadcrumb"},"inLanguage":"en-US","potentialAction":[{"@type":"ReadAction","target":["https:\/\/zimogufabrika24.lv\/veikals\/zimogi\/round-stamps\/automatiskais-zimogs-colop-printer-r40-o38-mm\/"]}]},{"@type":"ImageObject","inLanguage":"en-US","@id":"https:\/\/zimogufabrika24.lv\/veikals\/zimogi\/round-stamps\/automatiskais-zimogs-colop-printer-r40-o38-mm\/#primaryimage","url":"https:\/\/zimogufabrika24.lv\/wp-content\/uploads\/2026\/03\/colop-printer-r40.webp","contentUrl":"https:\/\/zimogufabrika24.lv\/wp-content\/uploads\/2026\/03\/colop-printer-r40.webp","width":1000,"height":1000,"caption":"Colop Printer R40 z\u012bmogs ar nospieduma izm\u0113ru 38 mm diametr\u0101"},{"@type":"BreadcrumbList","@id":"https:\/\/zimogufabrika24.lv\/veikals\/zimogi\/round-stamps\/automatiskais-zimogs-colop-printer-r40-o38-mm\/#breadcrumb","itemListElement":[{"@type":"ListItem","position":1,"name":"Home","item":"https:\/\/zimogufabrika24.lv\/"},{"@type":"ListItem","position":2,"name":"VEIKALS","item":"https:\/\/zimogufabrika24.lv\/veikals\/"},{"@type":"ListItem","position":3,"name":"Autom\u0101tiskais z\u012bmogs Colop Printer R40 (\u00d838 mm)"}]},{"@type":"WebSite","@id":"https:\/\/zimogufabrika24.lv\/#website","url":"https:\/\/zimogufabrika24.lv\/","name":"ZimoguFabrika24","description":"","publisher":{"@id":"https:\/\/zimogufabrika24.lv\/#organization"},"potentialAction":[{"@type":"SearchAction","target":{"@type":"EntryPoint","urlTemplate":"https:\/\/zimogufabrika24.lv\/?s={search_term_string}"},"query-input":{"@type":"PropertyValueSpecification","valueRequired":true,"valueName":"search_term_string"}}],"inLanguage":"en-US"},{"@type":"Organization","@id":"https:\/\/zimogufabrika24.lv\/#organization","name":"SIA Z\u012aMOGU FABRIKA","url":"https:\/\/zimogufabrika24.lv\/","logo":{"@type":"ImageObject","inLanguage":"en-US","@id":"https:\/\/zimogufabrika24.lv\/#\/schema\/logo\/image\/","url":"https:\/\/zimogufabrika24.lv\/wp-content\/uploads\/2026\/01\/Zimogu_Fabrika_logo@3.png","contentUrl":"https:\/\/zimogufabrika24.lv\/wp-content\/uploads\/2026\/01\/Zimogu_Fabrika_logo@3.png","width":900,"height":738,"caption":"SIA Z\u012aMOGU FABRIKA"},"image":{"@id":"https:\/\/zimogufabrika24.lv\/#\/schema\/logo\/image\/"}}]},"product_brand":"Colop","product_price_amount":"25.70","product_price_currency":"EUR","og_availability":"instock","product_availability":"instock","product_condition":"new"},"_links":{"self":[{"href":"https:\/\/zimogufabrika24.lv\/en\/wp-json\/wp\/v2\/product\/2190","targetHints":{"allow":["GET"]}}],"collection":[{"href":"https:\/\/zimogufabrika24.lv\/en\/wp-json\/wp\/v2\/product"}],"about":[{"href":"https:\/\/zimogufabrika24.lv\/en\/wp-json\/wp\/v2\/types\/product"}],"version-history":[{"count":0,"href":"https:\/\/zimogufabrika24.lv\/en\/wp-json\/wp\/v2\/product\/2190\/revisions"}],"wp:featuredmedia":[{"embeddable":true,"href":"https:\/\/zimogufabrika24.lv\/en\/wp-json\/wp\/v2\/media\/1981"}],"wp:attachment":[{"href":"https:\/\/zimogufabrika24.lv\/en\/wp-json\/wp\/v2\/media?parent=2190"}],"wp:term":[{"taxonomy":"product_brand","embeddable":true,"href":"https:\/\/zimogufabrika24.lv\/en\/wp-json\/wp\/v2\/product_brand?post=2190"},{"taxonomy":"product_cat","embeddable":true,"href":"https:\/\/zimogufabrika24.lv\/en\/wp-json\/wp\/v2\/product_cat?post=2190"},{"taxonomy":"product_tag","embeddable":true,"href":"https:\/\/zimogufabrika24.lv\/en\/wp-json\/wp\/v2\/product_tag?post=2190"}],"curies":[{"name":"wp","href":"https:\/\/api.w.org\/{rel}","templated":true}]}}