{"id":2211,"date":"2026-03-20T13:02:53","date_gmt":"2026-03-20T13:02:53","guid":{"rendered":"https:\/\/zimogufabrika24.lv\/?post_type=product&#038;p=2211"},"modified":"2026-03-20T13:02:53","modified_gmt":"2026-03-20T13:02:53","slug":"automatiskais-zimogs-colop-printer-r30-o28-mm","status":"publish","type":"product","link":"https:\/\/zimogufabrika24.lv\/en\/veikals\/zimogi\/round-stamps\/automatiskais-zimogs-colop-printer-r30-o28-mm\/","title":{"rendered":"Autom\u0101tiskais z\u012bmogs Colop Printer R30 (\u00d828 mm)"},"content":{"rendered":"<p data-start=\"971\" data-end=\"1207\">Autom\u0101tiskais z\u012bmogs <strong data-start=\"992\" data-end=\"1013\">Colop Printer R30<\/strong> ir kompakts un uzticams risin\u0101jums profesion\u0101lai ikdienas lieto\u0161anai. \u0160is <strong data-start=\"1088\" data-end=\"1113\">pa\u0161kr\u0101sojo\u0161ais z\u012bmogs<\/strong> nodro\u0161ina skaidru un prec\u012bzu nospiedumu, kas ir b\u016btiski dokumentu apstr\u0101d\u0113 un apstiprin\u0101\u0161an\u0101.<\/p>\n<p data-start=\"1209\" data-end=\"1497\">28 mm diametra apa\u013cais nospiedums ir \u012bpa\u0161i piem\u0113rots k\u0101 <strong data-start=\"1265\" data-end=\"1281\">\u0101rstu z\u012bmogs<\/strong>, jo \u013cauj \u0113rti un p\u0101rskat\u0101mi izvietot v\u0101rdu, specialit\u0101ti vai citu b\u016btisku inform\u0101ciju. Tas ir ar\u012b praktisks k\u0101 neliels <strong data-start=\"1401\" data-end=\"1420\">uz\u0146\u0113muma z\u012bmogs<\/strong> vai <strong data-start=\"1425\" data-end=\"1442\">biroja z\u012bmogs<\/strong>, kur nepiecie\u0161ams kompakts un profesion\u0101ls risin\u0101jums.<\/p>\n<p data-start=\"1499\" data-end=\"1715\">Ergonomiskais meh\u0101nisms nodro\u0161ina \u0113rtu lieto\u0161anu, savuk\u0101rt kvalitat\u012bvais korpuss garant\u0113 iztur\u012bbu ilgtermi\u0146\u0101. <strong data-start=\"1609\" data-end=\"1643\">Nomain\u0101mais tintes spilventi\u0146\u0161<\/strong> \u013cauj saglab\u0101t augstu nospieduma kvalit\u0101ti ar\u012b p\u0113c ilgsto\u0161as lieto\u0161anas.<\/p>\n<p data-start=\"1717\" data-end=\"1877\">Colop Printer R30 ir lieliska izv\u0113le \u0101rstiem, speci\u0101listiem un uz\u0146\u0113mumiem, kuriem nepiecie\u0161ams kompakts, kvalitat\u012bvs un \u0113rti lietojams <strong data-start=\"1852\" data-end=\"1876\">autom\u0101tiskais z\u012bmogs<\/strong>.<\/p>\n<ul>\n<li data-section-id=\"1jxkg7t\" data-start=\"569\" data-end=\"612\">\n<p data-start=\"571\" data-end=\"612\">Autom\u0101tiskais <strong data-start=\"585\" data-end=\"610\">pa\u0161kr\u0101sojo\u0161ais z\u012bmogs<\/strong><\/p>\n<\/li>\n<li data-section-id=\"m9i4ai\" data-start=\"613\" data-end=\"647\">\n<p data-start=\"615\" data-end=\"647\">Nospieduma diametrs: <strong data-start=\"636\" data-end=\"645\">28 mm<\/strong><\/p>\n<\/li>\n<li data-section-id=\"hz6bt1\" data-start=\"648\" data-end=\"705\">\n<p data-start=\"650\" data-end=\"705\">Apa\u013ca forma kompaktiem un profesion\u0101liem nospiedumiem<\/p>\n<\/li>\n<li data-section-id=\"wze5lc\" data-start=\"706\" data-end=\"746\">\n<p data-start=\"708\" data-end=\"746\">Ide\u0101li piem\u0113rots k\u0101 <strong data-start=\"728\" data-end=\"744\">\u0101rstu z\u012bmogs<\/strong><\/p>\n<\/li>\n<li data-section-id=\"1m1tark\" data-start=\"747\" data-end=\"783\">\n<p data-start=\"749\" data-end=\"783\">Skaidrs un vienm\u0113r\u012bgs nospiedums<\/p>\n<\/li>\n<li data-section-id=\"18krpjh\" data-start=\"784\" data-end=\"820\">\n<p data-start=\"786\" data-end=\"820\"><strong data-start=\"786\" data-end=\"818\">Nomain\u0101ms tintes spilventi\u0146\u0161<\/strong><\/p>\n<\/li>\n<li data-section-id=\"1t35ycu\" data-start=\"821\" data-end=\"856\">\n<p data-start=\"823\" data-end=\"856\">Ergonomisks un iztur\u012bgs korpuss<\/p>\n<\/li>\n<li data-section-id=\"s5uxle\" data-start=\"857\" data-end=\"912\">\n<p data-start=\"859\" data-end=\"912\">Piem\u0113rots k\u0101 <strong data-start=\"872\" data-end=\"891\">uz\u0146\u0113muma z\u012bmogs<\/strong> un <strong data-start=\"895\" data-end=\"912\">biroja z\u012bmogs<\/strong><\/p>\n<\/li>\n<\/ul>\n<table>\n<thead>\n<tr>\n<th>Parametrs<\/th>\n<th>V\u0113rt\u012bba<\/th>\n<\/tr>\n<\/thead>\n<tbody>\n<tr>\n<td>Z\u012bmoga tips<\/td>\n<td>Autom\u0101tiskais<\/td>\n<\/tr>\n<tr>\n<td>Modelis<\/td>\n<td>Colop Printer R30<\/td>\n<\/tr>\n<tr>\n<td>Nospieduma forma<\/td>\n<td>Apa\u013ca<\/td>\n<\/tr>\n<tr>\n<td>Nospieduma izm\u0113rs<\/td>\n<td>\u00d8 28 mm<\/td>\n<\/tr>\n<tr>\n<td>Meh\u0101nisms<\/td>\n<td>pa\u0161kr\u0101sojo\u0161ais<\/td>\n<\/tr>\n<tr>\n<td>Tintes spilventi\u0146\u0161<\/td>\n<td>nomain\u0101ms<\/td>\n<\/tr>\n<\/tbody>\n<\/table>\n<p data-start=\"2173\" data-end=\"2236\">Autom\u0101tiskais <strong data-start=\"2187\" data-end=\"2204\">biroja z\u012bmogs<\/strong> Colop Printer R30 ir piem\u0113rots:<\/p>\n<ul data-start=\"2238\" data-end=\"2443\">\n<li data-section-id=\"1bcge5q\" data-start=\"2238\" data-end=\"2279\">\n<p data-start=\"2240\" data-end=\"2279\">k\u0101 <strong data-start=\"2243\" data-end=\"2259\">\u0101rstu z\u012bmogs<\/strong> medic\u012bnas praks\u0113s<\/p>\n<\/li>\n<li data-section-id=\"1kl5mfd\" data-start=\"2280\" data-end=\"2318\">\n<p data-start=\"2282\" data-end=\"2318\">uz\u0146\u0113muma dokumentu apstiprin\u0101\u0161anai<\/p>\n<\/li>\n<li data-section-id=\"11rxr03\" data-start=\"2319\" data-end=\"2341\">\n<p data-start=\"2321\" data-end=\"2341\">biroja dokumentiem<\/p>\n<\/li>\n<li data-section-id=\"1eibjtx\" data-start=\"2342\" data-end=\"2367\">\n<p data-start=\"2344\" data-end=\"2367\">l\u012bgumiem un veidlap\u0101m<\/p>\n<\/li>\n<li data-section-id=\"tjrqx0\" data-start=\"2368\" data-end=\"2409\">\n<p data-start=\"2370\" data-end=\"2409\">individu\u0101lai profesion\u0101lai lieto\u0161anai<\/p>\n<\/li>\n<li data-section-id=\"1uykmr9\" data-start=\"2410\" data-end=\"2443\">\n<p data-start=\"2412\" data-end=\"2443\">nelielam <strong data-start=\"2421\" data-end=\"2441\">uz\u0146\u0113muma z\u012bmogam<\/strong><\/p>\n<\/li>\n<\/ul>","protected":false},"excerpt":{"rendered":"<p>Autom\u0101tiskais z\u012bmogs <strong data-start=\"204\" data-end=\"225\">Colop Printer R30<\/strong> ar 28 mm diametra nospiedumu ir kompakts un prec\u012bzs <strong data-start=\"278\" data-end=\"295\">biroja z\u012bmogs<\/strong>, kas \u012bpa\u0161i piem\u0113rots k\u0101 <strong data-start=\"320\" data-end=\"336\">\u0101rstu z\u012bmogs<\/strong> vai neliels <strong data-start=\"349\" data-end=\"368\">uz\u0146\u0113muma z\u012bmogs<\/strong>. Apa\u013c\u0101 forma nodro\u0161ina vizu\u0101li sak\u0101rtotu inform\u0101cijas izvietojumu. \u0160is <strong data-start=\"440\" data-end=\"465\">pa\u0161kr\u0101sojo\u0161ais z\u012bmogs<\/strong> garant\u0113 skaidru nospiedumu, \u0113rtu lieto\u0161anu un ilgm\u016b\u017e\u012bbu ikdienas darb\u0101.<\/p>","protected":false},"featured_media":2212,"template":"","meta":{"_acf_changed":false,"site-sidebar-layout":"default","site-content-layout":"","ast-site-content-layout":"default","site-content-style":"default","site-sidebar-style":"default","ast-global-header-display":"","ast-banner-title-visibility":"","ast-main-header-display":"","ast-hfb-above-header-display":"","ast-hfb-below-header-display":"","ast-hfb-mobile-header-display":"","site-post-title":"","ast-breadcrumbs-content":"","ast-featured-img":"","footer-sml-layout":"","ast-disable-related-posts":"","theme-transparent-header-meta":"default","adv-header-id-meta":"","stick-header-meta":"default","header-above-stick-meta":"","header-main-stick-meta":"","header-below-stick-meta":"","astra-migrate-meta-layouts":"set","ast-page-background-enabled":"default","ast-page-background-meta":{"desktop":{"background-color":"var(--ast-global-color-5)","background-image":"","background-repeat":"repeat","background-position":"center center","background-size":"auto","background-attachment":"scroll","background-type":"","background-media":"","overlay-type":"","overlay-color":"","overlay-opacity":"","overlay-gradient":""},"tablet":{"background-color":"","background-image":"","background-repeat":"repeat","background-position":"center center","background-size":"auto","background-attachment":"scroll","background-type":"","background-media":"","overlay-type":"","overlay-color":"","overlay-opacity":"","overlay-gradient":""},"mobile":{"background-color":"","background-image":"","background-repeat":"repeat","background-position":"center center","background-size":"auto","background-attachment":"scroll","background-type":"","background-media":"","overlay-type":"","overlay-color":"","overlay-opacity":"","overlay-gradient":""}},"ast-content-background-meta":{"desktop":{"background-color":"var(--ast-global-color-4)","background-image":"","background-repeat":"repeat","background-position":"center center","background-size":"auto","background-attachment":"scroll","background-type":"","background-media":"","overlay-type":"","overlay-color":"","overlay-opacity":"","overlay-gradient":""},"tablet":{"background-color":"var(--ast-global-color-4)","background-image":"","background-repeat":"repeat","background-position":"center center","background-size":"auto","background-attachment":"scroll","background-type":"","background-media":"","overlay-type":"","overlay-color":"","overlay-opacity":"","overlay-gradient":""},"mobile":{"background-color":"var(--ast-global-color-4)","background-image":"","background-repeat":"repeat","background-position":"center center","background-size":"auto","background-attachment":"scroll","background-type":"","background-media":"","overlay-type":"","overlay-color":"","overlay-opacity":"","overlay-gradient":""}}},"product_brand":[65],"product_cat":[25,20,39,46,68,52,58,55],"product_tag":[],"class_list":{"0":"post-2211","1":"product","2":"type-product","3":"status-publish","4":"has-post-thumbnail","6":"product_brand-colop","7":"product_cat-round-stamps","8":"product_cat-biroja-zimogi","9":"product_cat-kazu-zimogi","10":"product_cat-skolu-zimogi","11":"product_cat-uznemumu-zimogi","12":"product_cat-veterinararstu-zimogi","13":"product_cat-zimogi","14":"product_cat-zimogi-ar-logotipu","15":"desktop-align-left","16":"tablet-align-left","17":"mobile-align-left","18":"ast-product-gallery-layout-horizontal-slider","19":"ast-product-gallery-with-no-image","20":"ast-product-tabs-layout-horizontal","22":"first","23":"instock","24":"shipping-taxable","25":"purchasable","26":"product-type-simple"},"acf":[],"yoast_head":"<!-- This site is optimized with the Yoast SEO Premium plugin v27.2 (Yoast SEO v27.2) - https:\/\/yoast.com\/product\/yoast-seo-premium-wordpress\/ -->\n<title>Autom\u0101tiskais z\u012bmogs Colop Printer R30<\/title>\n<meta name=\"robots\" content=\"index, follow, max-snippet:-1, max-image-preview:large, max-video-preview:-1\" \/>\n<link rel=\"canonical\" href=\"https:\/\/zimogufabrika24.lv\/en\/veikals\/zimogi\/round-stamps\/automatiskais-zimogs-colop-printer-r30-o28-mm\/\" \/>\n<meta property=\"og:locale\" content=\"en_US\" \/>\n<meta property=\"og:type\" content=\"article\" \/>\n<meta property=\"og:title\" content=\"Autom\u0101tiskais z\u012bmogs Colop Printer R30 (\u00d828 mm)\" \/>\n<meta property=\"og:description\" content=\"Autom\u0101tiskais z\u012bmogs Colop Printer R30 ar 28 mm diametra nospiedumu ir kompakts un prec\u012bzs biroja z\u012bmogs, kas \u012bpa\u0161i piem\u0113rots k\u0101 \u0101rstu z\u012bmogs vai neliels uz\u0146\u0113muma z\u012bmogs. Apa\u013c\u0101 forma nodro\u0161ina vizu\u0101li sak\u0101rtotu inform\u0101cijas izvietojumu. \u0160is pa\u0161kr\u0101sojo\u0161ais z\u012bmogs garant\u0113 skaidru nospiedumu, \u0113rtu lieto\u0161anu un ilgm\u016b\u017e\u012bbu ikdienas darb\u0101.\" \/>\n<meta property=\"og:url\" content=\"https:\/\/zimogufabrika24.lv\/en\/veikals\/zimogi\/round-stamps\/automatiskais-zimogs-colop-printer-r30-o28-mm\/\" \/>\n<meta property=\"og:site_name\" content=\"ZimoguFabrika24.lv\" \/>\n<meta property=\"og:image\" content=\"https:\/\/zimogufabrika24.lv\/wp-content\/uploads\/2026\/03\/colop-printer-r30.webp\" \/>\n\t<meta property=\"og:image:width\" content=\"1000\" \/>\n\t<meta property=\"og:image:height\" content=\"1000\" \/>\n\t<meta property=\"og:image:type\" content=\"image\/webp\" \/>\n<meta name=\"twitter:card\" content=\"summary_large_image\" \/>\n<meta name=\"twitter:label1\" content=\"Price\" \/>\n\t<meta name=\"twitter:data1\" content=\"20.00&nbsp;&euro;\" \/>\n\t<meta name=\"twitter:label2\" content=\"Availability\" \/>\n\t<meta name=\"twitter:data2\" content=\"In stock\" \/>\n<script type=\"application\/ld+json\" class=\"yoast-schema-graph\">{\"@context\":\"https:\/\/schema.org\",\"@graph\":[{\"@type\":\"WebPage\",\"@id\":\"https:\/\/zimogufabrika24.lv\/veikals\/zimogi\/round-stamps\/automatiskais-zimogs-colop-printer-r30-o28-mm\/\",\"url\":\"https:\/\/zimogufabrika24.lv\/veikals\/zimogi\/round-stamps\/automatiskais-zimogs-colop-printer-r30-o28-mm\/\",\"name\":\"Autom\u0101tiskais z\u012bmogs Colop Printer R30\",\"isPartOf\":{\"@id\":\"https:\/\/zimogufabrika24.lv\/#website\"},\"primaryImageOfPage\":{\"@id\":\"https:\/\/zimogufabrika24.lv\/veikals\/zimogi\/round-stamps\/automatiskais-zimogs-colop-printer-r30-o28-mm\/#primaryimage\"},\"image\":{\"@id\":\"https:\/\/zimogufabrika24.lv\/veikals\/zimogi\/round-stamps\/automatiskais-zimogs-colop-printer-r30-o28-mm\/#primaryimage\"},\"thumbnailUrl\":\"https:\/\/zimogufabrika24.lv\/wp-content\/uploads\/2026\/03\/colop-printer-r30.webp\",\"datePublished\":\"2026-03-20T13:02:53+00:00\",\"breadcrumb\":{\"@id\":\"https:\/\/zimogufabrika24.lv\/veikals\/zimogi\/round-stamps\/automatiskais-zimogs-colop-printer-r30-o28-mm\/#breadcrumb\"},\"inLanguage\":\"en-US\",\"potentialAction\":[{\"@type\":\"ReadAction\",\"target\":[\"https:\/\/zimogufabrika24.lv\/veikals\/zimogi\/round-stamps\/automatiskais-zimogs-colop-printer-r30-o28-mm\/\"]}]},{\"@type\":\"ImageObject\",\"inLanguage\":\"en-US\",\"@id\":\"https:\/\/zimogufabrika24.lv\/veikals\/zimogi\/round-stamps\/automatiskais-zimogs-colop-printer-r30-o28-mm\/#primaryimage\",\"url\":\"https:\/\/zimogufabrika24.lv\/wp-content\/uploads\/2026\/03\/colop-printer-r30.webp\",\"contentUrl\":\"https:\/\/zimogufabrika24.lv\/wp-content\/uploads\/2026\/03\/colop-printer-r30.webp\",\"width\":1000,\"height\":1000,\"caption\":\"Colop Printer R30 z\u012bmogs ar nospieduma izm\u0113ru 28 mm diametr\u0101\"},{\"@type\":\"BreadcrumbList\",\"@id\":\"https:\/\/zimogufabrika24.lv\/veikals\/zimogi\/round-stamps\/automatiskais-zimogs-colop-printer-r30-o28-mm\/#breadcrumb\",\"itemListElement\":[{\"@type\":\"ListItem\",\"position\":1,\"name\":\"Home\",\"item\":\"https:\/\/zimogufabrika24.lv\/\"},{\"@type\":\"ListItem\",\"position\":2,\"name\":\"VEIKALS\",\"item\":\"https:\/\/zimogufabrika24.lv\/veikals\/\"},{\"@type\":\"ListItem\",\"position\":3,\"name\":\"Autom\u0101tiskais z\u012bmogs Colop Printer R30 (\u00d828 mm)\"}]},{\"@type\":\"WebSite\",\"@id\":\"https:\/\/zimogufabrika24.lv\/#website\",\"url\":\"https:\/\/zimogufabrika24.lv\/\",\"name\":\"ZimoguFabrika24\",\"description\":\"\",\"publisher\":{\"@id\":\"https:\/\/zimogufabrika24.lv\/#organization\"},\"potentialAction\":[{\"@type\":\"SearchAction\",\"target\":{\"@type\":\"EntryPoint\",\"urlTemplate\":\"https:\/\/zimogufabrika24.lv\/?s={search_term_string}\"},\"query-input\":{\"@type\":\"PropertyValueSpecification\",\"valueRequired\":true,\"valueName\":\"search_term_string\"}}],\"inLanguage\":\"en-US\"},{\"@type\":\"Organization\",\"@id\":\"https:\/\/zimogufabrika24.lv\/#organization\",\"name\":\"SIA Z\u012aMOGU FABRIKA\",\"url\":\"https:\/\/zimogufabrika24.lv\/\",\"logo\":{\"@type\":\"ImageObject\",\"inLanguage\":\"en-US\",\"@id\":\"https:\/\/zimogufabrika24.lv\/#\/schema\/logo\/image\/\",\"url\":\"https:\/\/zimogufabrika24.lv\/wp-content\/uploads\/2026\/01\/Zimogu_Fabrika_logo@3.png\",\"contentUrl\":\"https:\/\/zimogufabrika24.lv\/wp-content\/uploads\/2026\/01\/Zimogu_Fabrika_logo@3.png\",\"width\":900,\"height\":738,\"caption\":\"SIA Z\u012aMOGU FABRIKA\"},\"image\":{\"@id\":\"https:\/\/zimogufabrika24.lv\/#\/schema\/logo\/image\/\"}}]}<\/script>\n<meta property=\"product:brand\" content=\"Colop\" \/>\n<meta property=\"product:price:amount\" content=\"20.00\" \/>\n<meta property=\"product:price:currency\" content=\"EUR\" \/>\n<meta property=\"og:availability\" content=\"instock\" \/>\n<meta property=\"product:availability\" content=\"instock\" \/>\n<meta property=\"product:condition\" content=\"new\" \/>\n<!-- \/ Yoast SEO Premium plugin. -->","yoast_head_json":{"title":"Autom\u0101tiskais z\u012bmogs Colop Printer R30","robots":{"index":"index","follow":"follow","max-snippet":"max-snippet:-1","max-image-preview":"max-image-preview:large","max-video-preview":"max-video-preview:-1"},"canonical":"https:\/\/zimogufabrika24.lv\/en\/veikals\/zimogi\/round-stamps\/automatiskais-zimogs-colop-printer-r30-o28-mm\/","og_locale":"en_US","og_type":"article","og_title":"Autom\u0101tiskais z\u012bmogs Colop Printer R30 (\u00d828 mm)","og_description":"Autom\u0101tiskais z\u012bmogs Colop Printer R30 ar 28 mm diametra nospiedumu ir kompakts un prec\u012bzs biroja z\u012bmogs, kas \u012bpa\u0161i piem\u0113rots k\u0101 \u0101rstu z\u012bmogs vai neliels uz\u0146\u0113muma z\u012bmogs. Apa\u013c\u0101 forma nodro\u0161ina vizu\u0101li sak\u0101rtotu inform\u0101cijas izvietojumu. \u0160is pa\u0161kr\u0101sojo\u0161ais z\u012bmogs garant\u0113 skaidru nospiedumu, \u0113rtu lieto\u0161anu un ilgm\u016b\u017e\u012bbu ikdienas darb\u0101.","og_url":"https:\/\/zimogufabrika24.lv\/en\/veikals\/zimogi\/round-stamps\/automatiskais-zimogs-colop-printer-r30-o28-mm\/","og_site_name":"ZimoguFabrika24.lv","og_image":[{"width":1000,"height":1000,"url":"https:\/\/zimogufabrika24.lv\/wp-content\/uploads\/2026\/03\/colop-printer-r30.webp","type":"image\/webp"}],"twitter_card":"summary_large_image","twitter_misc":{"Price":"20.00&nbsp;&euro;","Availability":"In stock"},"schema":{"@context":"https:\/\/schema.org","@graph":[{"@type":"WebPage","@id":"https:\/\/zimogufabrika24.lv\/veikals\/zimogi\/round-stamps\/automatiskais-zimogs-colop-printer-r30-o28-mm\/","url":"https:\/\/zimogufabrika24.lv\/veikals\/zimogi\/round-stamps\/automatiskais-zimogs-colop-printer-r30-o28-mm\/","name":"Autom\u0101tiskais z\u012bmogs Colop Printer R30","isPartOf":{"@id":"https:\/\/zimogufabrika24.lv\/#website"},"primaryImageOfPage":{"@id":"https:\/\/zimogufabrika24.lv\/veikals\/zimogi\/round-stamps\/automatiskais-zimogs-colop-printer-r30-o28-mm\/#primaryimage"},"image":{"@id":"https:\/\/zimogufabrika24.lv\/veikals\/zimogi\/round-stamps\/automatiskais-zimogs-colop-printer-r30-o28-mm\/#primaryimage"},"thumbnailUrl":"https:\/\/zimogufabrika24.lv\/wp-content\/uploads\/2026\/03\/colop-printer-r30.webp","datePublished":"2026-03-20T13:02:53+00:00","breadcrumb":{"@id":"https:\/\/zimogufabrika24.lv\/veikals\/zimogi\/round-stamps\/automatiskais-zimogs-colop-printer-r30-o28-mm\/#breadcrumb"},"inLanguage":"en-US","potentialAction":[{"@type":"ReadAction","target":["https:\/\/zimogufabrika24.lv\/veikals\/zimogi\/round-stamps\/automatiskais-zimogs-colop-printer-r30-o28-mm\/"]}]},{"@type":"ImageObject","inLanguage":"en-US","@id":"https:\/\/zimogufabrika24.lv\/veikals\/zimogi\/round-stamps\/automatiskais-zimogs-colop-printer-r30-o28-mm\/#primaryimage","url":"https:\/\/zimogufabrika24.lv\/wp-content\/uploads\/2026\/03\/colop-printer-r30.webp","contentUrl":"https:\/\/zimogufabrika24.lv\/wp-content\/uploads\/2026\/03\/colop-printer-r30.webp","width":1000,"height":1000,"caption":"Colop Printer R30 z\u012bmogs ar nospieduma izm\u0113ru 28 mm diametr\u0101"},{"@type":"BreadcrumbList","@id":"https:\/\/zimogufabrika24.lv\/veikals\/zimogi\/round-stamps\/automatiskais-zimogs-colop-printer-r30-o28-mm\/#breadcrumb","itemListElement":[{"@type":"ListItem","position":1,"name":"Home","item":"https:\/\/zimogufabrika24.lv\/"},{"@type":"ListItem","position":2,"name":"VEIKALS","item":"https:\/\/zimogufabrika24.lv\/veikals\/"},{"@type":"ListItem","position":3,"name":"Autom\u0101tiskais z\u012bmogs Colop Printer R30 (\u00d828 mm)"}]},{"@type":"WebSite","@id":"https:\/\/zimogufabrika24.lv\/#website","url":"https:\/\/zimogufabrika24.lv\/","name":"ZimoguFabrika24","description":"","publisher":{"@id":"https:\/\/zimogufabrika24.lv\/#organization"},"potentialAction":[{"@type":"SearchAction","target":{"@type":"EntryPoint","urlTemplate":"https:\/\/zimogufabrika24.lv\/?s={search_term_string}"},"query-input":{"@type":"PropertyValueSpecification","valueRequired":true,"valueName":"search_term_string"}}],"inLanguage":"en-US"},{"@type":"Organization","@id":"https:\/\/zimogufabrika24.lv\/#organization","name":"SIA Z\u012aMOGU FABRIKA","url":"https:\/\/zimogufabrika24.lv\/","logo":{"@type":"ImageObject","inLanguage":"en-US","@id":"https:\/\/zimogufabrika24.lv\/#\/schema\/logo\/image\/","url":"https:\/\/zimogufabrika24.lv\/wp-content\/uploads\/2026\/01\/Zimogu_Fabrika_logo@3.png","contentUrl":"https:\/\/zimogufabrika24.lv\/wp-content\/uploads\/2026\/01\/Zimogu_Fabrika_logo@3.png","width":900,"height":738,"caption":"SIA Z\u012aMOGU FABRIKA"},"image":{"@id":"https:\/\/zimogufabrika24.lv\/#\/schema\/logo\/image\/"}}]},"product_brand":"Colop","product_price_amount":"20.00","product_price_currency":"EUR","og_availability":"instock","product_availability":"instock","product_condition":"new"},"_links":{"self":[{"href":"https:\/\/zimogufabrika24.lv\/en\/wp-json\/wp\/v2\/product\/2211","targetHints":{"allow":["GET"]}}],"collection":[{"href":"https:\/\/zimogufabrika24.lv\/en\/wp-json\/wp\/v2\/product"}],"about":[{"href":"https:\/\/zimogufabrika24.lv\/en\/wp-json\/wp\/v2\/types\/product"}],"version-history":[{"count":0,"href":"https:\/\/zimogufabrika24.lv\/en\/wp-json\/wp\/v2\/product\/2211\/revisions"}],"wp:featuredmedia":[{"embeddable":true,"href":"https:\/\/zimogufabrika24.lv\/en\/wp-json\/wp\/v2\/media\/2212"}],"wp:attachment":[{"href":"https:\/\/zimogufabrika24.lv\/en\/wp-json\/wp\/v2\/media?parent=2211"}],"wp:term":[{"taxonomy":"product_brand","embeddable":true,"href":"https:\/\/zimogufabrika24.lv\/en\/wp-json\/wp\/v2\/product_brand?post=2211"},{"taxonomy":"product_cat","embeddable":true,"href":"https:\/\/zimogufabrika24.lv\/en\/wp-json\/wp\/v2\/product_cat?post=2211"},{"taxonomy":"product_tag","embeddable":true,"href":"https:\/\/zimogufabrika24.lv\/en\/wp-json\/wp\/v2\/product_tag?post=2211"}],"curies":[{"name":"wp","href":"https:\/\/api.w.org\/{rel}","templated":true}]}}