{"id":2215,"date":"2026-03-20T13:12:14","date_gmt":"2026-03-20T13:12:14","guid":{"rendered":"https:\/\/zimogufabrika24.lv\/?post_type=product&#038;p=2215"},"modified":"2026-03-20T13:12:14","modified_gmt":"2026-03-20T13:12:14","slug":"automatiskais-zimogs-colop-printer-60-74x35-mm","status":"publish","type":"product","link":"https:\/\/zimogufabrika24.lv\/en\/veikals\/zimogi\/biroja-zimogi\/automatiskais-zimogs-colop-printer-60-74x35-mm\/","title":{"rendered":"Autom\u0101tiskais z\u012bmogs Colop Printer 60 (74\u00d735 mm)"},"content":{"rendered":"<p data-start=\"1012\" data-end=\"1311\">Autom\u0101tiskais z\u012bmogs <strong data-start=\"1033\" data-end=\"1053\">Colop Printer 60<\/strong> ir augstas ietilp\u012bbas un profesion\u0101ls risin\u0101jums uz\u0146\u0113mumiem, kuriem nepiecie\u0161ams liels un funkcion\u0101ls <strong data-start=\"1156\" data-end=\"1173\">biroja z\u012bmogs<\/strong>. \u0160is <strong data-start=\"1179\" data-end=\"1204\">pa\u0161kr\u0101sojo\u0161ais z\u012bmogs<\/strong> nodro\u0161ina skaidru, vienm\u0113r\u012bgu un kvalitat\u012bvu nospiedumu, kas ir b\u016btiski dokumentu apstr\u0101d\u0113 un noform\u0113\u0161an\u0101.<\/p>\n<p data-start=\"1313\" data-end=\"1764\">74\u00d735 mm nospieduma laukums \u013cauj izvietot l\u012bdz <strong data-start=\"1360\" data-end=\"1380\">11 teksta rind\u0101m<\/strong>, kas padara \u0161o modeli par ide\u0101lu izv\u0113li k\u0101 <strong data-start=\"1424\" data-end=\"1444\">rekviz\u012btu z\u012bmogs<\/strong> ar pilnu uz\u0146\u0113muma inform\u0101ciju. Tas ir \u012bpa\u0161i piem\u0113rots k\u0101 <strong data-start=\"1502\" data-end=\"1523\">gr\u0101matve\u017eu z\u012bmogs<\/strong>, kur nepiecie\u0161ams nor\u0101d\u012bt detaliz\u0113tus datus \u2013 uz\u0146\u0113muma nosaukumu, re\u0123istr\u0101cijas numuru, adresi, bankas inform\u0101ciju un kontaktus. Pla\u0161ais laukums \u013cauj izveidot ar\u012b <strong data-start=\"1687\" data-end=\"1719\">z\u012bmogu ar tekstu un logotipu<\/strong>, pie\u0161\u0137irot dokumentiem profesion\u0101lu izskatu.<\/p>\n<p data-start=\"1766\" data-end=\"2026\">Z\u012bmogs ir apr\u012bkots ar iztur\u012bgu meh\u0101nismu un <strong data-start=\"1810\" data-end=\"1842\">nomain\u0101mu tintes spilventi\u0146u<\/strong>, kas nodro\u0161ina ilgsto\u0161u un ekonomisku lieto\u0161anu. Colop Printer 60 ir uzticams <strong data-start=\"1921\" data-end=\"1940\">uz\u0146\u0113muma z\u012bmogs<\/strong> un praktisks <strong data-start=\"1954\" data-end=\"1971\">z\u012bmogs firm\u0101m<\/strong>, kur nepiecie\u0161ams kvalitat\u012bvs un ietilp\u012bgs risin\u0101jums.<\/p>\n<ul>\n<li data-section-id=\"my96no\" data-start=\"593\" data-end=\"661\">\n<p data-start=\"595\" data-end=\"661\">Autom\u0101tiskais <strong data-start=\"609\" data-end=\"634\">pa\u0161kr\u0101sojo\u0161ais z\u012bmogs<\/strong> profesion\u0101lai lieto\u0161anai<\/p>\n<\/li>\n<li data-section-id=\"f0ggkf\" data-start=\"662\" data-end=\"699\">\n<p data-start=\"664\" data-end=\"699\">Nospieduma izm\u0113rs: <strong data-start=\"683\" data-end=\"697\">74 \u00d7 35 mm<\/strong><\/p>\n<\/li>\n<li data-section-id=\"sln4wg\" data-start=\"700\" data-end=\"729\">\n<p data-start=\"702\" data-end=\"729\">L\u012bdz <strong data-start=\"707\" data-end=\"727\">11 teksta rind\u0101m<\/strong><\/p>\n<\/li>\n<li data-section-id=\"vcu0uo\" data-start=\"730\" data-end=\"768\">\n<p data-start=\"732\" data-end=\"768\">Piem\u0113rots <strong data-start=\"742\" data-end=\"766\">tekstam un logotipam<\/strong><\/p>\n<\/li>\n<li data-section-id=\"1m1tark\" data-start=\"769\" data-end=\"805\">\n<p data-start=\"771\" data-end=\"805\">Skaidrs un vienm\u0113r\u012bgs nospiedums<\/p>\n<\/li>\n<li data-section-id=\"1neqzo3\" data-start=\"806\" data-end=\"863\">\n<p data-start=\"808\" data-end=\"863\"><strong data-start=\"808\" data-end=\"840\">Nomain\u0101ms tintes spilventi\u0146\u0161<\/strong> ilgsto\u0161ai lieto\u0161anai<\/p>\n<\/li>\n<li data-section-id=\"1t35ycu\" data-start=\"864\" data-end=\"899\">\n<p data-start=\"866\" data-end=\"899\">Ergonomisks un iztur\u012bgs korpuss<\/p>\n<\/li>\n<li data-section-id=\"wo9klc\" data-start=\"900\" data-end=\"953\">\n<p data-start=\"902\" data-end=\"953\">Ide\u0101ls k\u0101 <strong data-start=\"912\" data-end=\"932\">rekviz\u012btu z\u012bmogs<\/strong> un <strong data-start=\"936\" data-end=\"953\">z\u012bmogs firm\u0101m<\/strong><\/p>\n<\/li>\n<\/ul>\n<table>\n<thead>\n<tr>\n<th>Parametrs<\/th>\n<th>V\u0113rt\u012bba<\/th>\n<\/tr>\n<\/thead>\n<tbody>\n<tr>\n<td>Z\u012bmoga tips<\/td>\n<td>Autom\u0101tiskais<\/td>\n<\/tr>\n<tr>\n<td>Modelis<\/td>\n<td>Colop Printer 60<\/td>\n<\/tr>\n<tr>\n<td>Nospieduma izm\u0113rs<\/td>\n<td>74 \u00d7 35 mm<\/td>\n<\/tr>\n<tr>\n<td>Teksta rindas<\/td>\n<td>l\u012bdz 11<\/td>\n<\/tr>\n<tr>\n<td>Forma<\/td>\n<td>taisnst\u016bra<\/td>\n<\/tr>\n<tr>\n<td>Meh\u0101nisms<\/td>\n<td>pa\u0161kr\u0101sojo\u0161ais<\/td>\n<\/tr>\n<tr>\n<td>Tintes spilventi\u0146\u0161<\/td>\n<td>nomain\u0101ms<\/td>\n<\/tr>\n<\/tbody>\n<\/table>\n<p data-start=\"2346\" data-end=\"2410\">Autom\u0101tiskais <strong data-start=\"2360\" data-end=\"2379\">uz\u0146\u0113muma z\u012bmogs<\/strong> Colop Printer 60 ir piem\u0113rots:<\/p>\n<ul data-start=\"2412\" data-end=\"2644\">\n<li data-section-id=\"1r7mher\" data-start=\"2412\" data-end=\"2448\">\n<p data-start=\"2414\" data-end=\"2448\">uz\u0146\u0113muma pilnu rekviz\u012btu z\u012bmogam<\/p>\n<\/li>\n<li data-section-id=\"afgnd0\" data-start=\"2449\" data-end=\"2475\">\n<p data-start=\"2451\" data-end=\"2475\"><strong data-start=\"2451\" data-end=\"2473\">gr\u0101matve\u017eu z\u012bmogam<\/strong><\/p>\n<\/li>\n<li data-section-id=\"11rxr03\" data-start=\"2476\" data-end=\"2498\">\n<p data-start=\"2478\" data-end=\"2498\">biroja dokumentiem<\/p>\n<\/li>\n<li data-section-id=\"1s77kje\" data-start=\"2499\" data-end=\"2523\">\n<p data-start=\"2501\" data-end=\"2523\">r\u0113\u0137iniem un l\u012bgumiem<\/p>\n<\/li>\n<li data-section-id=\"1075yf2\" data-start=\"2524\" data-end=\"2569\">\n<p data-start=\"2526\" data-end=\"2569\">finan\u0161u un administrat\u012bvajiem dokumentiem<\/p>\n<\/li>\n<li data-section-id=\"p3gu59\" data-start=\"2570\" data-end=\"2608\">\n<p data-start=\"2572\" data-end=\"2608\">pavadz\u012bm\u0113m un pieg\u0101des dokumentiem<\/p>\n<\/li>\n<li data-section-id=\"1redvdv\" data-start=\"2609\" data-end=\"2644\">\n<p data-start=\"2611\" data-end=\"2644\"><strong data-start=\"2611\" data-end=\"2644\">z\u012bmogam ar tekstu un logotipu<\/strong><\/p>\n<\/li>\n<\/ul>","protected":false},"excerpt":{"rendered":"<p>Autom\u0101tiskais z\u012bmogs <strong data-start=\"215\" data-end=\"235\">Colop Printer 60<\/strong> ar 74\u00d735 mm nospieduma laukumu ir liels un ietilp\u012bgs <strong data-start=\"289\" data-end=\"306\">biroja z\u012bmogs<\/strong>, kas paredz\u0113ts l\u012bdz <strong data-start=\"327\" data-end=\"347\">11 teksta rind\u0101m<\/strong>. Tas ir ide\u0101li piem\u0113rots k\u0101 <strong data-start=\"376\" data-end=\"397\">gr\u0101matve\u017eu z\u012bmogs<\/strong> vai <strong data-start=\"402\" data-end=\"421\">uz\u0146\u0113muma z\u012bmogs<\/strong> ar pilniem rekviz\u012btiem. \u0160is <strong data-start=\"450\" data-end=\"475\">pa\u0161kr\u0101sojo\u0161ais z\u012bmogs<\/strong> nodro\u0161ina skaidru nospiedumu un ir lieliska izv\u0113le profesion\u0101lai ikdienas lieto\u0161anai.<\/p>","protected":false},"featured_media":2216,"template":"","meta":{"_acf_changed":false,"site-sidebar-layout":"default","site-content-layout":"","ast-site-content-layout":"default","site-content-style":"default","site-sidebar-style":"default","ast-global-header-display":"","ast-banner-title-visibility":"","ast-main-header-display":"","ast-hfb-above-header-display":"","ast-hfb-below-header-display":"","ast-hfb-mobile-header-display":"","site-post-title":"","ast-breadcrumbs-content":"","ast-featured-img":"","footer-sml-layout":"","ast-disable-related-posts":"","theme-transparent-header-meta":"default","adv-header-id-meta":"","stick-header-meta":"default","header-above-stick-meta":"","header-main-stick-meta":"","header-below-stick-meta":"","astra-migrate-meta-layouts":"set","ast-page-background-enabled":"default","ast-page-background-meta":{"desktop":{"background-color":"var(--ast-global-color-5)","background-image":"","background-repeat":"repeat","background-position":"center center","background-size":"auto","background-attachment":"scroll","background-type":"","background-media":"","overlay-type":"","overlay-color":"","overlay-opacity":"","overlay-gradient":""},"tablet":{"background-color":"","background-image":"","background-repeat":"repeat","background-position":"center center","background-size":"auto","background-attachment":"scroll","background-type":"","background-media":"","overlay-type":"","overlay-color":"","overlay-opacity":"","overlay-gradient":""},"mobile":{"background-color":"","background-image":"","background-repeat":"repeat","background-position":"center center","background-size":"auto","background-attachment":"scroll","background-type":"","background-media":"","overlay-type":"","overlay-color":"","overlay-opacity":"","overlay-gradient":""}},"ast-content-background-meta":{"desktop":{"background-color":"var(--ast-global-color-4)","background-image":"","background-repeat":"repeat","background-position":"center center","background-size":"auto","background-attachment":"scroll","background-type":"","background-media":"","overlay-type":"","overlay-color":"","overlay-opacity":"","overlay-gradient":""},"tablet":{"background-color":"var(--ast-global-color-4)","background-image":"","background-repeat":"repeat","background-position":"center center","background-size":"auto","background-attachment":"scroll","background-type":"","background-media":"","overlay-type":"","overlay-color":"","overlay-opacity":"","overlay-gradient":""},"mobile":{"background-color":"var(--ast-global-color-4)","background-image":"","background-repeat":"repeat","background-position":"center center","background-size":"auto","background-attachment":"scroll","background-type":"","background-media":"","overlay-type":"","overlay-color":"","overlay-opacity":"","overlay-gradient":""}}},"product_brand":[65],"product_cat":[20,50,70,37,21,68,58],"product_tag":[],"class_list":{"0":"post-2215","1":"product","2":"type-product","3":"status-publish","4":"has-post-thumbnail","6":"product_brand-colop","7":"product_cat-biroja-zimogi","8":"product_cat-gramatvezu-zimogi","9":"product_cat-rekvizitu-zimogi","10":"product_cat-taisnstura-zimogi","11":"product_cat-teksta-zimogi","12":"product_cat-uznemumu-zimogi","13":"product_cat-zimogi","14":"desktop-align-left","15":"tablet-align-left","16":"mobile-align-left","17":"ast-product-gallery-layout-horizontal-slider","18":"ast-product-gallery-with-no-image","19":"ast-product-tabs-layout-horizontal","21":"first","22":"instock","23":"shipping-taxable","24":"purchasable","25":"product-type-simple"},"acf":[],"yoast_head":"<!-- This site is optimized with the Yoast SEO Premium plugin v27.2 (Yoast SEO v27.2) - https:\/\/yoast.com\/product\/yoast-seo-premium-wordpress\/ -->\n<title>Autom\u0101tiskais z\u012bmogs Colop Printer 60<\/title>\n<meta name=\"robots\" content=\"index, follow, max-snippet:-1, max-image-preview:large, max-video-preview:-1\" \/>\n<link rel=\"canonical\" href=\"https:\/\/zimogufabrika24.lv\/en\/veikals\/zimogi\/biroja-zimogi\/automatiskais-zimogs-colop-printer-60-74x35-mm\/\" \/>\n<meta property=\"og:locale\" content=\"en_US\" \/>\n<meta property=\"og:type\" content=\"article\" \/>\n<meta property=\"og:title\" content=\"Autom\u0101tiskais z\u012bmogs Colop Printer 60 (74\u00d735 mm)\" \/>\n<meta property=\"og:description\" content=\"Autom\u0101tiskais z\u012bmogs Colop Printer 60 ar 74\u00d735 mm nospieduma laukumu ir liels un ietilp\u012bgs biroja z\u012bmogs, kas paredz\u0113ts l\u012bdz 11 teksta rind\u0101m. Tas ir ide\u0101li piem\u0113rots k\u0101 gr\u0101matve\u017eu z\u012bmogs vai uz\u0146\u0113muma z\u012bmogs ar pilniem rekviz\u012btiem. \u0160is pa\u0161kr\u0101sojo\u0161ais z\u012bmogs nodro\u0161ina skaidru nospiedumu un ir lieliska izv\u0113le profesion\u0101lai ikdienas lieto\u0161anai.\" \/>\n<meta property=\"og:url\" content=\"https:\/\/zimogufabrika24.lv\/en\/veikals\/zimogi\/biroja-zimogi\/automatiskais-zimogs-colop-printer-60-74x35-mm\/\" \/>\n<meta property=\"og:site_name\" content=\"ZimoguFabrika24.lv\" \/>\n<meta property=\"og:image\" content=\"https:\/\/zimogufabrika24.lv\/wp-content\/uploads\/2026\/03\/colop-printer-c-60.webp\" \/>\n\t<meta property=\"og:image:width\" content=\"1000\" \/>\n\t<meta property=\"og:image:height\" content=\"1000\" \/>\n\t<meta property=\"og:image:type\" content=\"image\/webp\" \/>\n<meta name=\"twitter:card\" content=\"summary_large_image\" \/>\n<meta name=\"twitter:label1\" content=\"Price\" \/>\n\t<meta name=\"twitter:data1\" content=\"25.40&nbsp;&euro;\" \/>\n\t<meta name=\"twitter:label2\" content=\"Availability\" \/>\n\t<meta name=\"twitter:data2\" content=\"In stock\" \/>\n<script type=\"application\/ld+json\" class=\"yoast-schema-graph\">{\"@context\":\"https:\/\/schema.org\",\"@graph\":[{\"@type\":\"WebPage\",\"@id\":\"https:\/\/zimogufabrika24.lv\/veikals\/zimogi\/biroja-zimogi\/automatiskais-zimogs-colop-printer-60-74x35-mm\/\",\"url\":\"https:\/\/zimogufabrika24.lv\/veikals\/zimogi\/biroja-zimogi\/automatiskais-zimogs-colop-printer-60-74x35-mm\/\",\"name\":\"Autom\u0101tiskais z\u012bmogs Colop Printer 60\",\"isPartOf\":{\"@id\":\"https:\/\/zimogufabrika24.lv\/#website\"},\"primaryImageOfPage\":{\"@id\":\"https:\/\/zimogufabrika24.lv\/veikals\/zimogi\/biroja-zimogi\/automatiskais-zimogs-colop-printer-60-74x35-mm\/#primaryimage\"},\"image\":{\"@id\":\"https:\/\/zimogufabrika24.lv\/veikals\/zimogi\/biroja-zimogi\/automatiskais-zimogs-colop-printer-60-74x35-mm\/#primaryimage\"},\"thumbnailUrl\":\"https:\/\/zimogufabrika24.lv\/wp-content\/uploads\/2026\/03\/colop-printer-c-60.webp\",\"datePublished\":\"2026-03-20T13:12:14+00:00\",\"breadcrumb\":{\"@id\":\"https:\/\/zimogufabrika24.lv\/veikals\/zimogi\/biroja-zimogi\/automatiskais-zimogs-colop-printer-60-74x35-mm\/#breadcrumb\"},\"inLanguage\":\"en-US\",\"potentialAction\":[{\"@type\":\"ReadAction\",\"target\":[\"https:\/\/zimogufabrika24.lv\/veikals\/zimogi\/biroja-zimogi\/automatiskais-zimogs-colop-printer-60-74x35-mm\/\"]}]},{\"@type\":\"ImageObject\",\"inLanguage\":\"en-US\",\"@id\":\"https:\/\/zimogufabrika24.lv\/veikals\/zimogi\/biroja-zimogi\/automatiskais-zimogs-colop-printer-60-74x35-mm\/#primaryimage\",\"url\":\"https:\/\/zimogufabrika24.lv\/wp-content\/uploads\/2026\/03\/colop-printer-c-60.webp\",\"contentUrl\":\"https:\/\/zimogufabrika24.lv\/wp-content\/uploads\/2026\/03\/colop-printer-c-60.webp\",\"width\":1000,\"height\":1000,\"caption\":\"Colop Printer 60 z\u012bmogs ar nospieduma izm\u0113ru 74\u00d735 mm\"},{\"@type\":\"BreadcrumbList\",\"@id\":\"https:\/\/zimogufabrika24.lv\/veikals\/zimogi\/biroja-zimogi\/automatiskais-zimogs-colop-printer-60-74x35-mm\/#breadcrumb\",\"itemListElement\":[{\"@type\":\"ListItem\",\"position\":1,\"name\":\"Home\",\"item\":\"https:\/\/zimogufabrika24.lv\/\"},{\"@type\":\"ListItem\",\"position\":2,\"name\":\"VEIKALS\",\"item\":\"https:\/\/zimogufabrika24.lv\/veikals\/\"},{\"@type\":\"ListItem\",\"position\":3,\"name\":\"Autom\u0101tiskais z\u012bmogs Colop Printer 60 (74\u00d735 mm)\"}]},{\"@type\":\"WebSite\",\"@id\":\"https:\/\/zimogufabrika24.lv\/#website\",\"url\":\"https:\/\/zimogufabrika24.lv\/\",\"name\":\"ZimoguFabrika24\",\"description\":\"\",\"publisher\":{\"@id\":\"https:\/\/zimogufabrika24.lv\/#organization\"},\"potentialAction\":[{\"@type\":\"SearchAction\",\"target\":{\"@type\":\"EntryPoint\",\"urlTemplate\":\"https:\/\/zimogufabrika24.lv\/?s={search_term_string}\"},\"query-input\":{\"@type\":\"PropertyValueSpecification\",\"valueRequired\":true,\"valueName\":\"search_term_string\"}}],\"inLanguage\":\"en-US\"},{\"@type\":\"Organization\",\"@id\":\"https:\/\/zimogufabrika24.lv\/#organization\",\"name\":\"SIA Z\u012aMOGU FABRIKA\",\"url\":\"https:\/\/zimogufabrika24.lv\/\",\"logo\":{\"@type\":\"ImageObject\",\"inLanguage\":\"en-US\",\"@id\":\"https:\/\/zimogufabrika24.lv\/#\/schema\/logo\/image\/\",\"url\":\"https:\/\/zimogufabrika24.lv\/wp-content\/uploads\/2026\/01\/Zimogu_Fabrika_logo@3.png\",\"contentUrl\":\"https:\/\/zimogufabrika24.lv\/wp-content\/uploads\/2026\/01\/Zimogu_Fabrika_logo@3.png\",\"width\":900,\"height\":738,\"caption\":\"SIA Z\u012aMOGU FABRIKA\"},\"image\":{\"@id\":\"https:\/\/zimogufabrika24.lv\/#\/schema\/logo\/image\/\"}}]}<\/script>\n<meta property=\"product:brand\" content=\"Colop\" \/>\n<meta property=\"product:price:amount\" content=\"25.40\" \/>\n<meta property=\"product:price:currency\" content=\"EUR\" \/>\n<meta property=\"og:availability\" content=\"instock\" \/>\n<meta property=\"product:availability\" content=\"instock\" \/>\n<meta property=\"product:condition\" content=\"new\" \/>\n<!-- \/ Yoast SEO Premium plugin. -->","yoast_head_json":{"title":"Autom\u0101tiskais z\u012bmogs Colop Printer 60","robots":{"index":"index","follow":"follow","max-snippet":"max-snippet:-1","max-image-preview":"max-image-preview:large","max-video-preview":"max-video-preview:-1"},"canonical":"https:\/\/zimogufabrika24.lv\/en\/veikals\/zimogi\/biroja-zimogi\/automatiskais-zimogs-colop-printer-60-74x35-mm\/","og_locale":"en_US","og_type":"article","og_title":"Autom\u0101tiskais z\u012bmogs Colop Printer 60 (74\u00d735 mm)","og_description":"Autom\u0101tiskais z\u012bmogs Colop Printer 60 ar 74\u00d735 mm nospieduma laukumu ir liels un ietilp\u012bgs biroja z\u012bmogs, kas paredz\u0113ts l\u012bdz 11 teksta rind\u0101m. Tas ir ide\u0101li piem\u0113rots k\u0101 gr\u0101matve\u017eu z\u012bmogs vai uz\u0146\u0113muma z\u012bmogs ar pilniem rekviz\u012btiem. \u0160is pa\u0161kr\u0101sojo\u0161ais z\u012bmogs nodro\u0161ina skaidru nospiedumu un ir lieliska izv\u0113le profesion\u0101lai ikdienas lieto\u0161anai.","og_url":"https:\/\/zimogufabrika24.lv\/en\/veikals\/zimogi\/biroja-zimogi\/automatiskais-zimogs-colop-printer-60-74x35-mm\/","og_site_name":"ZimoguFabrika24.lv","og_image":[{"width":1000,"height":1000,"url":"https:\/\/zimogufabrika24.lv\/wp-content\/uploads\/2026\/03\/colop-printer-c-60.webp","type":"image\/webp"}],"twitter_card":"summary_large_image","twitter_misc":{"Price":"25.40&nbsp;&euro;","Availability":"In stock"},"schema":{"@context":"https:\/\/schema.org","@graph":[{"@type":"WebPage","@id":"https:\/\/zimogufabrika24.lv\/veikals\/zimogi\/biroja-zimogi\/automatiskais-zimogs-colop-printer-60-74x35-mm\/","url":"https:\/\/zimogufabrika24.lv\/veikals\/zimogi\/biroja-zimogi\/automatiskais-zimogs-colop-printer-60-74x35-mm\/","name":"Autom\u0101tiskais z\u012bmogs Colop Printer 60","isPartOf":{"@id":"https:\/\/zimogufabrika24.lv\/#website"},"primaryImageOfPage":{"@id":"https:\/\/zimogufabrika24.lv\/veikals\/zimogi\/biroja-zimogi\/automatiskais-zimogs-colop-printer-60-74x35-mm\/#primaryimage"},"image":{"@id":"https:\/\/zimogufabrika24.lv\/veikals\/zimogi\/biroja-zimogi\/automatiskais-zimogs-colop-printer-60-74x35-mm\/#primaryimage"},"thumbnailUrl":"https:\/\/zimogufabrika24.lv\/wp-content\/uploads\/2026\/03\/colop-printer-c-60.webp","datePublished":"2026-03-20T13:12:14+00:00","breadcrumb":{"@id":"https:\/\/zimogufabrika24.lv\/veikals\/zimogi\/biroja-zimogi\/automatiskais-zimogs-colop-printer-60-74x35-mm\/#breadcrumb"},"inLanguage":"en-US","potentialAction":[{"@type":"ReadAction","target":["https:\/\/zimogufabrika24.lv\/veikals\/zimogi\/biroja-zimogi\/automatiskais-zimogs-colop-printer-60-74x35-mm\/"]}]},{"@type":"ImageObject","inLanguage":"en-US","@id":"https:\/\/zimogufabrika24.lv\/veikals\/zimogi\/biroja-zimogi\/automatiskais-zimogs-colop-printer-60-74x35-mm\/#primaryimage","url":"https:\/\/zimogufabrika24.lv\/wp-content\/uploads\/2026\/03\/colop-printer-c-60.webp","contentUrl":"https:\/\/zimogufabrika24.lv\/wp-content\/uploads\/2026\/03\/colop-printer-c-60.webp","width":1000,"height":1000,"caption":"Colop Printer 60 z\u012bmogs ar nospieduma izm\u0113ru 74\u00d735 mm"},{"@type":"BreadcrumbList","@id":"https:\/\/zimogufabrika24.lv\/veikals\/zimogi\/biroja-zimogi\/automatiskais-zimogs-colop-printer-60-74x35-mm\/#breadcrumb","itemListElement":[{"@type":"ListItem","position":1,"name":"Home","item":"https:\/\/zimogufabrika24.lv\/"},{"@type":"ListItem","position":2,"name":"VEIKALS","item":"https:\/\/zimogufabrika24.lv\/veikals\/"},{"@type":"ListItem","position":3,"name":"Autom\u0101tiskais z\u012bmogs Colop Printer 60 (74\u00d735 mm)"}]},{"@type":"WebSite","@id":"https:\/\/zimogufabrika24.lv\/#website","url":"https:\/\/zimogufabrika24.lv\/","name":"ZimoguFabrika24","description":"","publisher":{"@id":"https:\/\/zimogufabrika24.lv\/#organization"},"potentialAction":[{"@type":"SearchAction","target":{"@type":"EntryPoint","urlTemplate":"https:\/\/zimogufabrika24.lv\/?s={search_term_string}"},"query-input":{"@type":"PropertyValueSpecification","valueRequired":true,"valueName":"search_term_string"}}],"inLanguage":"en-US"},{"@type":"Organization","@id":"https:\/\/zimogufabrika24.lv\/#organization","name":"SIA Z\u012aMOGU FABRIKA","url":"https:\/\/zimogufabrika24.lv\/","logo":{"@type":"ImageObject","inLanguage":"en-US","@id":"https:\/\/zimogufabrika24.lv\/#\/schema\/logo\/image\/","url":"https:\/\/zimogufabrika24.lv\/wp-content\/uploads\/2026\/01\/Zimogu_Fabrika_logo@3.png","contentUrl":"https:\/\/zimogufabrika24.lv\/wp-content\/uploads\/2026\/01\/Zimogu_Fabrika_logo@3.png","width":900,"height":738,"caption":"SIA Z\u012aMOGU FABRIKA"},"image":{"@id":"https:\/\/zimogufabrika24.lv\/#\/schema\/logo\/image\/"}}]},"product_brand":"Colop","product_price_amount":"25.40","product_price_currency":"EUR","og_availability":"instock","product_availability":"instock","product_condition":"new"},"_links":{"self":[{"href":"https:\/\/zimogufabrika24.lv\/en\/wp-json\/wp\/v2\/product\/2215","targetHints":{"allow":["GET"]}}],"collection":[{"href":"https:\/\/zimogufabrika24.lv\/en\/wp-json\/wp\/v2\/product"}],"about":[{"href":"https:\/\/zimogufabrika24.lv\/en\/wp-json\/wp\/v2\/types\/product"}],"version-history":[{"count":0,"href":"https:\/\/zimogufabrika24.lv\/en\/wp-json\/wp\/v2\/product\/2215\/revisions"}],"wp:featuredmedia":[{"embeddable":true,"href":"https:\/\/zimogufabrika24.lv\/en\/wp-json\/wp\/v2\/media\/2216"}],"wp:attachment":[{"href":"https:\/\/zimogufabrika24.lv\/en\/wp-json\/wp\/v2\/media?parent=2215"}],"wp:term":[{"taxonomy":"product_brand","embeddable":true,"href":"https:\/\/zimogufabrika24.lv\/en\/wp-json\/wp\/v2\/product_brand?post=2215"},{"taxonomy":"product_cat","embeddable":true,"href":"https:\/\/zimogufabrika24.lv\/en\/wp-json\/wp\/v2\/product_cat?post=2215"},{"taxonomy":"product_tag","embeddable":true,"href":"https:\/\/zimogufabrika24.lv\/en\/wp-json\/wp\/v2\/product_tag?post=2215"}],"curies":[{"name":"wp","href":"https:\/\/api.w.org\/{rel}","templated":true}]}}