{"id":2218,"date":"2026-03-20T13:21:09","date_gmt":"2026-03-20T13:21:09","guid":{"rendered":"https:\/\/zimogufabrika24.lv\/?post_type=product&#038;p=2218"},"modified":"2026-04-07T10:14:08","modified_gmt":"2026-04-07T10:14:08","slug":"automatiskais-zimogs-colop-printer-54-48x38-mm","status":"publish","type":"product","link":"https:\/\/zimogufabrika24.lv\/en\/veikals\/zimogi\/arstu-zimogi\/automatiskais-zimogs-colop-printer-54-48x38-mm\/","title":{"rendered":"Autom\u0101tiskais z\u012bmogs Colop Printer 54 (48\u00d738 mm)"},"content":{"rendered":"<p data-start=\"989\" data-end=\"1271\">Autom\u0101tiskais z\u012bmogs <strong data-start=\"1010\" data-end=\"1030\">Colop Printer 54<\/strong> ir ietilp\u012bgs un daudzfunkcion\u0101ls risin\u0101jums profesion\u0101lai lieto\u0161anai. \u0160is <strong data-start=\"1105\" data-end=\"1126\">taisnst\u016bra z\u012bmogs<\/strong> ar pla\u0161u nospieduma laukumu nodro\u0161ina iesp\u0113ju izvietot lielu inform\u0101cijas apjomu vien\u0101 nospiedum\u0101, kas ir \u012bpa\u0161i noder\u012bgi uz\u0146\u0113mumiem un iest\u0101d\u0113m.<\/p>\n<p data-start=\"1273\" data-end=\"1596\">48\u00d738 mm nospieduma laukums \u013cauj izvietot l\u012bdz <strong data-start=\"1320\" data-end=\"1340\">12 teksta rind\u0101m<\/strong>, t\u0101p\u0113c tas ir lieliski piem\u0113rots k\u0101 <strong data-start=\"1377\" data-end=\"1398\">gr\u0101matve\u017eu z\u012bmogs<\/strong>, kur nepiecie\u0161ams nor\u0101d\u012bt detaliz\u0113tus rekviz\u012btus vai finan\u0161u inform\u0101ciju. Tas ir ar\u012b ide\u0101ls k\u0101 <strong data-start=\"1494\" data-end=\"1526\">z\u012bmogs ar tekstu un logotipu<\/strong>, nodro\u0161inot profesion\u0101lu un vizu\u0101li pievilc\u012bgu dokumentu noform\u0113jumu.<\/p>\n<p data-start=\"1598\" data-end=\"1815\">\u0160is <strong data-start=\"1602\" data-end=\"1627\">pa\u0161kr\u0101sojo\u0161ais z\u012bmogs<\/strong> nodro\u0161ina skaidru un vienm\u0113r\u012bgu nospiedumu, pateicoties kvalitat\u012bvam meh\u0101nismam un tintes sadal\u012bjumam. <strong data-start=\"1731\" data-end=\"1765\">Nomain\u0101mais tintes spilventi\u0146\u0161<\/strong> garant\u0113 ilgsto\u0161u lieto\u0161anu bez kvalit\u0101tes zuduma.<\/p>\n<p data-start=\"1817\" data-end=\"1965\">Colop Printer 54 ir praktisks un uzticams <strong data-start=\"1859\" data-end=\"1892\">z\u012bmogs ar da\u017e\u0101du pielietojumu<\/strong>, kas piem\u0113rots gan birojiem, gan specializ\u0113t\u0101m profesion\u0101l\u0101m vajadz\u012bb\u0101m.<\/p>\n<ul>\n<li data-section-id=\"1jxkg7t\" data-start=\"590\" data-end=\"633\">\n<p data-start=\"592\" data-end=\"633\">Autom\u0101tiskais <strong data-start=\"606\" data-end=\"631\">pa\u0161kr\u0101sojo\u0161ais z\u012bmogs<\/strong><\/p>\n<\/li>\n<li data-section-id=\"1lxvahp\" data-start=\"634\" data-end=\"671\">\n<p data-start=\"636\" data-end=\"671\">Nospieduma izm\u0113rs: <strong data-start=\"655\" data-end=\"669\">48 \u00d7 38 mm<\/strong><\/p>\n<\/li>\n<li data-section-id=\"bg8loz\" data-start=\"672\" data-end=\"701\">\n<p data-start=\"674\" data-end=\"701\">L\u012bdz <strong data-start=\"679\" data-end=\"699\">12 teksta rind\u0101m<\/strong><\/p>\n<\/li>\n<li data-section-id=\"x67erd\" data-start=\"702\" data-end=\"770\">\n<p data-start=\"704\" data-end=\"770\"><strong data-start=\"704\" data-end=\"725\">Taisnst\u016bra z\u012bmogs<\/strong> ar pla\u0161u inform\u0101cijas izvieto\u0161anas laukumu<\/p>\n<\/li>\n<li data-section-id=\"vcu0uo\" data-start=\"771\" data-end=\"809\">\n<p data-start=\"773\" data-end=\"809\">Piem\u0113rots <strong data-start=\"783\" data-end=\"807\">tekstam un logotipam<\/strong><\/p>\n<\/li>\n<li data-section-id=\"1m1tark\" data-start=\"810\" data-end=\"846\">\n<p data-start=\"812\" data-end=\"846\">Skaidrs un vienm\u0113r\u012bgs nospiedums<\/p>\n<\/li>\n<li data-section-id=\"18krpjh\" data-start=\"847\" data-end=\"883\">\n<p data-start=\"849\" data-end=\"883\"><strong data-start=\"849\" data-end=\"881\">Nomain\u0101ms tintes spilventi\u0146\u0161<\/strong><\/p>\n<\/li>\n<li data-section-id=\"q591op\" data-start=\"884\" data-end=\"930\">\n<p data-start=\"886\" data-end=\"930\">Univers\u0101ls <strong data-start=\"897\" data-end=\"930\">z\u012bmogs ar da\u017e\u0101du pielietojumu<\/strong><\/p>\n<\/li>\n<\/ul>\n<table>\n<thead>\n<tr>\n<th>Parametrs<\/th>\n<th>V\u0113rt\u012bba<\/th>\n<\/tr>\n<\/thead>\n<tbody>\n<tr>\n<td>Z\u012bmoga tips<\/td>\n<td>Autom\u0101tiskais<\/td>\n<\/tr>\n<tr>\n<td>Modelis<\/td>\n<td>Colop Printer 54<\/td>\n<\/tr>\n<tr>\n<td>Nospieduma izm\u0113rs<\/td>\n<td>48 \u00d7 38 mm<\/td>\n<\/tr>\n<tr>\n<td>Teksta rindas<\/td>\n<td>l\u012bdz 12<\/td>\n<\/tr>\n<tr>\n<td>Forma<\/td>\n<td>taisnst\u016bra<\/td>\n<\/tr>\n<tr>\n<td>Meh\u0101nisms<\/td>\n<td>pa\u0161kr\u0101sojo\u0161ais<\/td>\n<\/tr>\n<tr>\n<td>Tintes spilventi\u0146\u0161<\/td>\n<td>nomain\u0101ms<\/td>\n<\/tr>\n<\/tbody>\n<\/table>\n<p data-start=\"2285\" data-end=\"2351\">Autom\u0101tiskais <strong data-start=\"2299\" data-end=\"2320\">taisnst\u016bra z\u012bmogs<\/strong> Colop Printer 54 ir piem\u0113rots:<\/p>\n<ul data-start=\"2353\" data-end=\"2613\">\n<li data-section-id=\"1adlp81\" data-start=\"2353\" data-end=\"2381\">\n<p data-start=\"2355\" data-end=\"2381\">k\u0101 <strong data-start=\"2358\" data-end=\"2379\">gr\u0101matve\u017eu z\u012bmogs<\/strong><\/p>\n<\/li>\n<li data-section-id=\"1f3cw1t\" data-start=\"2382\" data-end=\"2417\">\n<p data-start=\"2384\" data-end=\"2417\">uz\u0146\u0113muma rekviz\u012btu izvieto\u0161anai<\/p>\n<\/li>\n<li data-section-id=\"1hn6wds\" data-start=\"2418\" data-end=\"2455\">\n<p data-start=\"2420\" data-end=\"2455\">dokumentu apstr\u0101dei un mar\u0137\u0113\u0161anai<\/p>\n<\/li>\n<li data-section-id=\"bt1h6n\" data-start=\"2456\" data-end=\"2491\">\n<p data-start=\"2458\" data-end=\"2491\">r\u0113\u0137iniem un finan\u0161u dokumentiem<\/p>\n<\/li>\n<li data-section-id=\"a5gv9b\" data-start=\"2492\" data-end=\"2526\">\n<p data-start=\"2494\" data-end=\"2526\">administrat\u012bvajiem dokumentiem<\/p>\n<\/li>\n<li data-section-id=\"4534z\" data-start=\"2527\" data-end=\"2564\">\n<p data-start=\"2529\" data-end=\"2564\"><strong data-start=\"2529\" data-end=\"2562\">z\u012bmogam ar tekstu un logotipu<\/strong><\/p>\n<\/li>\n<li data-section-id=\"1dzmkll\" data-start=\"2565\" data-end=\"2613\">\n<p data-start=\"2567\" data-end=\"2613\">univers\u0101lam <strong data-start=\"2579\" data-end=\"2613\">z\u012bmogam ar da\u017e\u0101du pielietojumu<\/strong><\/p>\n<\/li>\n<\/ul>","protected":false},"excerpt":{"rendered":"<p>Autom\u0101tiskais z\u012bmogs <strong data-start=\"216\" data-end=\"236\">Colop Printer 54<\/strong> ar 48\u00d738 mm nospieduma laukumu ir ietilp\u012bgs <strong data-start=\"281\" data-end=\"302\">taisnst\u016bra z\u012bmogs<\/strong>, kas paredz\u0113ts l\u012bdz <strong data-start=\"323\" data-end=\"343\">12 teksta rind\u0101m<\/strong>. Tas ir lieliska izv\u0113le k\u0101 <strong data-start=\"371\" data-end=\"392\">gr\u0101matve\u017eu z\u012bmogs<\/strong> vai <strong data-start=\"397\" data-end=\"429\">z\u012bmogs ar tekstu un logotipu<\/strong>. \u0160is <strong data-start=\"435\" data-end=\"460\">pa\u0161kr\u0101sojo\u0161ais z\u012bmogs<\/strong> nodro\u0161ina skaidru nospiedumu un ir piem\u0113rots k\u0101 <strong data-start=\"509\" data-end=\"542\">z\u012bmogs ar da\u017e\u0101du pielietojumu<\/strong> ikdienas darb\u0101.<\/p>","protected":false},"featured_media":2219,"template":"","meta":{"_acf_changed":false,"site-sidebar-layout":"default","site-content-layout":"","ast-site-content-layout":"default","site-content-style":"default","site-sidebar-style":"default","ast-global-header-display":"","ast-banner-title-visibility":"","ast-main-header-display":"","ast-hfb-above-header-display":"","ast-hfb-below-header-display":"","ast-hfb-mobile-header-display":"","site-post-title":"","ast-breadcrumbs-content":"","ast-featured-img":"","footer-sml-layout":"","ast-disable-related-posts":"","theme-transparent-header-meta":"default","adv-header-id-meta":"","stick-header-meta":"default","header-above-stick-meta":"","header-main-stick-meta":"","header-below-stick-meta":"","astra-migrate-meta-layouts":"set","ast-page-background-enabled":"default","ast-page-background-meta":{"desktop":{"background-color":"var(--ast-global-color-5)","background-image":"","background-repeat":"repeat","background-position":"center center","background-size":"auto","background-attachment":"scroll","background-type":"","background-media":"","overlay-type":"","overlay-color":"","overlay-opacity":"","overlay-gradient":""},"tablet":{"background-color":"","background-image":"","background-repeat":"repeat","background-position":"center center","background-size":"auto","background-attachment":"scroll","background-type":"","background-media":"","overlay-type":"","overlay-color":"","overlay-opacity":"","overlay-gradient":""},"mobile":{"background-color":"","background-image":"","background-repeat":"repeat","background-position":"center center","background-size":"auto","background-attachment":"scroll","background-type":"","background-media":"","overlay-type":"","overlay-color":"","overlay-opacity":"","overlay-gradient":""}},"ast-content-background-meta":{"desktop":{"background-color":"var(--ast-global-color-4)","background-image":"","background-repeat":"repeat","background-position":"center center","background-size":"auto","background-attachment":"scroll","background-type":"","background-media":"","overlay-type":"","overlay-color":"","overlay-opacity":"","overlay-gradient":""},"tablet":{"background-color":"var(--ast-global-color-4)","background-image":"","background-repeat":"repeat","background-position":"center center","background-size":"auto","background-attachment":"scroll","background-type":"","background-media":"","overlay-type":"","overlay-color":"","overlay-opacity":"","overlay-gradient":""},"mobile":{"background-color":"var(--ast-global-color-4)","background-image":"","background-repeat":"repeat","background-position":"center center","background-size":"auto","background-attachment":"scroll","background-type":"","background-media":"","overlay-type":"","overlay-color":"","overlay-opacity":"","overlay-gradient":""}}},"product_brand":[65],"product_cat":[48,49,20,50,53,37,21,58],"product_tag":[],"class_list":{"0":"post-2218","1":"product","2":"type-product","3":"status-publish","4":"has-post-thumbnail","6":"product_brand-colop","7":"product_cat-arstu-zimogi","8":"product_cat-banku-zimogi","9":"product_cat-biroja-zimogi","10":"product_cat-gramatvezu-zimogi","11":"product_cat-paraksta-zimogi","12":"product_cat-taisnstura-zimogi","13":"product_cat-teksta-zimogi","14":"product_cat-zimogi","15":"desktop-align-left","16":"tablet-align-left","17":"mobile-align-left","18":"ast-product-gallery-layout-horizontal-slider","19":"ast-product-gallery-with-no-image","20":"ast-product-tabs-layout-horizontal","22":"first","23":"instock","24":"shipping-taxable","25":"purchasable","26":"product-type-simple"},"acf":[],"yoast_head":"<!-- This site is optimized with the Yoast SEO Premium plugin v27.2 (Yoast SEO v27.2) - https:\/\/yoast.com\/product\/yoast-seo-premium-wordpress\/ -->\n<title>Autom\u0101tiskais z\u012bmogs Colop Printer 54<\/title>\n<meta name=\"robots\" content=\"index, follow, max-snippet:-1, max-image-preview:large, max-video-preview:-1\" \/>\n<link rel=\"canonical\" href=\"https:\/\/zimogufabrika24.lv\/en\/veikals\/zimogi\/arstu-zimogi\/automatiskais-zimogs-colop-printer-54-48x38-mm\/\" \/>\n<meta property=\"og:locale\" content=\"en_US\" \/>\n<meta property=\"og:type\" content=\"article\" \/>\n<meta property=\"og:title\" content=\"Autom\u0101tiskais z\u012bmogs Colop Printer 54 (48\u00d738 mm)\" \/>\n<meta property=\"og:description\" content=\"Autom\u0101tiskais z\u012bmogs Colop Printer 54 ar 48\u00d738 mm nospieduma laukumu ir ietilp\u012bgs taisnst\u016bra z\u012bmogs, kas paredz\u0113ts l\u012bdz 12 teksta rind\u0101m. Tas ir lieliska izv\u0113le k\u0101 gr\u0101matve\u017eu z\u012bmogs vai z\u012bmogs ar tekstu un logotipu. \u0160is pa\u0161kr\u0101sojo\u0161ais z\u012bmogs nodro\u0161ina skaidru nospiedumu un ir piem\u0113rots k\u0101 z\u012bmogs ar da\u017e\u0101du pielietojumu ikdienas darb\u0101.\" \/>\n<meta property=\"og:url\" content=\"https:\/\/zimogufabrika24.lv\/en\/veikals\/zimogi\/arstu-zimogi\/automatiskais-zimogs-colop-printer-54-48x38-mm\/\" \/>\n<meta property=\"og:site_name\" content=\"ZimoguFabrika24.lv\" \/>\n<meta property=\"article:modified_time\" content=\"2026-04-07T10:14:08+00:00\" \/>\n<meta property=\"og:image\" content=\"https:\/\/zimogufabrika24.lv\/wp-content\/uploads\/2026\/03\/colop-printer-54.webp\" \/>\n\t<meta property=\"og:image:width\" content=\"1000\" \/>\n\t<meta property=\"og:image:height\" content=\"1000\" \/>\n\t<meta property=\"og:image:type\" content=\"image\/webp\" \/>\n<meta name=\"twitter:card\" content=\"summary_large_image\" \/>\n<meta name=\"twitter:label1\" content=\"Price\" \/>\n\t<meta name=\"twitter:data1\" content=\"21.30&nbsp;&euro;\" \/>\n\t<meta name=\"twitter:label2\" content=\"Availability\" \/>\n\t<meta name=\"twitter:data2\" content=\"In stock\" \/>\n<script type=\"application\/ld+json\" class=\"yoast-schema-graph\">{\"@context\":\"https:\/\/schema.org\",\"@graph\":[{\"@type\":\"WebPage\",\"@id\":\"https:\/\/zimogufabrika24.lv\/veikals\/zimogi\/arstu-zimogi\/automatiskais-zimogs-colop-printer-54-48x38-mm\/\",\"url\":\"https:\/\/zimogufabrika24.lv\/veikals\/zimogi\/arstu-zimogi\/automatiskais-zimogs-colop-printer-54-48x38-mm\/\",\"name\":\"Autom\u0101tiskais z\u012bmogs Colop Printer 54\",\"isPartOf\":{\"@id\":\"https:\/\/zimogufabrika24.lv\/#website\"},\"primaryImageOfPage\":{\"@id\":\"https:\/\/zimogufabrika24.lv\/veikals\/zimogi\/arstu-zimogi\/automatiskais-zimogs-colop-printer-54-48x38-mm\/#primaryimage\"},\"image\":{\"@id\":\"https:\/\/zimogufabrika24.lv\/veikals\/zimogi\/arstu-zimogi\/automatiskais-zimogs-colop-printer-54-48x38-mm\/#primaryimage\"},\"thumbnailUrl\":\"https:\/\/zimogufabrika24.lv\/wp-content\/uploads\/2026\/03\/colop-printer-54.webp\",\"datePublished\":\"2026-03-20T13:21:09+00:00\",\"dateModified\":\"2026-04-07T10:14:08+00:00\",\"breadcrumb\":{\"@id\":\"https:\/\/zimogufabrika24.lv\/veikals\/zimogi\/arstu-zimogi\/automatiskais-zimogs-colop-printer-54-48x38-mm\/#breadcrumb\"},\"inLanguage\":\"en-US\",\"potentialAction\":[{\"@type\":\"ReadAction\",\"target\":[\"https:\/\/zimogufabrika24.lv\/veikals\/zimogi\/arstu-zimogi\/automatiskais-zimogs-colop-printer-54-48x38-mm\/\"]}]},{\"@type\":\"ImageObject\",\"inLanguage\":\"en-US\",\"@id\":\"https:\/\/zimogufabrika24.lv\/veikals\/zimogi\/arstu-zimogi\/automatiskais-zimogs-colop-printer-54-48x38-mm\/#primaryimage\",\"url\":\"https:\/\/zimogufabrika24.lv\/wp-content\/uploads\/2026\/03\/colop-printer-54.webp\",\"contentUrl\":\"https:\/\/zimogufabrika24.lv\/wp-content\/uploads\/2026\/03\/colop-printer-54.webp\",\"width\":1000,\"height\":1000,\"caption\":\"Colop Printer 54 z\u012bmogs ar nospieduma izm\u0113ru 48x38 mm\"},{\"@type\":\"BreadcrumbList\",\"@id\":\"https:\/\/zimogufabrika24.lv\/veikals\/zimogi\/arstu-zimogi\/automatiskais-zimogs-colop-printer-54-48x38-mm\/#breadcrumb\",\"itemListElement\":[{\"@type\":\"ListItem\",\"position\":1,\"name\":\"Home\",\"item\":\"https:\/\/zimogufabrika24.lv\/\"},{\"@type\":\"ListItem\",\"position\":2,\"name\":\"VEIKALS\",\"item\":\"https:\/\/zimogufabrika24.lv\/veikals\/\"},{\"@type\":\"ListItem\",\"position\":3,\"name\":\"Autom\u0101tiskais z\u012bmogs Colop Printer 54 (48\u00d738 mm)\"}]},{\"@type\":\"WebSite\",\"@id\":\"https:\/\/zimogufabrika24.lv\/#website\",\"url\":\"https:\/\/zimogufabrika24.lv\/\",\"name\":\"ZimoguFabrika24\",\"description\":\"\",\"publisher\":{\"@id\":\"https:\/\/zimogufabrika24.lv\/#organization\"},\"potentialAction\":[{\"@type\":\"SearchAction\",\"target\":{\"@type\":\"EntryPoint\",\"urlTemplate\":\"https:\/\/zimogufabrika24.lv\/?s={search_term_string}\"},\"query-input\":{\"@type\":\"PropertyValueSpecification\",\"valueRequired\":true,\"valueName\":\"search_term_string\"}}],\"inLanguage\":\"en-US\"},{\"@type\":\"Organization\",\"@id\":\"https:\/\/zimogufabrika24.lv\/#organization\",\"name\":\"SIA Z\u012aMOGU FABRIKA\",\"url\":\"https:\/\/zimogufabrika24.lv\/\",\"logo\":{\"@type\":\"ImageObject\",\"inLanguage\":\"en-US\",\"@id\":\"https:\/\/zimogufabrika24.lv\/#\/schema\/logo\/image\/\",\"url\":\"https:\/\/zimogufabrika24.lv\/wp-content\/uploads\/2026\/01\/Zimogu_Fabrika_logo@3.png\",\"contentUrl\":\"https:\/\/zimogufabrika24.lv\/wp-content\/uploads\/2026\/01\/Zimogu_Fabrika_logo@3.png\",\"width\":900,\"height\":738,\"caption\":\"SIA Z\u012aMOGU FABRIKA\"},\"image\":{\"@id\":\"https:\/\/zimogufabrika24.lv\/#\/schema\/logo\/image\/\"}}]}<\/script>\n<meta property=\"product:brand\" content=\"Colop\" \/>\n<meta property=\"product:price:amount\" content=\"21.30\" \/>\n<meta property=\"product:price:currency\" content=\"EUR\" \/>\n<meta property=\"og:availability\" content=\"instock\" \/>\n<meta property=\"product:availability\" content=\"instock\" \/>\n<meta property=\"product:condition\" content=\"new\" \/>\n<!-- \/ Yoast SEO Premium plugin. -->","yoast_head_json":{"title":"Autom\u0101tiskais z\u012bmogs Colop Printer 54","robots":{"index":"index","follow":"follow","max-snippet":"max-snippet:-1","max-image-preview":"max-image-preview:large","max-video-preview":"max-video-preview:-1"},"canonical":"https:\/\/zimogufabrika24.lv\/en\/veikals\/zimogi\/arstu-zimogi\/automatiskais-zimogs-colop-printer-54-48x38-mm\/","og_locale":"en_US","og_type":"article","og_title":"Autom\u0101tiskais z\u012bmogs Colop Printer 54 (48\u00d738 mm)","og_description":"Autom\u0101tiskais z\u012bmogs Colop Printer 54 ar 48\u00d738 mm nospieduma laukumu ir ietilp\u012bgs taisnst\u016bra z\u012bmogs, kas paredz\u0113ts l\u012bdz 12 teksta rind\u0101m. Tas ir lieliska izv\u0113le k\u0101 gr\u0101matve\u017eu z\u012bmogs vai z\u012bmogs ar tekstu un logotipu. \u0160is pa\u0161kr\u0101sojo\u0161ais z\u012bmogs nodro\u0161ina skaidru nospiedumu un ir piem\u0113rots k\u0101 z\u012bmogs ar da\u017e\u0101du pielietojumu ikdienas darb\u0101.","og_url":"https:\/\/zimogufabrika24.lv\/en\/veikals\/zimogi\/arstu-zimogi\/automatiskais-zimogs-colop-printer-54-48x38-mm\/","og_site_name":"ZimoguFabrika24.lv","article_modified_time":"2026-04-07T10:14:08+00:00","og_image":[{"width":1000,"height":1000,"url":"https:\/\/zimogufabrika24.lv\/wp-content\/uploads\/2026\/03\/colop-printer-54.webp","type":"image\/webp"}],"twitter_card":"summary_large_image","twitter_misc":{"Price":"21.30&nbsp;&euro;","Availability":"In stock"},"schema":{"@context":"https:\/\/schema.org","@graph":[{"@type":"WebPage","@id":"https:\/\/zimogufabrika24.lv\/veikals\/zimogi\/arstu-zimogi\/automatiskais-zimogs-colop-printer-54-48x38-mm\/","url":"https:\/\/zimogufabrika24.lv\/veikals\/zimogi\/arstu-zimogi\/automatiskais-zimogs-colop-printer-54-48x38-mm\/","name":"Autom\u0101tiskais z\u012bmogs Colop Printer 54","isPartOf":{"@id":"https:\/\/zimogufabrika24.lv\/#website"},"primaryImageOfPage":{"@id":"https:\/\/zimogufabrika24.lv\/veikals\/zimogi\/arstu-zimogi\/automatiskais-zimogs-colop-printer-54-48x38-mm\/#primaryimage"},"image":{"@id":"https:\/\/zimogufabrika24.lv\/veikals\/zimogi\/arstu-zimogi\/automatiskais-zimogs-colop-printer-54-48x38-mm\/#primaryimage"},"thumbnailUrl":"https:\/\/zimogufabrika24.lv\/wp-content\/uploads\/2026\/03\/colop-printer-54.webp","datePublished":"2026-03-20T13:21:09+00:00","dateModified":"2026-04-07T10:14:08+00:00","breadcrumb":{"@id":"https:\/\/zimogufabrika24.lv\/veikals\/zimogi\/arstu-zimogi\/automatiskais-zimogs-colop-printer-54-48x38-mm\/#breadcrumb"},"inLanguage":"en-US","potentialAction":[{"@type":"ReadAction","target":["https:\/\/zimogufabrika24.lv\/veikals\/zimogi\/arstu-zimogi\/automatiskais-zimogs-colop-printer-54-48x38-mm\/"]}]},{"@type":"ImageObject","inLanguage":"en-US","@id":"https:\/\/zimogufabrika24.lv\/veikals\/zimogi\/arstu-zimogi\/automatiskais-zimogs-colop-printer-54-48x38-mm\/#primaryimage","url":"https:\/\/zimogufabrika24.lv\/wp-content\/uploads\/2026\/03\/colop-printer-54.webp","contentUrl":"https:\/\/zimogufabrika24.lv\/wp-content\/uploads\/2026\/03\/colop-printer-54.webp","width":1000,"height":1000,"caption":"Colop Printer 54 z\u012bmogs ar nospieduma izm\u0113ru 48x38 mm"},{"@type":"BreadcrumbList","@id":"https:\/\/zimogufabrika24.lv\/veikals\/zimogi\/arstu-zimogi\/automatiskais-zimogs-colop-printer-54-48x38-mm\/#breadcrumb","itemListElement":[{"@type":"ListItem","position":1,"name":"Home","item":"https:\/\/zimogufabrika24.lv\/"},{"@type":"ListItem","position":2,"name":"VEIKALS","item":"https:\/\/zimogufabrika24.lv\/veikals\/"},{"@type":"ListItem","position":3,"name":"Autom\u0101tiskais z\u012bmogs Colop Printer 54 (48\u00d738 mm)"}]},{"@type":"WebSite","@id":"https:\/\/zimogufabrika24.lv\/#website","url":"https:\/\/zimogufabrika24.lv\/","name":"ZimoguFabrika24","description":"","publisher":{"@id":"https:\/\/zimogufabrika24.lv\/#organization"},"potentialAction":[{"@type":"SearchAction","target":{"@type":"EntryPoint","urlTemplate":"https:\/\/zimogufabrika24.lv\/?s={search_term_string}"},"query-input":{"@type":"PropertyValueSpecification","valueRequired":true,"valueName":"search_term_string"}}],"inLanguage":"en-US"},{"@type":"Organization","@id":"https:\/\/zimogufabrika24.lv\/#organization","name":"SIA Z\u012aMOGU FABRIKA","url":"https:\/\/zimogufabrika24.lv\/","logo":{"@type":"ImageObject","inLanguage":"en-US","@id":"https:\/\/zimogufabrika24.lv\/#\/schema\/logo\/image\/","url":"https:\/\/zimogufabrika24.lv\/wp-content\/uploads\/2026\/01\/Zimogu_Fabrika_logo@3.png","contentUrl":"https:\/\/zimogufabrika24.lv\/wp-content\/uploads\/2026\/01\/Zimogu_Fabrika_logo@3.png","width":900,"height":738,"caption":"SIA Z\u012aMOGU FABRIKA"},"image":{"@id":"https:\/\/zimogufabrika24.lv\/#\/schema\/logo\/image\/"}}]},"product_brand":"Colop","product_price_amount":"21.30","product_price_currency":"EUR","og_availability":"instock","product_availability":"instock","product_condition":"new"},"_links":{"self":[{"href":"https:\/\/zimogufabrika24.lv\/en\/wp-json\/wp\/v2\/product\/2218","targetHints":{"allow":["GET"]}}],"collection":[{"href":"https:\/\/zimogufabrika24.lv\/en\/wp-json\/wp\/v2\/product"}],"about":[{"href":"https:\/\/zimogufabrika24.lv\/en\/wp-json\/wp\/v2\/types\/product"}],"version-history":[{"count":0,"href":"https:\/\/zimogufabrika24.lv\/en\/wp-json\/wp\/v2\/product\/2218\/revisions"}],"wp:featuredmedia":[{"embeddable":true,"href":"https:\/\/zimogufabrika24.lv\/en\/wp-json\/wp\/v2\/media\/2219"}],"wp:attachment":[{"href":"https:\/\/zimogufabrika24.lv\/en\/wp-json\/wp\/v2\/media?parent=2218"}],"wp:term":[{"taxonomy":"product_brand","embeddable":true,"href":"https:\/\/zimogufabrika24.lv\/en\/wp-json\/wp\/v2\/product_brand?post=2218"},{"taxonomy":"product_cat","embeddable":true,"href":"https:\/\/zimogufabrika24.lv\/en\/wp-json\/wp\/v2\/product_cat?post=2218"},{"taxonomy":"product_tag","embeddable":true,"href":"https:\/\/zimogufabrika24.lv\/en\/wp-json\/wp\/v2\/product_tag?post=2218"}],"curies":[{"name":"wp","href":"https:\/\/api.w.org\/{rel}","templated":true}]}}