{"id":2237,"date":"2026-03-23T10:44:14","date_gmt":"2026-03-23T10:44:14","guid":{"rendered":"https:\/\/zimogufabrika24.lv\/?post_type=product&#038;p=2237"},"modified":"2026-03-23T10:54:38","modified_gmt":"2026-03-23T10:54:38","slug":"automatiskais-zimogs-colop-printer-15-67x8-mm","status":"publish","type":"product","link":"https:\/\/zimogufabrika24.lv\/en\/veikals\/zimogi\/advokatu-un-notaru-zimogi\/automatiskais-zimogs-colop-printer-15-67x8-mm\/","title":{"rendered":"Autom\u0101tiskais z\u012bmogs Colop Printer 15 (67\u00d78 mm)"},"content":{"rendered":"<p data-start=\"976\" data-end=\"1206\">Autom\u0101tiskais z\u012bmogs <strong data-start=\"997\" data-end=\"1017\">Colop Printer 15<\/strong> ir kompakts un prec\u012bzs risin\u0101jums profesion\u0101lai dokumentu noform\u0113\u0161anai. \u0160is <strong data-start=\"1094\" data-end=\"1119\">pa\u0161kr\u0101sojo\u0161ais z\u012bmogs<\/strong> ir \u012bpa\u0161i piem\u0113rots gad\u012bjumos, kad nepiecie\u0161ams \u0161aurs un p\u0101rskat\u0101ms teksta izvietojums.<\/p>\n<p data-start=\"1208\" data-end=\"1509\">67\u00d78 mm nospieduma laukums \u013cauj izvietot l\u012bdz <strong data-start=\"1254\" data-end=\"1273\">3 teksta rind\u0101m<\/strong>, kas padara to ide\u0101li piem\u0113rotu k\u0101 <strong data-start=\"1309\" data-end=\"1327\">juristu z\u012bmogs<\/strong>, <strong data-start=\"1329\" data-end=\"1346\">not\u0101ru z\u012bmogs<\/strong> vai <strong data-start=\"1351\" data-end=\"1379\">tiesu izpild\u012bt\u0101ju z\u012bmogs<\/strong>. \u0160\u0101da form\u0101ta z\u012bmogs ir lieliski piem\u0113rots v\u0101rda, amata nosaukuma vai \u012bsas profesion\u0101l\u0101s inform\u0101cijas att\u0113lo\u0161anai uz dokumentiem.<\/p>\n<p data-start=\"1511\" data-end=\"1754\">Z\u012bmogs nodro\u0161ina skaidru un vienm\u0113r\u012bgu nospiedumu, pateicoties kvalitat\u012bvam meh\u0101nismam un tintes sadal\u012bjumam. Ergonomiskais korpuss nodro\u0161ina \u0113rtu lieto\u0161anu, savuk\u0101rt <strong data-start=\"1678\" data-end=\"1712\">nomain\u0101mais tintes spilventi\u0146\u0161<\/strong> \u013cauj uztur\u0113t augstu kvalit\u0101ti ilgtermi\u0146\u0101.<\/p>\n<p data-start=\"1756\" data-end=\"1896\">Colop Printer 15 ir uzticams un profesion\u0101ls <strong data-start=\"1801\" data-end=\"1818\">biroja z\u012bmogs<\/strong>, kas \u012bpa\u0161i piem\u0113rots juridiskaj\u0101m profesij\u0101m un ikdienas dokumentu apstr\u0101dei.<\/p>\n<ul>\n<li data-section-id=\"1jxkg7t\" data-start=\"553\" data-end=\"596\">Autom\u0101tiskais <strong data-start=\"569\" data-end=\"594\">pa\u0161kr\u0101sojo\u0161ais z\u012bmogs<\/strong><\/li>\n<li data-section-id=\"uior5v\" data-start=\"597\" data-end=\"633\">Nospieduma izm\u0113rs: <strong data-start=\"618\" data-end=\"631\">67 \u00d7 8 mm<\/strong><\/li>\n<li data-section-id=\"1popzdv\" data-start=\"634\" data-end=\"662\">L\u012bdz <strong data-start=\"641\" data-end=\"660\">3 teksta rind\u0101m<\/strong><\/li>\n<li data-section-id=\"1vwqpee\" data-start=\"663\" data-end=\"713\">\u0160aurs un kompakts dizains prec\u012bziem ierakstiem<\/li>\n<li data-section-id=\"1m1tark\" data-start=\"714\" data-end=\"750\">Skaidrs un vienm\u0113r\u012bgs nospiedums<\/li>\n<li data-section-id=\"18krpjh\" data-start=\"751\" data-end=\"787\"><strong data-start=\"753\" data-end=\"785\">Nomain\u0101ms tintes spilventi\u0146\u0161<\/strong><\/li>\n<li data-section-id=\"k8pab6\" data-start=\"788\" data-end=\"874\">Piem\u0113rots k\u0101 <strong data-start=\"803\" data-end=\"821\">juristu z\u012bmogs<\/strong>, <strong data-start=\"823\" data-end=\"840\">not\u0101ru z\u012bmogs<\/strong> un <strong data-start=\"844\" data-end=\"872\">tiesu izpild\u012bt\u0101ju z\u012bmogs<\/strong><\/li>\n<li data-section-id=\"ztzryd\" data-start=\"875\" data-end=\"917\">Ide\u0101ls k\u0101 profesion\u0101ls <strong data-start=\"900\" data-end=\"917\">biroja z\u012bmogs<\/strong><\/li>\n<\/ul>\n<table>\n<thead>\n<tr>\n<th>Parametrs<\/th>\n<th>V\u0113rt\u012bba<\/th>\n<\/tr>\n<\/thead>\n<tbody>\n<tr>\n<td>Z\u012bmoga tips<\/td>\n<td>Autom\u0101tiskais<\/td>\n<\/tr>\n<tr>\n<td>Modelis<\/td>\n<td>Colop Printer 15<\/td>\n<\/tr>\n<tr>\n<td>Nospieduma izm\u0113rs<\/td>\n<td>67 \u00d7 8 mm<\/td>\n<\/tr>\n<tr>\n<td>Teksta rindas<\/td>\n<td>l\u012bdz 3<\/td>\n<\/tr>\n<tr>\n<td>Forma<\/td>\n<td>taisnst\u016bra<\/td>\n<\/tr>\n<tr>\n<td>Meh\u0101nisms<\/td>\n<td>pa\u0161kr\u0101sojo\u0161ais<\/td>\n<\/tr>\n<tr>\n<td>Tintes spilventi\u0146\u0161<\/td>\n<td>nomain\u0101ms<\/td>\n<\/tr>\n<\/tbody>\n<\/table>\n<p data-start=\"2214\" data-end=\"2276\">Autom\u0101tiskais <strong data-start=\"2228\" data-end=\"2245\">biroja z\u012bmogs<\/strong> Colop Printer 15 ir piem\u0113rots:<\/p>\n<ul data-start=\"2278\" data-end=\"2479\">\n<li data-section-id=\"17bki4z\" data-start=\"2278\" data-end=\"2303\">k\u0101 <strong data-start=\"2283\" data-end=\"2301\">juristu z\u012bmogs<\/strong><\/li>\n<li data-section-id=\"3ehm5y\" data-start=\"2304\" data-end=\"2328\">k\u0101 <strong data-start=\"2309\" data-end=\"2326\">not\u0101ru z\u012bmogs<\/strong><\/li>\n<li data-section-id=\"r2hqig\" data-start=\"2329\" data-end=\"2364\">k\u0101 <strong data-start=\"2334\" data-end=\"2362\">tiesu izpild\u012bt\u0101ju z\u012bmogs<\/strong><\/li>\n<li data-section-id=\"1iji0xz\" data-start=\"2365\" data-end=\"2394\">dokumentu apstiprin\u0101\u0161anai<\/li>\n<li data-section-id=\"ibd3a4\" data-start=\"2395\" data-end=\"2434\">l\u012bgumiem un juridiskiem dokumentiem<\/li>\n<li data-section-id=\"1no5zfy\" data-start=\"2435\" data-end=\"2479\">profesion\u0101lai ikdienas lieto\u0161anai biroj\u0101<\/li>\n<\/ul>","protected":false},"excerpt":{"rendered":"<p>Autom\u0101tiskais z\u012bmogs <strong data-start=\"200\" data-end=\"220\">Colop Printer 15<\/strong> ar 67\u00d78 mm nospieduma laukumu ir \u0161aurs un prec\u012bzs <strong data-start=\"271\" data-end=\"288\">biroja z\u012bmogs<\/strong>, kas paredz\u0113ts l\u012bdz <strong data-start=\"309\" data-end=\"328\">3 teksta rind\u0101m<\/strong>. Tas ir ide\u0101li piem\u0113rots k\u0101 <strong data-start=\"357\" data-end=\"375\">juristu z\u012bmogs<\/strong>, <strong data-start=\"377\" data-end=\"394\">not\u0101ru z\u012bmogs<\/strong> vai <strong data-start=\"399\" data-end=\"427\">tiesu izpild\u012bt\u0101ju z\u012bmogs<\/strong>. \u0160is <strong data-start=\"433\" data-end=\"458\">pa\u0161kr\u0101sojo\u0161ais z\u012bmogs<\/strong> nodro\u0161ina skaidru nospiedumu un \u0113rtu lieto\u0161anu ikdienas darb\u0101.<\/p>","protected":false},"featured_media":2240,"template":"","meta":{"_acf_changed":false,"site-sidebar-layout":"default","site-content-layout":"","ast-site-content-layout":"default","site-content-style":"default","site-sidebar-style":"default","ast-global-header-display":"","ast-banner-title-visibility":"","ast-main-header-display":"","ast-hfb-above-header-display":"","ast-hfb-below-header-display":"","ast-hfb-mobile-header-display":"","site-post-title":"","ast-breadcrumbs-content":"","ast-featured-img":"","footer-sml-layout":"","ast-disable-related-posts":"","theme-transparent-header-meta":"default","adv-header-id-meta":"","stick-header-meta":"default","header-above-stick-meta":"","header-main-stick-meta":"","header-below-stick-meta":"","astra-migrate-meta-layouts":"set","ast-page-background-enabled":"default","ast-page-background-meta":{"desktop":{"background-color":"var(--ast-global-color-5)","background-image":"","background-repeat":"repeat","background-position":"center center","background-size":"auto","background-attachment":"scroll","background-type":"","background-media":"","overlay-type":"","overlay-color":"","overlay-opacity":"","overlay-gradient":""},"tablet":{"background-color":"","background-image":"","background-repeat":"repeat","background-position":"center center","background-size":"auto","background-attachment":"scroll","background-type":"","background-media":"","overlay-type":"","overlay-color":"","overlay-opacity":"","overlay-gradient":""},"mobile":{"background-color":"","background-image":"","background-repeat":"repeat","background-position":"center center","background-size":"auto","background-attachment":"scroll","background-type":"","background-media":"","overlay-type":"","overlay-color":"","overlay-opacity":"","overlay-gradient":""}},"ast-content-background-meta":{"desktop":{"background-color":"var(--ast-global-color-4)","background-image":"","background-repeat":"repeat","background-position":"center center","background-size":"auto","background-attachment":"scroll","background-type":"","background-media":"","overlay-type":"","overlay-color":"","overlay-opacity":"","overlay-gradient":""},"tablet":{"background-color":"var(--ast-global-color-4)","background-image":"","background-repeat":"repeat","background-position":"center center","background-size":"auto","background-attachment":"scroll","background-type":"","background-media":"","overlay-type":"","overlay-color":"","overlay-opacity":"","overlay-gradient":""},"mobile":{"background-color":"var(--ast-global-color-4)","background-image":"","background-repeat":"repeat","background-position":"center center","background-size":"auto","background-attachment":"scroll","background-type":"","background-media":"","overlay-type":"","overlay-color":"","overlay-opacity":"","overlay-gradient":""}}},"product_brand":[65],"product_cat":[51,72,37,21,68,58],"product_tag":[],"class_list":{"0":"post-2237","1":"product","2":"type-product","3":"status-publish","4":"has-post-thumbnail","6":"product_brand-colop","7":"product_cat-advokatu-un-notaru-zimogi","8":"product_cat-juristu-zimogi","9":"product_cat-taisnstura-zimogi","10":"product_cat-teksta-zimogi","11":"product_cat-uznemumu-zimogi","12":"product_cat-zimogi","13":"desktop-align-left","14":"tablet-align-left","15":"mobile-align-left","16":"ast-product-gallery-layout-horizontal-slider","17":"ast-product-gallery-with-no-image","18":"ast-product-tabs-layout-horizontal","20":"first","21":"instock","22":"shipping-taxable","23":"purchasable","24":"product-type-simple"},"acf":[],"yoast_head":"<!-- This site is optimized with the Yoast SEO Premium plugin v27.2 (Yoast SEO v27.2) - https:\/\/yoast.com\/product\/yoast-seo-premium-wordpress\/ -->\n<title>Autom\u0101tiskais z\u012bmogs Colop Printer 15<\/title>\n<meta name=\"robots\" content=\"index, follow, max-snippet:-1, max-image-preview:large, max-video-preview:-1\" \/>\n<link rel=\"canonical\" href=\"https:\/\/zimogufabrika24.lv\/en\/veikals\/zimogi\/advokatu-un-notaru-zimogi\/automatiskais-zimogs-colop-printer-15-67x8-mm\/\" \/>\n<meta property=\"og:locale\" content=\"en_US\" \/>\n<meta property=\"og:type\" content=\"article\" \/>\n<meta property=\"og:title\" content=\"Autom\u0101tiskais z\u012bmogs Colop Printer 15 (67\u00d78 mm)\" \/>\n<meta property=\"og:description\" content=\"Autom\u0101tiskais z\u012bmogs Colop Printer 15 ar 67\u00d78 mm nospieduma laukumu ir \u0161aurs un prec\u012bzs biroja z\u012bmogs, kas paredz\u0113ts l\u012bdz 3 teksta rind\u0101m. Tas ir ide\u0101li piem\u0113rots k\u0101 juristu z\u012bmogs, not\u0101ru z\u012bmogs vai tiesu izpild\u012bt\u0101ju z\u012bmogs. \u0160is pa\u0161kr\u0101sojo\u0161ais z\u012bmogs nodro\u0161ina skaidru nospiedumu un \u0113rtu lieto\u0161anu ikdienas darb\u0101.\" \/>\n<meta property=\"og:url\" content=\"https:\/\/zimogufabrika24.lv\/en\/veikals\/zimogi\/advokatu-un-notaru-zimogi\/automatiskais-zimogs-colop-printer-15-67x8-mm\/\" \/>\n<meta property=\"og:site_name\" content=\"ZimoguFabrika24.lv\" \/>\n<meta property=\"article:modified_time\" content=\"2026-03-23T10:54:38+00:00\" \/>\n<meta property=\"og:image\" content=\"https:\/\/zimogufabrika24.lv\/wp-content\/uploads\/2026\/03\/colop-printer-15.webp\" \/>\n\t<meta property=\"og:image:width\" content=\"1000\" \/>\n\t<meta property=\"og:image:height\" content=\"1000\" \/>\n\t<meta property=\"og:image:type\" content=\"image\/webp\" \/>\n<meta name=\"twitter:card\" content=\"summary_large_image\" \/>\n<meta name=\"twitter:label1\" content=\"Price\" \/>\n\t<meta name=\"twitter:data1\" content=\"13.00&nbsp;&euro;\" \/>\n\t<meta name=\"twitter:label2\" content=\"Availability\" \/>\n\t<meta name=\"twitter:data2\" content=\"In stock\" \/>\n<script type=\"application\/ld+json\" class=\"yoast-schema-graph\">{\"@context\":\"https:\/\/schema.org\",\"@graph\":[{\"@type\":\"WebPage\",\"@id\":\"https:\/\/zimogufabrika24.lv\/veikals\/zimogi\/advokatu-un-notaru-zimogi\/automatiskais-zimogs-colop-printer-15-67x8-mm\/\",\"url\":\"https:\/\/zimogufabrika24.lv\/veikals\/zimogi\/advokatu-un-notaru-zimogi\/automatiskais-zimogs-colop-printer-15-67x8-mm\/\",\"name\":\"Autom\u0101tiskais z\u012bmogs Colop Printer 15\",\"isPartOf\":{\"@id\":\"https:\/\/zimogufabrika24.lv\/#website\"},\"primaryImageOfPage\":{\"@id\":\"https:\/\/zimogufabrika24.lv\/veikals\/zimogi\/advokatu-un-notaru-zimogi\/automatiskais-zimogs-colop-printer-15-67x8-mm\/#primaryimage\"},\"image\":{\"@id\":\"https:\/\/zimogufabrika24.lv\/veikals\/zimogi\/advokatu-un-notaru-zimogi\/automatiskais-zimogs-colop-printer-15-67x8-mm\/#primaryimage\"},\"thumbnailUrl\":\"https:\/\/zimogufabrika24.lv\/wp-content\/uploads\/2026\/03\/colop-printer-15.webp\",\"datePublished\":\"2026-03-23T10:44:14+00:00\",\"dateModified\":\"2026-03-23T10:54:38+00:00\",\"breadcrumb\":{\"@id\":\"https:\/\/zimogufabrika24.lv\/veikals\/zimogi\/advokatu-un-notaru-zimogi\/automatiskais-zimogs-colop-printer-15-67x8-mm\/#breadcrumb\"},\"inLanguage\":\"en-US\",\"potentialAction\":[{\"@type\":\"ReadAction\",\"target\":[\"https:\/\/zimogufabrika24.lv\/veikals\/zimogi\/advokatu-un-notaru-zimogi\/automatiskais-zimogs-colop-printer-15-67x8-mm\/\"]}]},{\"@type\":\"ImageObject\",\"inLanguage\":\"en-US\",\"@id\":\"https:\/\/zimogufabrika24.lv\/veikals\/zimogi\/advokatu-un-notaru-zimogi\/automatiskais-zimogs-colop-printer-15-67x8-mm\/#primaryimage\",\"url\":\"https:\/\/zimogufabrika24.lv\/wp-content\/uploads\/2026\/03\/colop-printer-15.webp\",\"contentUrl\":\"https:\/\/zimogufabrika24.lv\/wp-content\/uploads\/2026\/03\/colop-printer-15.webp\",\"width\":1000,\"height\":1000,\"caption\":\"Colop Printer 15 z\u012bmogs ar nospieduma izm\u0113ru 67\u00d78 mm\"},{\"@type\":\"BreadcrumbList\",\"@id\":\"https:\/\/zimogufabrika24.lv\/veikals\/zimogi\/advokatu-un-notaru-zimogi\/automatiskais-zimogs-colop-printer-15-67x8-mm\/#breadcrumb\",\"itemListElement\":[{\"@type\":\"ListItem\",\"position\":1,\"name\":\"Home\",\"item\":\"https:\/\/zimogufabrika24.lv\/\"},{\"@type\":\"ListItem\",\"position\":2,\"name\":\"VEIKALS\",\"item\":\"https:\/\/zimogufabrika24.lv\/veikals\/\"},{\"@type\":\"ListItem\",\"position\":3,\"name\":\"Autom\u0101tiskais z\u012bmogs Colop Printer 15 (67\u00d78 mm)\"}]},{\"@type\":\"WebSite\",\"@id\":\"https:\/\/zimogufabrika24.lv\/#website\",\"url\":\"https:\/\/zimogufabrika24.lv\/\",\"name\":\"ZimoguFabrika24\",\"description\":\"\",\"publisher\":{\"@id\":\"https:\/\/zimogufabrika24.lv\/#organization\"},\"potentialAction\":[{\"@type\":\"SearchAction\",\"target\":{\"@type\":\"EntryPoint\",\"urlTemplate\":\"https:\/\/zimogufabrika24.lv\/?s={search_term_string}\"},\"query-input\":{\"@type\":\"PropertyValueSpecification\",\"valueRequired\":true,\"valueName\":\"search_term_string\"}}],\"inLanguage\":\"en-US\"},{\"@type\":\"Organization\",\"@id\":\"https:\/\/zimogufabrika24.lv\/#organization\",\"name\":\"SIA Z\u012aMOGU FABRIKA\",\"url\":\"https:\/\/zimogufabrika24.lv\/\",\"logo\":{\"@type\":\"ImageObject\",\"inLanguage\":\"en-US\",\"@id\":\"https:\/\/zimogufabrika24.lv\/#\/schema\/logo\/image\/\",\"url\":\"https:\/\/zimogufabrika24.lv\/wp-content\/uploads\/2026\/01\/Zimogu_Fabrika_logo@3.png\",\"contentUrl\":\"https:\/\/zimogufabrika24.lv\/wp-content\/uploads\/2026\/01\/Zimogu_Fabrika_logo@3.png\",\"width\":900,\"height\":738,\"caption\":\"SIA Z\u012aMOGU FABRIKA\"},\"image\":{\"@id\":\"https:\/\/zimogufabrika24.lv\/#\/schema\/logo\/image\/\"}}]}<\/script>\n<meta property=\"product:brand\" content=\"Colop\" \/>\n<meta property=\"product:price:amount\" content=\"13.00\" \/>\n<meta property=\"product:price:currency\" content=\"EUR\" \/>\n<meta property=\"og:availability\" content=\"instock\" \/>\n<meta property=\"product:availability\" content=\"instock\" \/>\n<meta property=\"product:condition\" content=\"new\" \/>\n<!-- \/ Yoast SEO Premium plugin. -->","yoast_head_json":{"title":"Autom\u0101tiskais z\u012bmogs Colop Printer 15","robots":{"index":"index","follow":"follow","max-snippet":"max-snippet:-1","max-image-preview":"max-image-preview:large","max-video-preview":"max-video-preview:-1"},"canonical":"https:\/\/zimogufabrika24.lv\/en\/veikals\/zimogi\/advokatu-un-notaru-zimogi\/automatiskais-zimogs-colop-printer-15-67x8-mm\/","og_locale":"en_US","og_type":"article","og_title":"Autom\u0101tiskais z\u012bmogs Colop Printer 15 (67\u00d78 mm)","og_description":"Autom\u0101tiskais z\u012bmogs Colop Printer 15 ar 67\u00d78 mm nospieduma laukumu ir \u0161aurs un prec\u012bzs biroja z\u012bmogs, kas paredz\u0113ts l\u012bdz 3 teksta rind\u0101m. Tas ir ide\u0101li piem\u0113rots k\u0101 juristu z\u012bmogs, not\u0101ru z\u012bmogs vai tiesu izpild\u012bt\u0101ju z\u012bmogs. \u0160is pa\u0161kr\u0101sojo\u0161ais z\u012bmogs nodro\u0161ina skaidru nospiedumu un \u0113rtu lieto\u0161anu ikdienas darb\u0101.","og_url":"https:\/\/zimogufabrika24.lv\/en\/veikals\/zimogi\/advokatu-un-notaru-zimogi\/automatiskais-zimogs-colop-printer-15-67x8-mm\/","og_site_name":"ZimoguFabrika24.lv","article_modified_time":"2026-03-23T10:54:38+00:00","og_image":[{"width":1000,"height":1000,"url":"https:\/\/zimogufabrika24.lv\/wp-content\/uploads\/2026\/03\/colop-printer-15.webp","type":"image\/webp"}],"twitter_card":"summary_large_image","twitter_misc":{"Price":"13.00&nbsp;&euro;","Availability":"In stock"},"schema":{"@context":"https:\/\/schema.org","@graph":[{"@type":"WebPage","@id":"https:\/\/zimogufabrika24.lv\/veikals\/zimogi\/advokatu-un-notaru-zimogi\/automatiskais-zimogs-colop-printer-15-67x8-mm\/","url":"https:\/\/zimogufabrika24.lv\/veikals\/zimogi\/advokatu-un-notaru-zimogi\/automatiskais-zimogs-colop-printer-15-67x8-mm\/","name":"Autom\u0101tiskais z\u012bmogs Colop Printer 15","isPartOf":{"@id":"https:\/\/zimogufabrika24.lv\/#website"},"primaryImageOfPage":{"@id":"https:\/\/zimogufabrika24.lv\/veikals\/zimogi\/advokatu-un-notaru-zimogi\/automatiskais-zimogs-colop-printer-15-67x8-mm\/#primaryimage"},"image":{"@id":"https:\/\/zimogufabrika24.lv\/veikals\/zimogi\/advokatu-un-notaru-zimogi\/automatiskais-zimogs-colop-printer-15-67x8-mm\/#primaryimage"},"thumbnailUrl":"https:\/\/zimogufabrika24.lv\/wp-content\/uploads\/2026\/03\/colop-printer-15.webp","datePublished":"2026-03-23T10:44:14+00:00","dateModified":"2026-03-23T10:54:38+00:00","breadcrumb":{"@id":"https:\/\/zimogufabrika24.lv\/veikals\/zimogi\/advokatu-un-notaru-zimogi\/automatiskais-zimogs-colop-printer-15-67x8-mm\/#breadcrumb"},"inLanguage":"en-US","potentialAction":[{"@type":"ReadAction","target":["https:\/\/zimogufabrika24.lv\/veikals\/zimogi\/advokatu-un-notaru-zimogi\/automatiskais-zimogs-colop-printer-15-67x8-mm\/"]}]},{"@type":"ImageObject","inLanguage":"en-US","@id":"https:\/\/zimogufabrika24.lv\/veikals\/zimogi\/advokatu-un-notaru-zimogi\/automatiskais-zimogs-colop-printer-15-67x8-mm\/#primaryimage","url":"https:\/\/zimogufabrika24.lv\/wp-content\/uploads\/2026\/03\/colop-printer-15.webp","contentUrl":"https:\/\/zimogufabrika24.lv\/wp-content\/uploads\/2026\/03\/colop-printer-15.webp","width":1000,"height":1000,"caption":"Colop Printer 15 z\u012bmogs ar nospieduma izm\u0113ru 67\u00d78 mm"},{"@type":"BreadcrumbList","@id":"https:\/\/zimogufabrika24.lv\/veikals\/zimogi\/advokatu-un-notaru-zimogi\/automatiskais-zimogs-colop-printer-15-67x8-mm\/#breadcrumb","itemListElement":[{"@type":"ListItem","position":1,"name":"Home","item":"https:\/\/zimogufabrika24.lv\/"},{"@type":"ListItem","position":2,"name":"VEIKALS","item":"https:\/\/zimogufabrika24.lv\/veikals\/"},{"@type":"ListItem","position":3,"name":"Autom\u0101tiskais z\u012bmogs Colop Printer 15 (67\u00d78 mm)"}]},{"@type":"WebSite","@id":"https:\/\/zimogufabrika24.lv\/#website","url":"https:\/\/zimogufabrika24.lv\/","name":"ZimoguFabrika24","description":"","publisher":{"@id":"https:\/\/zimogufabrika24.lv\/#organization"},"potentialAction":[{"@type":"SearchAction","target":{"@type":"EntryPoint","urlTemplate":"https:\/\/zimogufabrika24.lv\/?s={search_term_string}"},"query-input":{"@type":"PropertyValueSpecification","valueRequired":true,"valueName":"search_term_string"}}],"inLanguage":"en-US"},{"@type":"Organization","@id":"https:\/\/zimogufabrika24.lv\/#organization","name":"SIA Z\u012aMOGU FABRIKA","url":"https:\/\/zimogufabrika24.lv\/","logo":{"@type":"ImageObject","inLanguage":"en-US","@id":"https:\/\/zimogufabrika24.lv\/#\/schema\/logo\/image\/","url":"https:\/\/zimogufabrika24.lv\/wp-content\/uploads\/2026\/01\/Zimogu_Fabrika_logo@3.png","contentUrl":"https:\/\/zimogufabrika24.lv\/wp-content\/uploads\/2026\/01\/Zimogu_Fabrika_logo@3.png","width":900,"height":738,"caption":"SIA Z\u012aMOGU FABRIKA"},"image":{"@id":"https:\/\/zimogufabrika24.lv\/#\/schema\/logo\/image\/"}}]},"product_brand":"Colop","product_price_amount":"13.00","product_price_currency":"EUR","og_availability":"instock","product_availability":"instock","product_condition":"new"},"_links":{"self":[{"href":"https:\/\/zimogufabrika24.lv\/en\/wp-json\/wp\/v2\/product\/2237","targetHints":{"allow":["GET"]}}],"collection":[{"href":"https:\/\/zimogufabrika24.lv\/en\/wp-json\/wp\/v2\/product"}],"about":[{"href":"https:\/\/zimogufabrika24.lv\/en\/wp-json\/wp\/v2\/types\/product"}],"version-history":[{"count":0,"href":"https:\/\/zimogufabrika24.lv\/en\/wp-json\/wp\/v2\/product\/2237\/revisions"}],"wp:featuredmedia":[{"embeddable":true,"href":"https:\/\/zimogufabrika24.lv\/en\/wp-json\/wp\/v2\/media\/2240"}],"wp:attachment":[{"href":"https:\/\/zimogufabrika24.lv\/en\/wp-json\/wp\/v2\/media?parent=2237"}],"wp:term":[{"taxonomy":"product_brand","embeddable":true,"href":"https:\/\/zimogufabrika24.lv\/en\/wp-json\/wp\/v2\/product_brand?post=2237"},{"taxonomy":"product_cat","embeddable":true,"href":"https:\/\/zimogufabrika24.lv\/en\/wp-json\/wp\/v2\/product_cat?post=2237"},{"taxonomy":"product_tag","embeddable":true,"href":"https:\/\/zimogufabrika24.lv\/en\/wp-json\/wp\/v2\/product_tag?post=2237"}],"curies":[{"name":"wp","href":"https:\/\/api.w.org\/{rel}","templated":true}]}}