{"id":2244,"date":"2026-03-23T11:18:45","date_gmt":"2026-03-23T11:18:45","guid":{"rendered":"https:\/\/zimogufabrika24.lv\/?post_type=product&#038;p=2244"},"modified":"2026-04-02T09:14:12","modified_gmt":"2026-04-02T09:14:12","slug":"automatiskais-zimogs-colop-printer-25-73x15-mm","status":"publish","type":"product","link":"https:\/\/zimogufabrika24.lv\/en\/veikals\/zimogi\/biroja-zimogi\/automatiskais-zimogs-colop-printer-25-73x15-mm\/","title":{"rendered":"Autom\u0101tiskais z\u012bmogs Colop Printer 25 (73\u00d715 mm)"},"content":{"rendered":"<p data-start=\"917\" data-end=\"1145\">Autom\u0101tiskais z\u012bmogs <strong data-start=\"938\" data-end=\"958\">Colop Printer 25<\/strong> ir uzticams un daudzfunkcion\u0101ls risin\u0101jums profesion\u0101lai dokumentu apstr\u0101dei. \u0160is <strong data-start=\"1041\" data-end=\"1066\">pa\u0161kr\u0101sojo\u0161ais z\u012bmogs<\/strong> nodro\u0161ina skaidru un vienm\u0113r\u012bgu nospiedumu, kas ir \u012bpa\u0161i svar\u012bgi biroja darb\u0101.<\/p>\n<p data-start=\"1147\" data-end=\"1463\">73\u00d715 mm nospieduma laukums \u013cauj izvietot l\u012bdz <strong data-start=\"1194\" data-end=\"1213\">5 teksta rind\u0101m<\/strong>, padarot to par praktisku <strong data-start=\"1240\" data-end=\"1257\">teksta z\u012bmogu<\/strong> da\u017e\u0101diem pielietojumiem. Tas ir \u012bpa\u0161i piem\u0113rots k\u0101 <strong data-start=\"1309\" data-end=\"1330\">gr\u0101matve\u017eu z\u012bmogs<\/strong>, kur nepiecie\u0161ams nor\u0101d\u012bt \u012bsu, bet svar\u012bgu inform\u0101ciju \u2013 piem\u0113ram, uz\u0146\u0113muma rekviz\u012btus, konta datus vai dokumentu apstr\u0101des atz\u012bmes.<\/p>\n<p data-start=\"1465\" data-end=\"1651\">Ergonomiskais korpuss nodro\u0161ina \u0113rtu lieto\u0161anu, bet kvalitat\u012bvais meh\u0101nisms garant\u0113 ilgm\u016b\u017e\u012bbu. <strong data-start=\"1560\" data-end=\"1594\">Nomain\u0101mais tintes spilventi\u0146\u0161<\/strong> \u013cauj uztur\u0113t augstu nospieduma kvalit\u0101ti ar\u012b ilgtermi\u0146\u0101.<\/p>\n<p data-start=\"1653\" data-end=\"1823\">Colop Printer 25 ir praktisks un iztur\u012bgs <strong data-start=\"1695\" data-end=\"1719\">autom\u0101tiskais z\u012bmogs<\/strong>, kas piem\u0113rots ikvienam birojam, kur nepiecie\u0161ams uzticams un efekt\u012bvs dokumentu mar\u0137\u0113\u0161anas risin\u0101jums.<\/p>\n<ul>\n<li data-section-id=\"1jxkg7t\" data-start=\"548\" data-end=\"591\">Autom\u0101tiskais <strong data-start=\"564\" data-end=\"589\">pa\u0161kr\u0101sojo\u0161ais z\u012bmogs<\/strong><\/li>\n<li data-section-id=\"niyx22\" data-start=\"592\" data-end=\"629\">Nospieduma izm\u0113rs: <strong data-start=\"613\" data-end=\"627\">73 \u00d7 15 mm<\/strong><\/li>\n<li data-section-id=\"g31qp1\" data-start=\"630\" data-end=\"658\">L\u012bdz <strong data-start=\"637\" data-end=\"656\">5 teksta rind\u0101m<\/strong><\/li>\n<li data-section-id=\"6uxtbo\" data-start=\"659\" data-end=\"711\">Praktisks <strong data-start=\"671\" data-end=\"688\">teksta z\u012bmogs<\/strong> da\u017e\u0101diem dokumentiem<\/li>\n<li data-section-id=\"1m1tark\" data-start=\"712\" data-end=\"748\">Skaidrs un vienm\u0113r\u012bgs nospiedums<\/li>\n<li data-section-id=\"18krpjh\" data-start=\"749\" data-end=\"785\"><strong data-start=\"751\" data-end=\"783\">Nomain\u0101ms tintes spilventi\u0146\u0161<\/strong><\/li>\n<li data-section-id=\"cmmqwv\" data-start=\"786\" data-end=\"821\">Ergonomisks un iztur\u012bgs dizains<\/li>\n<li data-section-id=\"gec1yh\" data-start=\"822\" data-end=\"858\">Piem\u0113rots k\u0101 <strong data-start=\"837\" data-end=\"858\">gr\u0101matve\u017eu z\u012bmogs<\/strong><\/li>\n<\/ul>\n<table>\n<thead>\n<tr>\n<th>Parametrs<\/th>\n<th>V\u0113rt\u012bba<\/th>\n<\/tr>\n<\/thead>\n<tbody>\n<tr>\n<td>Z\u012bmoga tips<\/td>\n<td>Autom\u0101tiskais<\/td>\n<\/tr>\n<tr>\n<td>Modelis<\/td>\n<td>Colop Printer 25<\/td>\n<\/tr>\n<tr>\n<td>Nospieduma izm\u0113rs<\/td>\n<td>73 \u00d7 15 mm<\/td>\n<\/tr>\n<tr>\n<td>Teksta rindas<\/td>\n<td>l\u012bdz 5<\/td>\n<\/tr>\n<tr>\n<td>Forma<\/td>\n<td>taisnst\u016bra<\/td>\n<\/tr>\n<tr>\n<td>Meh\u0101nisms<\/td>\n<td>pa\u0161kr\u0101sojo\u0161ais<\/td>\n<\/tr>\n<tr>\n<td>Tintes spilventi\u0146\u0161<\/td>\n<td>nomain\u0101ms<\/td>\n<\/tr>\n<\/tbody>\n<\/table>\n<p data-start=\"2142\" data-end=\"2204\">Autom\u0101tiskais <strong data-start=\"2156\" data-end=\"2173\">teksta z\u012bmogs<\/strong> Colop Printer 25 ir piem\u0113rots:<\/p>\n<ul data-start=\"2206\" data-end=\"2396\">\n<li data-section-id=\"1adlp81\" data-start=\"2206\" data-end=\"2234\">k\u0101 <strong data-start=\"2211\" data-end=\"2232\">gr\u0101matve\u017eu z\u012bmogs<\/strong><\/li>\n<li data-section-id=\"lh0dpm\" data-start=\"2235\" data-end=\"2265\">dokumentu apstr\u0101dei biroj\u0101<\/li>\n<li data-section-id=\"bt1h6n\" data-start=\"2266\" data-end=\"2301\">r\u0113\u0137iniem un finan\u0161u dokumentiem<\/li>\n<li data-section-id=\"14w1ilc\" data-start=\"2302\" data-end=\"2327\">rekviz\u012btu nor\u0101d\u012b\u0161anai<\/li>\n<li data-section-id=\"a5gv9b\" data-start=\"2328\" data-end=\"2362\">administrat\u012bvajiem dokumentiem<\/li>\n<li data-section-id=\"81iz9s\" data-start=\"2363\" data-end=\"2396\">ikdienas lieto\u0161anai uz\u0146\u0113mumos<\/li>\n<\/ul>","protected":false},"excerpt":{"rendered":"<p>Autom\u0101tiskais z\u012bmogs <strong data-start=\"204\" data-end=\"224\">Colop Printer 25<\/strong> ar 73\u00d715 mm nospieduma laukumu ir praktisks un \u0113rti lietojams <strong data-start=\"287\" data-end=\"304\">teksta z\u012bmogs<\/strong>, kas paredz\u0113ts l\u012bdz <strong data-start=\"325\" data-end=\"344\">5 teksta rind\u0101m<\/strong>. Tas ir lieliski piem\u0113rots k\u0101 <strong data-start=\"375\" data-end=\"396\">gr\u0101matve\u017eu z\u012bmogs<\/strong> un ikdienas dokumentu apstr\u0101dei. \u0160is <strong data-start=\"434\" data-end=\"459\">pa\u0161kr\u0101sojo\u0161ais z\u012bmogs<\/strong> nodro\u0161ina skaidru nospiedumu un uzticamu darb\u012bbu biroj\u0101.<\/p>","protected":false},"featured_media":2245,"template":"","meta":{"_acf_changed":false,"site-sidebar-layout":"default","site-content-layout":"","ast-site-content-layout":"default","site-content-style":"default","site-sidebar-style":"default","ast-global-header-display":"","ast-banner-title-visibility":"","ast-main-header-display":"","ast-hfb-above-header-display":"","ast-hfb-below-header-display":"","ast-hfb-mobile-header-display":"","site-post-title":"","ast-breadcrumbs-content":"","ast-featured-img":"","footer-sml-layout":"","ast-disable-related-posts":"","theme-transparent-header-meta":"default","adv-header-id-meta":"","stick-header-meta":"default","header-above-stick-meta":"","header-main-stick-meta":"","header-below-stick-meta":"","astra-migrate-meta-layouts":"set","ast-page-background-enabled":"default","ast-page-background-meta":{"desktop":{"background-color":"var(--ast-global-color-5)","background-image":"","background-repeat":"repeat","background-position":"center center","background-size":"auto","background-attachment":"scroll","background-type":"","background-media":"","overlay-type":"","overlay-color":"","overlay-opacity":"","overlay-gradient":""},"tablet":{"background-color":"","background-image":"","background-repeat":"repeat","background-position":"center center","background-size":"auto","background-attachment":"scroll","background-type":"","background-media":"","overlay-type":"","overlay-color":"","overlay-opacity":"","overlay-gradient":""},"mobile":{"background-color":"","background-image":"","background-repeat":"repeat","background-position":"center center","background-size":"auto","background-attachment":"scroll","background-type":"","background-media":"","overlay-type":"","overlay-color":"","overlay-opacity":"","overlay-gradient":""}},"ast-content-background-meta":{"desktop":{"background-color":"var(--ast-global-color-4)","background-image":"","background-repeat":"repeat","background-position":"center center","background-size":"auto","background-attachment":"scroll","background-type":"","background-media":"","overlay-type":"","overlay-color":"","overlay-opacity":"","overlay-gradient":""},"tablet":{"background-color":"var(--ast-global-color-4)","background-image":"","background-repeat":"repeat","background-position":"center center","background-size":"auto","background-attachment":"scroll","background-type":"","background-media":"","overlay-type":"","overlay-color":"","overlay-opacity":"","overlay-gradient":""},"mobile":{"background-color":"var(--ast-global-color-4)","background-image":"","background-repeat":"repeat","background-position":"center center","background-size":"auto","background-attachment":"scroll","background-type":"","background-media":"","overlay-type":"","overlay-color":"","overlay-opacity":"","overlay-gradient":""}}},"product_brand":[65],"product_cat":[20,50,37,21,68,58],"product_tag":[],"class_list":{"0":"post-2244","1":"product","2":"type-product","3":"status-publish","4":"has-post-thumbnail","6":"product_brand-colop","7":"product_cat-biroja-zimogi","8":"product_cat-gramatvezu-zimogi","9":"product_cat-taisnstura-zimogi","10":"product_cat-teksta-zimogi","11":"product_cat-uznemumu-zimogi","12":"product_cat-zimogi","13":"desktop-align-left","14":"tablet-align-left","15":"mobile-align-left","16":"ast-product-gallery-layout-horizontal-slider","17":"ast-product-gallery-with-no-image","18":"ast-product-tabs-layout-horizontal","20":"first","21":"instock","22":"shipping-taxable","23":"purchasable","24":"product-type-simple"},"acf":[],"yoast_head":"<!-- This site is optimized with the Yoast SEO Premium plugin v27.2 (Yoast SEO v27.2) - https:\/\/yoast.com\/product\/yoast-seo-premium-wordpress\/ -->\n<title>Autom\u0101tiskais z\u012bmogs Colop Printer 25<\/title>\n<meta name=\"robots\" content=\"index, follow, max-snippet:-1, max-image-preview:large, max-video-preview:-1\" \/>\n<link rel=\"canonical\" href=\"https:\/\/zimogufabrika24.lv\/en\/veikals\/zimogi\/biroja-zimogi\/automatiskais-zimogs-colop-printer-25-73x15-mm\/\" \/>\n<meta property=\"og:locale\" content=\"en_US\" \/>\n<meta property=\"og:type\" content=\"article\" \/>\n<meta property=\"og:title\" content=\"Autom\u0101tiskais z\u012bmogs Colop Printer 25 (73\u00d715 mm)\" \/>\n<meta property=\"og:description\" content=\"Autom\u0101tiskais z\u012bmogs Colop Printer 25 ar 73\u00d715 mm nospieduma laukumu ir praktisks un \u0113rti lietojams teksta z\u012bmogs, kas paredz\u0113ts l\u012bdz 5 teksta rind\u0101m. Tas ir lieliski piem\u0113rots k\u0101 gr\u0101matve\u017eu z\u012bmogs un ikdienas dokumentu apstr\u0101dei. \u0160is pa\u0161kr\u0101sojo\u0161ais z\u012bmogs nodro\u0161ina skaidru nospiedumu un uzticamu darb\u012bbu biroj\u0101.\" \/>\n<meta property=\"og:url\" content=\"https:\/\/zimogufabrika24.lv\/en\/veikals\/zimogi\/biroja-zimogi\/automatiskais-zimogs-colop-printer-25-73x15-mm\/\" \/>\n<meta property=\"og:site_name\" content=\"ZimoguFabrika24.lv\" \/>\n<meta property=\"article:modified_time\" content=\"2026-04-02T09:14:12+00:00\" \/>\n<meta property=\"og:image\" content=\"https:\/\/zimogufabrika24.lv\/wp-content\/uploads\/2026\/03\/colop-printer-25.webp\" \/>\n\t<meta property=\"og:image:width\" content=\"1000\" \/>\n\t<meta property=\"og:image:height\" content=\"1000\" \/>\n\t<meta property=\"og:image:type\" content=\"image\/webp\" \/>\n<meta name=\"twitter:card\" content=\"summary_large_image\" \/>\n<meta name=\"twitter:label1\" content=\"Price\" \/>\n\t<meta name=\"twitter:data1\" content=\"15.00&nbsp;&euro;\" \/>\n\t<meta name=\"twitter:label2\" content=\"Availability\" \/>\n\t<meta name=\"twitter:data2\" content=\"In stock\" \/>\n<script type=\"application\/ld+json\" class=\"yoast-schema-graph\">{\"@context\":\"https:\/\/schema.org\",\"@graph\":[{\"@type\":\"WebPage\",\"@id\":\"https:\/\/zimogufabrika24.lv\/veikals\/zimogi\/biroja-zimogi\/automatiskais-zimogs-colop-printer-25-73x15-mm\/\",\"url\":\"https:\/\/zimogufabrika24.lv\/veikals\/zimogi\/biroja-zimogi\/automatiskais-zimogs-colop-printer-25-73x15-mm\/\",\"name\":\"Autom\u0101tiskais z\u012bmogs Colop Printer 25\",\"isPartOf\":{\"@id\":\"https:\/\/zimogufabrika24.lv\/#website\"},\"primaryImageOfPage\":{\"@id\":\"https:\/\/zimogufabrika24.lv\/veikals\/zimogi\/biroja-zimogi\/automatiskais-zimogs-colop-printer-25-73x15-mm\/#primaryimage\"},\"image\":{\"@id\":\"https:\/\/zimogufabrika24.lv\/veikals\/zimogi\/biroja-zimogi\/automatiskais-zimogs-colop-printer-25-73x15-mm\/#primaryimage\"},\"thumbnailUrl\":\"https:\/\/zimogufabrika24.lv\/wp-content\/uploads\/2026\/03\/colop-printer-25.webp\",\"datePublished\":\"2026-03-23T11:18:45+00:00\",\"dateModified\":\"2026-04-02T09:14:12+00:00\",\"breadcrumb\":{\"@id\":\"https:\/\/zimogufabrika24.lv\/veikals\/zimogi\/biroja-zimogi\/automatiskais-zimogs-colop-printer-25-73x15-mm\/#breadcrumb\"},\"inLanguage\":\"en-US\",\"potentialAction\":[{\"@type\":\"ReadAction\",\"target\":[\"https:\/\/zimogufabrika24.lv\/veikals\/zimogi\/biroja-zimogi\/automatiskais-zimogs-colop-printer-25-73x15-mm\/\"]}]},{\"@type\":\"ImageObject\",\"inLanguage\":\"en-US\",\"@id\":\"https:\/\/zimogufabrika24.lv\/veikals\/zimogi\/biroja-zimogi\/automatiskais-zimogs-colop-printer-25-73x15-mm\/#primaryimage\",\"url\":\"https:\/\/zimogufabrika24.lv\/wp-content\/uploads\/2026\/03\/colop-printer-25.webp\",\"contentUrl\":\"https:\/\/zimogufabrika24.lv\/wp-content\/uploads\/2026\/03\/colop-printer-25.webp\",\"width\":1000,\"height\":1000,\"caption\":\"Colop Printer 25 z\u012bmogs ar nospieduma izm\u0113ru 73\u00d715 mm\"},{\"@type\":\"BreadcrumbList\",\"@id\":\"https:\/\/zimogufabrika24.lv\/veikals\/zimogi\/biroja-zimogi\/automatiskais-zimogs-colop-printer-25-73x15-mm\/#breadcrumb\",\"itemListElement\":[{\"@type\":\"ListItem\",\"position\":1,\"name\":\"Home\",\"item\":\"https:\/\/zimogufabrika24.lv\/\"},{\"@type\":\"ListItem\",\"position\":2,\"name\":\"VEIKALS\",\"item\":\"https:\/\/zimogufabrika24.lv\/veikals\/\"},{\"@type\":\"ListItem\",\"position\":3,\"name\":\"Autom\u0101tiskais z\u012bmogs Colop Printer 25 (73\u00d715 mm)\"}]},{\"@type\":\"WebSite\",\"@id\":\"https:\/\/zimogufabrika24.lv\/#website\",\"url\":\"https:\/\/zimogufabrika24.lv\/\",\"name\":\"ZimoguFabrika24\",\"description\":\"\",\"publisher\":{\"@id\":\"https:\/\/zimogufabrika24.lv\/#organization\"},\"potentialAction\":[{\"@type\":\"SearchAction\",\"target\":{\"@type\":\"EntryPoint\",\"urlTemplate\":\"https:\/\/zimogufabrika24.lv\/?s={search_term_string}\"},\"query-input\":{\"@type\":\"PropertyValueSpecification\",\"valueRequired\":true,\"valueName\":\"search_term_string\"}}],\"inLanguage\":\"en-US\"},{\"@type\":\"Organization\",\"@id\":\"https:\/\/zimogufabrika24.lv\/#organization\",\"name\":\"SIA Z\u012aMOGU FABRIKA\",\"url\":\"https:\/\/zimogufabrika24.lv\/\",\"logo\":{\"@type\":\"ImageObject\",\"inLanguage\":\"en-US\",\"@id\":\"https:\/\/zimogufabrika24.lv\/#\/schema\/logo\/image\/\",\"url\":\"https:\/\/zimogufabrika24.lv\/wp-content\/uploads\/2026\/01\/Zimogu_Fabrika_logo@3.png\",\"contentUrl\":\"https:\/\/zimogufabrika24.lv\/wp-content\/uploads\/2026\/01\/Zimogu_Fabrika_logo@3.png\",\"width\":900,\"height\":738,\"caption\":\"SIA Z\u012aMOGU FABRIKA\"},\"image\":{\"@id\":\"https:\/\/zimogufabrika24.lv\/#\/schema\/logo\/image\/\"}}]}<\/script>\n<meta property=\"product:brand\" content=\"Colop\" \/>\n<meta property=\"product:price:amount\" content=\"15.00\" \/>\n<meta property=\"product:price:currency\" content=\"EUR\" \/>\n<meta property=\"og:availability\" content=\"instock\" \/>\n<meta property=\"product:availability\" content=\"instock\" \/>\n<meta property=\"product:condition\" content=\"new\" \/>\n<!-- \/ Yoast SEO Premium plugin. -->","yoast_head_json":{"title":"Autom\u0101tiskais z\u012bmogs Colop Printer 25","robots":{"index":"index","follow":"follow","max-snippet":"max-snippet:-1","max-image-preview":"max-image-preview:large","max-video-preview":"max-video-preview:-1"},"canonical":"https:\/\/zimogufabrika24.lv\/en\/veikals\/zimogi\/biroja-zimogi\/automatiskais-zimogs-colop-printer-25-73x15-mm\/","og_locale":"en_US","og_type":"article","og_title":"Autom\u0101tiskais z\u012bmogs Colop Printer 25 (73\u00d715 mm)","og_description":"Autom\u0101tiskais z\u012bmogs Colop Printer 25 ar 73\u00d715 mm nospieduma laukumu ir praktisks un \u0113rti lietojams teksta z\u012bmogs, kas paredz\u0113ts l\u012bdz 5 teksta rind\u0101m. Tas ir lieliski piem\u0113rots k\u0101 gr\u0101matve\u017eu z\u012bmogs un ikdienas dokumentu apstr\u0101dei. \u0160is pa\u0161kr\u0101sojo\u0161ais z\u012bmogs nodro\u0161ina skaidru nospiedumu un uzticamu darb\u012bbu biroj\u0101.","og_url":"https:\/\/zimogufabrika24.lv\/en\/veikals\/zimogi\/biroja-zimogi\/automatiskais-zimogs-colop-printer-25-73x15-mm\/","og_site_name":"ZimoguFabrika24.lv","article_modified_time":"2026-04-02T09:14:12+00:00","og_image":[{"width":1000,"height":1000,"url":"https:\/\/zimogufabrika24.lv\/wp-content\/uploads\/2026\/03\/colop-printer-25.webp","type":"image\/webp"}],"twitter_card":"summary_large_image","twitter_misc":{"Price":"15.00&nbsp;&euro;","Availability":"In stock"},"schema":{"@context":"https:\/\/schema.org","@graph":[{"@type":"WebPage","@id":"https:\/\/zimogufabrika24.lv\/veikals\/zimogi\/biroja-zimogi\/automatiskais-zimogs-colop-printer-25-73x15-mm\/","url":"https:\/\/zimogufabrika24.lv\/veikals\/zimogi\/biroja-zimogi\/automatiskais-zimogs-colop-printer-25-73x15-mm\/","name":"Autom\u0101tiskais z\u012bmogs Colop Printer 25","isPartOf":{"@id":"https:\/\/zimogufabrika24.lv\/#website"},"primaryImageOfPage":{"@id":"https:\/\/zimogufabrika24.lv\/veikals\/zimogi\/biroja-zimogi\/automatiskais-zimogs-colop-printer-25-73x15-mm\/#primaryimage"},"image":{"@id":"https:\/\/zimogufabrika24.lv\/veikals\/zimogi\/biroja-zimogi\/automatiskais-zimogs-colop-printer-25-73x15-mm\/#primaryimage"},"thumbnailUrl":"https:\/\/zimogufabrika24.lv\/wp-content\/uploads\/2026\/03\/colop-printer-25.webp","datePublished":"2026-03-23T11:18:45+00:00","dateModified":"2026-04-02T09:14:12+00:00","breadcrumb":{"@id":"https:\/\/zimogufabrika24.lv\/veikals\/zimogi\/biroja-zimogi\/automatiskais-zimogs-colop-printer-25-73x15-mm\/#breadcrumb"},"inLanguage":"en-US","potentialAction":[{"@type":"ReadAction","target":["https:\/\/zimogufabrika24.lv\/veikals\/zimogi\/biroja-zimogi\/automatiskais-zimogs-colop-printer-25-73x15-mm\/"]}]},{"@type":"ImageObject","inLanguage":"en-US","@id":"https:\/\/zimogufabrika24.lv\/veikals\/zimogi\/biroja-zimogi\/automatiskais-zimogs-colop-printer-25-73x15-mm\/#primaryimage","url":"https:\/\/zimogufabrika24.lv\/wp-content\/uploads\/2026\/03\/colop-printer-25.webp","contentUrl":"https:\/\/zimogufabrika24.lv\/wp-content\/uploads\/2026\/03\/colop-printer-25.webp","width":1000,"height":1000,"caption":"Colop Printer 25 z\u012bmogs ar nospieduma izm\u0113ru 73\u00d715 mm"},{"@type":"BreadcrumbList","@id":"https:\/\/zimogufabrika24.lv\/veikals\/zimogi\/biroja-zimogi\/automatiskais-zimogs-colop-printer-25-73x15-mm\/#breadcrumb","itemListElement":[{"@type":"ListItem","position":1,"name":"Home","item":"https:\/\/zimogufabrika24.lv\/"},{"@type":"ListItem","position":2,"name":"VEIKALS","item":"https:\/\/zimogufabrika24.lv\/veikals\/"},{"@type":"ListItem","position":3,"name":"Autom\u0101tiskais z\u012bmogs Colop Printer 25 (73\u00d715 mm)"}]},{"@type":"WebSite","@id":"https:\/\/zimogufabrika24.lv\/#website","url":"https:\/\/zimogufabrika24.lv\/","name":"ZimoguFabrika24","description":"","publisher":{"@id":"https:\/\/zimogufabrika24.lv\/#organization"},"potentialAction":[{"@type":"SearchAction","target":{"@type":"EntryPoint","urlTemplate":"https:\/\/zimogufabrika24.lv\/?s={search_term_string}"},"query-input":{"@type":"PropertyValueSpecification","valueRequired":true,"valueName":"search_term_string"}}],"inLanguage":"en-US"},{"@type":"Organization","@id":"https:\/\/zimogufabrika24.lv\/#organization","name":"SIA Z\u012aMOGU FABRIKA","url":"https:\/\/zimogufabrika24.lv\/","logo":{"@type":"ImageObject","inLanguage":"en-US","@id":"https:\/\/zimogufabrika24.lv\/#\/schema\/logo\/image\/","url":"https:\/\/zimogufabrika24.lv\/wp-content\/uploads\/2026\/01\/Zimogu_Fabrika_logo@3.png","contentUrl":"https:\/\/zimogufabrika24.lv\/wp-content\/uploads\/2026\/01\/Zimogu_Fabrika_logo@3.png","width":900,"height":738,"caption":"SIA Z\u012aMOGU FABRIKA"},"image":{"@id":"https:\/\/zimogufabrika24.lv\/#\/schema\/logo\/image\/"}}]},"product_brand":"Colop","product_price_amount":"15.00","product_price_currency":"EUR","og_availability":"instock","product_availability":"instock","product_condition":"new"},"_links":{"self":[{"href":"https:\/\/zimogufabrika24.lv\/en\/wp-json\/wp\/v2\/product\/2244","targetHints":{"allow":["GET"]}}],"collection":[{"href":"https:\/\/zimogufabrika24.lv\/en\/wp-json\/wp\/v2\/product"}],"about":[{"href":"https:\/\/zimogufabrika24.lv\/en\/wp-json\/wp\/v2\/types\/product"}],"version-history":[{"count":0,"href":"https:\/\/zimogufabrika24.lv\/en\/wp-json\/wp\/v2\/product\/2244\/revisions"}],"wp:featuredmedia":[{"embeddable":true,"href":"https:\/\/zimogufabrika24.lv\/en\/wp-json\/wp\/v2\/media\/2245"}],"wp:attachment":[{"href":"https:\/\/zimogufabrika24.lv\/en\/wp-json\/wp\/v2\/media?parent=2244"}],"wp:term":[{"taxonomy":"product_brand","embeddable":true,"href":"https:\/\/zimogufabrika24.lv\/en\/wp-json\/wp\/v2\/product_brand?post=2244"},{"taxonomy":"product_cat","embeddable":true,"href":"https:\/\/zimogufabrika24.lv\/en\/wp-json\/wp\/v2\/product_cat?post=2244"},{"taxonomy":"product_tag","embeddable":true,"href":"https:\/\/zimogufabrika24.lv\/en\/wp-json\/wp\/v2\/product_tag?post=2244"}],"curies":[{"name":"wp","href":"https:\/\/api.w.org\/{rel}","templated":true}]}}