{"id":2247,"date":"2026-03-23T13:03:44","date_gmt":"2026-03-23T13:03:44","guid":{"rendered":"https:\/\/zimogufabrika24.lv\/?post_type=product&#038;p=2247"},"modified":"2026-03-23T14:42:33","modified_gmt":"2026-03-23T14:42:33","slug":"automatiskais-zimogs-colop-printer-r12-o10-mm","status":"publish","type":"product","link":"https:\/\/zimogufabrika24.lv\/en\/veikals\/zimogi\/round-stamps\/automatiskais-zimogs-colop-printer-r12-o10-mm\/","title":{"rendered":"Autom\u0101tiskais z\u012bmogs Colop Printer R12 (\u00d810 mm)"},"content":{"rendered":"<p data-start=\"916\" data-end=\"1167\">Autom\u0101tiskais z\u012bmogs <strong data-start=\"937\" data-end=\"958\">Colop Printer R12<\/strong> ir kompakts un praktisks risin\u0101jums da\u017e\u0101diem rado\u0161iem un ikdienas uzdevumiem. \u0160is <strong data-start=\"1041\" data-end=\"1066\">pa\u0161kr\u0101sojo\u0161ais z\u012bmogs<\/strong> nodro\u0161ina skaidru un vienm\u0113r\u012bgu nospiedumu, vienlaikus saglab\u0101jot \u0113rtu lieto\u0161anu un kompaktu izm\u0113ru.<\/p>\n<p data-start=\"1169\" data-end=\"1450\">Ar 10 mm diametra nospiedumu \u0161is modelis ir ide\u0101li piem\u0113rots nelieliem simboliem, inici\u0101\u013ciem vai vienk\u0101r\u0161am tekstam. Tas ir lieliski piem\u0113rots k\u0101 <strong data-start=\"1315\" data-end=\"1333\">z\u012bmogs b\u0113rniem<\/strong>, jo ir viegli lietojams un dro\u0161s ikdienas aktivit\u0101t\u0113s \u2013 piem\u0113ram, uzdevumu atz\u012bm\u0113\u0161anai, rado\u0161iem darbiem vai sp\u0113l\u0113m.<\/p>\n<p data-start=\"1452\" data-end=\"1709\">Colop Printer R12 ir ar\u012b lieliska izv\u0113le k\u0101 <strong data-start=\"1496\" data-end=\"1515\">pas\u0101kumu z\u012bmogs<\/strong>, piem\u0113ram, ieejas kontrolei, roku mar\u0137\u0113\u0161anai vai nelielu apz\u012bm\u0113jumu veik\u0161anai. Ergonomiskais dizains nodro\u0161ina \u0113rtu lieto\u0161anu, bet <strong data-start=\"1647\" data-end=\"1681\">nomain\u0101mais tintes spilventi\u0146\u0161<\/strong> garant\u0113 ilgsto\u0161u lieto\u0161anu.<\/p>\n<p data-start=\"1711\" data-end=\"1825\">\u0160is <strong data-start=\"1715\" data-end=\"1739\">autom\u0101tiskais z\u012bmogs<\/strong> ir univers\u0101ls, kompakts un praktisks risin\u0101jums gan b\u0113rniem, gan da\u017e\u0101diem pas\u0101kumiem.<\/p>\n<ul>\n<li data-section-id=\"68x6x2\" data-start=\"528\" data-end=\"565\">Kompakts <strong data-start=\"539\" data-end=\"563\">autom\u0101tiskais z\u012bmogs<\/strong><\/li>\n<li data-section-id=\"5x1b3l\" data-start=\"566\" data-end=\"600\">Nospieduma diametrs: <strong data-start=\"589\" data-end=\"598\">10 mm<\/strong><\/li>\n<li data-section-id=\"1lurhcc\" data-start=\"601\" data-end=\"648\">Apa\u013ca forma nelieliem simboliem vai tekstam<\/li>\n<li data-section-id=\"11jfgsd\" data-start=\"649\" data-end=\"691\">Ide\u0101li piem\u0113rots k\u0101 <strong data-start=\"671\" data-end=\"689\">z\u012bmogs b\u0113rniem<\/strong><\/li>\n<li data-section-id=\"1u6i0rr\" data-start=\"692\" data-end=\"731\">Lieliski der k\u0101 <strong data-start=\"710\" data-end=\"729\">pas\u0101kumu z\u012bmogs<\/strong><\/li>\n<li data-section-id=\"jzao8h\" data-start=\"732\" data-end=\"786\"><strong data-start=\"734\" data-end=\"759\">Pa\u0161kr\u0101sojo\u0161ais z\u012bmogs<\/strong> ar vienm\u0113r\u012bgu nospiedumu<\/li>\n<li data-section-id=\"ev3wjg\" data-start=\"787\" data-end=\"822\">Viegli lietojams un p\u0101rn\u0113s\u0101jams<\/li>\n<li data-section-id=\"egerkd\" data-start=\"823\" data-end=\"857\"><strong data-start=\"825\" data-end=\"857\">Nomain\u0101ms tintes spilventi\u0146\u0161<\/strong><\/li>\n<\/ul>\n<table>\n<thead>\n<tr>\n<th>Parametrs<\/th>\n<th>V\u0113rt\u012bba<\/th>\n<\/tr>\n<\/thead>\n<tbody>\n<tr>\n<td>Z\u012bmoga tips<\/td>\n<td>Autom\u0101tiskais<\/td>\n<\/tr>\n<tr>\n<td>Modelis<\/td>\n<td>Colop Printer R12<\/td>\n<\/tr>\n<tr>\n<td>Nospieduma forma<\/td>\n<td>Apa\u013ca<\/td>\n<\/tr>\n<tr>\n<td>Nospieduma izm\u0113rs<\/td>\n<td>\u00d8 10 mm<\/td>\n<\/tr>\n<tr>\n<td>Meh\u0101nisms<\/td>\n<td>pa\u0161kr\u0101sojo\u0161ais<\/td>\n<\/tr>\n<tr>\n<td>Tintes spilventi\u0146\u0161<\/td>\n<td>nomain\u0101ms<\/td>\n<\/tr>\n<\/tbody>\n<\/table>\n<p data-start=\"2121\" data-end=\"2192\">Autom\u0101tiskais <strong data-start=\"2135\" data-end=\"2160\">pa\u0161kr\u0101sojo\u0161ais z\u012bmogs<\/strong> Colop Printer R12 ir piem\u0113rots:<\/p>\n<ul data-start=\"2194\" data-end=\"2407\">\n<li data-section-id=\"gkojpn\" data-start=\"2194\" data-end=\"2239\">k\u0101 <strong data-start=\"2199\" data-end=\"2217\">z\u012bmogs b\u0113rniem<\/strong> rado\u0161\u0101m aktivit\u0101t\u0113m<\/li>\n<li data-section-id=\"1m154xe\" data-start=\"2240\" data-end=\"2283\">k\u0101 <strong data-start=\"2245\" data-end=\"2264\">pas\u0101kumu z\u012bmogs<\/strong> ieejas kontrolei<\/li>\n<li data-section-id=\"10jo0ij\" data-start=\"2284\" data-end=\"2313\">roku mar\u0137\u0113\u0161anai pas\u0101kumos<\/li>\n<li data-section-id=\"1gmj4yu\" data-start=\"2314\" data-end=\"2355\">nelielu simbolu vai atz\u012bmju veik\u0161anai<\/li>\n<li data-section-id=\"ameyeu\" data-start=\"2356\" data-end=\"2407\">skol\u0101m, b\u0113rnud\u0101rziem un pas\u0101kumu organizatoriem<\/li>\n<\/ul>","protected":false},"excerpt":{"rendered":"<p>Autom\u0101tiskais z\u012bmogs <strong data-start=\"209\" data-end=\"230\">Colop Printer R12<\/strong> ar 10 mm diametra nospiedumu ir mazs un \u0113rts <strong data-start=\"276\" data-end=\"301\">pa\u0161kr\u0101sojo\u0161ais z\u012bmogs<\/strong>, kas lieliski piem\u0113rots k\u0101 <strong data-start=\"329\" data-end=\"347\">z\u012bmogs b\u0113rniem<\/strong> vai <strong data-start=\"352\" data-end=\"371\">pas\u0101kumu z\u012bmogs<\/strong>. Kompaktais izm\u0113rs un vienk\u0101r\u0161\u0101 lieto\u0161ana padara to ide\u0101li piem\u0113rotu rado\u0161\u0101m aktivit\u0101t\u0113m, mar\u0137\u0113\u0161anai un ikdienas lieto\u0161anai.<\/p>","protected":false},"featured_media":2248,"template":"","meta":{"_acf_changed":false,"site-sidebar-layout":"default","site-content-layout":"","ast-site-content-layout":"default","site-content-style":"default","site-sidebar-style":"default","ast-global-header-display":"","ast-banner-title-visibility":"","ast-main-header-display":"","ast-hfb-above-header-display":"","ast-hfb-below-header-display":"","ast-hfb-mobile-header-display":"","site-post-title":"","ast-breadcrumbs-content":"","ast-featured-img":"","footer-sml-layout":"","ast-disable-related-posts":"","theme-transparent-header-meta":"default","adv-header-id-meta":"","stick-header-meta":"default","header-above-stick-meta":"","header-main-stick-meta":"","header-below-stick-meta":"","astra-migrate-meta-layouts":"set","ast-page-background-enabled":"default","ast-page-background-meta":{"desktop":{"background-color":"var(--ast-global-color-5)","background-image":"","background-repeat":"repeat","background-position":"center center","background-size":"auto","background-attachment":"scroll","background-type":"","background-media":"","overlay-type":"","overlay-color":"","overlay-opacity":"","overlay-gradient":""},"tablet":{"background-color":"","background-image":"","background-repeat":"repeat","background-position":"center center","background-size":"auto","background-attachment":"scroll","background-type":"","background-media":"","overlay-type":"","overlay-color":"","overlay-opacity":"","overlay-gradient":""},"mobile":{"background-color":"","background-image":"","background-repeat":"repeat","background-position":"center center","background-size":"auto","background-attachment":"scroll","background-type":"","background-media":"","overlay-type":"","overlay-color":"","overlay-opacity":"","overlay-gradient":""}},"ast-content-background-meta":{"desktop":{"background-color":"var(--ast-global-color-4)","background-image":"","background-repeat":"repeat","background-position":"center center","background-size":"auto","background-attachment":"scroll","background-type":"","background-media":"","overlay-type":"","overlay-color":"","overlay-opacity":"","overlay-gradient":""},"tablet":{"background-color":"var(--ast-global-color-4)","background-image":"","background-repeat":"repeat","background-position":"center center","background-size":"auto","background-attachment":"scroll","background-type":"","background-media":"","overlay-type":"","overlay-color":"","overlay-opacity":"","overlay-gradient":""},"mobile":{"background-color":"var(--ast-global-color-4)","background-image":"","background-repeat":"repeat","background-position":"center center","background-size":"auto","background-attachment":"scroll","background-type":"","background-media":"","overlay-type":"","overlay-color":"","overlay-opacity":"","overlay-gradient":""}}},"product_brand":[65],"product_cat":[25,39,44,58,45],"product_tag":[],"class_list":{"0":"post-2247","1":"product","2":"type-product","3":"status-publish","4":"has-post-thumbnail","6":"product_brand-colop","7":"product_cat-round-stamps","8":"product_cat-kazu-zimogi","9":"product_cat-pasakumu-zimogi","10":"product_cat-zimogi","11":"product_cat-zimogi-berniem","12":"desktop-align-left","13":"tablet-align-left","14":"mobile-align-left","15":"ast-product-gallery-layout-horizontal-slider","16":"ast-product-gallery-with-no-image","17":"ast-product-tabs-layout-horizontal","19":"first","20":"instock","21":"shipping-taxable","22":"purchasable","23":"product-type-simple"},"acf":[],"yoast_head":"<!-- This site is optimized with the Yoast SEO Premium plugin v27.2 (Yoast SEO v27.2) - https:\/\/yoast.com\/product\/yoast-seo-premium-wordpress\/ -->\n<title>Autom\u0101tiskais z\u012bmogs Colop Printer R12<\/title>\n<meta name=\"robots\" content=\"index, follow, max-snippet:-1, max-image-preview:large, max-video-preview:-1\" \/>\n<link rel=\"canonical\" href=\"https:\/\/zimogufabrika24.lv\/en\/veikals\/zimogi\/round-stamps\/automatiskais-zimogs-colop-printer-r12-o10-mm\/\" \/>\n<meta property=\"og:locale\" content=\"en_US\" \/>\n<meta property=\"og:type\" content=\"article\" \/>\n<meta property=\"og:title\" content=\"Autom\u0101tiskais z\u012bmogs Colop Printer R12 (\u00d810 mm)\" \/>\n<meta property=\"og:description\" content=\"Autom\u0101tiskais z\u012bmogs Colop Printer R12 ar 10 mm diametra nospiedumu ir mazs un \u0113rts pa\u0161kr\u0101sojo\u0161ais z\u012bmogs, kas lieliski piem\u0113rots k\u0101 z\u012bmogs b\u0113rniem vai pas\u0101kumu z\u012bmogs. Kompaktais izm\u0113rs un vienk\u0101r\u0161\u0101 lieto\u0161ana padara to ide\u0101li piem\u0113rotu rado\u0161\u0101m aktivit\u0101t\u0113m, mar\u0137\u0113\u0161anai un ikdienas lieto\u0161anai.\" \/>\n<meta property=\"og:url\" content=\"https:\/\/zimogufabrika24.lv\/en\/veikals\/zimogi\/round-stamps\/automatiskais-zimogs-colop-printer-r12-o10-mm\/\" \/>\n<meta property=\"og:site_name\" content=\"ZimoguFabrika24.lv\" \/>\n<meta property=\"article:modified_time\" content=\"2026-03-23T14:42:33+00:00\" \/>\n<meta property=\"og:image\" content=\"https:\/\/zimogufabrika24.lv\/wp-content\/uploads\/2026\/03\/colop-printer-r12.webp\" \/>\n\t<meta property=\"og:image:width\" content=\"1000\" \/>\n\t<meta property=\"og:image:height\" content=\"1000\" \/>\n\t<meta property=\"og:image:type\" content=\"image\/webp\" \/>\n<meta name=\"twitter:card\" content=\"summary_large_image\" \/>\n<meta name=\"twitter:label1\" content=\"Price\" \/>\n\t<meta name=\"twitter:data1\" content=\"10.90&nbsp;&euro;\" \/>\n\t<meta name=\"twitter:label2\" content=\"Availability\" \/>\n\t<meta name=\"twitter:data2\" content=\"In stock\" \/>\n<script type=\"application\/ld+json\" class=\"yoast-schema-graph\">{\"@context\":\"https:\/\/schema.org\",\"@graph\":[{\"@type\":\"WebPage\",\"@id\":\"https:\/\/zimogufabrika24.lv\/veikals\/zimogi\/round-stamps\/automatiskais-zimogs-colop-printer-r12-o10-mm\/\",\"url\":\"https:\/\/zimogufabrika24.lv\/veikals\/zimogi\/round-stamps\/automatiskais-zimogs-colop-printer-r12-o10-mm\/\",\"name\":\"Autom\u0101tiskais z\u012bmogs Colop Printer R12\",\"isPartOf\":{\"@id\":\"https:\/\/zimogufabrika24.lv\/#website\"},\"primaryImageOfPage\":{\"@id\":\"https:\/\/zimogufabrika24.lv\/veikals\/zimogi\/round-stamps\/automatiskais-zimogs-colop-printer-r12-o10-mm\/#primaryimage\"},\"image\":{\"@id\":\"https:\/\/zimogufabrika24.lv\/veikals\/zimogi\/round-stamps\/automatiskais-zimogs-colop-printer-r12-o10-mm\/#primaryimage\"},\"thumbnailUrl\":\"https:\/\/zimogufabrika24.lv\/wp-content\/uploads\/2026\/03\/colop-printer-r12.webp\",\"datePublished\":\"2026-03-23T13:03:44+00:00\",\"dateModified\":\"2026-03-23T14:42:33+00:00\",\"breadcrumb\":{\"@id\":\"https:\/\/zimogufabrika24.lv\/veikals\/zimogi\/round-stamps\/automatiskais-zimogs-colop-printer-r12-o10-mm\/#breadcrumb\"},\"inLanguage\":\"en-US\",\"potentialAction\":[{\"@type\":\"ReadAction\",\"target\":[\"https:\/\/zimogufabrika24.lv\/veikals\/zimogi\/round-stamps\/automatiskais-zimogs-colop-printer-r12-o10-mm\/\"]}]},{\"@type\":\"ImageObject\",\"inLanguage\":\"en-US\",\"@id\":\"https:\/\/zimogufabrika24.lv\/veikals\/zimogi\/round-stamps\/automatiskais-zimogs-colop-printer-r12-o10-mm\/#primaryimage\",\"url\":\"https:\/\/zimogufabrika24.lv\/wp-content\/uploads\/2026\/03\/colop-printer-r12.webp\",\"contentUrl\":\"https:\/\/zimogufabrika24.lv\/wp-content\/uploads\/2026\/03\/colop-printer-r12.webp\",\"width\":1000,\"height\":1000,\"caption\":\"Colop Printer R12 z\u012bmogs ar nospieduma izm\u0113ru 12 mm diametr\u0101\"},{\"@type\":\"BreadcrumbList\",\"@id\":\"https:\/\/zimogufabrika24.lv\/veikals\/zimogi\/round-stamps\/automatiskais-zimogs-colop-printer-r12-o10-mm\/#breadcrumb\",\"itemListElement\":[{\"@type\":\"ListItem\",\"position\":1,\"name\":\"Home\",\"item\":\"https:\/\/zimogufabrika24.lv\/\"},{\"@type\":\"ListItem\",\"position\":2,\"name\":\"VEIKALS\",\"item\":\"https:\/\/zimogufabrika24.lv\/veikals\/\"},{\"@type\":\"ListItem\",\"position\":3,\"name\":\"Autom\u0101tiskais z\u012bmogs Colop Printer R12 (\u00d810 mm)\"}]},{\"@type\":\"WebSite\",\"@id\":\"https:\/\/zimogufabrika24.lv\/#website\",\"url\":\"https:\/\/zimogufabrika24.lv\/\",\"name\":\"ZimoguFabrika24\",\"description\":\"\",\"publisher\":{\"@id\":\"https:\/\/zimogufabrika24.lv\/#organization\"},\"potentialAction\":[{\"@type\":\"SearchAction\",\"target\":{\"@type\":\"EntryPoint\",\"urlTemplate\":\"https:\/\/zimogufabrika24.lv\/?s={search_term_string}\"},\"query-input\":{\"@type\":\"PropertyValueSpecification\",\"valueRequired\":true,\"valueName\":\"search_term_string\"}}],\"inLanguage\":\"en-US\"},{\"@type\":\"Organization\",\"@id\":\"https:\/\/zimogufabrika24.lv\/#organization\",\"name\":\"SIA Z\u012aMOGU FABRIKA\",\"url\":\"https:\/\/zimogufabrika24.lv\/\",\"logo\":{\"@type\":\"ImageObject\",\"inLanguage\":\"en-US\",\"@id\":\"https:\/\/zimogufabrika24.lv\/#\/schema\/logo\/image\/\",\"url\":\"https:\/\/zimogufabrika24.lv\/wp-content\/uploads\/2026\/01\/Zimogu_Fabrika_logo@3.png\",\"contentUrl\":\"https:\/\/zimogufabrika24.lv\/wp-content\/uploads\/2026\/01\/Zimogu_Fabrika_logo@3.png\",\"width\":900,\"height\":738,\"caption\":\"SIA Z\u012aMOGU FABRIKA\"},\"image\":{\"@id\":\"https:\/\/zimogufabrika24.lv\/#\/schema\/logo\/image\/\"}}]}<\/script>\n<meta property=\"product:brand\" content=\"Colop\" \/>\n<meta property=\"product:price:amount\" content=\"10.90\" \/>\n<meta property=\"product:price:currency\" content=\"EUR\" \/>\n<meta property=\"og:availability\" content=\"instock\" \/>\n<meta property=\"product:availability\" content=\"instock\" \/>\n<meta property=\"product:condition\" content=\"new\" \/>\n<!-- \/ Yoast SEO Premium plugin. -->","yoast_head_json":{"title":"Autom\u0101tiskais z\u012bmogs Colop Printer R12","robots":{"index":"index","follow":"follow","max-snippet":"max-snippet:-1","max-image-preview":"max-image-preview:large","max-video-preview":"max-video-preview:-1"},"canonical":"https:\/\/zimogufabrika24.lv\/en\/veikals\/zimogi\/round-stamps\/automatiskais-zimogs-colop-printer-r12-o10-mm\/","og_locale":"en_US","og_type":"article","og_title":"Autom\u0101tiskais z\u012bmogs Colop Printer R12 (\u00d810 mm)","og_description":"Autom\u0101tiskais z\u012bmogs Colop Printer R12 ar 10 mm diametra nospiedumu ir mazs un \u0113rts pa\u0161kr\u0101sojo\u0161ais z\u012bmogs, kas lieliski piem\u0113rots k\u0101 z\u012bmogs b\u0113rniem vai pas\u0101kumu z\u012bmogs. Kompaktais izm\u0113rs un vienk\u0101r\u0161\u0101 lieto\u0161ana padara to ide\u0101li piem\u0113rotu rado\u0161\u0101m aktivit\u0101t\u0113m, mar\u0137\u0113\u0161anai un ikdienas lieto\u0161anai.","og_url":"https:\/\/zimogufabrika24.lv\/en\/veikals\/zimogi\/round-stamps\/automatiskais-zimogs-colop-printer-r12-o10-mm\/","og_site_name":"ZimoguFabrika24.lv","article_modified_time":"2026-03-23T14:42:33+00:00","og_image":[{"width":1000,"height":1000,"url":"https:\/\/zimogufabrika24.lv\/wp-content\/uploads\/2026\/03\/colop-printer-r12.webp","type":"image\/webp"}],"twitter_card":"summary_large_image","twitter_misc":{"Price":"10.90&nbsp;&euro;","Availability":"In stock"},"schema":{"@context":"https:\/\/schema.org","@graph":[{"@type":"WebPage","@id":"https:\/\/zimogufabrika24.lv\/veikals\/zimogi\/round-stamps\/automatiskais-zimogs-colop-printer-r12-o10-mm\/","url":"https:\/\/zimogufabrika24.lv\/veikals\/zimogi\/round-stamps\/automatiskais-zimogs-colop-printer-r12-o10-mm\/","name":"Autom\u0101tiskais z\u012bmogs Colop Printer R12","isPartOf":{"@id":"https:\/\/zimogufabrika24.lv\/#website"},"primaryImageOfPage":{"@id":"https:\/\/zimogufabrika24.lv\/veikals\/zimogi\/round-stamps\/automatiskais-zimogs-colop-printer-r12-o10-mm\/#primaryimage"},"image":{"@id":"https:\/\/zimogufabrika24.lv\/veikals\/zimogi\/round-stamps\/automatiskais-zimogs-colop-printer-r12-o10-mm\/#primaryimage"},"thumbnailUrl":"https:\/\/zimogufabrika24.lv\/wp-content\/uploads\/2026\/03\/colop-printer-r12.webp","datePublished":"2026-03-23T13:03:44+00:00","dateModified":"2026-03-23T14:42:33+00:00","breadcrumb":{"@id":"https:\/\/zimogufabrika24.lv\/veikals\/zimogi\/round-stamps\/automatiskais-zimogs-colop-printer-r12-o10-mm\/#breadcrumb"},"inLanguage":"en-US","potentialAction":[{"@type":"ReadAction","target":["https:\/\/zimogufabrika24.lv\/veikals\/zimogi\/round-stamps\/automatiskais-zimogs-colop-printer-r12-o10-mm\/"]}]},{"@type":"ImageObject","inLanguage":"en-US","@id":"https:\/\/zimogufabrika24.lv\/veikals\/zimogi\/round-stamps\/automatiskais-zimogs-colop-printer-r12-o10-mm\/#primaryimage","url":"https:\/\/zimogufabrika24.lv\/wp-content\/uploads\/2026\/03\/colop-printer-r12.webp","contentUrl":"https:\/\/zimogufabrika24.lv\/wp-content\/uploads\/2026\/03\/colop-printer-r12.webp","width":1000,"height":1000,"caption":"Colop Printer R12 z\u012bmogs ar nospieduma izm\u0113ru 12 mm diametr\u0101"},{"@type":"BreadcrumbList","@id":"https:\/\/zimogufabrika24.lv\/veikals\/zimogi\/round-stamps\/automatiskais-zimogs-colop-printer-r12-o10-mm\/#breadcrumb","itemListElement":[{"@type":"ListItem","position":1,"name":"Home","item":"https:\/\/zimogufabrika24.lv\/"},{"@type":"ListItem","position":2,"name":"VEIKALS","item":"https:\/\/zimogufabrika24.lv\/veikals\/"},{"@type":"ListItem","position":3,"name":"Autom\u0101tiskais z\u012bmogs Colop Printer R12 (\u00d810 mm)"}]},{"@type":"WebSite","@id":"https:\/\/zimogufabrika24.lv\/#website","url":"https:\/\/zimogufabrika24.lv\/","name":"ZimoguFabrika24","description":"","publisher":{"@id":"https:\/\/zimogufabrika24.lv\/#organization"},"potentialAction":[{"@type":"SearchAction","target":{"@type":"EntryPoint","urlTemplate":"https:\/\/zimogufabrika24.lv\/?s={search_term_string}"},"query-input":{"@type":"PropertyValueSpecification","valueRequired":true,"valueName":"search_term_string"}}],"inLanguage":"en-US"},{"@type":"Organization","@id":"https:\/\/zimogufabrika24.lv\/#organization","name":"SIA Z\u012aMOGU FABRIKA","url":"https:\/\/zimogufabrika24.lv\/","logo":{"@type":"ImageObject","inLanguage":"en-US","@id":"https:\/\/zimogufabrika24.lv\/#\/schema\/logo\/image\/","url":"https:\/\/zimogufabrika24.lv\/wp-content\/uploads\/2026\/01\/Zimogu_Fabrika_logo@3.png","contentUrl":"https:\/\/zimogufabrika24.lv\/wp-content\/uploads\/2026\/01\/Zimogu_Fabrika_logo@3.png","width":900,"height":738,"caption":"SIA Z\u012aMOGU FABRIKA"},"image":{"@id":"https:\/\/zimogufabrika24.lv\/#\/schema\/logo\/image\/"}}]},"product_brand":"Colop","product_price_amount":"10.90","product_price_currency":"EUR","og_availability":"instock","product_availability":"instock","product_condition":"new"},"_links":{"self":[{"href":"https:\/\/zimogufabrika24.lv\/en\/wp-json\/wp\/v2\/product\/2247","targetHints":{"allow":["GET"]}}],"collection":[{"href":"https:\/\/zimogufabrika24.lv\/en\/wp-json\/wp\/v2\/product"}],"about":[{"href":"https:\/\/zimogufabrika24.lv\/en\/wp-json\/wp\/v2\/types\/product"}],"version-history":[{"count":0,"href":"https:\/\/zimogufabrika24.lv\/en\/wp-json\/wp\/v2\/product\/2247\/revisions"}],"wp:featuredmedia":[{"embeddable":true,"href":"https:\/\/zimogufabrika24.lv\/en\/wp-json\/wp\/v2\/media\/2248"}],"wp:attachment":[{"href":"https:\/\/zimogufabrika24.lv\/en\/wp-json\/wp\/v2\/media?parent=2247"}],"wp:term":[{"taxonomy":"product_brand","embeddable":true,"href":"https:\/\/zimogufabrika24.lv\/en\/wp-json\/wp\/v2\/product_brand?post=2247"},{"taxonomy":"product_cat","embeddable":true,"href":"https:\/\/zimogufabrika24.lv\/en\/wp-json\/wp\/v2\/product_cat?post=2247"},{"taxonomy":"product_tag","embeddable":true,"href":"https:\/\/zimogufabrika24.lv\/en\/wp-json\/wp\/v2\/product_tag?post=2247"}],"curies":[{"name":"wp","href":"https:\/\/api.w.org\/{rel}","templated":true}]}}