{"id":914,"date":"2026-03-10T16:00:41","date_gmt":"2026-03-10T16:00:41","guid":{"rendered":"https:\/\/versus.zimogufabrika24.lv\/?post_type=product&#038;p=914"},"modified":"2026-03-18T13:13:57","modified_gmt":"2026-03-18T13:13:57","slug":"colop-printer-30","status":"publish","type":"product","link":"https:\/\/zimogufabrika24.lv\/en\/veikals\/zimogi\/biroja-zimogi\/colop-printer-30\/","title":{"rendered":"Autom\u0101tiskais z\u012bmogs Colop Printer 30 (45\u00d716 mm)"},"content":{"rendered":"<p data-start=\"1029\" data-end=\"1294\"><strong data-start=\"1029\" data-end=\"1070\">Autom\u0101tiskais z\u012bmogs Colop Printer 30<\/strong> ir uzticams un profesion\u0101ls <strong data-start=\"1099\" data-end=\"1116\">teksta z\u012bmogs<\/strong>, kas paredz\u0113ts intens\u012bvai lieto\u0161anai birojos, uz\u0146\u0113mumos un iest\u0101d\u0113s. Tas nodro\u0161ina \u0101tru un \u0113rtu dokumentu apz\u012bmogo\u0161anu, vienlaikus garant\u0113jot prec\u012bzu un skaidru z\u012bmoga nospiedumu.<\/p>\n<p data-start=\"1296\" data-end=\"1647\">\u0160\u012b <strong data-start=\"1299\" data-end=\"1321\">autom\u0101tisk\u0101 z\u012bmoga<\/strong> nospieduma izm\u0113rs ir <strong data-start=\"1343\" data-end=\"1355\">45\u00d716 mm<\/strong>, kas \u013cauj izvietot l\u012bdz <strong data-start=\"1380\" data-end=\"1399\">5 teksta rind\u0101m<\/strong>. Tas ir pietiekami, lai uz z\u012bmoga ievietotu uz\u0146\u0113muma nosaukumu, re\u0123istr\u0101cijas numuru, juridisko adresi, t\u0101lru\u0146a numuru vai citu svar\u012bgu inform\u0101ciju, ar\u012b <strong data-start=\"1380\" data-end=\"1399\">iek\u013caut logo<\/strong>, ja tas ir nepiecie\u0161ams. T\u0101p\u0113c <strong data-start=\"1555\" data-end=\"1575\">Colop Printer 30<\/strong> bie\u017ei tiek izmantots k\u0101 <strong data-start=\"1600\" data-end=\"1619\">uz\u0146\u0113muma z\u012bmogs<\/strong> da\u017e\u0101du dokumentu apstr\u0101dei.<\/p>\n<p data-start=\"1649\" data-end=\"1999\">Z\u012bmogs ir apr\u012bkots ar integr\u0113tu kr\u0101sas spilventi\u0146u, kas nodro\u0161ina vienm\u0113r\u012bgu kr\u0101sas sadal\u012bjumu un skaidru nospiedumu katr\u0101 lieto\u0161anas reiz\u0113. Iztur\u012bgais meh\u0101nisms un ergonomiskais dizains nodro\u0161ina komfortu pat intens\u012bvas lieto\u0161anas laik\u0101. <strong data-start=\"1888\" data-end=\"1908\">Colop Printer 30<\/strong> ir lieliska izv\u0113le uz\u0146\u0113mumiem un ar\u012b priv\u0101tperson\u0101m, kuri mekl\u0113 kvalitat\u012bvu un ilgm\u016b\u017e\u012bgu <strong data-start=\"1976\" data-end=\"1998\">autom\u0101tisko z\u012bmogu<\/strong>.<\/p>\n<h2 data-section-id=\"1gj2ajh\" data-start=\"583\" data-end=\"606\">Galven\u0101s \u012bpa\u0161\u012bbas<\/h2>\n<ul data-start=\"608\" data-end=\"970\">\n<li data-section-id=\"emz86n\" data-start=\"608\" data-end=\"668\">\n<p data-start=\"610\" data-end=\"668\">Kvalitat\u012bvs <strong data-start=\"622\" data-end=\"646\">autom\u0101tiskais z\u012bmogs<\/strong> ikdienas lieto\u0161anai<\/p>\n<\/li>\n<li data-section-id=\"1y0g2pp\" data-start=\"669\" data-end=\"702\">\n<p data-start=\"671\" data-end=\"702\">Modelis: <strong data-start=\"680\" data-end=\"700\">Colop Printer 30<\/strong><\/p>\n<\/li>\n<li data-section-id=\"cxcbx8\" data-start=\"703\" data-end=\"740\">\n<p data-start=\"705\" data-end=\"740\">Nospieduma izm\u0113rs: <strong data-start=\"724\" data-end=\"738\">45 \u00d7 16 mm<\/strong><\/p>\n<\/li>\n<li data-section-id=\"g31qp1\" data-start=\"741\" data-end=\"769\">\n<p data-start=\"743\" data-end=\"769\">L\u012bdz <strong data-start=\"748\" data-end=\"767\">5 teksta rind\u0101m<\/strong><\/p>\n<\/li>\n<li data-section-id=\"1m1tark\" data-start=\"770\" data-end=\"806\">\n<p data-start=\"772\" data-end=\"806\">Skaidrs un vienm\u0113r\u012bgs nospiedums<\/p>\n<\/li>\n<li data-section-id=\"1gviza\" data-start=\"807\" data-end=\"865\">\n<p data-start=\"809\" data-end=\"865\">Piem\u0113rots k\u0101 <strong data-start=\"822\" data-end=\"841\">uz\u0146\u0113muma z\u012bmogs<\/strong> vai <strong data-start=\"846\" data-end=\"863\">teksta z\u012bmogs<\/strong><\/p>\n<\/li>\n<li data-section-id=\"1eeq0gn\" data-start=\"866\" data-end=\"897\">\n<p data-start=\"868\" data-end=\"897\">Ieb\u016bv\u0113ts kr\u0101sas spilventi\u0146\u0161<\/p>\n<\/li>\n<li data-section-id=\"1t35ycu\" data-start=\"898\" data-end=\"933\">\n<p data-start=\"900\" data-end=\"933\">Ergonomisks un iztur\u012bgs korpuss<\/p>\n<\/li>\n<li data-section-id=\"17padbb\" data-start=\"934\" data-end=\"970\">\n<p data-start=\"936\" data-end=\"970\">\u0100tra un \u0113rta dokumentu mar\u0137\u0113\u0161ana<\/p>\n<\/li>\n<\/ul>\n<table>\n<thead>\n<tr>\n<th>Parametrs<\/th>\n<th>V\u0113rt\u012bba<\/th>\n<\/tr>\n<\/thead>\n<tbody>\n<tr>\n<td>Produkta tips<\/td>\n<td>Autom\u0101tiskais z\u012bmogs<\/td>\n<\/tr>\n<tr>\n<td>Modelis<\/td>\n<td>Colop Printer 30<\/td>\n<\/tr>\n<tr>\n<td>Nospieduma izm\u0113rs<\/td>\n<td>45 \u00d7 16 mm<\/td>\n<\/tr>\n<tr>\n<td>Maksim\u0101lais teksta rindu skaits<\/td>\n<td>L\u012bdz 5<\/td>\n<\/tr>\n<tr>\n<td>Z\u012bmoga tips<\/td>\n<td>Teksta z\u012bmogs<\/td>\n<\/tr>\n<tr>\n<td>Meh\u0101nisms<\/td>\n<td>Autom\u0101tisks ar kr\u0101sas spilventi\u0146u<\/td>\n<\/tr>\n<tr>\n<td>Pielietojums<\/td>\n<td>Uz\u0146\u0113muma z\u012bmogs, biroja z\u012bmogs, rekviz\u012btu z\u012bmogs<\/td>\n<\/tr>\n<tr>\n<td>Korpusa materi\u0101ls<\/td>\n<td>Plastmasa<\/td>\n<\/tr>\n<tr>\n<td>Ra\u017eot\u0101js<\/td>\n<td>Colop<\/td>\n<\/tr>\n<\/tbody>\n<\/table>\n<h2 data-section-id=\"1o7g8i8\" data-start=\"2422\" data-end=\"2448\">Pielietojuma piem\u0113ri<\/h2>\n<ul data-start=\"2450\" data-end=\"2678\">\n<li data-section-id=\"1m2x0hh\" data-start=\"2450\" data-end=\"2488\">\n<p data-start=\"2452\" data-end=\"2488\"><strong data-start=\"2452\" data-end=\"2471\">Uz\u0146\u0113muma z\u012bmogs<\/strong> ar rekviz\u012btiem<\/p>\n<\/li>\n<li data-section-id=\"19wv7h\" data-start=\"2489\" data-end=\"2523\">\n<p data-start=\"2491\" data-end=\"2523\">Dokumentu un l\u012bgumu apz\u012bmogo\u0161ana<\/p>\n<\/li>\n<li data-section-id=\"1uq8obz\" data-start=\"2524\" data-end=\"2561\">\n<p data-start=\"2526\" data-end=\"2561\">Gr\u0101matved\u012bbas dokumentu mar\u0137\u0113\u0161ana<\/p>\n<\/li>\n<li data-section-id=\"101jl0j\" data-start=\"2562\" data-end=\"2601\">\n<p data-start=\"2564\" data-end=\"2601\">Uz\u0146\u0113muma kontaktinform\u0101cijas z\u012bmogs<\/p>\n<\/li>\n<li data-section-id=\"1du70sq\" data-start=\"2602\" data-end=\"2639\">\n<p data-start=\"2604\" data-end=\"2639\">Administrat\u012bvo dokumentu apstr\u0101de<\/p>\n<\/li>\n<li data-section-id=\"17oohcn\" data-start=\"2640\" data-end=\"2678\">\n<p data-start=\"2642\" data-end=\"2678\">Noliktavas un biroja dokument\u0101cija<\/p>\n<\/li>\n<\/ul>","protected":false},"excerpt":{"rendered":"<p><strong data-start=\"179\" data-end=\"220\">Autom\u0101tiskais z\u012bmogs Colop Printer 30<\/strong> ir praktisks un kvalitat\u012bvs <strong data-start=\"249\" data-end=\"266\">teksta z\u012bmogs<\/strong>, kas paredz\u0113ts ikdienas lieto\u0161anai birojos un uz\u0146\u0113mumos. Nospieduma izm\u0113rs <strong data-start=\"342\" data-end=\"354\">45\u00d716 mm<\/strong> \u013cauj izvietot l\u012bdz <strong data-start=\"374\" data-end=\"393\">5 teksta rind\u0101m<\/strong>, padarot to ide\u0101li piem\u0113rotu k\u0101 <strong data-start=\"426\" data-end=\"445\">uz\u0146\u0113muma z\u012bmogu<\/strong> ar rekviz\u012btiem vai kontaktinform\u0101ciju. Iztur\u012bgais meh\u0101nisms nodro\u0161ina skaidru nospiedumu, \u0113rtu lieto\u0161anu un ilgu kalpo\u0161anas laiku.<\/p>","protected":false},"featured_media":1966,"template":"","meta":{"_acf_changed":false,"site-sidebar-layout":"default","site-content-layout":"","ast-site-content-layout":"default","site-content-style":"default","site-sidebar-style":"default","ast-global-header-display":"","ast-banner-title-visibility":"","ast-main-header-display":"","ast-hfb-above-header-display":"","ast-hfb-below-header-display":"","ast-hfb-mobile-header-display":"","site-post-title":"","ast-breadcrumbs-content":"","ast-featured-img":"","footer-sml-layout":"","ast-disable-related-posts":"","theme-transparent-header-meta":"default","adv-header-id-meta":"","stick-header-meta":"default","header-above-stick-meta":"","header-main-stick-meta":"","header-below-stick-meta":"","astra-migrate-meta-layouts":"set","ast-page-background-enabled":"default","ast-page-background-meta":{"desktop":{"background-color":"var(--ast-global-color-5)","background-image":"","background-repeat":"repeat","background-position":"center center","background-size":"auto","background-attachment":"scroll","background-type":"","background-media":"","overlay-type":"","overlay-color":"","overlay-opacity":"","overlay-gradient":""},"tablet":{"background-color":"","background-image":"","background-repeat":"repeat","background-position":"center center","background-size":"auto","background-attachment":"scroll","background-type":"","background-media":"","overlay-type":"","overlay-color":"","overlay-opacity":"","overlay-gradient":""},"mobile":{"background-color":"","background-image":"","background-repeat":"repeat","background-position":"center center","background-size":"auto","background-attachment":"scroll","background-type":"","background-media":"","overlay-type":"","overlay-color":"","overlay-opacity":"","overlay-gradient":""}},"ast-content-background-meta":{"desktop":{"background-color":"var(--ast-global-color-4)","background-image":"","background-repeat":"repeat","background-position":"center center","background-size":"auto","background-attachment":"scroll","background-type":"","background-media":"","overlay-type":"","overlay-color":"","overlay-opacity":"","overlay-gradient":""},"tablet":{"background-color":"var(--ast-global-color-4)","background-image":"","background-repeat":"repeat","background-position":"center center","background-size":"auto","background-attachment":"scroll","background-type":"","background-media":"","overlay-type":"","overlay-color":"","overlay-opacity":"","overlay-gradient":""},"mobile":{"background-color":"var(--ast-global-color-4)","background-image":"","background-repeat":"repeat","background-position":"center center","background-size":"auto","background-attachment":"scroll","background-type":"","background-media":"","overlay-type":"","overlay-color":"","overlay-opacity":"","overlay-gradient":""}}},"product_brand":[65],"product_cat":[20,53,70,46,37,21,36,68,58,55],"product_tag":[],"class_list":{"0":"post-914","1":"product","2":"type-product","3":"status-publish","4":"has-post-thumbnail","6":"product_brand-colop","7":"product_cat-biroja-zimogi","8":"product_cat-paraksta-zimogi","9":"product_cat-rekvizitu-zimogi","10":"product_cat-skolu-zimogi","11":"product_cat-taisnstura-zimogi","12":"product_cat-teksta-zimogi","13":"product_cat-top-10-zimogi","14":"product_cat-uznemumu-zimogi","15":"product_cat-zimogi","16":"product_cat-zimogi-ar-logotipu","17":"desktop-align-left","18":"tablet-align-left","19":"mobile-align-left","20":"ast-product-gallery-layout-horizontal-slider","21":"ast-product-gallery-with-no-image","22":"ast-product-tabs-layout-horizontal","24":"first","25":"instock","26":"shipping-taxable","27":"purchasable","28":"product-type-simple"},"acf":[],"yoast_head":"<!-- This site is optimized with the Yoast SEO Premium plugin v27.2 (Yoast SEO v27.2) - https:\/\/yoast.com\/product\/yoast-seo-premium-wordpress\/ -->\n<title>Autom\u0101tiskais z\u012bmogs Colop Printer 30<\/title>\n<meta name=\"robots\" content=\"index, follow, max-snippet:-1, max-image-preview:large, max-video-preview:-1\" \/>\n<link rel=\"canonical\" href=\"https:\/\/zimogufabrika24.lv\/en\/veikals\/zimogi\/biroja-zimogi\/colop-printer-30\/\" \/>\n<meta property=\"og:locale\" content=\"en_US\" \/>\n<meta property=\"og:type\" content=\"article\" \/>\n<meta property=\"og:title\" content=\"Autom\u0101tiskais z\u012bmogs Colop Printer 30 (45\u00d716 mm)\" \/>\n<meta property=\"og:description\" content=\"Autom\u0101tiskais z\u012bmogs Colop Printer 30 ir praktisks un kvalitat\u012bvs teksta z\u012bmogs, kas paredz\u0113ts ikdienas lieto\u0161anai birojos un uz\u0146\u0113mumos. Nospieduma izm\u0113rs 45\u00d716 mm \u013cauj izvietot l\u012bdz 5 teksta rind\u0101m, padarot to ide\u0101li piem\u0113rotu k\u0101 uz\u0146\u0113muma z\u012bmogu ar rekviz\u012btiem vai kontaktinform\u0101ciju. Iztur\u012bgais meh\u0101nisms nodro\u0161ina skaidru nospiedumu, \u0113rtu lieto\u0161anu un ilgu kalpo\u0161anas laiku.\" \/>\n<meta property=\"og:url\" content=\"https:\/\/zimogufabrika24.lv\/en\/veikals\/zimogi\/biroja-zimogi\/colop-printer-30\/\" \/>\n<meta property=\"og:site_name\" content=\"ZimoguFabrika24.lv\" \/>\n<meta property=\"article:modified_time\" content=\"2026-03-18T13:13:57+00:00\" \/>\n<meta property=\"og:image\" content=\"https:\/\/zimogufabrika24.lv\/wp-content\/uploads\/2026\/03\/colop-printer-c-30.webp\" \/>\n\t<meta property=\"og:image:width\" content=\"1000\" \/>\n\t<meta property=\"og:image:height\" content=\"1000\" \/>\n\t<meta property=\"og:image:type\" content=\"image\/webp\" \/>\n<meta name=\"twitter:card\" content=\"summary_large_image\" \/>\n<meta name=\"twitter:label1\" content=\"Price\" \/>\n\t<meta name=\"twitter:data1\" content=\"15.40&nbsp;&euro;\" \/>\n\t<meta name=\"twitter:label2\" content=\"Availability\" \/>\n\t<meta name=\"twitter:data2\" content=\"In stock\" \/>\n<script type=\"application\/ld+json\" class=\"yoast-schema-graph\">{\"@context\":\"https:\/\/schema.org\",\"@graph\":[{\"@type\":\"WebPage\",\"@id\":\"https:\/\/zimogufabrika24.lv\/veikals\/zimogi\/biroja-zimogi\/colop-printer-30\/\",\"url\":\"https:\/\/zimogufabrika24.lv\/veikals\/zimogi\/biroja-zimogi\/colop-printer-30\/\",\"name\":\"Autom\u0101tiskais z\u012bmogs Colop Printer 30\",\"isPartOf\":{\"@id\":\"https:\/\/zimogufabrika24.lv\/#website\"},\"primaryImageOfPage\":{\"@id\":\"https:\/\/zimogufabrika24.lv\/veikals\/zimogi\/biroja-zimogi\/colop-printer-30\/#primaryimage\"},\"image\":{\"@id\":\"https:\/\/zimogufabrika24.lv\/veikals\/zimogi\/biroja-zimogi\/colop-printer-30\/#primaryimage\"},\"thumbnailUrl\":\"https:\/\/zimogufabrika24.lv\/wp-content\/uploads\/2026\/03\/colop-printer-c-30.webp\",\"datePublished\":\"2026-03-10T16:00:41+00:00\",\"dateModified\":\"2026-03-18T13:13:57+00:00\",\"breadcrumb\":{\"@id\":\"https:\/\/zimogufabrika24.lv\/veikals\/zimogi\/biroja-zimogi\/colop-printer-30\/#breadcrumb\"},\"inLanguage\":\"en-US\",\"potentialAction\":[{\"@type\":\"ReadAction\",\"target\":[\"https:\/\/zimogufabrika24.lv\/veikals\/zimogi\/biroja-zimogi\/colop-printer-30\/\"]}]},{\"@type\":\"ImageObject\",\"inLanguage\":\"en-US\",\"@id\":\"https:\/\/zimogufabrika24.lv\/veikals\/zimogi\/biroja-zimogi\/colop-printer-30\/#primaryimage\",\"url\":\"https:\/\/zimogufabrika24.lv\/wp-content\/uploads\/2026\/03\/colop-printer-c-30.webp\",\"contentUrl\":\"https:\/\/zimogufabrika24.lv\/wp-content\/uploads\/2026\/03\/colop-printer-c-30.webp\",\"width\":1000,\"height\":1000,\"caption\":\"Colop Printer 30 z\u012bmogs ar nospieduma izm\u0113ru 45x16 mm\"},{\"@type\":\"BreadcrumbList\",\"@id\":\"https:\/\/zimogufabrika24.lv\/veikals\/zimogi\/biroja-zimogi\/colop-printer-30\/#breadcrumb\",\"itemListElement\":[{\"@type\":\"ListItem\",\"position\":1,\"name\":\"Home\",\"item\":\"https:\/\/zimogufabrika24.lv\/\"},{\"@type\":\"ListItem\",\"position\":2,\"name\":\"VEIKALS\",\"item\":\"https:\/\/zimogufabrika24.lv\/veikals\/\"},{\"@type\":\"ListItem\",\"position\":3,\"name\":\"Autom\u0101tiskais z\u012bmogs Colop Printer 30 (45\u00d716 mm)\"}]},{\"@type\":\"WebSite\",\"@id\":\"https:\/\/zimogufabrika24.lv\/#website\",\"url\":\"https:\/\/zimogufabrika24.lv\/\",\"name\":\"ZimoguFabrika24\",\"description\":\"\",\"publisher\":{\"@id\":\"https:\/\/zimogufabrika24.lv\/#organization\"},\"potentialAction\":[{\"@type\":\"SearchAction\",\"target\":{\"@type\":\"EntryPoint\",\"urlTemplate\":\"https:\/\/zimogufabrika24.lv\/?s={search_term_string}\"},\"query-input\":{\"@type\":\"PropertyValueSpecification\",\"valueRequired\":true,\"valueName\":\"search_term_string\"}}],\"inLanguage\":\"en-US\"},{\"@type\":\"Organization\",\"@id\":\"https:\/\/zimogufabrika24.lv\/#organization\",\"name\":\"SIA Z\u012aMOGU FABRIKA\",\"url\":\"https:\/\/zimogufabrika24.lv\/\",\"logo\":{\"@type\":\"ImageObject\",\"inLanguage\":\"en-US\",\"@id\":\"https:\/\/zimogufabrika24.lv\/#\/schema\/logo\/image\/\",\"url\":\"https:\/\/zimogufabrika24.lv\/wp-content\/uploads\/2026\/01\/Zimogu_Fabrika_logo@3.png\",\"contentUrl\":\"https:\/\/zimogufabrika24.lv\/wp-content\/uploads\/2026\/01\/Zimogu_Fabrika_logo@3.png\",\"width\":900,\"height\":738,\"caption\":\"SIA Z\u012aMOGU FABRIKA\"},\"image\":{\"@id\":\"https:\/\/zimogufabrika24.lv\/#\/schema\/logo\/image\/\"}}]}<\/script>\n<meta property=\"product:brand\" content=\"Colop\" \/>\n<meta property=\"product:price:amount\" content=\"15.40\" \/>\n<meta property=\"product:price:currency\" content=\"EUR\" \/>\n<meta property=\"og:availability\" content=\"instock\" \/>\n<meta property=\"product:availability\" content=\"instock\" \/>\n<meta property=\"product:condition\" content=\"new\" \/>\n<!-- \/ Yoast SEO Premium plugin. -->","yoast_head_json":{"title":"Autom\u0101tiskais z\u012bmogs Colop Printer 30","robots":{"index":"index","follow":"follow","max-snippet":"max-snippet:-1","max-image-preview":"max-image-preview:large","max-video-preview":"max-video-preview:-1"},"canonical":"https:\/\/zimogufabrika24.lv\/en\/veikals\/zimogi\/biroja-zimogi\/colop-printer-30\/","og_locale":"en_US","og_type":"article","og_title":"Autom\u0101tiskais z\u012bmogs Colop Printer 30 (45\u00d716 mm)","og_description":"Autom\u0101tiskais z\u012bmogs Colop Printer 30 ir praktisks un kvalitat\u012bvs teksta z\u012bmogs, kas paredz\u0113ts ikdienas lieto\u0161anai birojos un uz\u0146\u0113mumos. Nospieduma izm\u0113rs 45\u00d716 mm \u013cauj izvietot l\u012bdz 5 teksta rind\u0101m, padarot to ide\u0101li piem\u0113rotu k\u0101 uz\u0146\u0113muma z\u012bmogu ar rekviz\u012btiem vai kontaktinform\u0101ciju. Iztur\u012bgais meh\u0101nisms nodro\u0161ina skaidru nospiedumu, \u0113rtu lieto\u0161anu un ilgu kalpo\u0161anas laiku.","og_url":"https:\/\/zimogufabrika24.lv\/en\/veikals\/zimogi\/biroja-zimogi\/colop-printer-30\/","og_site_name":"ZimoguFabrika24.lv","article_modified_time":"2026-03-18T13:13:57+00:00","og_image":[{"width":1000,"height":1000,"url":"https:\/\/zimogufabrika24.lv\/wp-content\/uploads\/2026\/03\/colop-printer-c-30.webp","type":"image\/webp"}],"twitter_card":"summary_large_image","twitter_misc":{"Price":"15.40&nbsp;&euro;","Availability":"In stock"},"schema":{"@context":"https:\/\/schema.org","@graph":[{"@type":"WebPage","@id":"https:\/\/zimogufabrika24.lv\/veikals\/zimogi\/biroja-zimogi\/colop-printer-30\/","url":"https:\/\/zimogufabrika24.lv\/veikals\/zimogi\/biroja-zimogi\/colop-printer-30\/","name":"Autom\u0101tiskais z\u012bmogs Colop Printer 30","isPartOf":{"@id":"https:\/\/zimogufabrika24.lv\/#website"},"primaryImageOfPage":{"@id":"https:\/\/zimogufabrika24.lv\/veikals\/zimogi\/biroja-zimogi\/colop-printer-30\/#primaryimage"},"image":{"@id":"https:\/\/zimogufabrika24.lv\/veikals\/zimogi\/biroja-zimogi\/colop-printer-30\/#primaryimage"},"thumbnailUrl":"https:\/\/zimogufabrika24.lv\/wp-content\/uploads\/2026\/03\/colop-printer-c-30.webp","datePublished":"2026-03-10T16:00:41+00:00","dateModified":"2026-03-18T13:13:57+00:00","breadcrumb":{"@id":"https:\/\/zimogufabrika24.lv\/veikals\/zimogi\/biroja-zimogi\/colop-printer-30\/#breadcrumb"},"inLanguage":"en-US","potentialAction":[{"@type":"ReadAction","target":["https:\/\/zimogufabrika24.lv\/veikals\/zimogi\/biroja-zimogi\/colop-printer-30\/"]}]},{"@type":"ImageObject","inLanguage":"en-US","@id":"https:\/\/zimogufabrika24.lv\/veikals\/zimogi\/biroja-zimogi\/colop-printer-30\/#primaryimage","url":"https:\/\/zimogufabrika24.lv\/wp-content\/uploads\/2026\/03\/colop-printer-c-30.webp","contentUrl":"https:\/\/zimogufabrika24.lv\/wp-content\/uploads\/2026\/03\/colop-printer-c-30.webp","width":1000,"height":1000,"caption":"Colop Printer 30 z\u012bmogs ar nospieduma izm\u0113ru 45x16 mm"},{"@type":"BreadcrumbList","@id":"https:\/\/zimogufabrika24.lv\/veikals\/zimogi\/biroja-zimogi\/colop-printer-30\/#breadcrumb","itemListElement":[{"@type":"ListItem","position":1,"name":"Home","item":"https:\/\/zimogufabrika24.lv\/"},{"@type":"ListItem","position":2,"name":"VEIKALS","item":"https:\/\/zimogufabrika24.lv\/veikals\/"},{"@type":"ListItem","position":3,"name":"Autom\u0101tiskais z\u012bmogs Colop Printer 30 (45\u00d716 mm)"}]},{"@type":"WebSite","@id":"https:\/\/zimogufabrika24.lv\/#website","url":"https:\/\/zimogufabrika24.lv\/","name":"ZimoguFabrika24","description":"","publisher":{"@id":"https:\/\/zimogufabrika24.lv\/#organization"},"potentialAction":[{"@type":"SearchAction","target":{"@type":"EntryPoint","urlTemplate":"https:\/\/zimogufabrika24.lv\/?s={search_term_string}"},"query-input":{"@type":"PropertyValueSpecification","valueRequired":true,"valueName":"search_term_string"}}],"inLanguage":"en-US"},{"@type":"Organization","@id":"https:\/\/zimogufabrika24.lv\/#organization","name":"SIA Z\u012aMOGU FABRIKA","url":"https:\/\/zimogufabrika24.lv\/","logo":{"@type":"ImageObject","inLanguage":"en-US","@id":"https:\/\/zimogufabrika24.lv\/#\/schema\/logo\/image\/","url":"https:\/\/zimogufabrika24.lv\/wp-content\/uploads\/2026\/01\/Zimogu_Fabrika_logo@3.png","contentUrl":"https:\/\/zimogufabrika24.lv\/wp-content\/uploads\/2026\/01\/Zimogu_Fabrika_logo@3.png","width":900,"height":738,"caption":"SIA Z\u012aMOGU FABRIKA"},"image":{"@id":"https:\/\/zimogufabrika24.lv\/#\/schema\/logo\/image\/"}}]},"product_brand":"Colop","product_price_amount":"15.40","product_price_currency":"EUR","og_availability":"instock","product_availability":"instock","product_condition":"new"},"_links":{"self":[{"href":"https:\/\/zimogufabrika24.lv\/en\/wp-json\/wp\/v2\/product\/914","targetHints":{"allow":["GET"]}}],"collection":[{"href":"https:\/\/zimogufabrika24.lv\/en\/wp-json\/wp\/v2\/product"}],"about":[{"href":"https:\/\/zimogufabrika24.lv\/en\/wp-json\/wp\/v2\/types\/product"}],"version-history":[{"count":0,"href":"https:\/\/zimogufabrika24.lv\/en\/wp-json\/wp\/v2\/product\/914\/revisions"}],"wp:featuredmedia":[{"embeddable":true,"href":"https:\/\/zimogufabrika24.lv\/en\/wp-json\/wp\/v2\/media\/1966"}],"wp:attachment":[{"href":"https:\/\/zimogufabrika24.lv\/en\/wp-json\/wp\/v2\/media?parent=914"}],"wp:term":[{"taxonomy":"product_brand","embeddable":true,"href":"https:\/\/zimogufabrika24.lv\/en\/wp-json\/wp\/v2\/product_brand?post=914"},{"taxonomy":"product_cat","embeddable":true,"href":"https:\/\/zimogufabrika24.lv\/en\/wp-json\/wp\/v2\/product_cat?post=914"},{"taxonomy":"product_tag","embeddable":true,"href":"https:\/\/zimogufabrika24.lv\/en\/wp-json\/wp\/v2\/product_tag?post=914"}],"curies":[{"name":"wp","href":"https:\/\/api.w.org\/{rel}","templated":true}]}}